{"id":3821,"date":"2026-04-22T06:51:00","date_gmt":"2026-04-22T06:51:00","guid":{"rendered":""},"modified":"2026-04-22T06:51:05","modified_gmt":"2026-04-22T06:51:05","slug":"viagra-oral-jelly-8","status":"publish","type":"product","link":"https:\/\/www.pharmacy-content.com\/sv\/product\/viagra-oral-jelly-8\/","title":{"rendered":"Viagra Oral Jelly"},"content":{"rendered":"<p>F\u00f6r att skaffa medicinska medel som \u00e5terst\u00e4ller sexuell kraft m\u00e5ste du inte bara v\u00e4lja effektiva och s\u00e4kra utan ocks\u00e5 bekv\u00e4ma medel att anv\u00e4nda. Idag finns det m\u00e5nga effektiva metoder och medicinska botemedel som hj\u00e4lper till att bli av med problem som f\u00f6rsvagad erektion. Det finns en stor efterfr\u00e5gan bland m\u00e4n som nyligen har anv\u00e4nt Viagra-gel, vilket \u00e4r en relativt ny uppfinning men fungerar n\u00e4stan likadant som klassiska bl\u00e5 tabletter. Undantaget bland dess egenskaper \u00e4r hur snabbt det b\u00f6rjar verka. Viagra i gelform \u00e4r samma Sildenafil, en h\u00e4mmare av fosfodiesteras typ 5, utvecklad av specialister f\u00f6r m\u00e4n som inte vill ta piller p\u00e5 grund av kr\u00e4kningsreflexen som uppst\u00e5r n\u00e4r de tas. Detta medicinska botemedel avser generika som \u00e4r utformade f\u00f6r att \u00f6ka potensen. I j\u00e4mf\u00f6relse med originaltabletterna har gelen flera f\u00f6rdelar. Den \u00e4r bekv\u00e4m att anv\u00e4nda, har en behaglig smak och arom, verkar snabbare \u00e4n tabletter, \u00e4r prisv\u00e4rd och absorberas i blodomloppet p\u00e5 kort tid. Viagra Oral Jelly \u00e4r ett f\u00f6rdelaktigt alternativ till klassisk Sildenafil och eliminerar framg\u00e5ngsrikt symtomen p\u00e5 impotens hos representanter f\u00f6r det starkare k\u00f6net.<\/p>\n","protected":false},"excerpt":{"rendered":"<p>Viagra Oral Jelly &#8211; en ny formula av l\u00e4kemedlet Viagra. Sildenafil &#8211; 100 mg. Det ordineras f\u00f6r m\u00e4n med svag potential. Hj\u00e4lper till att \u00e5terf\u00e5 libido och f\u00f6rb\u00e4ttra sexuell aktivitet. Accelererar processen f\u00f6r upphetsning av reproduktionssystemet. Det g\u00f6r erektionen ljusare. \u00d6kar avsev\u00e4rt samlagstiden. Dessutom har l\u00e4kemedlet olika behagliga smaker och \u00e4r bekv\u00e4mt att b\u00e4ra i fickan eller handv\u00e4skan. Skynda dig att prova!<\/p>\n","protected":false},"featured_media":3779,"comment_status":"open","ping_status":"closed","template":"","meta":[],"product_brand":[],"product_cat":[135],"product_tag":[],"class_list":{"0":"post-3821","1":"product","2":"type-product","3":"status-publish","4":"has-post-thumbnail","6":"product_cat-erektil-dysfunktion-sv","7":"pa_active_substance-sildenafil","9":"first","10":"instock","11":"shipping-taxable","12":"product-type-variable"},"jetpack_sharing_enabled":true,"_links":{"self":[{"href":"https:\/\/www.pharmacy-content.com\/wp-json\/wp\/v2\/product\/3821","targetHints":{"allow":["GET"]}}],"collection":[{"href":"https:\/\/www.pharmacy-content.com\/wp-json\/wp\/v2\/product"}],"about":[{"href":"https:\/\/www.pharmacy-content.com\/wp-json\/wp\/v2\/types\/product"}],"replies":[{"embeddable":true,"href":"https:\/\/www.pharmacy-content.com\/wp-json\/wp\/v2\/comments?post=3821"}],"wp:featuredmedia":[{"embeddable":true,"href":"https:\/\/www.pharmacy-content.com\/wp-json\/wp\/v2\/media\/3779"}],"wp:attachment":[{"href":"https:\/\/www.pharmacy-content.com\/wp-json\/wp\/v2\/media?parent=3821"}],"wp:term":[{"taxonomy":"product_brand","embeddable":true,"href":"https:\/\/www.pharmacy-content.com\/wp-json\/wp\/v2\/product_brand?post=3821"},{"taxonomy":"product_cat","embeddable":true,"href":"https:\/\/www.pharmacy-content.com\/wp-json\/wp\/v2\/product_cat?post=3821"},{"taxonomy":"product_tag","embeddable":true,"href":"https:\/\/www.pharmacy-content.com\/wp-json\/wp\/v2\/product_tag?post=3821"}],"curies":[{"name":"wp","href":"https:\/\/api.w.org\/{rel}","templated":true}]}}