{"id":3803,"date":"2026-04-22T06:50:57","date_gmt":"2026-04-22T06:50:57","guid":{"rendered":""},"modified":"2026-04-22T06:51:05","modified_gmt":"2026-04-22T06:51:05","slug":"viagra-oral-jelly-5","status":"publish","type":"product","link":"https:\/\/www.pharmacy-content.com\/?product=viagra-oral-jelly-5&lang=es","title":{"rendered":"Viagra Oral Jelly"},"content":{"rendered":"<p>A la hora de adquirir medicamentos destinados a recuperar la potencia sexual, debe elegir productos que no solo sean eficaces y seguros, sino tambi\u00e9n c\u00f3modos de usar. Hasta la fecha, existen numerosos m\u00e9todos y medicamentos muy efectivos que ayudan a solucionar problemas como la disfunci\u00f3n er\u00e9ctil. Existe una gran demanda entre los hombres que han utilizado recientemente Viagra en gel, un producto relativamente nuevo pero que act\u00faa de forma muy similar a los cl\u00e1sicos comprimidos azules. Lo excepcional de sus caracter\u00edsticas es la rapidez con la que act\u00faa. El Viagra en formato gel es el mismo sildenafilo, un inhibidor de la fosfodiesterasa tipo 5, desarrollado por especialistas para hombres que no desean tomar comprimidos debido al reflejo de v\u00f3mito que les produce su ingesta. Se trata de un medicamento gen\u00e9rico dise\u00f1ado para aumentar la potencia sexual. En comparaci\u00f3n con los comprimidos originales, el gel presenta varias ventajas. Es f\u00e1cil de usar, tiene un sabor y aroma agradables, act\u00faa m\u00e1s r\u00e1pido que los comprimidos, es asequible y se absorbe en el torrente sangu\u00edneo en poco tiempo. Viagra Oral Jelly es una alternativa eficaz al sildenafilo cl\u00e1sico y combate eficazmente los s\u00edntomas de impotencia en hombres.<\/p>\n","protected":false},"excerpt":{"rendered":"<p>Viagra Oral Jelly: una nueva f\u00f3rmula del medicamento Viagra. El sildenafilo 100 mg se receta a hombres con baja potencia sexual. Ayuda a recuperar la libido y a mejorar la actividad sexual. Acelera el proceso de excitaci\u00f3n del sistema reproductivo. Hace que la erecci\u00f3n sea m\u00e1s intensa. Aumenta considerablemente la duraci\u00f3n de las relaciones sexuales. Adem\u00e1s, el medicamento est\u00e1 disponible en diferentes sabores muy agradables y es f\u00e1cil de llevar en el bolsillo o en el bolso. \u00a1No espere m\u00e1s y pru\u00e9belo!<\/p>\n","protected":false},"featured_media":3779,"comment_status":"open","ping_status":"closed","template":"","meta":[],"product_brand":[],"product_cat":[126],"product_tag":[],"class_list":{"0":"post-3803","1":"product","2":"type-product","3":"status-publish","4":"has-post-thumbnail","6":"product_cat-disfuncion-erectil-es","7":"pa_active_substance-sildenafil","9":"first","10":"instock","11":"shipping-taxable","12":"product-type-variable"},"jetpack_sharing_enabled":true,"_links":{"self":[{"href":"https:\/\/www.pharmacy-content.com\/index.php?rest_route=\/wp\/v2\/product\/3803","targetHints":{"allow":["GET"]}}],"collection":[{"href":"https:\/\/www.pharmacy-content.com\/index.php?rest_route=\/wp\/v2\/product"}],"about":[{"href":"https:\/\/www.pharmacy-content.com\/index.php?rest_route=\/wp\/v2\/types\/product"}],"replies":[{"embeddable":true,"href":"https:\/\/www.pharmacy-content.com\/index.php?rest_route=%2Fwp%2Fv2%2Fcomments&post=3803"}],"wp:featuredmedia":[{"embeddable":true,"href":"https:\/\/www.pharmacy-content.com\/index.php?rest_route=\/wp\/v2\/media\/3779"}],"wp:attachment":[{"href":"https:\/\/www.pharmacy-content.com\/index.php?rest_route=%2Fwp%2Fv2%2Fmedia&parent=3803"}],"wp:term":[{"taxonomy":"product_brand","embeddable":true,"href":"https:\/\/www.pharmacy-content.com\/index.php?rest_route=%2Fwp%2Fv2%2Fproduct_brand&post=3803"},{"taxonomy":"product_cat","embeddable":true,"href":"https:\/\/www.pharmacy-content.com\/index.php?rest_route=%2Fwp%2Fv2%2Fproduct_cat&post=3803"},{"taxonomy":"product_tag","embeddable":true,"href":"https:\/\/www.pharmacy-content.com\/index.php?rest_route=%2Fwp%2Fv2%2Fproduct_tag&post=3803"}],"curies":[{"name":"wp","href":"https:\/\/api.w.org\/{rel}","templated":true}]}}