{"id":3718,"date":"2026-04-22T06:50:39","date_gmt":"2026-04-22T06:50:39","guid":{"rendered":""},"modified":"2026-04-22T06:50:49","modified_gmt":"2026-04-22T06:50:49","slug":"levitra-soft-5","status":"publish","type":"product","link":"https:\/\/www.pharmacy-content.com\/?product=levitra-soft-5&lang=es","title":{"rendered":"Levitra Soft"},"content":{"rendered":"<p>Levitra Soft es un medicamento gen\u00e9rico fabricado por la conocida empresa farmac\u00e9utica india Sunrise Remedies. En su forma gen\u00e9rica, contiene el principio activo vardenafilo, que proporciona un mayor riego sangu\u00edneo al pene. Gracias a ello, cuando hay estimulaci\u00f3n sexual, se consigue una erecci\u00f3n de alta calidad y duradera. Levitra Soft act\u00faa seg\u00fan principios similares a los del medicamento est\u00e1ndar Levitra 20 mg, pero se diferencia en la forma de liberaci\u00f3n: los comprimidos se disuelven en la boca y pasan directamente a la sangre. Se recomienda disolver el comprimido debajo de la lengua, donde hay un mayor n\u00famero de vasos capilares, y donde se absorbe el principio activo. El tiempo que tarda en hacer efecto depende directamente de la velocidad de absorci\u00f3n. Con los comprimidos masticables y disolubles, el efecto se produce en 10-15 minutos. Gracias a esta forma de administraci\u00f3n, Vardenafil Soft act\u00faa mucho m\u00e1s r\u00e1pido y se puede combinar perfectamente con bebidas alcoh\u00f3licas y diferentes alimentos sin que su efecto disminuya. Tras su administraci\u00f3n, el efecto dura m\u00e1s de 12 horas.<\/p>\n","protected":false},"excerpt":{"rendered":"<p>Levitra Soft son unos pr\u00e1cticos comprimidos masticables que act\u00faan igual que la famosa l\u00ednea principal de medicamentos Levitra, pero tienen un coste mucho m\u00e1s econ\u00f3mico. Esta forma de comprimido gen\u00e9rico tiene un sabor agradable y no es necesario tomarlo con agua. El efecto se produce tan solo 15 minutos despu\u00e9s de tomar el medicamento y dura unas 12 horas. El comprimido se puede combinar con alcohol y alimentos grasos. Los efectos adversos son m\u00ednimos y solo se producen en caso de sobredosis.<\/p>\n","protected":false},"featured_media":3678,"comment_status":"open","ping_status":"closed","template":"","meta":[],"product_brand":[],"product_cat":[126],"product_tag":[],"class_list":{"0":"post-3718","1":"product","2":"type-product","3":"status-publish","4":"has-post-thumbnail","6":"product_cat-disfuncion-erectil-es","7":"pa_active_substance-vardenafil","9":"first","10":"instock","11":"shipping-taxable","12":"product-type-variable"},"jetpack_sharing_enabled":true,"_links":{"self":[{"href":"https:\/\/www.pharmacy-content.com\/index.php?rest_route=\/wp\/v2\/product\/3718","targetHints":{"allow":["GET"]}}],"collection":[{"href":"https:\/\/www.pharmacy-content.com\/index.php?rest_route=\/wp\/v2\/product"}],"about":[{"href":"https:\/\/www.pharmacy-content.com\/index.php?rest_route=\/wp\/v2\/types\/product"}],"replies":[{"embeddable":true,"href":"https:\/\/www.pharmacy-content.com\/index.php?rest_route=%2Fwp%2Fv2%2Fcomments&post=3718"}],"wp:featuredmedia":[{"embeddable":true,"href":"https:\/\/www.pharmacy-content.com\/index.php?rest_route=\/wp\/v2\/media\/3678"}],"wp:attachment":[{"href":"https:\/\/www.pharmacy-content.com\/index.php?rest_route=%2Fwp%2Fv2%2Fmedia&parent=3718"}],"wp:term":[{"taxonomy":"product_brand","embeddable":true,"href":"https:\/\/www.pharmacy-content.com\/index.php?rest_route=%2Fwp%2Fv2%2Fproduct_brand&post=3718"},{"taxonomy":"product_cat","embeddable":true,"href":"https:\/\/www.pharmacy-content.com\/index.php?rest_route=%2Fwp%2Fv2%2Fproduct_cat&post=3718"},{"taxonomy":"product_tag","embeddable":true,"href":"https:\/\/www.pharmacy-content.com\/index.php?rest_route=%2Fwp%2Fv2%2Fproduct_tag&post=3718"}],"curies":[{"name":"wp","href":"https:\/\/api.w.org\/{rel}","templated":true}]}}