{"id":3698,"date":"2026-04-22T06:50:36","date_gmt":"2026-04-22T06:50:36","guid":{"rendered":""},"modified":"2026-04-22T06:50:49","modified_gmt":"2026-04-22T06:50:49","slug":"levitra-soft-3","status":"publish","type":"product","link":"https:\/\/www.pharmacy-content.com\/?product=levitra-soft-3&lang=fr","title":{"rendered":"Levitra Soft"},"content":{"rendered":"<p>Le Levitra Soft est un m\u00e9dicament g\u00e9n\u00e9rique fabriqu\u00e9 par l\u2019entreprise pharmaceutique indienne Sunrise Remedies. En tant que g\u00e9n\u00e9rique, il contient aussi du Vardenafil comme compos\u00e9 actif. Ce dernier augmente le flux sanguin vers le p\u00e9nis et, en cons\u00e9quence, une \u00e9rection durable de qualit\u00e9 sera obtenue en pr\u00e9sence de stimulation sexuelle. Le Levitra Soft agit de mani\u00e8re similaire au Levitra standard dos\u00e9 \u00e0 20 mg, mais diff\u00e8re par son mode d\u2019administration : les pastilles se dissolvent dans la bouche et p\u00e9n\u00e8trent directement dans le sang. Il est conseill\u00e9 de les laisser fondre sous la langue afin que le compos\u00e9 actif soit absorb\u00e9 gr\u00e2ce aux muqueuses. La rapidit\u00e9 de l\u2019effet d\u00e9pend directement de la vitesse d\u2019absorption. Avec les pastilles \u00e0 laisser dissoudre ou \u00e0 m\u00e2cher, l\u2019effet survient en 10 \u00e0 15 minutes. Gr\u00e2ce \u00e0 cette forme d\u2019administration, le Vardenafil Soft agit beaucoup plus rapidement et se combine parfaitement avec des boissons alcoolis\u00e9es et toutes sortes d\u2019aliments sans en diminuer l\u2019effet. Apr\u00e8s la prise, l\u2019effet dure plus de 12 heures.<\/p>\n","protected":false},"excerpt":{"rendered":"<p>Le Levitra Soft, ce sont des pastilles \u00e0 m\u00e2cher tr\u00e8s pratiques qui fonctionnent comme le Levitra, mais en co\u00fbtant plusieurs fois moins cher que le Levitra habituel. Sous cette forme, les pastilles \u00e0 m\u00e2cher ont un go\u00fbt agr\u00e9able et ne n\u00e9cessitent pas d\u2019avoir de l\u2019eau \u00e0 disposition. L\u2019effet se r\u00e9v\u00e8le en 15 minutes apr\u00e8s la prise du m\u00e9dicament et peut durer environ 12 heures. Les pastilles peuvent \u00eatre prises avec de l\u2019alcool et des repas riches en graisses. Le nombre d\u2019effets secondaires est minime et ces derniers surviennent uniquement en cas de surdosage.<\/p>\n","protected":false},"featured_media":3678,"comment_status":"open","ping_status":"closed","template":"","meta":[],"product_brand":[],"product_cat":[120],"product_tag":[],"class_list":{"0":"post-3698","1":"product","2":"type-product","3":"status-publish","4":"has-post-thumbnail","6":"product_cat-dysfonction-erectile-fr","7":"pa_active_substance-vardenafil","9":"first","10":"instock","11":"shipping-taxable","12":"product-type-variable"},"jetpack_sharing_enabled":true,"_links":{"self":[{"href":"https:\/\/www.pharmacy-content.com\/index.php?rest_route=\/wp\/v2\/product\/3698","targetHints":{"allow":["GET"]}}],"collection":[{"href":"https:\/\/www.pharmacy-content.com\/index.php?rest_route=\/wp\/v2\/product"}],"about":[{"href":"https:\/\/www.pharmacy-content.com\/index.php?rest_route=\/wp\/v2\/types\/product"}],"replies":[{"embeddable":true,"href":"https:\/\/www.pharmacy-content.com\/index.php?rest_route=%2Fwp%2Fv2%2Fcomments&post=3698"}],"wp:featuredmedia":[{"embeddable":true,"href":"https:\/\/www.pharmacy-content.com\/index.php?rest_route=\/wp\/v2\/media\/3678"}],"wp:attachment":[{"href":"https:\/\/www.pharmacy-content.com\/index.php?rest_route=%2Fwp%2Fv2%2Fmedia&parent=3698"}],"wp:term":[{"taxonomy":"product_brand","embeddable":true,"href":"https:\/\/www.pharmacy-content.com\/index.php?rest_route=%2Fwp%2Fv2%2Fproduct_brand&post=3698"},{"taxonomy":"product_cat","embeddable":true,"href":"https:\/\/www.pharmacy-content.com\/index.php?rest_route=%2Fwp%2Fv2%2Fproduct_cat&post=3698"},{"taxonomy":"product_tag","embeddable":true,"href":"https:\/\/www.pharmacy-content.com\/index.php?rest_route=%2Fwp%2Fv2%2Fproduct_tag&post=3698"}],"curies":[{"name":"wp","href":"https:\/\/api.w.org\/{rel}","templated":true}]}}