{"id":3671,"date":"2026-04-22T06:50:27","date_gmt":"2026-04-22T06:50:27","guid":{"rendered":""},"modified":"2026-04-22T06:50:29","modified_gmt":"2026-04-22T06:50:29","slug":"kamagra-polo-10","status":"publish","type":"product","link":"https:\/\/www.pharmacy-content.com\/cs\/product\/kamagra-polo-10\/","title":{"rendered":"Kamagra Polo"},"content":{"rendered":"<p>B\u011b\u017en\u00e9 pou\u017eit\u00ed<\/p>\n<p>Kamagra Polo je l\u00e9k, kter\u00fd byl vynalezen k efektivn\u00ed l\u00e9\u010db\u011b erektiln\u00ed dysfunkce s v\u00fdrazn\u00fdm zlep\u0161en\u00edm kvality \u017eivota. Tento l\u00e9k nevy\u017eaduje l\u00e9ka\u0159sk\u00fd p\u0159edpis, jakmile se rozhodnete koupit Kamagra Polo online. L\u00e9ka\u0159sk\u00fd \u00fa\u010dinek l\u00e9ku je zalo\u017een na vazodilata\u010dn\u00edm \u00fa\u010dinku jeho hlavn\u00ed slo\u017eky \u2014 zn\u00e1m\u00e9ho sildenafil citr\u00e1tu. Bez stimulace se tedy nedo\u010dk\u00e1te zbyte\u010dn\u00e9 erekce.<\/p>\n<p>D\u00e1vkov\u00e1n\u00ed a sm\u011br<\/p>\n<p>Maxim\u00e1ln\u00ed denn\u00ed d\u00e1vka Kamagry Polo je 100 mg, co\u017e je jedna 100mg tableta. L\u00e9k byste m\u011bli u\u017e\u00edt jednu hodinu p\u0159ed pl\u00e1novanou sexu\u00e1ln\u00ed aktivitou. \u00da\u010dinek se projev\u00ed za 45 minut a vydr\u017e\u00ed a\u017e 6 hodin. Nedoporu\u010duje se u\u017e\u00edvat l\u00e9k spolu s tu\u010dn\u00fdm j\u00eddlem nebo alkoholem, proto\u017ee to sn\u00ed\u017e\u00ed jeho \u00fa\u010dinnost. Kamagra Polo se dod\u00e1v\u00e1 v l\u00e9ka\u0159sk\u00e9 form\u011b tablet ve tvaru p\u00f3la, 7 tablet v praktick\u00e9 tub\u011b. M\u016f\u017eete si vybrat z n\u011bkolika p\u0159\u00edchut\u00ed: Citron, M\u00e1ta, Jahoda a Ananas. Snadno se rozpou\u0161t\u00ed v \u017ealudku a doporu\u010duje se jej zap\u00edt sklenic\u00ed vody.<\/p>\n<p>Bezpe\u010dnostn\u00ed opat\u0159en\u00ed<\/p>\n<p>P\u0159ed u\u017eit\u00edm Kamagry Polo byste se m\u011bli poradit se sv\u00fdm l\u00e9ka\u0159em, proto\u017ee jsou mo\u017en\u00e9 ne\u017e\u00e1douc\u00ed \u00fa\u010dinky. Pacienti by m\u011bli b\u00fdt p\u0159i u\u017e\u00edv\u00e1n\u00ed l\u00e9ku obzvl\u00e1\u0161t\u011b opatrn\u00ed, pokud maj\u00ed v anamn\u00e9ze takov\u00e1 onemocn\u011bn\u00ed, jako jsou srde\u010dn\u00ed a kardiovaskul\u00e1rn\u00ed onemocn\u011bn\u00ed, hypertenze nebo hypotenze, srpkovit\u00e1 an\u00e9mie, HIV, mrtvice nebo infarkt myokardu nebo jsou p\u0159\u00edjemci d\u00e1rc\u016f org\u00e1n\u016f.<\/p>\n<p>Kontraindikace <\/p>\n<p>Probl\u00e9my s krevn\u00edmi c\u00e9vami, pohlavn\u011b p\u0159enosn\u00e9 choroby, zhoubn\u00e9 n\u00e1dory, dysfunkce ledvin nebo jater a kardiovaskul\u00e1rn\u00ed probl\u00e9my znemo\u017e\u0148uj\u00ed pod\u00e1v\u00e1n\u00ed Kamagry Polo. Tak\u00e9 se nedoporu\u010duje u\u017e\u00edvat l\u00e9k, pokud je v\u00e1m m\u00e9n\u011b ne\u017e 18 let.<\/p>\n<p>Mo\u017en\u00fd vedlej\u0161\u00ed \u00fa\u010dinek<\/p>\n<p>Jako vazodilat\u00e1tor m\u00e1 Kamagra Polo n\u011bkolik ne\u017e\u00e1douc\u00edch \u00fa\u010dink\u016f souvisej\u00edc\u00edch s probl\u00e9my s krevn\u00edm tlakem. Jsou to bolesti hlavy, n\u00e1valy horka, rum\u011bnec, ucpan\u00fd nos, nevolnost nebo sucho v o\u010d\u00edch. Tyto negativn\u00ed \u00fa\u010dinky se projevuj\u00ed u v\u00edce ne\u017e 1 % pacient\u016f, kte\u0159\u00ed pravideln\u011b u\u017e\u00edvaj\u00ed Kamagru Polo.<\/p>\n<p>Men\u011b \u010dast\u00e9 vedlej\u0161\u00ed \u00fa\u010dinky zahrnuj\u00ed zv\u00fd\u0161enou citlivost na sv\u011btlo, rozmazan\u00e9 vid\u011bn\u00ed a modrost vid\u011bn\u00ed. Tyto p\u0159\u00edznaky jsou obvykl\u00e9 b\u011bhem adapta\u010dn\u00edho obdob\u00ed u pacient\u016f, kte\u0159\u00ed pr\u00e1v\u011b za\u010dali u\u017e\u00edvat Kamagru. Nejsou nebezpe\u010dn\u00e9 a b\u011b\u017en\u011b nevy\u017eaduj\u00ed zm\u011bnu terapie.<\/p>\n<p>Nejv\u00e1\u017en\u011bj\u0161\u00ed ne\u017e\u00e1douc\u00ed \u00fa\u010dinky Kamagry Polo se projevuj\u00ed z\u0159\u00eddka, ale vy\u017eaduj\u00ed okam\u017eitou l\u00e9ka\u0159skou pomoc. Pokud zaznamen\u00e1te ztr\u00e1tu nebo siln\u00e9 zhor\u0161en\u00ed zraku nebo sluchu nebo erekci del\u0161\u00ed ne\u017e 4 hodiny \u2013 m\u011bli byste okam\u017eit\u011b vyhledat l\u00e9ka\u0159skou pomoc.<\/p>\n<p>L\u00e9kov\u00e9 interakce<\/p>\n<p>M\u011bli byste tak\u00e9 po\u017e\u00e1dat sv\u00e9ho l\u00e9ka\u0159e, aby zkontroloval kompatibilitu l\u00e9ky, kter\u00e9 mo\u017en\u00e1 u\u017e\u00edv\u00e1te s Kamagrou Polo. Mezi zn\u00e1m\u00e9 interakce pat\u0159\u00ed l\u00e9ky jako nitroglycerin, nitroprusidov\u00e9 l\u00e9ky, amylnitr\u00e1t, azolov\u00e1 antimykotika a dal\u0161\u00ed.<\/p>\n<p>Vynechan\u00e1 d\u00e1vka<\/p>\n<p>Pokud jste vynechali d\u00e1vku Kamagry, vezm\u011bte si tabletu co nejd\u0159\u00edve . Ka\u017edop\u00e1dn\u011b byste nem\u011bli u\u017e\u00edvat v\u00edce ne\u017e jednu 100mg tabletu Kamagry denn\u011b.<\/p>\n<p>P\u0159ed\u00e1vkov\u00e1n\u00ed<\/p>\n<p>Nikdy l\u00e9ky nep\u0159ed\u00e1vkujte. Pokud si mysl\u00edte, \u017ee jeho \u00fa\u010dinek je slab\u00fd, pora\u010fte se se sv\u00fdm l\u00e9ka\u0159em. Pokud u\u017e\u00edv\u00e1te v\u00edce ne\u017e jednu tabletu Kamagry denn\u011b, m\u016f\u017eete se vystavit zv\u00fd\u0161en\u00e9mu riziku ne\u017e\u00e1douc\u00edch \u00fa\u010dink\u016f.<\/p>\n<p>Skladujte<\/p>\n<p>Uchov\u00e1vejte tablety Kamagra Polo na tmav\u00e9m such\u00e9m m\u00edst\u011b p\u0159i pokojov\u00e9 teplot\u011b. Uchov\u00e1vejte l\u00e9k mimo dosah d\u011bt\u00ed.<\/p>\n<p>Z\u0159eknut\u00ed se odpov\u011bdnosti<\/p>\n<p>Poskytujeme pouze obecn\u00e9 informace o l\u00e9c\u00edch, kter\u00e9 nepokr\u00fdvaj\u00ed v\u0161echny pokyny, mo\u017en\u00e1 integrace l\u00e9k\u016f nebo preventivn\u00ed opat\u0159en\u00ed. Informace na m\u00edst\u011b nelze pou\u017e\u00edt pro samol\u00e9\u010dbu a autodiagnostiku. Jak\u00e9koli konkr\u00e9tn\u00ed pokyny pro konkr\u00e9tn\u00edho pacienta by m\u011bly b\u00fdt dohodnuty se sv\u00fdm zdravotn\u00edm poradcem nebo l\u00e9ka\u0159em, kter\u00fd m\u00e1 na starosti dan\u00fd p\u0159\u00edpad. Odm\u00edt\u00e1me spolehlivost t\u011bchto informac\u00ed a chyby, kter\u00e9 by mohly obsahovat. Nejsme zodpov\u011bdn\u00ed za \u017e\u00e1dn\u00e9 p\u0159\u00edm\u00e9, nep\u0159\u00edm\u00e9, zvl\u00e1\u0161tn\u00ed nebo jin\u00e9 nep\u0159\u00edm\u00e9 \u0161kody v d\u016fsledku jak\u00e9hokoli pou\u017eit\u00ed informac\u00ed na t\u011bchto str\u00e1nk\u00e1ch a tak\u00e9 za n\u00e1sledky samol\u00e9\u010dby.<\/p>\n","protected":false},"excerpt":{"rendered":"<p>Kamagra Polo Generic je l\u00e9k, kter\u00fd byl vynalezen k \u00fa\u010dinn\u00e9 l\u00e9\u010db\u011b erektiln\u00ed dysfunkce s v\u00fdrazn\u00fdm zlep\u0161en\u00edm kvality \u017eivota.<\/p>\n","protected":false},"featured_media":3617,"comment_status":"open","ping_status":"closed","template":"","meta":[],"product_brand":[],"product_cat":[141],"product_tag":[],"class_list":{"0":"post-3671","1":"product","2":"type-product","3":"status-publish","4":"has-post-thumbnail","6":"product_cat-erektilni-dysfunkce-cs","7":"pa_active_substance-sildenafil","9":"first","10":"instock","11":"shipping-taxable","12":"product-type-variable"},"jetpack_sharing_enabled":true,"_links":{"self":[{"href":"https:\/\/www.pharmacy-content.com\/wp-json\/wp\/v2\/product\/3671","targetHints":{"allow":["GET"]}}],"collection":[{"href":"https:\/\/www.pharmacy-content.com\/wp-json\/wp\/v2\/product"}],"about":[{"href":"https:\/\/www.pharmacy-content.com\/wp-json\/wp\/v2\/types\/product"}],"replies":[{"embeddable":true,"href":"https:\/\/www.pharmacy-content.com\/wp-json\/wp\/v2\/comments?post=3671"}],"wp:featuredmedia":[{"embeddable":true,"href":"https:\/\/www.pharmacy-content.com\/wp-json\/wp\/v2\/media\/3617"}],"wp:attachment":[{"href":"https:\/\/www.pharmacy-content.com\/wp-json\/wp\/v2\/media?parent=3671"}],"wp:term":[{"taxonomy":"product_brand","embeddable":true,"href":"https:\/\/www.pharmacy-content.com\/wp-json\/wp\/v2\/product_brand?post=3671"},{"taxonomy":"product_cat","embeddable":true,"href":"https:\/\/www.pharmacy-content.com\/wp-json\/wp\/v2\/product_cat?post=3671"},{"taxonomy":"product_tag","embeddable":true,"href":"https:\/\/www.pharmacy-content.com\/wp-json\/wp\/v2\/product_tag?post=3671"}],"curies":[{"name":"wp","href":"https:\/\/api.w.org\/{rel}","templated":true}]}}