{"id":3659,"date":"2026-04-22T06:50:25","date_gmt":"2026-04-22T06:50:25","guid":{"rendered":""},"modified":"2026-04-22T06:50:29","modified_gmt":"2026-04-22T06:50:29","slug":"kamagra-polo-8","status":"publish","type":"product","link":"https:\/\/www.pharmacy-content.com\/sv\/product\/kamagra-polo-8\/","title":{"rendered":"Kamagra Polo"},"content":{"rendered":"<p>Vanlig anv\u00e4ndning<\/p>\n<p>Kamagra Polo \u00e4r ett l\u00e4kemedel som uppfanns f\u00f6r att behandla erektil dysfunktion effektivt och med en betydande f\u00f6rb\u00e4ttring av livskvaliteten. Denna medicin kr\u00e4ver inget recept n\u00e4r du best\u00e4mmer dig f\u00f6r att k\u00f6pa Kamagra Polo online. Medicinsk effekt av l\u00e4kemedlet \u00e4r baserad p\u00e5 vasodilatationseffekten av dess huvudkomponent &#8211; ber\u00f6mda Sildenafil Citrate. D\u00e4rf\u00f6r kommer du inte att uppleva on\u00f6dig erektion utan stimulering.<\/p>\n<p>Dosering och riktning<\/p>\n<p>Maximal daglig dos av Kamagra Polo \u00e4r 100 mg, vilket \u00e4r en 100 mg tablett. Du b\u00f6r ta drogen en timme f\u00f6re den planerade sexuella aktiviteten. Effekten kommer att visa sig efter 45 minuter och varar i upp till 6 timmar. Det rekommenderas inte att ta l\u00e4kemedlet tillsammans med fet mat eller alkohol eftersom det kommer att minska dess effektivitet. Kamagra Polo kommer i en medicinsk form av poloformade tabletter, 7 tabletter i ett praktiskt r\u00f6r. Du kan v\u00e4lja mellan flera smaker: citron, mynta, jordgubb och ananas. Det l\u00f6ser sig l\u00e4tt i magen, och det rekommenderas att sk\u00f6lja det med ett glas vatten.<\/p>\n<p>F\u00f6rsiktighets\u00e5tg\u00e4rder<\/p>\n<p>Du b\u00f6r r\u00e5dfr\u00e5ga din l\u00e4kare innan du tar Kamagra Polo, eftersom biverkningar \u00e4r m\u00f6jliga. Patienter b\u00f6r vara s\u00e4rskilt f\u00f6rsiktiga med att ta l\u00e4kemedlet om de har en historia av s\u00e5dana sjukdomar som hj\u00e4rt- och kardiovaskul\u00e4ra sjukdomar, h\u00f6gt blodtryck eller hypotoni, sicklecell, HIV, stroke eller hj\u00e4rtinfarkt, eller \u00e4r organdonatormottagare.<\/p>\n<p>Kontraindikationer <\/p>\n<p>Problem med blodk\u00e4rl, sexuellt \u00f6verf\u00f6rbara sjukdomar, maligna tum\u00f6rer, njur- eller leverdysfunktioner och kardiovaskul\u00e4ra problem g\u00f6r administrering av Kamagra Polo om\u00f6jlig. Det rekommenderas inte heller att ta l\u00e4kemedlet om du \u00e4r yngre \u00e4n 18 \u00e5r.<\/p>\n<p>M\u00f6jlig biverkning<\/p>\n<p>Som k\u00e4rlvidgande medel har Kamagra Polo flera biverkningar relaterade till blodtrycksproblem. Dessa \u00e4r huvudv\u00e4rk, rodnad, rodnad, t\u00e4ppt n\u00e4sa, illam\u00e5ende eller torrhet i \u00f6gonen. Dessa negativa effekter visar sig hos mer \u00e4n 1 % av patienterna som tar Kamagra Polo regelbundet.<\/p>\n<p>Mindre vanliga biverkningar inkluderar \u00f6kad ljusk\u00e4nslighet, suddig syn och bl\u00e5het i synen. Dessa symtom \u00e4r vanliga under anpassningsperioden hos patienter som precis har b\u00f6rjat ta Kamagra. De \u00e4r inte farliga och kr\u00e4ver vanligtvis inte f\u00f6r\u00e4ndringar i behandlingen.<\/p>\n<p>De allvarligaste biverkningarna av Kamagra Polo visar sig s\u00e4llan, men kr\u00e4ver omedelbar medicinsk hj\u00e4lp. Om du upplever f\u00f6rlust eller stark minskning av syn eller h\u00f6rsel, eller erektion l\u00e4ngre \u00e4n 4 timmar \u2014 b\u00f6r du omedelbart s\u00f6ka l\u00e4karv\u00e5rd.<\/p>\n<p>L\u00e4kemedelsinteraktion<\/p>\n<p>Du b\u00f6r ocks\u00e5 be din l\u00e4kare att kontrollera kompatibiliteten av droger du kan ta tillsammans med Kamagra Polo. K\u00e4nda interaktioner inkluderar s\u00e5dana mediciner som nitroglycerinl\u00e4kemedel, nitroprussidl\u00e4kemedel, amylnitrat, azol-svampmedel och andra.<\/p>\n<p>Missad dos<\/p>\n<p>Om du har missat din dos av Kamagra, ta tabletten s\u00e5 snart du kan . Du b\u00f6r \u00e4nd\u00e5 inte ta mer \u00e4n en tablett p\u00e5 100 mg Kamagra per dag.<\/p>\n<p>\u00d6verdosering<\/p>\n<p>\u00d6verdosera aldrig medicinen. Om du tror att effekten \u00e4r svag, kontakta din l\u00e4kare. Om du tar mer \u00e4n en tablett Kamagra per dag kan du uts\u00e4tta dig f\u00f6r en \u00f6kad risk f\u00f6r biverkningar.<\/p>\n<p>F\u00f6rvaring<\/p>\n<p>F\u00f6rvara dina Kamagra Polo-tabletter p\u00e5 en m\u00f6rk torr plats vid rumstemperatur. F\u00f6rvara l\u00e4kemedlet utom r\u00e4ckh\u00e5ll f\u00f6r barn.<\/p>\n<p>Ansvarsfriskrivning<\/p>\n<p>Vi tillhandah\u00e5ller endast allm\u00e4n information om mediciner som inte t\u00e4cker alla riktningar, m\u00f6jliga l\u00e4kemedelsintegrationer eller f\u00f6rsiktighets\u00e5tg\u00e4rder. Information p\u00e5 webbplatsen kan inte anv\u00e4ndas f\u00f6r sj\u00e4lvbehandling och sj\u00e4lvdiagnos. Alla specifika instruktioner f\u00f6r en viss patient b\u00f6r \u00f6verenskommas med din h\u00e4lsor\u00e5dgivare eller l\u00e4kare som \u00e4r ansvarig f\u00f6r \u00e4rendet. Vi fr\u00e5ns\u00e4ger oss tillf\u00f6rlitligheten av denna information och misstag den kan inneh\u00e5lla. Vi \u00e4r inte ansvariga f\u00f6r n\u00e5gra direkta, indirekta, speciella eller andra indirekta skador till f\u00f6ljd av n\u00e5gon anv\u00e4ndning av informationen p\u00e5 denna webbplats och \u00e4ven f\u00f6r konsekvenser av sj\u00e4lvbehandling.<\/p>\n","protected":false},"excerpt":{"rendered":"<p>Kamagra Polo Generic \u00e4r ett l\u00e4kemedel som uppfanns f\u00f6r att behandla erektil dysfunktion effektivt och med en betydande f\u00f6rb\u00e4ttring av livskvaliteten.<\/p>\n","protected":false},"featured_media":3617,"comment_status":"open","ping_status":"closed","template":"","meta":[],"product_brand":[],"product_cat":[135],"product_tag":[],"class_list":{"0":"post-3659","1":"product","2":"type-product","3":"status-publish","4":"has-post-thumbnail","6":"product_cat-erektil-dysfunktion-sv","7":"pa_active_substance-sildenafil","9":"first","10":"instock","11":"shipping-taxable","12":"product-type-variable"},"jetpack_sharing_enabled":true,"_links":{"self":[{"href":"https:\/\/www.pharmacy-content.com\/wp-json\/wp\/v2\/product\/3659","targetHints":{"allow":["GET"]}}],"collection":[{"href":"https:\/\/www.pharmacy-content.com\/wp-json\/wp\/v2\/product"}],"about":[{"href":"https:\/\/www.pharmacy-content.com\/wp-json\/wp\/v2\/types\/product"}],"replies":[{"embeddable":true,"href":"https:\/\/www.pharmacy-content.com\/wp-json\/wp\/v2\/comments?post=3659"}],"wp:featuredmedia":[{"embeddable":true,"href":"https:\/\/www.pharmacy-content.com\/wp-json\/wp\/v2\/media\/3617"}],"wp:attachment":[{"href":"https:\/\/www.pharmacy-content.com\/wp-json\/wp\/v2\/media?parent=3659"}],"wp:term":[{"taxonomy":"product_brand","embeddable":true,"href":"https:\/\/www.pharmacy-content.com\/wp-json\/wp\/v2\/product_brand?post=3659"},{"taxonomy":"product_cat","embeddable":true,"href":"https:\/\/www.pharmacy-content.com\/wp-json\/wp\/v2\/product_cat?post=3659"},{"taxonomy":"product_tag","embeddable":true,"href":"https:\/\/www.pharmacy-content.com\/wp-json\/wp\/v2\/product_tag?post=3659"}],"curies":[{"name":"wp","href":"https:\/\/api.w.org\/{rel}","templated":true}]}}