{"id":3647,"date":"2026-04-22T06:50:23","date_gmt":"2026-04-22T06:50:23","guid":{"rendered":""},"modified":"2026-04-22T06:50:29","modified_gmt":"2026-04-22T06:50:29","slug":"kamagra-polo-6","status":"publish","type":"product","link":"https:\/\/www.pharmacy-content.com\/pl\/product\/kamagra-polo-6\/","title":{"rendered":"Kamagra Polo"},"content":{"rendered":"<p>Powszechne zastosowanie<\/p>\n<p>Kamagra Polo to lek, kt\u00f3ry zosta\u0142 wynaleziony, aby skutecznie leczy\u0107 zaburzenia erekcji i znacz\u0105co poprawia\u0107 jako\u015b\u0107 \u017cycia. Lek ten nie wymaga recepty, je\u015bli zdecydujesz si\u0119 na zakup Kamagry Polo przez Internet. Medyczne dzia\u0142anie leku opiera si\u0119 na dzia\u0142aniu rozszerzaj\u0105cym naczynia jego g\u0142\u00f3wnego sk\u0142adnika \u2013 s\u0142ynnego cytrynianu sildenafilu. Dlatego bez stymulacji nie do\u015bwiadczysz niepotrzebnej erekcji.<\/p>\n<p>Dawkowanie i spos\u00f3b u\u017cycia<\/p>\n<p>Maksymalna dzienna dawka Kamagry Polo to 100 mg, co odpowiada jednej tabletce 100 mg. Lek nale\u017cy za\u017cy\u0107 na godzin\u0119 przed planowan\u0105 aktywno\u015bci\u0105 seksualn\u0105. Efekt pojawi si\u0119 po 45 minutach i utrzyma si\u0119 do 6 godzin. Nie zaleca si\u0119 przyjmowania leku razem z t\u0142ustymi potrawami lub alkoholem, gdy\u017c obni\u017cy to jego skuteczno\u015b\u0107. Kamagra Polo wyst\u0119puje w formie medycznej tabletek w kszta\u0142cie polo, mieszcz\u0105cych 7 tabletek w por\u0119cznej tubie. Do wyboru jest kilka smak\u00f3w: Cytrynowy, Mi\u0119towy, Truskawkowy i Ananasowy. \u0141atwo rozpuszcza si\u0119 w \u017co\u0142\u0105dku, dlatego zaleca si\u0119 popi\u0107 go szklank\u0105 wody.<\/p>\n<p>\u015arodki ostro\u017cno\u015bci<\/p>\n<p>Przed za\u017cyciem Kamagry Polo nale\u017cy skonsultowa\u0107 si\u0119 z lekarzem, poniewa\u017c mo\u017cliwe s\u0105 dzia\u0142ania niepo\u017c\u0105dane. Pacjenci powinni zachowa\u0107 szczeg\u00f3ln\u0105 ostro\u017cno\u015b\u0107 stosuj\u0105c lek, je\u015bli przebyli takie choroby, jak choroby serca i uk\u0142adu kr\u0105\u017cenia, nadci\u015bnienie lub niedoci\u015bnienie, anemi\u0119 sierpowat\u0105, HIV, udar lub zawa\u0142 mi\u0119\u015bnia sercowego lub s\u0105 dawcami narz\u0105d\u00f3w.<\/p>\n<p>Przeciwwskazania <\/p>\n<p>Problemy z naczyniami krwiono\u015bnymi, chorobami przenoszonymi drog\u0105 p\u0142ciow\u0105, nowotworami z\u0142o\u015bliwymi, dysfunkcjami nerek lub w\u0105troby oraz problemami sercowo-naczyniowymi sprawiaj\u0105, \u017ce podawanie Kamagry Polo jest niemo\u017cliwe. Nie zaleca si\u0119 r\u00f3wnie\u017c przyjmowania leku, je\u015bli masz mniej ni\u017c 18 lat.<\/p>\n<p>Mo\u017cliwe skutki uboczne<\/p>\n<p>Jako \u015brodek rozszerzaj\u0105cy naczynia krwiono\u015bne, Kamagra Polo ma kilka dzia\u0142a\u0144 niepo\u017c\u0105danych zwi\u0105zanych z problemami z ci\u015bnieniem krwi. S\u0105 to b\u00f3le g\u0142owy, uderzenia gor\u0105ca, rumie\u0144ce, zatkany nos, nudno\u015bci czy sucho\u015b\u0107 oczu. Te negatywne skutki objawiaj\u0105 si\u0119 u ponad 1% pacjent\u00f3w regularnie przyjmuj\u0105cych Kamagr\u0119 Polo.<\/p>\n<p>Rzadsze dzia\u0142ania niepo\u017c\u0105dane obejmuj\u0105 zwi\u0119kszon\u0105 wra\u017cliwo\u015b\u0107 na \u015bwiat\u0142o, niewyra\u017ane widzenie i zasinienie wzroku. Objawy te s\u0105 typowe w okresie adaptacyjnym, u pacjent\u00f3w, kt\u00f3rzy dopiero rozpocz\u0119li przyjmowanie Kamagry. Nie s\u0105 gro\u017ane i cz\u0119sto nie wymagaj\u0105 zmiany terapii.<\/p>\n<p>Najpowa\u017cniejsze skutki uboczne Kamagry Polo pojawiaj\u0105 si\u0119 rzadko, ale wymagaj\u0105 natychmiastowej pomocy lekarskiej. Je\u015bli do\u015bwiadczysz utraty lub silnego pogorszenia wzroku lub s\u0142uchu albo erekcji trwaj\u0105cej d\u0142u\u017cej ni\u017c 4 godziny \u2013 powiniene\u015b natychmiast zwr\u00f3ci\u0107 si\u0119 o pomoc lekarsk\u0105.<\/p>\n<p>Interakcje lek\u00f3w<\/p>\n<p>Nale\u017cy r\u00f3wnie\u017c poprosi\u0107 lekarza o sprawdzenie zgodno\u015bci leku leki, kt\u00f3re mo\u017cesz za\u017cywa\u0107 wraz z Kamagr\u0105 Polo. Znane interakcje obejmuj\u0105 takie leki, jak leki nitroglicerynowe, leki nitroprusydkowe, azotan amylu, azolowe leki przeciwgrzybicze i inne.<\/p>\n<p>Pomini\u0119ta dawka<\/p>\n<p>Je\u015bli pomin\u0105\u0142e\u015b dawk\u0119 Kamagry, za\u017cyj tabletk\u0119 tak szybko, jak to mo\u017cliwe . Tak czy inaczej nie powiniene\u015b za\u017cywa\u0107 wi\u0119cej ni\u017c jednej tabletki 100 mg Kamagry dziennie.<\/p>\n<p>Przedawkowanie<\/p>\n<p>Nigdy nie przedawkuj leku. Je\u015bli uwa\u017casz, \u017ce jego dzia\u0142anie jest s\u0142abe, skonsultuj si\u0119 z lekarzem. Je\u015bli za\u017cyjesz wi\u0119cej ni\u017c jedn\u0105 tabletk\u0119 Kamagry dziennie, mo\u017cesz narazi\u0107 si\u0119 na zwi\u0119kszone ryzyko wyst\u0105pienia dzia\u0142a\u0144 niepo\u017c\u0105danych.<\/p>\n<p>Przechowywanie<\/p>\n<p>Tabletki Kamagra Polo przechowuj w ciemnym, suchym miejscu w temperaturze pokojowej. Przechowuj lek poza zasi\u0119giem dzieci.<\/p>\n<p>Zastrze\u017cenie<\/p>\n<p>Podajemy jedynie og\u00f3lne informacje o lekach, kt\u00f3re nie obejmuj\u0105 wszystkich wskaz\u00f3wek, mo\u017cliwych po\u0142\u0105cze\u0144 lek\u00f3w ani \u015brodk\u00f3w ostro\u017cno\u015bci. Informacje zawarte na stronie nie mog\u0105 by\u0107 wykorzystywane do samodzielnego leczenia i autodiagnozy. Wszelkie szczeg\u00f3\u0142owe instrukcje dla konkretnego pacjenta nale\u017cy uzgodni\u0107 z doradc\u0105 ds. opieki zdrowotnej lub lekarzem prowadz\u0105cym dany przypadek. Zrzekamy si\u0119 wiarygodno\u015bci tych informacji i b\u0142\u0119d\u00f3w, jakie mog\u0105 one zawiera\u0107. Nie ponosimy odpowiedzialno\u015bci za jakiekolwiek bezpo\u015brednie, po\u015brednie, szczeg\u00f3lne lub inne po\u015brednie szkody powsta\u0142e w wyniku wykorzystania informacji zawartych na tej stronie, a tak\u017ce za konsekwencje samoleczenia.<\/p>\n","protected":false},"excerpt":{"rendered":"<p>Kamagra Polo Generic to lek, kt\u00f3ry powsta\u0142, aby skutecznie leczy\u0107 zaburzenia erekcji i znacz\u0105co poprawia\u0107 jako\u015b\u0107 \u017cycia.<\/p>\n","protected":false},"featured_media":3617,"comment_status":"open","ping_status":"closed","template":"","meta":[],"product_brand":[],"product_cat":[129],"product_tag":[],"class_list":{"0":"post-3647","1":"product","2":"type-product","3":"status-publish","4":"has-post-thumbnail","6":"product_cat-dysfunkcja-erekcji-pl","7":"pa_active_substance-sildenafil","9":"first","10":"instock","11":"shipping-taxable","12":"product-type-variable"},"jetpack_sharing_enabled":true,"_links":{"self":[{"href":"https:\/\/www.pharmacy-content.com\/wp-json\/wp\/v2\/product\/3647","targetHints":{"allow":["GET"]}}],"collection":[{"href":"https:\/\/www.pharmacy-content.com\/wp-json\/wp\/v2\/product"}],"about":[{"href":"https:\/\/www.pharmacy-content.com\/wp-json\/wp\/v2\/types\/product"}],"replies":[{"embeddable":true,"href":"https:\/\/www.pharmacy-content.com\/wp-json\/wp\/v2\/comments?post=3647"}],"wp:featuredmedia":[{"embeddable":true,"href":"https:\/\/www.pharmacy-content.com\/wp-json\/wp\/v2\/media\/3617"}],"wp:attachment":[{"href":"https:\/\/www.pharmacy-content.com\/wp-json\/wp\/v2\/media?parent=3647"}],"wp:term":[{"taxonomy":"product_brand","embeddable":true,"href":"https:\/\/www.pharmacy-content.com\/wp-json\/wp\/v2\/product_brand?post=3647"},{"taxonomy":"product_cat","embeddable":true,"href":"https:\/\/www.pharmacy-content.com\/wp-json\/wp\/v2\/product_cat?post=3647"},{"taxonomy":"product_tag","embeddable":true,"href":"https:\/\/www.pharmacy-content.com\/wp-json\/wp\/v2\/product_tag?post=3647"}],"curies":[{"name":"wp","href":"https:\/\/api.w.org\/{rel}","templated":true}]}}