{"id":3641,"date":"2026-04-22T06:50:22","date_gmt":"2026-04-22T06:50:22","guid":{"rendered":""},"modified":"2026-04-22T06:50:29","modified_gmt":"2026-04-22T06:50:29","slug":"kamagra-polo-5","status":"publish","type":"product","link":"https:\/\/www.pharmacy-content.com\/es\/product\/kamagra-polo-5\/","title":{"rendered":"Kamagra Polo"},"content":{"rendered":"<p>Uso com\u00fan<\/p>\n<p>Kamagra Polo es un f\u00e1rmaco que fue inventado para tratar la disfunci\u00f3n er\u00e9ctil de forma eficaz y con una mejora significativa en la calidad de vida. Este medicamento no requiere receta m\u00e9dica una vez que decide comprar Kamagra Polo en l\u00ednea. El efecto medicinal del f\u00e1rmaco se basa en el efecto vasodilatador de su componente principal, el famoso citrato de sildenafil. Por lo tanto, no experimentar\u00e1 erecciones innecesarias sin estimulaci\u00f3n.<\/p>\n<p>Dosis y direcci\u00f3n<\/p>\n<p>La dosis diaria m\u00e1xima de Kamagra Polo es de 100 mg, que equivale a una tableta de 100 mg. Debe tomar el medicamento una hora antes de la actividad sexual prevista. El efecto se notar\u00e1 en 45 minutos y durar\u00e1 hasta 6 horas. No se recomienda tomar el medicamento junto con alimentos grasos o alcohol, ya que reducir\u00e1 su eficacia. Kamagra Polo se presenta en forma m\u00e9dica de comprimidos con forma de polo, 7 comprimidos en un pr\u00e1ctico tubo. Puedes elegir entre varios sabores: Lim\u00f3n, Menta, Fresa y Pi\u00f1a. Se disuelve f\u00e1cilmente en el est\u00f3mago y se recomienda beberlo con un vaso de agua.<\/p>\n<p>Precauciones<\/p>\n<p>Debe consultar a su m\u00e9dico antes de tomar Kamagra Polo, ya que es posible que se produzcan efectos adversos. Los pacientes deben tener especial cuidado al tomar el medicamento si tienen antecedentes de enfermedades card\u00edacas y cardiovasculares, hipertensi\u00f3n o hipotensi\u00f3n, anemia falciforme, VIH, accidente cerebrovascular o infartos de miocardio, o si son receptores de donantes de \u00f3rganos.<\/p>\n<p>Contraindicaciones <\/p>\n<p>Problemas con los vasos sangu\u00edneos, enfermedades de transmisi\u00f3n sexual, tumores malignos, disfunciones renales o hep\u00e1ticas y problemas cardiovasculares hacen imposible la administraci\u00f3n de Kamagra Polo. Tampoco se recomienda tomar el medicamento si tienes menos de 18 a\u00f1os.<\/p>\n<p>Posibles efectos secundarios<\/p>\n<p>Como vasodilatador, Kamagra Polo tiene varios efectos adversos relacionados con problemas de presi\u00f3n arterial. Estos son dolores de cabeza, sofocos, rubor, congesti\u00f3n nasal, n\u00e1useas o sequedad en los ojos. Esos efectos negativos se manifiestan en m\u00e1s del 1% de los pacientes que toman Kamagra Polo con regularidad.<\/p>\n<p>Los efectos secundarios menos comunes incluyen aumento de la sensibilidad a la luz, visi\u00f3n borrosa y visi\u00f3n azulada. Estos s\u00edntomas son habituales durante el per\u00edodo de adaptaci\u00f3n, en pacientes que acaban de empezar a tomar Kamagra. No son peligrosos y normalmente no requieren cambios en la terapia.<\/p>\n<p>Los efectos adversos m\u00e1s graves de Kamagra Polo se manifiestan raramente, pero requieren atenci\u00f3n m\u00e9dica inmediata. Si experimenta p\u00e9rdida o disminuci\u00f3n importante de la visi\u00f3n o la audici\u00f3n, o una erecci\u00f3n de m\u00e1s de 4 horas, debe buscar atenci\u00f3n m\u00e9dica inmediata.<\/p>\n<p>Interacci\u00f3n con otros medicamentos<\/p>\n<p>Tambi\u00e9n debe consultar a su m\u00e9dico para verificar la compatibilidad del medicamento. medicamentos que pueda estar tomando con Kamagra Polo. Las interacciones conocidas incluyen medicamentos como nitroglicerina, nitroprusiato, nitrato de amilo, antif\u00fangicos az\u00f3licos y otros.<\/p>\n<p>Dosis omitida<\/p>\n<p>Si omiti\u00f3 su dosis de Kamagra, tome la tableta tan pronto como pueda . De todos modos, no debe tomar m\u00e1s de una tableta de 100 mg de Kamagra por d\u00eda.<\/p>\n<p>Sobredosis<\/p>\n<p>Nunca tome una sobredosis del medicamento. Si cree que su efecto es d\u00e9bil, consulte a su m\u00e9dico. Si toma m\u00e1s de una tableta de Kamagra al d\u00eda, puede exponerse a un mayor riesgo de sufrir efectos adversos.<\/p>\n<p>Almacenamiento<\/p>\n<p>Mantenga sus tabletas de Kamagra Polo en un lugar oscuro y seco a temperatura ambiente. Mantenga el medicamento fuera del alcance de los ni\u00f1os.<\/p>\n<p>Descargo de responsabilidad<\/p>\n<p>Solo proporcionamos informaci\u00f3n general sobre los medicamentos que no cubre todas las instrucciones, posibles integraciones de medicamentos o precauciones. La informaci\u00f3n del sitio no se puede utilizar para autotratamiento y autodiagn\u00f3stico. Cualquier instrucci\u00f3n espec\u00edfica para un paciente en particular debe acordarse con su asesor de atenci\u00f3n m\u00e9dica o el m\u00e9dico a cargo del caso. Renunciamos a la fiabilidad de esta informaci\u00f3n y a los errores que pueda contener. No somos responsables de ning\u00fan da\u00f1o directo, indirecto, especial u otro da\u00f1o indirecto como resultado de cualquier uso de la informaci\u00f3n en este sitio y tampoco de las consecuencias del autotratamiento.<\/p>\n","protected":false},"excerpt":{"rendered":"<p>Kamagra est\u00e1 indicado para el tratamiento de la disfunci\u00f3n er\u00e9ctil.<\/p>\n","protected":false},"featured_media":3617,"comment_status":"open","ping_status":"closed","template":"","meta":[],"product_brand":[],"product_cat":[126],"product_tag":[],"class_list":{"0":"post-3641","1":"product","2":"type-product","3":"status-publish","4":"has-post-thumbnail","6":"product_cat-disfuncion-erectil-es","7":"pa_active_substance-sildenafil","9":"first","10":"instock","11":"shipping-taxable","12":"product-type-variable"},"jetpack_sharing_enabled":true,"_links":{"self":[{"href":"https:\/\/www.pharmacy-content.com\/wp-json\/wp\/v2\/product\/3641","targetHints":{"allow":["GET"]}}],"collection":[{"href":"https:\/\/www.pharmacy-content.com\/wp-json\/wp\/v2\/product"}],"about":[{"href":"https:\/\/www.pharmacy-content.com\/wp-json\/wp\/v2\/types\/product"}],"replies":[{"embeddable":true,"href":"https:\/\/www.pharmacy-content.com\/wp-json\/wp\/v2\/comments?post=3641"}],"wp:featuredmedia":[{"embeddable":true,"href":"https:\/\/www.pharmacy-content.com\/wp-json\/wp\/v2\/media\/3617"}],"wp:attachment":[{"href":"https:\/\/www.pharmacy-content.com\/wp-json\/wp\/v2\/media?parent=3641"}],"wp:term":[{"taxonomy":"product_brand","embeddable":true,"href":"https:\/\/www.pharmacy-content.com\/wp-json\/wp\/v2\/product_brand?post=3641"},{"taxonomy":"product_cat","embeddable":true,"href":"https:\/\/www.pharmacy-content.com\/wp-json\/wp\/v2\/product_cat?post=3641"},{"taxonomy":"product_tag","embeddable":true,"href":"https:\/\/www.pharmacy-content.com\/wp-json\/wp\/v2\/product_tag?post=3641"}],"curies":[{"name":"wp","href":"https:\/\/api.w.org\/{rel}","templated":true}]}}