{"id":3635,"date":"2026-04-22T06:50:21","date_gmt":"2026-04-22T06:50:21","guid":{"rendered":""},"modified":"2026-04-22T06:50:29","modified_gmt":"2026-04-22T06:50:29","slug":"kamagra-polo-4","status":"publish","type":"product","link":"https:\/\/www.pharmacy-content.com\/it\/product\/kamagra-polo-4\/","title":{"rendered":"Kamagra Polo"},"content":{"rendered":"<p>Uso comune<\/p>\n<p>Kamagra Polo \u00e8 un farmaco inventato per trattare la disfunzione erettile in modo efficace e con un miglioramento significativo della qualit\u00e0 della vita. Questo farmaco non richiede prescrizione una volta che decidi di acquistare Kamagra Polo online. L&#8217;effetto medico del farmaco si basa sull&#8217;effetto vasodilatatore del suo componente principale, il famoso citrato di Sildenafil. Pertanto, non sperimenterai un&#8217;erezione non necessaria senza stimolazione.<\/p>\n<p>Dosaggio e direzioni<\/p>\n<p>La dose massima giornaliera di Kamagra Polo \u00e8 di 100 mg, ovvero una compressa da 100 mg. Dovresti assumere il farmaco un&#8217;ora prima dell&#8217;attivit\u00e0 sessuale prevista. L&#8217;effetto si manifester\u00e0 in 45 minuti e durer\u00e0 fino a 6 ore. Non \u00e8 consigliabile assumere il farmaco insieme a cibi grassi o alcol poich\u00e9 ne ridurr\u00e0 l\u2019efficacia. Kamagra Polo \u00e8 disponibile in una forma medica di compresse a forma di polo, 7 compresse in un pratico tubo. Puoi scegliere tra diversi gusti: Limone, Menta, Fragola e Ananas. Si dissolve facilmente nello stomaco e si consiglia di mandarlo gi\u00f9 con un bicchiere d&#8217;acqua.<\/p>\n<p>Precauzioni<\/p>\n<p>Dovresti consultare il tuo medico prima di prendere Kamagra Polo, perch\u00e9 sono possibili effetti avversi. I pazienti devono prestare particolare attenzione nell&#8217;assumere il farmaco se hanno una storia di malattie come malattie cardiache e cardiovascolari, ipertensione o ipotensione, anemia falciforme, HIV, ictus o infarto del miocardio o sono destinatari di donatori di organi.<\/p>\n<p>Controindicazioni <\/p>\n<p>Problemi vascolari, malattie sessualmente trasmissibili, tumori maligni, disfunzioni renali o epatiche e problemi cardiovascolari rendono impossibile la somministrazione di Kamagra Polo. Inoltre, non \u00e8 consigliabile assumere il farmaco se hai meno di 18 anni.<\/p>\n<p>Possibili effetti collaterali<\/p>\n<p>Come vasodilatatore, Kamagra Polo ha diversi effetti avversi legati ai problemi di pressione sanguigna. Questi sono mal di testa, vampate, rossore, naso chiuso, nausea o secchezza agli occhi. Questi effetti negativi si manifestano in pi\u00f9 dell&#8217;1% dei pazienti che assumono Kamagra Polo regolarmente.<\/p>\n<p>Effetti collaterali meno comuni includono aumento della sensibilit\u00e0 alla luce, visione offuscata e visione blu. Questi sintomi sono comuni durante il periodo di adattamento, nei pazienti che hanno appena iniziato a prendere Kamagra. Non sono pericolosi e generalmente non richiedono cambiamenti nella terapia.<\/p>\n<p>Gli effetti avversi pi\u00f9 gravi di Kamagra Polo si manifestano raramente, ma richiedono un aiuto medico immediato. Se avverti perdita o forte diminuzione della vista o dell&#8217;udito, o erezione per pi\u00f9 di 4 ore, dovresti consultare immediatamente un medico.<\/p>\n<p>Interazione farmacologica<\/p>\n<p>Dovresti anche chiedere al tuo medico di verificare la compatibilit\u00e0 del farmaci che potresti assumere con Kamagra Polo. Le interazioni note includono farmaci come nitroglicerina, medicinali nitroprussiato, nitrato di amile, farmaci antifungini azolici e altri.<\/p>\n<p>Dose dimenticata<\/p>\n<p>Se hai dimenticato la dose di Kamagra, prendi la compressa il prima possibile . In ogni caso, non dovresti assumere pi\u00f9 di una compressa da 100 mg di Kamagra al giorno.<\/p>\n<p>Sovradosaggio<\/p>\n<p>Non sovradosare mai il farmaco. Se ritieni che il suo effetto sia debole, consulta il tuo medico. Se prendi pi\u00f9 di una compressa di Kamagra al giorno, puoi esporti a un rischio maggiore di effetti avversi.<\/p>\n<p>Conservazione<\/p>\n<p>Conserva le compresse di Kamagra Polo in un luogo buio e asciutto a temperatura ambiente. Tenere il medicinale fuori dalla portata dei bambini.<\/p>\n<p>Disclaimer<\/p>\n<p>Forniamo solo informazioni generali sui farmaci che non coprono tutte le indicazioni, possibili integrazioni farmacologiche o precauzioni. Le informazioni presenti sul sito non possono essere utilizzate per l&#8217;autotrattamento e l&#8217;autodiagnosi. Eventuali istruzioni specifiche per un particolare paziente devono essere concordate con il proprio consulente sanitario o medico responsabile del caso. Decliniamo l&#8217;affidabilit\u00e0 di queste informazioni e gli errori che potrebbero contenere. Non siamo responsabili per eventuali danni diretti, indiretti, speciali o altri danni indiretti derivanti dall&#8217;uso delle informazioni contenute in questo sito e anche per le conseguenze dell&#8217;autotrattamento.<\/p>\n","protected":false},"excerpt":{"rendered":"<p>Kamagra \u00e8 indicato per il trattamento della disfunzione erettile.<\/p>\n","protected":false},"featured_media":3617,"comment_status":"open","ping_status":"closed","template":"","meta":[],"product_brand":[],"product_cat":[123],"product_tag":[],"class_list":{"0":"post-3635","1":"product","2":"type-product","3":"status-publish","4":"has-post-thumbnail","6":"product_cat-disfunzione-erettile-it","7":"pa_active_substance-sildenafil","9":"first","10":"instock","11":"shipping-taxable","12":"product-type-variable"},"jetpack_sharing_enabled":true,"_links":{"self":[{"href":"https:\/\/www.pharmacy-content.com\/wp-json\/wp\/v2\/product\/3635","targetHints":{"allow":["GET"]}}],"collection":[{"href":"https:\/\/www.pharmacy-content.com\/wp-json\/wp\/v2\/product"}],"about":[{"href":"https:\/\/www.pharmacy-content.com\/wp-json\/wp\/v2\/types\/product"}],"replies":[{"embeddable":true,"href":"https:\/\/www.pharmacy-content.com\/wp-json\/wp\/v2\/comments?post=3635"}],"wp:featuredmedia":[{"embeddable":true,"href":"https:\/\/www.pharmacy-content.com\/wp-json\/wp\/v2\/media\/3617"}],"wp:attachment":[{"href":"https:\/\/www.pharmacy-content.com\/wp-json\/wp\/v2\/media?parent=3635"}],"wp:term":[{"taxonomy":"product_brand","embeddable":true,"href":"https:\/\/www.pharmacy-content.com\/wp-json\/wp\/v2\/product_brand?post=3635"},{"taxonomy":"product_cat","embeddable":true,"href":"https:\/\/www.pharmacy-content.com\/wp-json\/wp\/v2\/product_cat?post=3635"},{"taxonomy":"product_tag","embeddable":true,"href":"https:\/\/www.pharmacy-content.com\/wp-json\/wp\/v2\/product_tag?post=3635"}],"curies":[{"name":"wp","href":"https:\/\/api.w.org\/{rel}","templated":true}]}}