{"id":3629,"date":"2026-04-22T06:50:20","date_gmt":"2026-04-22T06:50:20","guid":{"rendered":""},"modified":"2026-04-22T06:50:29","modified_gmt":"2026-04-22T06:50:29","slug":"kamagra-polo-3","status":"publish","type":"product","link":"https:\/\/www.pharmacy-content.com\/fr\/product\/kamagra-polo-3\/","title":{"rendered":"Kamagra Polo"},"content":{"rendered":"<p>Usage g\u00e9n\u00e9ral<\/p>\n<p>Kamagra Polo est un m\u00e9dicament qui a \u00e9t\u00e9 invent\u00e9 pour traiter efficacement la dysfonction \u00e9rectile et avec une am\u00e9lioration significative de la qualit\u00e9 de vie. Ce m\u00e9dicament ne n\u00e9cessite pas d\u2019ordonnance une fois que vous d\u00e9cidez d\u2019acheter Kamagra Polo en ligne. L&#8217;effet m\u00e9dical du m\u00e9dicament repose sur l&#8217;effet vasodilatateur de son composant principal, le c\u00e9l\u00e8bre citrate de sild\u00e9nafil. Par cons\u00e9quent, vous ne ressentirez pas d\u2019\u00e9rection inutile sans stimulation.<\/p>\n<p>Dosage et administration<\/p>\n<p>La dose quotidienne maximale de Kamagra Polo est de 100 mg, soit un comprim\u00e9 de 100 mg. Vous devez prendre le m\u00e9dicament une heure avant l&#8217;activit\u00e9 sexuelle pr\u00e9vue. L&#8217;effet appara\u00eetra au bout de 45 minutes et durera jusqu&#8217;\u00e0 6 heures. Il n\u2019est pas recommand\u00e9 de prendre le m\u00e9dicament avec des aliments gras ou de l\u2019alcool, car cela r\u00e9duirait son efficacit\u00e9. Kamagra Polo se pr\u00e9sente sous forme m\u00e9dicale de comprim\u00e9s en forme de polo, 7 comprim\u00e9s dans un tube pratique. Vous pouvez choisir parmi plusieurs saveurs : Citron, Menthe, Fraise et Ananas. Il se dissout facilement dans l&#8217;estomac et il est recommand\u00e9 de le laver avec un verre d&#8217;eau.<\/p>\n<p>Pr\u00e9cautions<\/p>\n<p>Vous devriez consulter votre m\u00e9decin avant de prendre Kamagra Polo, car des effets ind\u00e9sirables sont possibles. Les patients doivent \u00eatre particuli\u00e8rement prudents lorsqu&#8217;ils prennent ce m\u00e9dicament s&#8217;ils ont des ant\u00e9c\u00e9dents de maladies telles que des maladies cardiaques et cardiovasculaires, une hypertension ou une hypotension, une dr\u00e9panocytose, le VIH, un accident vasculaire c\u00e9r\u00e9bral ou un infarctus du myocarde, ou s&#8217;ils sont receveurs d&#8217;un donneur d&#8217;organes.<\/p>\n<p>Contre-indications <\/p>\n<p>Des probl\u00e8mes de vaisseaux sanguins, des maladies sexuellement transmissibles, des tumeurs malignes, des dysfonctionnements r\u00e9naux ou h\u00e9patiques et des probl\u00e8mes cardiovasculaires rendent impossible l\u2019administration de Kamagra Polo. Il est \u00e9galement d\u00e9conseill\u00e9 de prendre ce m\u00e9dicament si vous avez moins de 18 ans.<\/p>\n<p>Effets secondaires possibles<\/p>\n<p>En tant que vasodilatateur, Kamagra Polo a plusieurs effets ind\u00e9sirables li\u00e9s aux probl\u00e8mes de tension art\u00e9rielle. Il s\u2019agit de maux de t\u00eate, de rougeurs, de rougissements, de nez bouch\u00e9, de naus\u00e9es ou de s\u00e9cheresse des yeux. Ces effets n\u00e9gatifs se manifestent chez plus de 1 % des patients prenant r\u00e9guli\u00e8rement Kamagra Polo.<\/p>\n<p>Les effets secondaires moins courants incluent une sensibilit\u00e9 accrue \u00e0 la lumi\u00e8re, une vision floue et une vision bleue. Ces sympt\u00f4mes sont habituels pendant la p\u00e9riode d\u2019adaptation, chez les patients qui viennent de commencer \u00e0 prendre Kamagra. Ils ne sont pas dangereux et ne n\u00e9cessitent g\u00e9n\u00e9ralement pas de changement de traitement.<\/p>\n<p>Les effets ind\u00e9sirables les plus graves de Kamagra Polo se manifestent rarement, mais n\u00e9cessitent une aide m\u00e9dicale imm\u00e9diate. Si vous ressentez une perte ou une forte diminution de la vision ou de l&#8217;audition, ou une \u00e9rection de plus de 4 heures, vous devez consulter imm\u00e9diatement un m\u00e9decin.<\/p>\n<p>Interaction m\u00e9dicamenteuse<\/p>\n<p>Vous devez \u00e9galement demander \u00e0 votre m\u00e9decin de v\u00e9rifier la compatibilit\u00e9 du m\u00e9dicaments que vous prenez peut-\u00eatre avec Kamagra Polo. Les interactions connues incluent des m\u00e9dicaments tels que les m\u00e9dicaments \u00e0 base de nitroglyc\u00e9rine, les m\u00e9dicaments \u00e0 base de nitroprussiate, le nitrate d&#8217;amyle, les m\u00e9dicaments antifongiques azol\u00e9s et autres.<\/p>\n<p>Dose oubli\u00e9e<\/p>\n<p>Si vous avez oubli\u00e9 votre dose de Kamagra, prenez le comprim\u00e9 d\u00e8s que possible. . De toute fa\u00e7on, vous ne devriez pas prendre plus d\u2019un comprim\u00e9 de Kamagra \u00e0 100 mg par jour.<\/p>\n<p>Surdosage<\/p>\n<p>Ne surdosez jamais le m\u00e9dicament. Si vous pensez que son effet est faible, consultez votre m\u00e9decin. Si vous prenez plus d&#8217;un comprim\u00e9 de Kamagra par jour, vous pouvez vous exposer \u00e0 un risque accru d&#8217;effets ind\u00e9sirables.<\/p>\n<p>Conservation<\/p>\n<p>Conservez vos comprim\u00e9s de Kamagra Polo dans un endroit sombre et sec \u00e0 temp\u00e9rature ambiante. Gardez le m\u00e9dicament hors de port\u00e9e des enfants.<\/p>\n<p>Avertissement<\/p>\n<p>Nous fournissons uniquement des informations g\u00e9n\u00e9rales sur les m\u00e9dicaments qui ne couvrent pas toutes les directions, les int\u00e9grations possibles de m\u00e9dicaments ou les pr\u00e9cautions. Les informations pr\u00e9sentes sur le site ne peuvent pas \u00eatre utilis\u00e9es pour l\u2019auto-traitement et l\u2019autodiagnostic. Toute instruction sp\u00e9cifique pour un patient particulier doit \u00eatre convenue avec votre conseiller en soins de sant\u00e9 ou votre m\u00e9decin en charge du dossier. Nous d\u00e9clinons la fiabilit\u00e9 de ces informations et des erreurs qu&#8217;elles pourraient contenir. Nous ne sommes pas responsables de tout dommage direct, indirect, sp\u00e9cial ou autre r\u00e9sultant de toute utilisation des informations pr\u00e9sentes sur ce site ainsi que des cons\u00e9quences de l&#8217;auto-traitement.<\/p>\n","protected":false},"excerpt":{"rendered":"<p>Kamagra est indiqu\u00e9 dans le traitement de la dysfonction \u00e9rectile.<\/p>\n","protected":false},"featured_media":3617,"comment_status":"open","ping_status":"closed","template":"","meta":[],"product_brand":[],"product_cat":[120],"product_tag":[],"class_list":{"0":"post-3629","1":"product","2":"type-product","3":"status-publish","4":"has-post-thumbnail","6":"product_cat-dysfonction-erectile-fr","7":"pa_active_substance-sildenafil","9":"first","10":"instock","11":"shipping-taxable","12":"product-type-variable"},"jetpack_sharing_enabled":true,"_links":{"self":[{"href":"https:\/\/www.pharmacy-content.com\/wp-json\/wp\/v2\/product\/3629","targetHints":{"allow":["GET"]}}],"collection":[{"href":"https:\/\/www.pharmacy-content.com\/wp-json\/wp\/v2\/product"}],"about":[{"href":"https:\/\/www.pharmacy-content.com\/wp-json\/wp\/v2\/types\/product"}],"replies":[{"embeddable":true,"href":"https:\/\/www.pharmacy-content.com\/wp-json\/wp\/v2\/comments?post=3629"}],"wp:featuredmedia":[{"embeddable":true,"href":"https:\/\/www.pharmacy-content.com\/wp-json\/wp\/v2\/media\/3617"}],"wp:attachment":[{"href":"https:\/\/www.pharmacy-content.com\/wp-json\/wp\/v2\/media?parent=3629"}],"wp:term":[{"taxonomy":"product_brand","embeddable":true,"href":"https:\/\/www.pharmacy-content.com\/wp-json\/wp\/v2\/product_brand?post=3629"},{"taxonomy":"product_cat","embeddable":true,"href":"https:\/\/www.pharmacy-content.com\/wp-json\/wp\/v2\/product_cat?post=3629"},{"taxonomy":"product_tag","embeddable":true,"href":"https:\/\/www.pharmacy-content.com\/wp-json\/wp\/v2\/product_tag?post=3629"}],"curies":[{"name":"wp","href":"https:\/\/api.w.org\/{rel}","templated":true}]}}