{"id":3580,"date":"2026-04-22T06:50:06","date_gmt":"2026-04-22T06:50:06","guid":{"rendered":""},"modified":"2026-04-22T06:50:14","modified_gmt":"2026-04-22T06:50:14","slug":"kamagra-oral-jelly-5","status":"publish","type":"product","link":"https:\/\/www.pharmacy-content.com\/?product=kamagra-oral-jelly-5&lang=es","title":{"rendered":"Kamagra Oral Jelly"},"content":{"rendered":"<p>Uso com\u00fan<\/p>\n<p>Kamagra Oral Jelly se utiliza para el tratamiento de la disfunci\u00f3n er\u00e9ctil (impotencia) en hombres y la hipertensi\u00f3n arterial pulmonar. El sildenafil es el componente principal de Kamagra Oral Jelly. El sildenafil afecta la respuesta a la estimulaci\u00f3n sexual. Act\u00faa mejorando la relajaci\u00f3n del m\u00fasculo liso mediante \u00f3xido n\u00edtrico, una sustancia qu\u00edmica que se libera normalmente en respuesta a la estimulaci\u00f3n sexual. Esta relajaci\u00f3n del m\u00fasculo liso permite un mayor flujo sangu\u00edneo a ciertas zonas del pene, lo que produce una erecci\u00f3n.<\/p>\n<p>Dosis y administraci\u00f3n<\/p>\n<p>Kamagra Oral Jelly se toma seg\u00fan sea necesario, aproximadamente 1 hora antes de la actividad sexual. No tome Kamagra Oral Jelly m\u00e1s de una vez al d\u00eda. Una comida rica en grasas puede retrasar el efecto de este medicamento. Evite comer pomelo o beber jugo de pomelo mientras est\u00e9 en tratamiento con sildenafil.<\/p>\n<p>Precauciones<\/p>\n<p>Antes de empezar a tomar Sildenafil, informe a su m\u00e9dico o farmac\u00e9utico si es al\u00e9rgico a este medicamento o si padece alguna otra alergia. Las personas mayores pueden ser m\u00e1s sensibles a los efectos secundarios del medicamento.<\/p>\n<p>Contraindicaciones<\/p>\n<p>Kamagra Oral Jelly est\u00e1 contraindicado en pacientes que toman otro medicamento para tratar la impotencia o que utilizan un medicamento con nitratos para el dolor de pecho o problemas card\u00edacos. Este medicamento no debe ser utilizado por mujeres ni ni\u00f1os, ni por pacientes con hipersensibilidad conocida a alguno de los componentes del comprimido.<\/p>\n<p>Posibles efectos secundarios<\/p>\n<p>Los efectos secundarios m\u00e1s comunes son: dolor de cabeza, sofocos, acidez estomacal, malestar estomacal, congesti\u00f3n nasal, aturdimiento, mareos o diarrea. Una reacci\u00f3n al\u00e9rgica grave a este medicamento es muy poco frecuente, pero busque atenci\u00f3n m\u00e9dica inmediata si se produce. Si nota alg\u00fan efecto secundario no mencionado anteriormente, consulte a su m\u00e9dico o farmac\u00e9utico.<\/p>\n<p>Interacci\u00f3n con otros medicamentos<\/p>\n<p>Kamagra Oral Jelly no debe usarse con nitratos ni con drogas recreativas llamadas &#8216;poppers&#8217; que contengan nitrito de amilo o butilo; alfabloqueantes; otros medicamentos para la impotencia; ni medicamentos para la presi\u00f3n arterial alta. Consulte a su m\u00e9dico o farmac\u00e9utico para obtener m\u00e1s informaci\u00f3n.<\/p>\n<p>Dosis olvidada<\/p>\n<p>Kamagra Oral Jelly se usa seg\u00fan sea necesario, por lo que es poco probable que siga un horario de dosificaci\u00f3n. No lo tome m\u00e1s de una vez al d\u00eda.<\/p>\n<p>Sobredosis<\/p>\n<p>Si cree que ha usado demasiado de este medicamento, busque atenci\u00f3n m\u00e9dica de emergencia de inmediato. Los s\u00edntomas de sobredosis suelen incluir dolor en el pecho, n\u00e1useas, ritmo card\u00edaco irregular y sensaci\u00f3n de mareo o desmayo.<\/p>\n<p>Almacenamiento<\/p>\n<p>Guarde sus medicamentos a temperatura ambiente, entre 20 y 25 \u00b0C (68 y 77 \u00b0F), protegidos de la luz y la humedad. No los guarde en el ba\u00f1o. Mantenga todos los medicamentos fuera del alcance de los ni\u00f1os y las mascotas.<\/p>\n","protected":false},"excerpt":{"rendered":"<p>Kamagra Oral Jelly es una soluci\u00f3n gelatinosa para el tratamiento de la disfunci\u00f3n er\u00e9ctil masculina.<\/p>\n","protected":false},"featured_media":3556,"comment_status":"open","ping_status":"closed","template":"","meta":[],"product_brand":[],"product_cat":[126],"product_tag":[],"class_list":{"0":"post-3580","1":"product","2":"type-product","3":"status-publish","4":"has-post-thumbnail","6":"product_cat-disfuncion-erectil-es","7":"pa_active_substance-sildenafil","9":"first","10":"instock","11":"shipping-taxable","12":"product-type-simple"},"jetpack_sharing_enabled":true,"_links":{"self":[{"href":"https:\/\/www.pharmacy-content.com\/index.php?rest_route=\/wp\/v2\/product\/3580","targetHints":{"allow":["GET"]}}],"collection":[{"href":"https:\/\/www.pharmacy-content.com\/index.php?rest_route=\/wp\/v2\/product"}],"about":[{"href":"https:\/\/www.pharmacy-content.com\/index.php?rest_route=\/wp\/v2\/types\/product"}],"replies":[{"embeddable":true,"href":"https:\/\/www.pharmacy-content.com\/index.php?rest_route=%2Fwp%2Fv2%2Fcomments&post=3580"}],"wp:featuredmedia":[{"embeddable":true,"href":"https:\/\/www.pharmacy-content.com\/index.php?rest_route=\/wp\/v2\/media\/3556"}],"wp:attachment":[{"href":"https:\/\/www.pharmacy-content.com\/index.php?rest_route=%2Fwp%2Fv2%2Fmedia&parent=3580"}],"wp:term":[{"taxonomy":"product_brand","embeddable":true,"href":"https:\/\/www.pharmacy-content.com\/index.php?rest_route=%2Fwp%2Fv2%2Fproduct_brand&post=3580"},{"taxonomy":"product_cat","embeddable":true,"href":"https:\/\/www.pharmacy-content.com\/index.php?rest_route=%2Fwp%2Fv2%2Fproduct_cat&post=3580"},{"taxonomy":"product_tag","embeddable":true,"href":"https:\/\/www.pharmacy-content.com\/index.php?rest_route=%2Fwp%2Fv2%2Fproduct_tag&post=3580"}],"curies":[{"name":"wp","href":"https:\/\/api.w.org\/{rel}","templated":true}]}}