{"id":3501,"date":"2026-04-22T06:49:46","date_gmt":"2026-04-22T06:49:46","guid":{"rendered":""},"modified":"2026-04-22T06:49:57","modified_gmt":"2026-04-22T06:49:57","slug":"kamagra-oral-coffee-jelly-2","status":"publish","type":"product","link":"https:\/\/www.pharmacy-content.com\/de\/product\/kamagra-oral-coffee-jelly-2\/","title":{"rendered":"Kamagra Oral Coffee Jelly"},"content":{"rendered":"<p>Allgemeine Anwendung<br \/>\nSildenafil ist der Hauptbestandteil von Kamagra Oral Coffee Jelly.<br \/>\nSildenafil beeinflusst die Reaktion auf sexuelle Stimulation. Es wirkt, indem es die Entspannung der glatten Muskulatur durch Stickstoffmonoxid f\u00f6rdert, eine Chemikalie, die normalerweise als Reaktion auf sexuelle Stimulation freigesetzt wird. Diese Entspannung der glatten Muskulatur erm\u00f6glicht eine erh\u00f6hte Durchblutung bestimmter Bereiche des Penis, was zu einer Erektion f\u00fchrt.<br \/>\nSildenafil wird zur Behandlung der erektilen Dysfunktion (Impotenz) bei M\u00e4nnern und der pulmonalen arteriellen Hypertonie eingesetzt.<br \/>\nSildenafil kann auch f\u00fcr andere Zwecke verwendet werden nicht oben aufgef\u00fchrt.<\/p>\n<p>Dosierung und Anwendung<br \/>\nKamagra Oral Coffee Jelly wird nach Bedarf etwa 1 Stunde vor der sexuellen Aktivit\u00e4t eingenommen. Nehmen Sie Kamagra Oral Coffee Jelly nicht mehr als einmal t\u00e4glich ein.<br \/>\nEine fettreiche Mahlzeit kann die Wirkungszeit dieses Arzneimittels verz\u00f6gern.<br \/>\nVersuchen Sie, w\u00e4hrend der Behandlung mit Sildenafil keine Grapefruit zu essen oder Grapefruitsaft zu trinken.<\/p>\n<p>Vorsichtsma\u00dfnahmen<br \/>\n Bevor Sie mit der Einnahme von Sildenafil beginnen, informieren Sie Ihren Arzt oder Apotheker, wenn Sie allergisch darauf reagieren. oder wenn Sie andere Allergien haben.<br \/>\n\u00c4ltere Menschen reagieren m\u00f6glicherweise empfindlicher auf die Nebenwirkungen des Arzneimittels.<\/p>\n<p>Gegenanzeigen<br \/>\nKamagra Oral Coffee Jelly ist bei Patienten kontraindiziert, die ein anderes Arzneimittel zur Behandlung von Impotenz einnehmen oder ein Nitratmedikament gegen Brustschmerzen oder Herzschmerzen verwenden Probleme.<br \/>\nDieses Arzneimittel sollte nicht von Frauen und Kindern sowie von Patienten mit bekannter \u00dcberempfindlichkeit gegen einen der Bestandteile der Tablette eingenommen werden.<\/p>\n<p>M\u00f6gliche Nebenwirkungen<br \/>\nDie h\u00e4ufigsten Nebenwirkungen sind Kopfschmerzen, Hitzewallungen, Sodbrennen und Magenbeschwerden , verstopfte Nase, Benommenheit, Schwindel oder Durchfall.<br \/>\nEine schwere allergische Reaktion auf dieses Medikament ist sehr selten, aber suchen Sie sofort einen Arzt auf, wenn sie auftritt.<br \/>\nViele Menschen, die dieses Medikament einnehmen, haben keine schwerwiegenden Nebenwirkungen.<br \/>\nFalls Sie welche bemerken Wenn Sie Nebenwirkungen haben, die oben nicht aufgef\u00fchrt sind, wenden Sie sich bitte an Ihren Arzt oder Apotheker.<\/p>\n<p>Arzneimittelwechselwirkung<br \/>\nDieses Medikament sollte nicht zusammen mit Nitraten und Freizeitdrogen namens Poppers verwendet werden, die Amyl- oder Butylnitrit enthalten. Alpha-Blocker-Medikamente; andere Medikamente gegen Impotenz; Medikamente gegen Bluthochdruck usw.<br \/>\nFragen Sie Ihren Arzt oder Apotheker nach weiteren Einzelheiten.<\/p>\n<p>Verpasste Dosis<br \/>\nKamagra Oral Coffee Jelly wird nach Bedarf verwendet, daher ist es unwahrscheinlich, dass Sie einen Dosierungsplan einhalten.<\/p>\n<p>\u00dcberdosierung<br \/>\nWenn Sie denken, dass Sie Wenn Sie zu viel von diesem Arzneimittel eingenommen haben, suchen Sie sofort einen Notarzt auf. Zu den Symptomen einer \u00dcberdosierung geh\u00f6ren in der Regel Brustschmerzen, \u00dcbelkeit, unregelm\u00e4\u00dfiger Herzschlag und Benommenheit oder Ohnmacht.<\/p>\n<p>Aufbewahrung<\/p>\n<p>Lagern Sie Ihre Arzneimittel bei Raumtemperatur zwischen 20 und 25 \u00b0C Licht und Feuchtigkeit. Bewahren Sie sie nicht im Badezimmer auf. Bewahren Sie alle Medikamente au\u00dferhalb der Reichweite von Kindern und Haustieren auf.<\/p>\n<p>Haftungsausschluss<br \/>\nWir stellen nur allgemeine Informationen zu Medikamenten zur Verf\u00fcgung, die nicht alle Anweisungen, m\u00f6gliche Medikamentenkombinationen oder Vorsichtsma\u00dfnahmen abdecken. Die Informationen auf der Website k\u00f6nnen nicht zur Selbstbehandlung und Selbstdiagnose verwendet werden. Spezifische Anweisungen f\u00fcr einen bestimmten Patienten sollten mit Ihrem Gesundheitsberater oder dem f\u00fcr den Fall zust\u00e4ndigen Arzt vereinbart werden. Wir lehnen die Zuverl\u00e4ssigkeit dieser Informationen und die darin enthaltenen Fehler ab. Wir haften nicht f\u00fcr direkte, indirekte, besondere oder sonstige indirekte Sch\u00e4den, die sich aus der Nutzung der Informationen auf dieser Website ergeben und auch nicht f\u00fcr Folgen der Selbstbehandlung.<\/p>\n","protected":false},"excerpt":{"rendered":"<p>Sildenafilcitrat Generic, der aktive und urspr\u00fcngliche Inhaltsstoff von Kamagra Oral Coffee Jelly, hemmt Enzyme und f\u00fchrt dadurch zu einer Erweiterung der Blutgef\u00e4\u00dfe im Penis, was zu einer sanften, langanhaltenden Erektion f\u00fchrt. Kamagra Oral Coffee Jelly sollte mindestens 15 Minuten vor der sexuellen Aktivit\u00e4t eingenommen werden.<\/p>\n","protected":false},"featured_media":3495,"comment_status":"open","ping_status":"closed","template":"","meta":[],"product_brand":[],"product_cat":[117],"product_tag":[],"class_list":{"0":"post-3501","1":"product","2":"type-product","3":"status-publish","4":"has-post-thumbnail","6":"product_cat-erektile-dysfunktion-de","7":"pa_active_substance-sildenafil","9":"first","10":"instock","11":"shipping-taxable","12":"product-type-simple"},"jetpack_sharing_enabled":true,"_links":{"self":[{"href":"https:\/\/www.pharmacy-content.com\/wp-json\/wp\/v2\/product\/3501","targetHints":{"allow":["GET"]}}],"collection":[{"href":"https:\/\/www.pharmacy-content.com\/wp-json\/wp\/v2\/product"}],"about":[{"href":"https:\/\/www.pharmacy-content.com\/wp-json\/wp\/v2\/types\/product"}],"replies":[{"embeddable":true,"href":"https:\/\/www.pharmacy-content.com\/wp-json\/wp\/v2\/comments?post=3501"}],"wp:featuredmedia":[{"embeddable":true,"href":"https:\/\/www.pharmacy-content.com\/wp-json\/wp\/v2\/media\/3495"}],"wp:attachment":[{"href":"https:\/\/www.pharmacy-content.com\/wp-json\/wp\/v2\/media?parent=3501"}],"wp:term":[{"taxonomy":"product_brand","embeddable":true,"href":"https:\/\/www.pharmacy-content.com\/wp-json\/wp\/v2\/product_brand?post=3501"},{"taxonomy":"product_cat","embeddable":true,"href":"https:\/\/www.pharmacy-content.com\/wp-json\/wp\/v2\/product_cat?post=3501"},{"taxonomy":"product_tag","embeddable":true,"href":"https:\/\/www.pharmacy-content.com\/wp-json\/wp\/v2\/product_tag?post=3501"}],"curies":[{"name":"wp","href":"https:\/\/api.w.org\/{rel}","templated":true}]}}