{"id":3488,"date":"2026-04-22T06:49:39","date_gmt":"2026-04-22T06:49:39","guid":{"rendered":""},"modified":"2026-04-22T06:49:42","modified_gmt":"2026-04-22T06:49:42","slug":"kamagra-gold-10","status":"publish","type":"product","link":"https:\/\/www.pharmacy-content.com\/cs\/product\/kamagra-gold-10\/","title":{"rendered":"Kamagra Gold"},"content":{"rendered":"<p>B\u011b\u017en\u00e9 pou\u017eit\u00ed<\/p>\n<p>Kamagra Gold je l\u00e9k k l\u00e9\u010db\u011b erektiln\u00ed dysfunkce u mu\u017e\u016f. Jedn\u00e1 se o analogovou verzi Viagry, specifick\u00e9 slo\u017een\u00ed 100 mg sildenafil citr\u00e1tu. Kamagra zvy\u0161uje mno\u017estv\u00ed krve proch\u00e1zej\u00edc\u00ed do penisu, co\u017e umo\u017e\u0148uje erekci p\u0159i sexu\u00e1ln\u00ed stimulaci. Sildenafil, jeho hlavn\u00ed slo\u017eka, inhibuje cGMP specifickou fosfodiester\u00e1zu typu 5, enzym, kter\u00fd reguluje pr\u016ftok krve do kavern\u00f3zn\u00edch t\u011bles penisu.<\/p>\n<p>D\u00e1vkov\u00e1n\u00ed a sm\u011br<\/p>\n<p>Kamagra Gold je maxim\u00e1ln\u00ed d\u00e1vka tohoto l\u00e9ku pro 24 hodin, zat\u00edmco tablety Viagra maj\u00ed 25, 50 a 100 mg. Jedna tableta Kamagra Gold obsahuje 100 mg sildenafil citr\u00e1tu. V\u011bnujte alespo\u0148 30 minut p\u0159ed zah\u00e1jen\u00edm sexu\u00e1ln\u00ed aktivity. Nep\u0159ekra\u010dujte d\u00e1vku 100 mg (jedna tableta) b\u011bhem 24 hodin. Mastn\u00e1 nebo mastn\u00e1 j\u00eddla zpomaluj\u00ed vst\u0159eb\u00e1v\u00e1n\u00ed l\u00e9ku. Droga p\u016fsob\u00ed pouze p\u0159i sexu\u00e1ln\u00ed stimulaci a vzru\u0161en\u00ed. Sildenafil citr\u00e1t by m\u011bl b\u00fdt u\u017e\u00edv\u00e1n p\u0159esn\u011b podle pokyn\u016f sv\u00e9ho l\u00e9ka\u0159e.<\/p>\n<p>Bezpe\u010dnostn\u00ed opat\u0159en\u00ed<\/p>\n<p>P\u0159ed u\u017eit\u00edm Kamagry Gold informujte sv\u00e9ho l\u00e9ka\u0159e, pokud m\u00e1te probl\u00e9my s an\u00e9mi\u00ed, vysok\u00fdm krevn\u00edm tlakem nebo n\u00edzk\u00fdm krevn\u00edm tlakem, nepravideln\u00fdm srde\u010dn\u00edm rytmem, srde\u010dn\u00ed selh\u00e1n\u00ed, nestabiln\u00ed bolest na hrudi, alergie, o\u010dn\u00ed onemocn\u011bn\u00ed, deformace penisu nebo se v sou\u010dasn\u00e9 dob\u011b l\u00e9\u010d\u00ed HIV. Vyhn\u011bte se pit\u00ed alkoholu, proto\u017ee to m\u016f\u017ee zhor\u0161it vedlej\u0161\u00ed \u00fa\u010dinky. Neu\u017e\u00edvejte Kamagra Gold spole\u010dn\u011b s jin\u00fdmi l\u00e9ky na ED. Upozorn\u011bte sv\u00e9ho l\u00e9ka\u0159e p\u0159edt\u00edm, ne\u017e za\u010dnete u\u017e\u00edvat Kamagra Gold, pokud pou\u017e\u00edv\u00e1te alprostadil (Caverject, Muse, Edex) nebo yohimbin (Yocon, Yodoxin, dal\u0161\u00ed).<\/p>\n<p>Kontraindikace<\/p>\n<p>Kamagra Gold nelze pou\u017e\u00edt u pacient\u016f s alergi\u00ed na l\u00e9ku a jeho slo\u017eek a tak\u00e9 u jedinc\u016f l\u00e9\u010den\u00fdch nitr\u00e1ty (jako je nitroglycerin). Tato kombinace m\u016f\u017ee zp\u016fsobit velmi n\u00edzk\u00fd krevn\u00ed tlak, kter\u00fd m\u016f\u017ee m\u00edt za n\u00e1sledek mrtvici, srde\u010dn\u00ed infarkt nebo smrt. Neu\u017e\u00edvejte tento l\u00e9k, pokud je v\u00e1m m\u00e9n\u011b ne\u017e 18 let<\/p>\n<p>Mo\u017en\u00e9 ne\u017e\u00e1douc\u00ed \u00fa\u010dinky<\/p>\n<p>N\u011bkte\u0159\u00ed pacienti mohou poci\u0165ovat bolest hlavy, pr\u016fjem, z\u00e1vrat\u011b, \u017ealude\u010dn\u00ed nevolnost, zvracen\u00ed, ucpan\u00fd nos. Kamagra Gold m\u016f\u017ee zp\u016fsobit vz\u00e1cn\u00fd, ale v\u00e1\u017en\u00fd stav zn\u00e1m\u00fd jako priapismus nebo prodlou\u017een\u00e1 erekce. Okam\u017eit\u011b kontaktujte sv\u00e9ho poskytovatele zdravotn\u00ed p\u00e9\u010de, pokud va\u0161e erekce trv\u00e1 d\u00e9le ne\u017e n\u011bkolik hodin, bez okam\u017eit\u00e9 l\u00e9ka\u0159sk\u00e9 pomoci m\u016f\u017ee tento stav trvale po\u0161kodit v\u00e1\u0161 penis.<\/p>\n<p>L\u00e9kov\u00e9 interakce<\/p>\n<p>Kamagra Gold by nem\u011bl b\u00fdt p\u0159edepisov\u00e1n pacient\u016fm l\u00e9\u010den\u00fdm l\u00e9ky, kter\u00e9 obsahuj\u00ed organick\u00e9 dusi\u010dnany. Hladinu Kamagra Gold v krvi zvy\u0161uje erythromycin, ketokonazol, itrakonazol a saquinavir. Byly hl\u00e1\u0161eny interakce mezi Kamagrou Gold a n\u00e1sleduj\u00edc\u00edmi l\u00e9ky: bosentan (Tracleer); cimetidin (Tagamet, Tagamet HB); antibiotikum, jako je erythromycin (E-Mycin, Eryc, Ery-Tab) nebo klarithromycin (Biaxin); doxazosin (Cardura), prazosin (Minipress), Terazosin (Hytrin); l\u00e9ky proti HIV, jako je indinavir (Crixivan), amprenavir (Agenerase), darunavir (Prezista), efavirenz (Sustiva), tipranavir (Aptivus), nevirapin (Viramune), saquinavir (Invirase, Fortovase), lopinavir\/ritonavir (Kaletra), fosamprenavir ( Lexiva), ritonavir (Norvir), atazanavir (Reyataz) nebo nelfinavir (Viracept); antifung\u00e1ln\u00ed l\u00e9\u010divo, jako je itrakonazol (Sporanox) nebo ketokonazol (Nizoral); karbamazepin (Tegretol), fenobarbital (Luminal) nebo fenytoin (Dilantin); nebo rifampin (Rifadin, Rimactane) nebo rifabutin (Mycobutin).<\/p>\n<p>Vynechan\u00e1 d\u00e1vka<\/p>\n<p>V p\u0159\u00edpad\u011b pot\u0159eby u\u017e\u00edvejte Kamagra Gold, ale ne v\u00edce ne\u017e jednu tabletu denn\u011b. Pravideln\u00fd denn\u00ed p\u0159\u00edjem by m\u011bl b\u00fdt dohodnut se sv\u00fdm l\u00e9ka\u0159em.<\/p>\n<p>P\u0159ed\u00e1vkov\u00e1n\u00ed<\/p>\n<p>Erekce, kter\u00e1 je del\u0161\u00ed ne\u017e \u010dty\u0159i hodiny, m\u016f\u017ee b\u00fdt zn\u00e1mkou p\u0159ed\u00e1vkov\u00e1n\u00ed. Pokud po u\u017eit\u00ed Kamagry Gold zaznamen\u00e1te siln\u00e9 mdloby, bolest na hrudi, nevolnost, nepravideln\u00fd srde\u010dn\u00ed tep, z\u00e1vrat\u011b b\u011bhem sexu, kontaktujte sv\u00e9ho l\u00e9ka\u0159e, proto\u017ee mo\u017en\u00e1 budete pot\u0159ebovat okam\u017eitou l\u00e9ka\u0159skou pomoc.<\/p>\n<p>Skladujte<\/p>\n<p>Uchov\u00e1vejte p\u0159i pokojov\u00e9 teplot\u011b, do 25 C (77 F) a mimo dosah a d\u011bti a dom\u00e1c\u00ed zv\u00ed\u0159ata.<\/p>\n<p>Z\u0159eknut\u00ed se odpov\u011bdnosti<\/p>\n<p>Poskytujeme pouze obecn\u00e9 informace o l\u00e9c\u00edch, kter\u00e9 nepokr\u00fdvaj\u00ed v\u0161echny sm\u011bry, mo\u017en\u00e9 integrace l\u00e9k\u016f nebo preventivn\u00ed opat\u0159en\u00ed. Informace na m\u00edst\u011b nelze pou\u017e\u00edt pro samol\u00e9\u010dbu a autodiagnostiku. V\u0161echny specifick\u00e9 pokyny pro konkr\u00e9tn\u00edho pacienta by m\u011bly b\u00fdt dohodnuty se sv\u00fdm zdravotn\u00edm poradcem nebo l\u00e9ka\u0159em, kter\u00fd m\u00e1 na starosti dan\u00fd p\u0159\u00edpad. Odm\u00edt\u00e1me spolehlivost t\u011bchto informac\u00ed a chyby, kter\u00e9 by mohly obsahovat. Nejsme zodpov\u011bdn\u00ed za \u017e\u00e1dn\u00e9 p\u0159\u00edm\u00e9, nep\u0159\u00edm\u00e9, zvl\u00e1\u0161tn\u00ed nebo jin\u00e9 nep\u0159\u00edm\u00e9 \u0161kody v d\u016fsledku jak\u00e9hokoli pou\u017eit\u00ed informac\u00ed na t\u011bchto str\u00e1nk\u00e1ch a tak\u00e9 za n\u00e1sledky samol\u00e9\u010dby.<\/p>\n","protected":false},"excerpt":{"rendered":"<p>Kamagra Gold Generic je l\u00e9k k l\u00e9\u010db\u011b erektiln\u00ed dysfunkce u mu\u017e\u016f.<\/p>\n","protected":false},"featured_media":3434,"comment_status":"open","ping_status":"closed","template":"","meta":[],"product_brand":[],"product_cat":[141],"product_tag":[],"class_list":{"0":"post-3488","1":"product","2":"type-product","3":"status-publish","4":"has-post-thumbnail","6":"product_cat-erektilni-dysfunkce-cs","7":"pa_active_substance-sildenafil","9":"first","10":"instock","11":"shipping-taxable","12":"product-type-variable"},"jetpack_sharing_enabled":true,"_links":{"self":[{"href":"https:\/\/www.pharmacy-content.com\/wp-json\/wp\/v2\/product\/3488","targetHints":{"allow":["GET"]}}],"collection":[{"href":"https:\/\/www.pharmacy-content.com\/wp-json\/wp\/v2\/product"}],"about":[{"href":"https:\/\/www.pharmacy-content.com\/wp-json\/wp\/v2\/types\/product"}],"replies":[{"embeddable":true,"href":"https:\/\/www.pharmacy-content.com\/wp-json\/wp\/v2\/comments?post=3488"}],"wp:featuredmedia":[{"embeddable":true,"href":"https:\/\/www.pharmacy-content.com\/wp-json\/wp\/v2\/media\/3434"}],"wp:attachment":[{"href":"https:\/\/www.pharmacy-content.com\/wp-json\/wp\/v2\/media?parent=3488"}],"wp:term":[{"taxonomy":"product_brand","embeddable":true,"href":"https:\/\/www.pharmacy-content.com\/wp-json\/wp\/v2\/product_brand?post=3488"},{"taxonomy":"product_cat","embeddable":true,"href":"https:\/\/www.pharmacy-content.com\/wp-json\/wp\/v2\/product_cat?post=3488"},{"taxonomy":"product_tag","embeddable":true,"href":"https:\/\/www.pharmacy-content.com\/wp-json\/wp\/v2\/product_tag?post=3488"}],"curies":[{"name":"wp","href":"https:\/\/api.w.org\/{rel}","templated":true}]}}