{"id":3452,"date":"2026-04-22T06:49:34","date_gmt":"2026-04-22T06:49:34","guid":{"rendered":""},"modified":"2026-04-22T06:49:41","modified_gmt":"2026-04-22T06:49:41","slug":"kamagra-gold-4","status":"publish","type":"product","link":"https:\/\/www.pharmacy-content.com\/?product=kamagra-gold-4&lang=it","title":{"rendered":"Kamagra Gold"},"content":{"rendered":"<p>Uso comune<\/p>\n<p>Kamagra Gold \u00e8 un farmaco per trattare la disfunzione erettile negli uomini. Questa \u00e8 una versione analoga del Viagra, una formulazione specifica di 100 mg di sildenafil citrato. Kamagra aumenta la quantit\u00e0 di sangue che passa al pene rendendo possibile l&#8217;erezione quando c&#8217;\u00e8 stimolazione sessuale. Il sildenafil, il suo componente principale, inibisce la fosfodiesterasi specifica di tipo 5 cGMP, un enzima che regola il flusso sanguigno ai corpi cavernosi del pene.<\/p>\n<p>Dosaggio e direzione<\/p>\n<p>Kamagra Gold \u00e8 una dose massima di questo farmaco per un periodo di 24 ore mentre le compresse di Viagra sono da 25, 50 e 100 mg. Una compressa di Kamagra Gold contiene 100 mg di sildenafil citrato. Assumere almeno 30 minuti prima di iniziare l&#8217;attivit\u00e0 sessuale. Non superare i 100 mg (una compressa) nell&#8217;arco di 24 ore. Pasti grassi o oleosi rallentano l&#8217;assorbimento del farmaco. Il farmaco funziona solo in presenza di stimolazione ed eccitazione sessuale. Il citrato di sildenafil deve essere utilizzato rigorosamente secondo le istruzioni del medico.<\/p>\n<p>Precauzioni<\/p>\n<p>Prima di assumere Kamagra Gold, informa il medico se hai problemi di anemia, pressione alta o bassa, ritmo cardiaco irregolare, insufficienza cardiaca, dolore toracico instabile, allergie, malattie degli occhi, deformazione del pene o se stai attualmente assumendo un trattamento per l&#8217;HIV. Evita di bere alcol poich\u00e9 potrebbe peggiorare gli effetti collaterali. Non assumere Kamagra Gold insieme ad altri farmaci per la DE. Avverti il \u200b\u200bmedico prima di assumere Kamagra Gold se usi alprostadil (Caverject, Muse, Edex) o yohimbina (Yocon, Yodoxin, altri).<\/p>\n<p>Controindicazioni<\/p>\n<p>Kamagra Gold non pu\u00f2 essere utilizzato in pazienti allergici al farmaco e ai suoi componenti e anche in individui trattati con nitrati (come la nitroglicerina). Questa combinazione pu\u00f2 causare una pressione sanguigna molto bassa potenzialmente pericolosa per causare ictus, infarto o morte. Non assumere questo farmaco se hai meno di 18 anni.<\/p>\n<p>Possibili effetti collaterali<\/p>\n<p>Alcuni pazienti possono manifestare mal di testa, diarrea, vertigini, mal di stomaco, vomito, congestione nasale.<br \/>\nKamagra Gold pu\u00f2 causare una condizione rara ma grave nota come priapismo o erezione prolungata. Contatta subito il tuo medico se la tua erezione dura pi\u00f9 di ore, senza cure mediche immediate questa condizione pu\u00f2 danneggiare in modo permanente il tuo pene.<\/p>\n<p>Interazione farmacologica<\/p>\n<p>Kamagra Gold non deve essere prescritto a pazienti trattati con farmaci che contengono nitrati organici. I livelli ematici di Kamagra Gold sono aumentati da eritromicina, ketoconazolo, itraconazolo e saquinavir.<br \/>\n\u00c8 stata segnalata un&#8217;interazione tra Kamagra Gold e i seguenti farmaci: bosentan (Tracleer); cimetidina (Tagamet, Tagamet HB); un antibiotico come eritromicina (E-Mycin, Eryc, Ery-Tab) o claritromicina (Biaxin); doxazosina (Cardura), prazosina (Minipress), Terazosina (Hytrin); Medicinali per l&#8217;HIV come indinavir (Crixivan), amprenavir (Agenerase), darunavir (Prezista), efavirenz (Sustiva), tipranavir (Aptivus), nevirapina (Viramune), saquinavir (Invirase, Fortovase), lopinavir\/ritonavir (Kaletra), fosamprenavir (Lexiva), ritonavir (Norvir), atazanavir (Reyataz) o nelfinavir (Viracept); un farmaco antimicotico come itraconazolo (Sporanox) o ketoconazolo (Nizoral); carbamazepina (Tegretol), fenobarbital (Luminal) o fenitoina (Dilantin); o rifampicina (Rifadin, Rimactane) o rifabutina (Mycobutin).<\/p>\n<p>Dose dimenticata<\/p>\n<p>Assumere Kamagra Gold quando necessario, ma non pi\u00f9 di una compressa al giorno. L&#8217;assunzione giornaliera regolare deve essere concordata con il medico.<\/p>\n<p>Sovradosaggio<\/p>\n<p>Un&#8217;erezione che dura pi\u00f9 di quattro ore pu\u00f2 essere un segno di sovradosaggio. Se si verificano gravi svenimenti, dolore al petto, nausea, battito cardiaco irregolare, stordimento durante il sesso dopo aver assunto Kamagra Gold, contattare il medico poich\u00e9 potrebbe essere necessario un immediato aiuto medico.<\/p>\n<p>Conservazione<\/p>\n<p>Conservare a temperatura ambiente, al di sotto dei 25 \u00b0C (77 \u00b0F) e fuori dalla portata dei bambini e degli animali domestici.<\/p>\n","protected":false},"excerpt":{"rendered":"<p>Kamagra Gold \u00e8 un farmaco prescritto per il trattamento della disfunzione erettile maschile.<\/p>\n","protected":false},"featured_media":3434,"comment_status":"open","ping_status":"closed","template":"","meta":[],"product_brand":[],"product_cat":[123],"product_tag":[],"class_list":{"0":"post-3452","1":"product","2":"type-product","3":"status-publish","4":"has-post-thumbnail","6":"product_cat-disfunzione-erettile-it","7":"pa_active_substance-sildenafil","9":"first","10":"instock","11":"shipping-taxable","12":"product-type-variable"},"jetpack_sharing_enabled":true,"_links":{"self":[{"href":"https:\/\/www.pharmacy-content.com\/index.php?rest_route=\/wp\/v2\/product\/3452","targetHints":{"allow":["GET"]}}],"collection":[{"href":"https:\/\/www.pharmacy-content.com\/index.php?rest_route=\/wp\/v2\/product"}],"about":[{"href":"https:\/\/www.pharmacy-content.com\/index.php?rest_route=\/wp\/v2\/types\/product"}],"replies":[{"embeddable":true,"href":"https:\/\/www.pharmacy-content.com\/index.php?rest_route=%2Fwp%2Fv2%2Fcomments&post=3452"}],"wp:featuredmedia":[{"embeddable":true,"href":"https:\/\/www.pharmacy-content.com\/index.php?rest_route=\/wp\/v2\/media\/3434"}],"wp:attachment":[{"href":"https:\/\/www.pharmacy-content.com\/index.php?rest_route=%2Fwp%2Fv2%2Fmedia&parent=3452"}],"wp:term":[{"taxonomy":"product_brand","embeddable":true,"href":"https:\/\/www.pharmacy-content.com\/index.php?rest_route=%2Fwp%2Fv2%2Fproduct_brand&post=3452"},{"taxonomy":"product_cat","embeddable":true,"href":"https:\/\/www.pharmacy-content.com\/index.php?rest_route=%2Fwp%2Fv2%2Fproduct_cat&post=3452"},{"taxonomy":"product_tag","embeddable":true,"href":"https:\/\/www.pharmacy-content.com\/index.php?rest_route=%2Fwp%2Fv2%2Fproduct_tag&post=3452"}],"curies":[{"name":"wp","href":"https:\/\/api.w.org\/{rel}","templated":true}]}}