{"id":3440,"date":"2026-04-22T06:49:32","date_gmt":"2026-04-22T06:49:32","guid":{"rendered":""},"modified":"2026-04-22T06:49:41","modified_gmt":"2026-04-22T06:49:41","slug":"kamagra-gold-2","status":"publish","type":"product","link":"https:\/\/www.pharmacy-content.com\/?product=kamagra-gold-2&lang=de","title":{"rendered":"Kamagra Gold"},"content":{"rendered":"<p>Allgemeine Anwendung<\/p>\n<p>Kamagra Gold ist ein Medikament zur Behandlung der erektilen Dysfunktion bei M\u00e4nnern. Dies ist eine analoge Version von Viagra, eine spezifische Formulierung von 100 mg Sildenafilcitrat. Kamagra erh\u00f6ht die Blutmenge, die zum Penis flie\u00dft, und erm\u00f6glicht so eine Erektion bei sexueller Stimulation. Sildenafil, sein Hauptbestandteil, hemmt die cGMP-spezifische Phosphodiesterase Typ 5, ein Enzym, das den Blutfluss zu den Schwellk\u00f6rpern des Penis reguliert.<\/p>\n<p>Dosierung und Anwendung<\/p>\n<p>Kamagra Gold ist eine maximale Dosis dieses Medikaments f\u00fcr 24-Stunden-Zeitraum, wobei Viagra-Tabletten 25, 50 und 100 mg enthalten. Eine Tablette Kamagra Gold enth\u00e4lt 100 mg Sildenafilcitrat. Nehmen Sie sich mindestens 30 Minuten Zeit, bevor Sie mit der sexuellen Aktivit\u00e4t beginnen. \u00dcberschreiten Sie nicht 100 mg (eine Tablette) innerhalb von 24 Stunden. Fettige oder \u00f6lige Mahlzeiten verlangsamen die Aufnahme des Arzneimittels. Das Medikament wirkt nur bei sexueller Stimulation und Erregung. Sildenafilcitrat sollte streng nach Anweisung Ihres Arztes angewendet werden.<\/p>\n<p>Vorsichtsma\u00dfnahmen<\/p>\n<p>Benachrichtigen Sie vor der Einnahme von Kamagra Gold Ihren Arzt, wenn Sie Probleme mit An\u00e4mie, hohem oder niedrigem Blutdruck, unregelm\u00e4\u00dfigem Herzrhythmus, Herzinsuffizienz, instabiler Brustschmerz, Allergien, Augenkrankheiten, Deformation des Penis oder sich derzeit in HIV-Behandlung befinden. Vermeiden Sie Alkohol, da dieser die Nebenwirkungen verschlimmern kann. Nehmen Sie Kamagra Gold nicht zusammen mit anderen ED-Medikamenten ein. Informieren Sie Ihren Arzt vor der Einnahme von Kamagra Gold, wenn Sie Alprostadil (Caverject, Muse, Edex) oder Yohimbin (Yocon, Yodoxin, andere) verwenden.<\/p>\n<p>Kontraindikationen<\/p>\n<p>Kamagra Gold kann nicht bei Patienten mit einer Allergie gegen angewendet werden des Arzneimittels und seiner Bestandteile sowie bei Personen, die mit Nitraten (z. B. Nitroglycerin) behandelt werden. Diese Kombination kann zu einem sehr niedrigen Blutdruck f\u00fchren, der m\u00f6glicherweise zu einem Schlaganfall, Herzinfarkt oder Tod f\u00fchren kann. Nehmen Sie dieses Medikament nicht ein, wenn Sie unter 18 Jahre alt sind.<\/p>\n<p>M\u00f6gliche Nebenwirkungen<\/p>\n<p>Bei einigen Patienten k\u00f6nnen Kopfschmerzen, Durchfall, Schwindel, Magenbeschwerden, Erbrechen und eine verstopfte Nase auftreten. Kamagra Gold kann eine seltene, aber schwerwiegende Erkrankung verursachen, die als Priapismus oder verl\u00e4ngerte Erektion bekannt ist. Wenden Sie sich sofort an Ihren Arzt, wenn Ihre Erektion l\u00e4nger als stundenlang anh\u00e4lt. Ohne sofortige \u00e4rztliche Hilfe kann dieser Zustand Ihren Penis dauerhaft sch\u00e4digen.<\/p>\n<p>Wechselwirkungen mit anderen Medikamenten<\/p>\n<p>Kamagra Gold sollte Patienten, die mit behandelt werden, nicht verschrieben werden Medikamente, die organische Nitrate enthalten. Der Blutspiegel von Kamagra Gold wird durch Erythromycin, Ketoconazol, Itraconazol und Saquinavir erh\u00f6ht. Es wurde \u00fcber Wechselwirkungen zwischen Kamagra Gold und folgenden Medikamenten berichtet: Bosentan (Tracleer); Cimetidin (Tagamet, Tagamet HB); ein Antibiotikum wie Erythromycin (E-Mycin, Eryc, Ery-Tab) oder Clarithromycin (Biaxin); Doxazosin (Cardura), Prazosin (Minipress), Terazosin (Hytrin); HIV-Medikamente wie Indinavir (Crixivan), Amprenavir (Agenerase), Darunavir (Prezista), Efavirenz (Sustiva), Tipranavir (Aptivus), Nevirapin (Viramune), Saquinavir (Invirase, Fortovase), Lopinavir\/Ritonavir (Kaletra), Fosamprenavir ( Lexiva), Ritonavir (Norvir), Atazanavir (Reyataz) oder Nelfinavir (Viracept); ein Antimykotikum wie Itraconazol (Sporanox) oder Ketoconazol (Nizoral); Carbamazepin (Tegretol), Phenobarbital (Luminal) oder Phenytoin (Dilantin); oder Rifampin (Rifadin, Rimactane) oder Rifabutin (Mycobutin).<\/p>\n<p>Verpasste Dosis<\/p>\n<p>Nehmen Sie Kamagra Gold bei Bedarf ein, jedoch nicht mehr als eine Tablette pro Tag. Eine regelm\u00e4\u00dfige t\u00e4gliche Einnahme sollte mit Ihrem Arzt abgestimmt werden.<\/p>\n<p>\u00dcberdosierung<\/p>\n<p>Eine Erektion, die l\u00e4nger als vier Stunden anh\u00e4lt, kann ein Zeichen einer \u00dcberdosierung sein. Wenn Sie nach der Einnahme von Kamagra Gold starke Ohnmachtsanf\u00e4lle, Brustschmerzen, \u00dcbelkeit, unregelm\u00e4\u00dfigen Herzschlag oder Benommenheit beim Sex versp\u00fcren, wenden Sie sich an Ihren Arzt, da Sie m\u00f6glicherweise sofortige medizinische Hilfe ben\u00f6tigen.<\/p>\n<p>Lagerung<\/p>\n<p>Bei Raumtemperatur unter 25 lagern C (77 F) und au\u00dferhalb der Reichweite von Kindern und Haustieren.<\/p>\n<p>Haftungsausschluss<\/p>\n<p>Wir stellen nur allgemeine Informationen zu Medikamenten zur Verf\u00fcgung, die nicht alle Anwendungsgebiete, m\u00f6gliche Arzneimittelkombinationen oder Vorsichtsma\u00dfnahmen abdecken. Die Informationen auf der Website k\u00f6nnen nicht zur Selbstbehandlung und Selbstdiagnose verwendet werden. Alle spezifischen Anweisungen f\u00fcr einen bestimmten Patienten sollten mit Ihrem Gesundheitsberater oder dem f\u00fcr den Fall zust\u00e4ndigen Arzt vereinbart werden. Wir lehnen die Zuverl\u00e4ssigkeit dieser Informationen und die darin enthaltenen Fehler ab. Wir haften nicht f\u00fcr direkte, indirekte, besondere oder sonstige indirekte Sch\u00e4den, die sich aus der Nutzung der Informationen auf dieser Website ergeben und auch nicht f\u00fcr Folgen der Selbstbehandlung.<\/p>\n","protected":false},"excerpt":{"rendered":"<p>Kamagra Gold Generic ist ein Medikament zur Behandlung der erektilen Dysfunktion bei M\u00e4nnern.<\/p>\n","protected":false},"featured_media":3434,"comment_status":"open","ping_status":"closed","template":"","meta":[],"product_brand":[],"product_cat":[117],"product_tag":[],"class_list":{"0":"post-3440","1":"product","2":"type-product","3":"status-publish","4":"has-post-thumbnail","6":"product_cat-erektile-dysfunktion-de","7":"pa_active_substance-sildenafil","9":"first","10":"instock","11":"shipping-taxable","12":"product-type-variable"},"jetpack_sharing_enabled":true,"_links":{"self":[{"href":"https:\/\/www.pharmacy-content.com\/index.php?rest_route=\/wp\/v2\/product\/3440","targetHints":{"allow":["GET"]}}],"collection":[{"href":"https:\/\/www.pharmacy-content.com\/index.php?rest_route=\/wp\/v2\/product"}],"about":[{"href":"https:\/\/www.pharmacy-content.com\/index.php?rest_route=\/wp\/v2\/types\/product"}],"replies":[{"embeddable":true,"href":"https:\/\/www.pharmacy-content.com\/index.php?rest_route=%2Fwp%2Fv2%2Fcomments&post=3440"}],"wp:featuredmedia":[{"embeddable":true,"href":"https:\/\/www.pharmacy-content.com\/index.php?rest_route=\/wp\/v2\/media\/3434"}],"wp:attachment":[{"href":"https:\/\/www.pharmacy-content.com\/index.php?rest_route=%2Fwp%2Fv2%2Fmedia&parent=3440"}],"wp:term":[{"taxonomy":"product_brand","embeddable":true,"href":"https:\/\/www.pharmacy-content.com\/index.php?rest_route=%2Fwp%2Fv2%2Fproduct_brand&post=3440"},{"taxonomy":"product_cat","embeddable":true,"href":"https:\/\/www.pharmacy-content.com\/index.php?rest_route=%2Fwp%2Fv2%2Fproduct_cat&post=3440"},{"taxonomy":"product_tag","embeddable":true,"href":"https:\/\/www.pharmacy-content.com\/index.php?rest_route=%2Fwp%2Fv2%2Fproduct_tag&post=3440"}],"curies":[{"name":"wp","href":"https:\/\/api.w.org\/{rel}","templated":true}]}}