{"id":3428,"date":"2026-04-22T06:49:26","date_gmt":"2026-04-22T06:49:26","guid":{"rendered":""},"modified":"2026-04-22T06:49:28","modified_gmt":"2026-04-22T06:49:28","slug":"kamagra-effervescent-10","status":"publish","type":"product","link":"https:\/\/www.pharmacy-content.com\/?product=kamagra-effervescent-10&lang=cs","title":{"rendered":"Kamagra Effervescent"},"content":{"rendered":"<p>B\u011b\u017en\u00e9 pou\u017eit\u00ed<\/p>\n<p>Kamagra Effervescent zvy\u0161uje schopnost va\u0161eho t\u011bla dos\u00e1hnout a udr\u017eet erekci b\u011bhem sexu\u00e1ln\u00ed stimulace. Upozor\u0148ujeme, \u017ee tento l\u00e9k v\u00e1s nechr\u00e1n\u00ed p\u0159ed HIV (AIDS) a jin\u00fdmi pohlavn\u011b p\u0159enosn\u00fdmi nemocemi. <\/p>\n<p>D\u00e1vkov\u00e1n\u00ed a sm\u011brnice<\/p>\n<p>U\u017e\u00edvejte l\u00e9k podle pokyn\u016f va\u0161eho l\u00e9ka\u0159e. U\u017eijte ho s plnou sklenic\u00ed vody. Vezm\u011bte ho do 1 hodiny p\u0159ed sexu\u00e1ln\u00ed aktivitou. Nep\u0159ekra\u010dujte p\u0159edepsan\u00e9 d\u00e1vkov\u00e1n\u00ed. <\/p>\n<p>Opat\u0159en\u00ed<\/p>\n<p>P\u0159ed u\u017eit\u00edm l\u00e9ku se pora\u010fte se sv\u00fdm l\u00e9ka\u0159em, pokud m\u00e1te n\u00e1sleduj\u00edc\u00ed stavy: onemocn\u011bn\u00ed ledvin nebo jater, srde\u010dn\u00ed onemocn\u011bn\u00ed nebo jin\u00e9 probl\u00e9my se srdcem, probl\u00e9my se zrakem nebo o\u010dima, v\u010detn\u011b onemocn\u011bn\u00ed, jako je retinitis pigmentosa, mrtvice, a pokud m\u00e1te alergii na sildenafil, potraviny, konzervanty nebo jin\u00e9 l\u00e9ky. <\/p>\n<p>Kontraindikace<\/p>\n<p>Bu\u010fte opatrn\u00ed p\u0159i u\u017e\u00edv\u00e1n\u00ed tohoto l\u00e9ku. Pokud zaznamen\u00e1te jak\u00e9koli zm\u011bny ve va\u0161em vid\u011bn\u00ed b\u011bhem l\u00e9\u010dby, okam\u017eit\u011b kontaktujte sv\u00e9ho l\u00e9ka\u0159e. <\/p>\n<p>Pokud po u\u017eit\u00ed tohoto l\u00e9ku poci\u0165ujete p\u0159\u00edznaky jako z\u00e1vrat\u011b, nevolnost, bolest v pa\u017ei nebo na hrudi, m\u011bli byste okam\u017eit\u011b kontaktovat sv\u00e9ho l\u00e9ka\u0159e. <\/p>\n<p>Zavolejte sv\u00e9mu zdravotn\u00edmu poradci, pokud erekce trv\u00e1 d\u00e9le ne\u017e 4 hodiny nebo se stane bolestivou. To m\u016f\u017ee b\u00fdt zn\u00e1mka onemocn\u011bn\u00ed a m\u016f\u017ee v\u00e9st k po\u0161kozen\u00ed. <\/p>\n<p>Vedlej\u0161\u00ed \u00fa\u010dinky<\/p>\n<p>Nej\u010dast\u011bj\u0161\u00edmi vedlej\u0161\u00edmi \u00fa\u010dinky jsou bolesti hlavy, bolesti zad, ucp\u00e1n\u00ed nosu, pr\u016fjem, r\u00fdma, citlivost na sv\u011btlo, ospalost, za\u017e\u00edvac\u00ed pot\u00ed\u017ee, rozmazan\u00e9 vid\u011bn\u00ed a barvoslepost. Tyto vedlej\u0161\u00ed \u00fa\u010dinky nevy\u017eaduj\u00ed l\u00e9ka\u0159skou pomoc. <\/p>\n<p>N\u00e1sleduj\u00edc\u00ed vedlej\u0161\u00ed \u00fa\u010dinky mohou b\u00fdt z\u00e1va\u017en\u00e9 a m\u011bli byste o nich informovat sv\u00e9ho l\u00e9ka\u0159e: bolest na hrudi, prodlou\u017een\u00e1 nebo bolestiv\u00e1 erekce, zm\u011bny ve vid\u011bn\u00ed a sluchu, rozmazan\u00e9 vid\u011bn\u00ed, alergick\u00e9 reakce jako vyr\u00e1\u017eka, otok obli\u010deje, rukou a rt\u016f, nepravideln\u00fd nebo rychl\u00fd srde\u010dn\u00ed tep. Pokud se tyto p\u0159\u00edznaky objev\u00ed, co nejd\u0159\u00edve kontaktujte sv\u00e9ho l\u00e9ka\u0159e. <\/p>\n<p>Interakce s l\u00e9ky<\/p>\n<p>N\u00e1sleduj\u00edc\u00ed l\u00e9ky mohou interagovat s Kamagrou Effervescent: nitr\u00e1ty (amyl nitrit, isosorbidmononitr\u00e1t, nitroglycerin), cisaprid, ur\u010dit\u00e9 l\u00e9ky na vysok\u00fd krevn\u00ed tlak, l\u00e9\u010dbu HIV infekce nebo AIDS, pl\u00eds\u0148ov\u00e9 infekce, erythromycin, rifampin, methskopolamin-nitrat a dal\u0161\u00ed l\u00e9ky obsahuj\u00edc\u00ed sildenafil. <\/p>\n<p>Missed dose<\/p>\n<p>P\u0159esko\u010den\u00ed d\u00e1vky nen\u00ed mo\u017en\u00e9, pokud se l\u00e9k u\u017e\u00edv\u00e1 k l\u00e9\u010db\u011b erektiln\u00ed dysfunkce, jeliko\u017e se u\u017e\u00edv\u00e1 podle pot\u0159eby. <\/p>\n<p>P\u0159ed\u00e1vkov\u00e1n\u00ed<\/p>\n<p>Pokud m\u00e1te pocit, \u017ee jste u\u017eili p\u0159\u00edli\u0161 mnoho l\u00e9ku, kontaktujte m\u00edstn\u00ed toxikologick\u00e9 st\u0159edisko a zavolejte sv\u00e9mu l\u00e9ka\u0159i. <\/p>\n<p>Skladov\u00e1n\u00ed<\/p>\n<p>Ukl\u00e1dejte l\u00e9ky p\u0159i pokojov\u00e9 teplot\u011b mezi 59-86 \u00b0F (15-30 \u00b0C) na such\u00e9m a tmav\u00e9m m\u00edst\u011b. Neskla\u010fte l\u00e9ky do koupelny. Uchov\u00e1vejte v\u0161echny l\u00e9ky mimo dosah d\u011bt\u00ed a dom\u00e1c\u00edch zv\u00ed\u0159at. <\/p>\n<p>Z\u0159eknut\u00ed se odpov\u011bdnosti<\/p>\n<p>Poskytujeme pouze obecn\u00e9 informace o l\u00e9c\u00edch, kter\u00e9 nepokr\u00fdvaj\u00ed v\u0161echny pokyny, mo\u017en\u00e9 interakce s l\u00e9ky nebo opat\u0159en\u00ed. Informace na webu nelze pou\u017e\u00edt pro samol\u00e9\u010dbu a sebediagn\u00f3zu. Jak\u00e9koli specifick\u00e9 pokyny pro konkr\u00e9tn\u00edho pacienta by m\u011bly b\u00fdt dohodnuty s va\u0161\u00edm zdravotn\u00edm poradcem nebo l\u00e9ka\u0159em odpov\u011bdn\u00fdm za p\u0159\u00edpad. Z\u0159\u00edk\u00e1me se odpov\u011bdnosti za spolehlivost t\u011bchto informac\u00ed a za chyby, kter\u00e9 mohou obsahovat. Neodpov\u00edd\u00e1me za jak\u00e9koli p\u0159\u00edm\u00e9, nep\u0159\u00edm\u00e9, zvl\u00e1\u0161tn\u00ed nebo jin\u00e9 nep\u0159\u00edm\u00e9 \u0161kody v d\u016fsledku jak\u00e9hokoli pou\u017eit\u00ed informac\u00ed na t\u00e9to str\u00e1nce a tak\u00e9 za n\u00e1sledky samol\u00e9\u010dby.<\/p>\n","protected":false},"excerpt":{"rendered":"<p>Kamagra Effervescent Generic je nov\u00e1 forma dob\u0159e zn\u00e1m\u00e9ho l\u00e9ku sildenafil citr\u00e1tu pou\u017e\u00edvan\u00e9ho k l\u00e9\u010db\u011b erektiln\u00ed dysfunkce.<\/p>\n","protected":false},"featured_media":3383,"comment_status":"open","ping_status":"closed","template":"","meta":[],"product_brand":[],"product_cat":[141],"product_tag":[],"class_list":{"0":"post-3428","1":"product","2":"type-product","3":"status-publish","4":"has-post-thumbnail","6":"product_cat-erektilni-dysfunkce-cs","7":"pa_active_substance-sildenafil","9":"first","10":"instock","11":"shipping-taxable","12":"product-type-variable"},"jetpack_sharing_enabled":true,"_links":{"self":[{"href":"https:\/\/www.pharmacy-content.com\/index.php?rest_route=\/wp\/v2\/product\/3428","targetHints":{"allow":["GET"]}}],"collection":[{"href":"https:\/\/www.pharmacy-content.com\/index.php?rest_route=\/wp\/v2\/product"}],"about":[{"href":"https:\/\/www.pharmacy-content.com\/index.php?rest_route=\/wp\/v2\/types\/product"}],"replies":[{"embeddable":true,"href":"https:\/\/www.pharmacy-content.com\/index.php?rest_route=%2Fwp%2Fv2%2Fcomments&post=3428"}],"wp:featuredmedia":[{"embeddable":true,"href":"https:\/\/www.pharmacy-content.com\/index.php?rest_route=\/wp\/v2\/media\/3383"}],"wp:attachment":[{"href":"https:\/\/www.pharmacy-content.com\/index.php?rest_route=%2Fwp%2Fv2%2Fmedia&parent=3428"}],"wp:term":[{"taxonomy":"product_brand","embeddable":true,"href":"https:\/\/www.pharmacy-content.com\/index.php?rest_route=%2Fwp%2Fv2%2Fproduct_brand&post=3428"},{"taxonomy":"product_cat","embeddable":true,"href":"https:\/\/www.pharmacy-content.com\/index.php?rest_route=%2Fwp%2Fv2%2Fproduct_cat&post=3428"},{"taxonomy":"product_tag","embeddable":true,"href":"https:\/\/www.pharmacy-content.com\/index.php?rest_route=%2Fwp%2Fv2%2Fproduct_tag&post=3428"}],"curies":[{"name":"wp","href":"https:\/\/api.w.org\/{rel}","templated":true}]}}