{"id":3418,"date":"2026-04-22T06:49:24","date_gmt":"2026-04-22T06:49:24","guid":{"rendered":""},"modified":"2026-04-22T06:49:28","modified_gmt":"2026-04-22T06:49:28","slug":"kamagra-effervescent-8","status":"publish","type":"product","link":"https:\/\/www.pharmacy-content.com\/?product=kamagra-effervescent-8&lang=sv","title":{"rendered":"Kamagra Effervescent"},"content":{"rendered":"<p>Vanligt bruk<\/p>\n<p>Kamagra Effervescent \u00f6kar din kropps f\u00f6rm\u00e5ga att uppn\u00e5 och bibeh\u00e5lla erektion under sexuell stimulering. Observera att detta l\u00e4kemedel inte skyddar dig fr\u00e5n att f\u00e5 HIV (AIDS) och andra sexuellt \u00f6verf\u00f6rbara sjukdomar.<\/p>\n<p>Dosering och anvisning<\/p>\n<p>Ta l\u00e4kemedlet som det ordinerats av din l\u00e4kare. Ta det med ett glas fullt med vatten. Ta det inom 1 timme f\u00f6re din sexuella aktivitet. Ta inte mer \u00e4n det ordinerades.<\/p>\n<p>F\u00f6rsiktighets\u00e5tg\u00e4rder<\/p>\n<p>Innan du tar medicinen tala med din l\u00e4kare om du har f\u00f6ljande tillst\u00e5nd: njur- eller leversjukdom, hj\u00e4rtsjukdom eller hj\u00e4rtproblem, syn eller \u00f6gon problem, inklusive s\u00e5dana sjukdomar som retinitis pigmentosa, stroke och om du har allergi mot sildenafil, mat, konserveringsmedel eller andra l\u00e4kemedel.<\/p>\n<p>Kontraindikationer<\/p>\n<p>Var f\u00f6rsiktig med att anv\u00e4nda detta l\u00e4kemedel. Om du m\u00e4rker n\u00e5gra laddningar i din syn under behandlingen, kontakta din l\u00e4kare omedelbart.<\/p>\n<p>Om du fick symtom som yrsel, illam\u00e5ende, arm- eller br\u00f6stsm\u00e4rtor efter att ha tagit detta l\u00e4kemedel b\u00f6r du kontakta din l\u00e4kare omedelbart.<\/p>\n<p>Ring din sjukv\u00e5rdsr\u00e5dgivare om erektionen varar mer \u00e4n 4 timmar eller blir sm\u00e4rtsam. Det kan vara en suck av sjukdom och leda till skador.<\/p>\n<p>Biverkningar<\/p>\n<p>De vanligaste biverkningarna \u00e4r huvudv\u00e4rk, ryggsm\u00e4rta n\u00e4st\u00e4ppa, diarr\u00e9, rinnande n\u00e4sa, ljusk\u00e4nslighet, d\u00e5sighet, magbesv\u00e4r, dimsyn, f\u00e4rgblindhet. De kr\u00e4ver ingen medicinsk hj\u00e4lp.<\/p>\n<p>F\u00f6ljande biverkningar kan vara allvarliga och du b\u00f6r ber\u00e4tta f\u00f6r din l\u00e4kare om dem: br\u00f6stsm\u00e4rtor, l\u00e5ngvarig eller sm\u00e4rtsam erektion, f\u00f6r\u00e4ndringar i syn och h\u00f6rsel, dimsyn, allergiska reaktioner som utslag, svullnad ansikte, h\u00e4nder och l\u00e4ppar, oregelbundna eller snabba hj\u00e4rtslag. Om dessa symtom uppst\u00e5r, kontakta din l\u00e4kare s\u00e5 snart som m\u00f6jligt.<\/p>\n<p>L\u00e4kemedelsinteraktion<\/p>\n<p>F\u00f6ljande l\u00e4kemedel kan interagera med Kamagra brusande: nitrater (amylnitrit, isosorbidmononitrat, nitroglycerin), cisaprid, vissa l\u00e4kemedel f\u00f6r h\u00f6gt blodtryck, behandling av HIV-infektion eller AIDS, svampinfektioner, erytromycin, rifampin, metskopolaminnitrat och andra sildenafill\u00e4kemedel.<\/p>\n<p>Missad dos<\/p>\n<p>Missad dos \u00e4r inte t\u00e4nkt om l\u00e4kemedlet \u00e4r tas f\u00f6r behandling av erektil dysfunktion eftersom det anv\u00e4nds vid behov.<\/p>\n<p>\u00d6verdosering<\/p>\n<p>Om du tror att du \u00f6verdoserat l\u00e4kemedlet, kontakta din lokala giftcentral och ring din l\u00e4kare.<\/p>\n<p>F\u00f6rvaring<\/p>\n<p>F\u00f6rvara dina mediciner i rumstemperatur mellan 59-86 grader F (15-30 grader C) borta fr\u00e5n ljus och fukt. F\u00f6rvara inte drogerna i badrummet. H\u00e5ll alla droger utom r\u00e4ckh\u00e5ll f\u00f6r barn och husdjur.<\/p>\n<p>Ansvarsfriskrivning<\/p>\n<p>Vi tillhandah\u00e5ller endast allm\u00e4n information om mediciner som inte t\u00e4cker alla riktningar, m\u00f6jliga l\u00e4kemedelsintegrationer eller f\u00f6rsiktighets\u00e5tg\u00e4rder. Information p\u00e5 webbplatsen kan inte anv\u00e4ndas f\u00f6r sj\u00e4lvbehandling och sj\u00e4lvdiagnos. Eventuella specifika instruktioner f\u00f6r en viss patient b\u00f6r \u00f6verenskommas med din h\u00e4lsor\u00e5dgivare eller l\u00e4kare som \u00e4r ansvarig f\u00f6r \u00e4rendet. Vi fr\u00e5ns\u00e4ger oss tillf\u00f6rlitligheten av denna information och misstag den kan inneh\u00e5lla. Vi ansvarar inte f\u00f6r n\u00e5gra direkta, indirekta, speciella eller andra indirekta skador till f\u00f6ljd av n\u00e5gon anv\u00e4ndning av informationen p\u00e5 denna webbplats och \u00e4ven f\u00f6r konsekvenser av egenbehandling.<\/p>\n","protected":false},"excerpt":{"rendered":"<p>Kamagra Effervescent Generic \u00e4r en ny form av v\u00e4lk\u00e4nd medicin av Sildenafil Citrate som anv\u00e4nds f\u00f6r att behandla erektil dysfunktion.<\/p>\n","protected":false},"featured_media":3383,"comment_status":"open","ping_status":"closed","template":"","meta":[],"product_brand":[],"product_cat":[135],"product_tag":[],"class_list":{"0":"post-3418","1":"product","2":"type-product","3":"status-publish","4":"has-post-thumbnail","6":"product_cat-erektil-dysfunktion-sv","7":"pa_active_substance-sildenafil","9":"first","10":"instock","11":"shipping-taxable","12":"product-type-variable"},"jetpack_sharing_enabled":true,"_links":{"self":[{"href":"https:\/\/www.pharmacy-content.com\/index.php?rest_route=\/wp\/v2\/product\/3418","targetHints":{"allow":["GET"]}}],"collection":[{"href":"https:\/\/www.pharmacy-content.com\/index.php?rest_route=\/wp\/v2\/product"}],"about":[{"href":"https:\/\/www.pharmacy-content.com\/index.php?rest_route=\/wp\/v2\/types\/product"}],"replies":[{"embeddable":true,"href":"https:\/\/www.pharmacy-content.com\/index.php?rest_route=%2Fwp%2Fv2%2Fcomments&post=3418"}],"wp:featuredmedia":[{"embeddable":true,"href":"https:\/\/www.pharmacy-content.com\/index.php?rest_route=\/wp\/v2\/media\/3383"}],"wp:attachment":[{"href":"https:\/\/www.pharmacy-content.com\/index.php?rest_route=%2Fwp%2Fv2%2Fmedia&parent=3418"}],"wp:term":[{"taxonomy":"product_brand","embeddable":true,"href":"https:\/\/www.pharmacy-content.com\/index.php?rest_route=%2Fwp%2Fv2%2Fproduct_brand&post=3418"},{"taxonomy":"product_cat","embeddable":true,"href":"https:\/\/www.pharmacy-content.com\/index.php?rest_route=%2Fwp%2Fv2%2Fproduct_cat&post=3418"},{"taxonomy":"product_tag","embeddable":true,"href":"https:\/\/www.pharmacy-content.com\/index.php?rest_route=%2Fwp%2Fv2%2Fproduct_tag&post=3418"}],"curies":[{"name":"wp","href":"https:\/\/api.w.org\/{rel}","templated":true}]}}