{"id":3413,"date":"2026-04-22T06:49:24","date_gmt":"2026-04-22T06:49:24","guid":{"rendered":""},"modified":"2026-04-22T06:49:28","modified_gmt":"2026-04-22T06:49:28","slug":"kamagra-effervescent-7","status":"publish","type":"product","link":"https:\/\/www.pharmacy-content.com\/?product=kamagra-effervescent-7&lang=pt","title":{"rendered":"Kamagra Effervescent"},"content":{"rendered":"<p>Uso comum<\/p>\n<p>Kamagra Efervescente aumenta a capacidade do seu corpo de alcan\u00e7ar e manter uma ere\u00e7\u00e3o durante a estimula\u00e7\u00e3o sexual. Observe que este medicamento n\u00e3o ir\u00e1 proteg\u00ea-lo contra o HIV (AIDS) e outras doen\u00e7as sexualmente transmiss\u00edveis.<\/p>\n<p>Dosagem e orienta\u00e7\u00e3o<\/p>\n<p>Tome o medicamento conforme prescrito pelo seu m\u00e9dico. Tome com um copo cheio de \u00e1gua. Tome-o 1 hora antes da atividade sexual. N\u00e3o tome mais do que o prescrito.<\/p>\n<p>Precau\u00e7\u00f5es<\/p>\n<p>Antes de tomar o medicamento fale com o seu m\u00e9dico se tiver as seguintes condi\u00e7\u00f5es: doen\u00e7a renal ou hep\u00e1tica, doen\u00e7a card\u00edaca ou quaisquer problemas card\u00edacos, de vis\u00e3o ou oculares. problemas, incluindo doen\u00e7as como retinite pigmentosa, acidente vascular cerebral e se voc\u00ea tem alergia a sildenafil, alimentos, conservantes ou outros medicamentos.<\/p>\n<p>Contra-indica\u00e7\u00f5es<\/p>\n<p>Tenha cuidado ao usar este medicamento. Se notar alguma carga na sua vis\u00e3o durante o tratamento, contacte imediatamente o seu m\u00e9dico.<\/p>\n<p>Se sentir sintomas como tonturas, n\u00e1useas, dores no bra\u00e7o ou no peito depois de tomar este medicamento, deve contactar o seu m\u00e9dico imediatamente.<\/p>\n<p>Ligue para o seu m\u00e9dico imediatamente. consulte o seu m\u00e9dico se a ere\u00e7\u00e3o durar mais de 4 horas ou se tornar dolorosa. Pode ser um suspiro de doen\u00e7a e causar danos.<\/p>\n<p>Efeitos colaterais<\/p>\n<p>Os efeitos colaterais mais comuns s\u00e3o dor de cabe\u00e7a, dor nas costas, congest\u00e3o nasal, diarreia, coriza, sensibilidade \u00e0 luz, sonol\u00eancia, dor de est\u00f4mago, vis\u00e3o turva, daltonismo. Eles n\u00e3o necessitam de assist\u00eancia m\u00e9dica.<\/p>\n<p>Os seguintes efeitos colaterais podem ser graves e voc\u00ea deve informar o seu m\u00e9dico sobre eles: dor no peito, ere\u00e7\u00e3o prolongada ou dolorosa, altera\u00e7\u00f5es na vis\u00e3o e audi\u00e7\u00e3o, vis\u00e3o turva, rea\u00e7\u00f5es al\u00e9rgicas como erup\u00e7\u00e3o cut\u00e2nea, incha\u00e7o do rosto, m\u00e3os e l\u00e1bios, batimentos card\u00edacos irregulares ou r\u00e1pidos. Se estes sintomas ocorrerem, entre em contato com seu m\u00e9dico o mais r\u00e1pido poss\u00edvel.<\/p>\n<p>Intera\u00e7\u00e3o medicamentosa<\/p>\n<p>Os seguintes medicamentos podem interagir com Kamagra Efervescente: nitratos (nitrito de amila, mononitrato de isossorbida, nitroglicerina), cisaprida, certos medicamentos para press\u00e3o alta, tratamento de infec\u00e7\u00e3o por HIV ou AIDS, infec\u00e7\u00f5es f\u00fangicas, eritromicina, rifampicina, nitrato de metescopolamina e outros medicamentos com sildenafil.<\/p>\n<p>Dose esquecida<\/p>\n<p>Dose esquecida n\u00e3o \u00e9 suposta se o medicamento for tomado para o tratamento da disfun\u00e7\u00e3o er\u00e9til, pois \u00e9 usado quando necess\u00e1rio.<\/p>\n<p>Overdose<\/p>\n<p>Se voc\u00ea acha que teve uma overdose do medicamento, entre em contato com o centro de intoxica\u00e7\u00e3o local e ligue para o seu m\u00e9dico.<\/p>\n<p>Armazenamento<\/p>\n<p>Armazene seus medicamentos em temperatura ambiente entre 15 e 30 graus C (59-86 graus F), longe da luz e da umidade. N\u00e3o guarde as drogas no banheiro. Mantenha todos os medicamentos fora do alcance de crian\u00e7as e animais de estima\u00e7\u00e3o.<\/p>\n<p>Isen\u00e7\u00e3o de responsabilidade<\/p>\n<p>Fornecemos apenas informa\u00e7\u00f5es gerais sobre medicamentos que n\u00e3o cobrem todas as instru\u00e7\u00f5es, poss\u00edveis integra\u00e7\u00f5es de medicamentos ou precau\u00e7\u00f5es. As informa\u00e7\u00f5es do site n\u00e3o podem ser utilizadas para autotratamento e autodiagn\u00f3stico. Quaisquer instru\u00e7\u00f5es espec\u00edficas para um determinado paciente devem ser acordadas com o seu conselheiro de sa\u00fade ou m\u00e9dico respons\u00e1vel pelo caso. N\u00f3s nos isentamos da confiabilidade dessas informa\u00e7\u00f5es e dos erros que elas possam conter. N\u00e3o nos responsabilizamos por quaisquer danos diretos, indiretos, especiais ou outros danos indiretos resultantes de qualquer uso das informa\u00e7\u00f5es deste site e tamb\u00e9m pelas consequ\u00eancias do autotratamento.<\/p>\n","protected":false},"excerpt":{"rendered":"<p>Kamagra Efervescente Generic \u00e9 uma nova forma de medicamento conhecido de Citrato de Sildenafil usado para tratar a disfun\u00e7\u00e3o er\u00e9til.<\/p>\n","protected":false},"featured_media":3383,"comment_status":"open","ping_status":"closed","template":"","meta":[],"product_brand":[],"product_cat":[132],"product_tag":[],"class_list":{"0":"post-3413","1":"product","2":"type-product","3":"status-publish","4":"has-post-thumbnail","6":"product_cat-disfuncao-eretil-pt","7":"pa_active_substance-sildenafil","9":"first","10":"instock","11":"shipping-taxable","12":"product-type-variable"},"jetpack_sharing_enabled":true,"_links":{"self":[{"href":"https:\/\/www.pharmacy-content.com\/index.php?rest_route=\/wp\/v2\/product\/3413","targetHints":{"allow":["GET"]}}],"collection":[{"href":"https:\/\/www.pharmacy-content.com\/index.php?rest_route=\/wp\/v2\/product"}],"about":[{"href":"https:\/\/www.pharmacy-content.com\/index.php?rest_route=\/wp\/v2\/types\/product"}],"replies":[{"embeddable":true,"href":"https:\/\/www.pharmacy-content.com\/index.php?rest_route=%2Fwp%2Fv2%2Fcomments&post=3413"}],"wp:featuredmedia":[{"embeddable":true,"href":"https:\/\/www.pharmacy-content.com\/index.php?rest_route=\/wp\/v2\/media\/3383"}],"wp:attachment":[{"href":"https:\/\/www.pharmacy-content.com\/index.php?rest_route=%2Fwp%2Fv2%2Fmedia&parent=3413"}],"wp:term":[{"taxonomy":"product_brand","embeddable":true,"href":"https:\/\/www.pharmacy-content.com\/index.php?rest_route=%2Fwp%2Fv2%2Fproduct_brand&post=3413"},{"taxonomy":"product_cat","embeddable":true,"href":"https:\/\/www.pharmacy-content.com\/index.php?rest_route=%2Fwp%2Fv2%2Fproduct_cat&post=3413"},{"taxonomy":"product_tag","embeddable":true,"href":"https:\/\/www.pharmacy-content.com\/index.php?rest_route=%2Fwp%2Fv2%2Fproduct_tag&post=3413"}],"curies":[{"name":"wp","href":"https:\/\/api.w.org\/{rel}","templated":true}]}}