{"id":3408,"date":"2026-04-22T06:49:23","date_gmt":"2026-04-22T06:49:23","guid":{"rendered":""},"modified":"2026-04-22T06:49:28","modified_gmt":"2026-04-22T06:49:28","slug":"kamagra-effervescent-6","status":"publish","type":"product","link":"https:\/\/www.pharmacy-content.com\/?product=kamagra-effervescent-6&lang=pl","title":{"rendered":"Kamagra Effervescent"},"content":{"rendered":"<p>Powszechne zastosowanie<\/p>\n<p>Kamagra musuj\u0105ca zwi\u0119ksza zdolno\u015b\u0107 organizmu do osi\u0105gni\u0119cia i utrzymania erekcji podczas stymulacji seksualnej. Nale\u017cy pami\u0119ta\u0107, \u017ce ten lek nie chroni przed zaka\u017ceniem wirusem HIV (AIDS) ani innymi chorobami przenoszonymi drog\u0105 p\u0142ciow\u0105.<\/p>\n<p>Dawkowanie i spos\u00f3b stosowania<\/p>\n<p>Lek nale\u017cy stosowa\u0107 zgodnie z zaleceniami lekarza. Nale\u017cy go popi\u0107 szklank\u0105 pe\u0142n\u0105 wody. We\u017a go w ci\u0105gu 1 godziny przed aktywno\u015bci\u0105 seksualn\u0105. Nie nale\u017cy przyjmowa\u0107 wi\u0119cej ni\u017c przepisano.<\/p>\n<p>\u015arodki ostro\u017cno\u015bci<\/p>\n<p>Przed za\u017cyciem leku nale\u017cy porozmawia\u0107 z lekarzem, je\u015bli u pacjenta wyst\u0119puj\u0105 nast\u0119puj\u0105ce schorzenia: choroba nerek lub w\u0105troby, choroba serca lub jakiekolwiek problemy z sercem, wzrokiem lub oczami problemy, w tym takie choroby, jak barwnikowe zwyrodnienie siatk\u00f3wki, udar m\u00f3zgu oraz je\u015bli masz alergi\u0119 na syldenafil, \u017cywno\u015b\u0107, konserwanty lub inne leki.<\/p>\n<p>Przeciwwskazania<\/p>\n<p>Nale\u017cy zachowa\u0107 ostro\u017cno\u015b\u0107 podczas stosowania tego leku. Je\u015bli w trakcie leczenia zaobserwujesz jakiekolwiek wy\u0142adowania w polu widzenia, natychmiast skontaktuj si\u0119 z lekarzem.<\/p>\n<p>Je\u015bli po za\u017cyciu tego leku wyst\u0105pi\u0105 u Ciebie takie objawy, jak zawroty g\u0142owy, nudno\u015bci, b\u00f3l ramion lub klatki piersiowej, powiniene\u015b natychmiast skontaktowa\u0107 si\u0119 z lekarzem.<\/p>\n<p>Zadzwo\u0144 skontaktuj si\u0119 ze swoim doradc\u0105 ds. opieki zdrowotnej, je\u015bli erekcja trwa d\u0142u\u017cej ni\u017c 4 godziny lub staje si\u0119 bolesna. Mo\u017ce to by\u0107 oznaka choroby i prowadzi\u0107 do uszkodze\u0144.<\/p>\n<p>Skutki uboczne<\/p>\n<p>Najcz\u0119stsze skutki uboczne to: b\u00f3l g\u0142owy, b\u00f3l plec\u00f3w, przekrwienie nosa, biegunka, katar, wra\u017cliwo\u015b\u0107 na \u015bwiat\u0142o, senno\u015b\u0107, rozstr\u00f3j \u017co\u0142\u0105dka, niewyra\u017ane widzenie, \u015blepota barw. Nie wymagaj\u0105 pomocy medycznej.<\/p>\n<p>Nast\u0119puj\u0105ce dzia\u0142ania niepo\u017c\u0105dane mog\u0105 by\u0107 powa\u017cne i nale\u017cy o nich poinformowa\u0107 lekarza: b\u00f3l w klatce piersiowej, przed\u0142u\u017caj\u0105ca si\u0119 lub bolesna erekcja, zmiany w widzeniu i s\u0142yszeniu, niewyra\u017ane widzenie, reakcje alergiczne w postaci wysypki, obrz\u0119ku twarzy, d\u0142oni i ust, nieregularne lub szybkie bicie serca. W przypadku wyst\u0105pienia tych objaw\u00f3w nale\u017cy jak najszybciej skontaktowa\u0107 si\u0119 z lekarzem.<\/p>\n<p>Interakcje lek\u00f3w<\/p>\n<p>Z Kamagr\u0105 musuj\u0105c\u0105 mog\u0105 wchodzi\u0107 w interakcje nast\u0119puj\u0105ce leki: azotany (azotyn amylu, monoazotan izosorbidu, nitrogliceryna), cyzapryd, niekt\u00f3re leki na wysokie ci\u015bnienie krwi, leczenie zaka\u017cenia wirusem HIV lub AIDS, zaka\u017cenia grzybicze, erytromycyna, ryfampicyna, azotan metskopolaminy i inne leki zawieraj\u0105ce sildenafil.<\/p>\n<p>Pomini\u0119cie dawki<\/p>\n<p>Pomini\u0119cie dawki nie jest prawdopodobne, je\u015bli lek zostanie stosowany w leczeniu zaburze\u0144 erekcji, tak jak jest stosowany w razie potrzeby.<\/p>\n<p>Przedawkowanie<\/p>\n<p>Je\u015bli uwa\u017casz, \u017ce przedawkowa\u0142e\u015b lek, skontaktuj si\u0119 z lokalnym o\u015brodkiem zatru\u0107 i skontaktuj si\u0119 z lekarzem.<\/p>\n<p>Przechowywanie<\/p>\n<p>Leki nale\u017cy przechowywa\u0107 w temperaturze pokojowej (15\u201330 stopni C), z dala od \u015bwiat\u0142a i wilgoci. Nie przechowuj lek\u00f3w w \u0142azience. Wszystkie leki nale\u017cy przechowywa\u0107 z dala od dzieci i zwierz\u0105t domowych.<\/p>\n<p>Zastrze\u017cenie<\/p>\n<p>Podajemy jedynie og\u00f3lne informacje o lekach, kt\u00f3re nie obejmuj\u0105 wszystkich wskaz\u00f3wek, mo\u017cliwych po\u0142\u0105cze\u0144 lek\u00f3w ani \u015brodk\u00f3w ostro\u017cno\u015bci. Informacje zawarte na stronie nie mog\u0105 by\u0107 wykorzystywane do samodzielnego leczenia i autodiagnozy. Wszelkie szczeg\u00f3\u0142owe instrukcje dla konkretnego pacjenta nale\u017cy uzgodni\u0107 z doradc\u0105 ds. opieki zdrowotnej lub lekarzem prowadz\u0105cym dany przypadek. Zrzekamy si\u0119 wiarygodno\u015bci tych informacji i b\u0142\u0119d\u00f3w, jakie mog\u0105 one zawiera\u0107. Nie ponosimy odpowiedzialno\u015bci za jakiekolwiek bezpo\u015brednie, po\u015brednie, szczeg\u00f3lne lub inne po\u015brednie szkody powsta\u0142e w wyniku wykorzystania informacji zawartych na tej stronie, a tak\u017ce za konsekwencje samoleczenia.<\/p>\n","protected":false},"excerpt":{"rendered":"<p>Kamagra musuj\u0105ca Generic to nowa forma dobrze znanego leku na bazie cytrynianu sildenafilu stosowanego w leczeniu zaburze\u0144 erekcji.<\/p>\n","protected":false},"featured_media":3383,"comment_status":"open","ping_status":"closed","template":"","meta":[],"product_brand":[],"product_cat":[129],"product_tag":[],"class_list":{"0":"post-3408","1":"product","2":"type-product","3":"status-publish","4":"has-post-thumbnail","6":"product_cat-dysfunkcja-erekcji-pl","7":"pa_active_substance-sildenafil","9":"first","10":"instock","11":"shipping-taxable","12":"product-type-variable"},"jetpack_sharing_enabled":true,"_links":{"self":[{"href":"https:\/\/www.pharmacy-content.com\/index.php?rest_route=\/wp\/v2\/product\/3408","targetHints":{"allow":["GET"]}}],"collection":[{"href":"https:\/\/www.pharmacy-content.com\/index.php?rest_route=\/wp\/v2\/product"}],"about":[{"href":"https:\/\/www.pharmacy-content.com\/index.php?rest_route=\/wp\/v2\/types\/product"}],"replies":[{"embeddable":true,"href":"https:\/\/www.pharmacy-content.com\/index.php?rest_route=%2Fwp%2Fv2%2Fcomments&post=3408"}],"wp:featuredmedia":[{"embeddable":true,"href":"https:\/\/www.pharmacy-content.com\/index.php?rest_route=\/wp\/v2\/media\/3383"}],"wp:attachment":[{"href":"https:\/\/www.pharmacy-content.com\/index.php?rest_route=%2Fwp%2Fv2%2Fmedia&parent=3408"}],"wp:term":[{"taxonomy":"product_brand","embeddable":true,"href":"https:\/\/www.pharmacy-content.com\/index.php?rest_route=%2Fwp%2Fv2%2Fproduct_brand&post=3408"},{"taxonomy":"product_cat","embeddable":true,"href":"https:\/\/www.pharmacy-content.com\/index.php?rest_route=%2Fwp%2Fv2%2Fproduct_cat&post=3408"},{"taxonomy":"product_tag","embeddable":true,"href":"https:\/\/www.pharmacy-content.com\/index.php?rest_route=%2Fwp%2Fv2%2Fproduct_tag&post=3408"}],"curies":[{"name":"wp","href":"https:\/\/api.w.org\/{rel}","templated":true}]}}