{"id":3403,"date":"2026-04-22T06:49:22","date_gmt":"2026-04-22T06:49:22","guid":{"rendered":""},"modified":"2026-04-22T06:49:28","modified_gmt":"2026-04-22T06:49:28","slug":"kamagra-effervescent-5","status":"publish","type":"product","link":"https:\/\/www.pharmacy-content.com\/?product=kamagra-effervescent-5&lang=es","title":{"rendered":"Kamagra Effervescent"},"content":{"rendered":"<p>Uso com\u00fan<\/p>\n<p>Kamagra Efervescente aumenta la capacidad de su cuerpo para lograr y mantener una erecci\u00f3n durante la estimulaci\u00f3n sexual. Tenga en cuenta que este medicamento no lo proteger\u00e1 contra el VIH (SIDA) ni otras enfermedades de transmisi\u00f3n sexual.<\/p>\n<p>Dosis y direcci\u00f3n<\/p>\n<p>Tome el medicamento tal como le recet\u00f3 su m\u00e9dico. T\u00f3malo con un vaso lleno de agua. T\u00f3melo 1 hora antes de su actividad sexual. No tome m\u00e1s de lo recetado.<\/p>\n<p>Precauciones<\/p>\n<p>Antes de tomar el medicamento, hable con su m\u00e9dico si tiene las siguientes condiciones: enfermedad renal o hep\u00e1tica, enfermedad card\u00edaca o cualquier problema card\u00edaco, visi\u00f3n u ojos. problemas, incluidas enfermedades como retinitis pigmentosa, accidente cerebrovascular y si tiene alergia al sildenafil, a alimentos, conservantes u otros medicamentos.<\/p>\n<p>Contradicaciones<\/p>\n<p>Tenga cuidado al usar este medicamento. Si nota alguna carga en su visi\u00f3n durante el tratamiento, llame a su m\u00e9dico de inmediato.<\/p>\n<p>Si siente s\u00edntomas como mareos, n\u00e1useas, dolor en el brazo o el pecho despu\u00e9s de tomar este medicamento, debe comunicarse con su m\u00e9dico de inmediato.<\/p>\n<p>Llame a su m\u00e9dico de inmediato. Consulte con su asesor de atenci\u00f3n m\u00e9dica si la erecci\u00f3n dura m\u00e1s de 4 horas o se vuelve dolorosa. Puede ser un suspiro de enfermedad y provocar da\u00f1os.<\/p>\n<p>Efectos secundarios<\/p>\n<p>Los efectos secundarios m\u00e1s comunes son dolor de cabeza, dolor de espalda, congesti\u00f3n nasal, diarrea, secreci\u00f3n nasal, sensibilidad a la luz, somnolencia, malestar estomacal, visi\u00f3n borrosa, daltonismo. No requieren asistencia m\u00e9dica.<\/p>\n<p>Los siguientes efectos secundarios pueden ser graves y debe informar a su m\u00e9dico sobre ellos: dolor en el pecho, erecci\u00f3n prolongada o dolorosa, cambios en la visi\u00f3n y la audici\u00f3n, visi\u00f3n borrosa, reacciones al\u00e9rgicas como sarpullido, hinchaz\u00f3n. de cara, manos y labios, latidos card\u00edacos irregulares o r\u00e1pidos. Si se presentan estos s\u00edntomas, comun\u00edquese con su m\u00e9dico lo antes posible.<\/p>\n<p>Interacci\u00f3n con otros medicamentos<\/p>\n<p>Los siguientes medicamentos pueden interactuar con Kamagra Efervescente: nitratos (nitrito de amilo, mononitrato de isosorbida, nitroglicerina), cisaprida, ciertos medicamentos para presi\u00f3n arterial alta, tratamiento de la infecci\u00f3n por VIH o SIDA, infecciones por hongos, eritromicina, rifampicina, nitrato de metescopolamina y otros medicamentos con sildenafil.<\/p>\n<p>Dosis omitida<\/p>\n<p>No se debe omitir una dosis si el medicamento es se toma para el tratamiento de la disfunci\u00f3n er\u00e9ctil y se usa cuando es necesario.<\/p>\n<p>Sobredosis<\/p>\n<p>Si cree que sufri\u00f3 una sobredosis del medicamento, comun\u00edquese con su centro local de intoxicaciones y llame a su m\u00e9dico.<\/p>\n<p>Almacenamiento<\/p>\n<p>Guarde sus medicamentos a temperatura ambiente, entre 59 y 86 grados F (15 y 30 grados C), protegidos de la luz y la humedad. No guarde los medicamentos en el ba\u00f1o. Mantenga todos los medicamentos fuera del alcance de los ni\u00f1os y las mascotas.<\/p>\n<p>Descargo de responsabilidad<\/p>\n<p>Solo proporcionamos informaci\u00f3n general sobre los medicamentos que no cubre todas las instrucciones, posibles integraciones de medicamentos ni precauciones. La informaci\u00f3n del sitio no se puede utilizar para autotratamiento y autodiagn\u00f3stico. Cualquier instrucci\u00f3n espec\u00edfica para un paciente en particular debe acordarse con su asesor de atenci\u00f3n m\u00e9dica o m\u00e9dico a cargo del caso. Renunciamos a la fiabilidad de esta informaci\u00f3n y a los errores que pueda contener. No somos responsables de ning\u00fan da\u00f1o directo, indirecto, especial u otro da\u00f1o indirecto como resultado de cualquier uso de la informaci\u00f3n en este sitio y tampoco de las consecuencias del autotratamiento.<\/p>\n","protected":false},"excerpt":{"rendered":"<p>Kamagra Effervescent se utiliza en el tratamiento de la disfunci\u00f3n er\u00e9ctil y contiene 100 mg del ingrediente activo (citrato de sildenafil).<\/p>\n","protected":false},"featured_media":3383,"comment_status":"open","ping_status":"closed","template":"","meta":[],"product_brand":[],"product_cat":[126],"product_tag":[],"class_list":{"0":"post-3403","1":"product","2":"type-product","3":"status-publish","4":"has-post-thumbnail","6":"product_cat-disfuncion-erectil-es","7":"pa_active_substance-sildenafil","9":"first","10":"instock","11":"shipping-taxable","12":"product-type-variable"},"jetpack_sharing_enabled":true,"_links":{"self":[{"href":"https:\/\/www.pharmacy-content.com\/index.php?rest_route=\/wp\/v2\/product\/3403","targetHints":{"allow":["GET"]}}],"collection":[{"href":"https:\/\/www.pharmacy-content.com\/index.php?rest_route=\/wp\/v2\/product"}],"about":[{"href":"https:\/\/www.pharmacy-content.com\/index.php?rest_route=\/wp\/v2\/types\/product"}],"replies":[{"embeddable":true,"href":"https:\/\/www.pharmacy-content.com\/index.php?rest_route=%2Fwp%2Fv2%2Fcomments&post=3403"}],"wp:featuredmedia":[{"embeddable":true,"href":"https:\/\/www.pharmacy-content.com\/index.php?rest_route=\/wp\/v2\/media\/3383"}],"wp:attachment":[{"href":"https:\/\/www.pharmacy-content.com\/index.php?rest_route=%2Fwp%2Fv2%2Fmedia&parent=3403"}],"wp:term":[{"taxonomy":"product_brand","embeddable":true,"href":"https:\/\/www.pharmacy-content.com\/index.php?rest_route=%2Fwp%2Fv2%2Fproduct_brand&post=3403"},{"taxonomy":"product_cat","embeddable":true,"href":"https:\/\/www.pharmacy-content.com\/index.php?rest_route=%2Fwp%2Fv2%2Fproduct_cat&post=3403"},{"taxonomy":"product_tag","embeddable":true,"href":"https:\/\/www.pharmacy-content.com\/index.php?rest_route=%2Fwp%2Fv2%2Fproduct_tag&post=3403"}],"curies":[{"name":"wp","href":"https:\/\/api.w.org\/{rel}","templated":true}]}}