{"id":3398,"date":"2026-04-22T06:49:21","date_gmt":"2026-04-22T06:49:21","guid":{"rendered":""},"modified":"2026-04-22T06:49:28","modified_gmt":"2026-04-22T06:49:28","slug":"kamagra-effervescent-4","status":"publish","type":"product","link":"https:\/\/www.pharmacy-content.com\/?product=kamagra-effervescent-4&lang=it","title":{"rendered":"Kamagra Effervescent"},"content":{"rendered":"<p>Uso comune<\/p>\n<p>Kamagra Effervescent aumenta la capacit\u00e0 del tuo corpo di raggiungere e mantenere un&#8217;erezione durante la stimolazione sessuale. Tieni presente che questo farmaco non ti protegger\u00e0 dall&#8217;HIV (AIDS) e da altre malattie sessualmente trasmissibili.<\/p>\n<p>Dosaggio e direzioni<\/p>\n<p>Prendi il medicinale come ti \u00e8 stato prescritto dal medico. Assumetelo con un bicchiere pieno d&#8217;acqua. Prendilo entro 1 ora prima dell&#8217;attivit\u00e0 sessuale. Non prenda pi\u00f9 di quanto \u00e8 stato prescritto.<\/p>\n<p>Precauzioni<\/p>\n<p>Prima di prendere il medicinale, parla con il tuo medico se soffri delle seguenti condizioni: malattie renali o epatiche, malattie cardiache o qualsiasi problema cardiaco, vista o occhi problemi, comprese malattie come la retinite pigmentosa, ictus e se hai un&#8217;allergia al sildenafil, al cibo, ai conservanti o ad altri medicinali.<\/p>\n<p>Controradicazioni<\/p>\n<p>Fai attenzione quando usi questo medicinale. Se noti eventuali disturbi alla vista durante il trattamento, chiama immediatamente il medico.<\/p>\n<p>Se avverti sintomi come vertigini, nausea, dolore alle braccia o al torace dopo aver preso questo medicinale, contatta immediatamente il medico.<\/p>\n<p>Chiama rivolgersi al medico se l\u2019erezione dura pi\u00f9 di 4 ore o diventa dolorosa. Pu\u00f2 essere un sospiro di malattia e causare danni.<\/p>\n<p>Effetti collaterali<\/p>\n<p>Gli effetti collaterali pi\u00f9 comuni sono mal di testa, mal di schiena, congestione nasale, diarrea, naso che cola, sensibilit\u00e0 alla luce, sonnolenza, disturbi di stomaco, visione offuscata, daltonismo. Non richiedono assistenza medica.<\/p>\n<p>I seguenti effetti indesiderati possono essere gravi e dovresti informarne il medico: dolore toracico, erezione prolungata o dolorosa, alterazioni della vista e dell&#8217;udito, visione offuscata, reazioni allergiche come eruzioni cutanee, gonfiore del viso, delle mani e delle labbra, battito cardiaco irregolare o accelerato. Se si verificano questi sintomi, contattare il medico il prima possibile.<\/p>\n<p>Interazione farmacologica<\/p>\n<p>I seguenti medicinali possono interagire con Kamagra Effervescent: nitrati (nitrito di amile, isosorbide mononitrato, nitroglicerina), cisapride, alcuni farmaci per pressione alta, trattamento dell&#8217;infezione da HIV o AIDS, infezioni fungine, eritromicina, rifampicina, methscopolamine nitrato e altri medicinali a base di sildenafil.<\/p>\n<p>Dose saltata<\/p>\n<p>La dose saltata non \u00e8 prevista se il medicinale \u00e8 preso per il trattamento della disfunzione erettile poich\u00e9 viene utilizzato quando necessario.<\/p>\n<p>Sovradosaggio<\/p>\n<p>Se pensi di aver assunto una dose eccessiva del medicinale, contatta il centro antiveleni locale e chiama il medico.<\/p>\n<p>Conservazione<\/p>\n<p>Conserva i medicinali a temperatura ambiente tra 15 e 30 gradi C (59-86 gradi F) lontano dalla luce e dall&#8217;umidit\u00e0. Non conservare i farmaci in bagno. Tenere tutti i farmaci lontano dalla portata di bambini e animali domestici.<\/p>\n<p>Disclaimer<\/p>\n<p>Forniamo solo informazioni generali sui farmaci che non coprono tutte le indicazioni, possibili integrazioni farmacologiche o precauzioni. Le informazioni presenti sul sito non possono essere utilizzate per l&#8217;autotrattamento e l&#8217;autodiagnosi. Eventuali istruzioni specifiche per un particolare paziente devono essere concordate con il proprio consulente sanitario o medico responsabile del caso. Decliniamo l&#8217;affidabilit\u00e0 di queste informazioni e gli errori che potrebbero contenere. Non siamo responsabili per eventuali danni diretti, indiretti, speciali o altri danni indiretti derivanti dall&#8217;uso delle informazioni contenute in questo sito e anche per le conseguenze dell&#8217;autotrattamento.<\/p>\n","protected":false},"excerpt":{"rendered":"<p>Kamagra Effervescent \u00e8 utilizzato nel trattamento della disfunzione erettile e contiene 100 mg del principio attivo (sildenafil citrato)<\/p>\n","protected":false},"featured_media":3383,"comment_status":"open","ping_status":"closed","template":"","meta":[],"product_brand":[],"product_cat":[123],"product_tag":[],"class_list":{"0":"post-3398","1":"product","2":"type-product","3":"status-publish","4":"has-post-thumbnail","6":"product_cat-disfunzione-erettile-it","7":"pa_active_substance-sildenafil","9":"first","10":"instock","11":"shipping-taxable","12":"product-type-variable"},"jetpack_sharing_enabled":true,"_links":{"self":[{"href":"https:\/\/www.pharmacy-content.com\/index.php?rest_route=\/wp\/v2\/product\/3398","targetHints":{"allow":["GET"]}}],"collection":[{"href":"https:\/\/www.pharmacy-content.com\/index.php?rest_route=\/wp\/v2\/product"}],"about":[{"href":"https:\/\/www.pharmacy-content.com\/index.php?rest_route=\/wp\/v2\/types\/product"}],"replies":[{"embeddable":true,"href":"https:\/\/www.pharmacy-content.com\/index.php?rest_route=%2Fwp%2Fv2%2Fcomments&post=3398"}],"wp:featuredmedia":[{"embeddable":true,"href":"https:\/\/www.pharmacy-content.com\/index.php?rest_route=\/wp\/v2\/media\/3383"}],"wp:attachment":[{"href":"https:\/\/www.pharmacy-content.com\/index.php?rest_route=%2Fwp%2Fv2%2Fmedia&parent=3398"}],"wp:term":[{"taxonomy":"product_brand","embeddable":true,"href":"https:\/\/www.pharmacy-content.com\/index.php?rest_route=%2Fwp%2Fv2%2Fproduct_brand&post=3398"},{"taxonomy":"product_cat","embeddable":true,"href":"https:\/\/www.pharmacy-content.com\/index.php?rest_route=%2Fwp%2Fv2%2Fproduct_cat&post=3398"},{"taxonomy":"product_tag","embeddable":true,"href":"https:\/\/www.pharmacy-content.com\/index.php?rest_route=%2Fwp%2Fv2%2Fproduct_tag&post=3398"}],"curies":[{"name":"wp","href":"https:\/\/api.w.org\/{rel}","templated":true}]}}