{"id":3393,"date":"2026-04-22T06:49:20","date_gmt":"2026-04-22T06:49:20","guid":{"rendered":""},"modified":"2026-04-22T06:49:28","modified_gmt":"2026-04-22T06:49:28","slug":"kamagra-effervescent-3","status":"publish","type":"product","link":"https:\/\/www.pharmacy-content.com\/?product=kamagra-effervescent-3&lang=fr","title":{"rendered":"Kamagra Effervescent"},"content":{"rendered":"<p>Usage courant<\/p>\n<p>Kamagra Effervescent augmente la capacit\u00e9 de votre corps \u00e0 obtenir et \u00e0 maintenir une \u00e9rection pendant la stimulation sexuelle. Veuillez noter que ce m\u00e9dicament ne vous prot\u00e9gera pas contre le VIH (SIDA) et d&#8217;autres maladies sexuellement transmissibles.<\/p>\n<p>Posologie et administration<\/p>\n<p>Prenez le m\u00e9dicament tel qu&#8217;il a \u00e9t\u00e9 prescrit par votre m\u00e9decin. Prenez-le avec un verre plein d&#8217;eau. Prenez-le dans l&#8217;heure pr\u00e9c\u00e9dant votre activit\u00e9 sexuelle. Ne prenez pas plus que ce qui a \u00e9t\u00e9 prescrit.<\/p>\n<p>Pr\u00e9cautions<\/p>\n<p>Avant de prendre le m\u00e9dicament, parlez-en \u00e0 votre m\u00e9decin si vous souffrez des affections suivantes : maladie r\u00e9nale ou h\u00e9patique, maladie cardiaque ou tout probl\u00e8me cardiaque, de vision ou des yeux. probl\u00e8mes, y compris des maladies telles que la r\u00e9tinite pigmentaire, un accident vasculaire c\u00e9r\u00e9bral et si vous \u00eates allergique au sild\u00e9nafil, \u00e0 des aliments, \u00e0 des conservateurs ou \u00e0 d&#8217;autres m\u00e9dicaments.<\/p>\n<p>Contradications<\/p>\n<p>Soyez prudent lorsque vous utilisez ce m\u00e9dicament. Si vous remarquez des charges dans votre vision pendant le traitement, appelez votre m\u00e9decin imm\u00e9diatement.<\/p>\n<p>Si vous ressentez des sympt\u00f4mes tels que des \u00e9tourdissements, des naus\u00e9es, des douleurs au bras ou \u00e0 la poitrine apr\u00e8s avoir pris ce m\u00e9dicament, vous devez contacter votre m\u00e9decin imm\u00e9diatement.<\/p>\n<p>Appelez votre conseiller en soins de sant\u00e9 si l\u2019\u00e9rection dure plus de 4 heures ou devient douloureuse. Cela peut \u00eatre un soupir de maladie et entra\u00eener des dommages.<\/p>\n<p>Effets secondaires<\/p>\n<p>Les effets secondaires les plus courants sont les maux de t\u00eate, les maux de dos, la congestion nasale, la diarrh\u00e9e, le nez qui coule, la sensibilit\u00e9 \u00e0 la lumi\u00e8re, la somnolence, les maux d&#8217;estomac, vision floue, daltonisme. Ils ne n\u00e9cessitent pas d&#8217;assistance m\u00e9dicale.<\/p>\n<p>Les effets secondaires suivants peuvent \u00eatre graves et vous devez en informer votre m\u00e9decin : douleur thoracique, \u00e9rection prolong\u00e9e ou douloureuse, modifications de la vision et de l&#8217;audition, vision floue, r\u00e9actions allergiques telles qu&#8217;\u00e9ruption cutan\u00e9e, gonflement. du visage, des mains et des l\u00e8vres, rythme cardiaque irr\u00e9gulier ou rapide. Si ces sympt\u00f4mes apparaissent, veuillez contacter votre m\u00e9decin d\u00e8s que possible.<\/p>\n<p>Interaction m\u00e9dicamenteuse<\/p>\n<p>Les m\u00e9dicaments suivants peuvent interagir avec Kamagra Effervescent : nitrates (nitrite d&#8217;amyle, mononitrate d&#8217;isosorbide, nitroglyc\u00e9rine), cisapride, certains m\u00e9dicaments pour hypertension art\u00e9rielle, traitement de l&#8217;infection par le VIH ou du SIDA, infections fongiques, \u00e9rythromycine, rifampicine, nitrate de m\u00e9thscopolamine et autres m\u00e9dicaments \u00e0 base de sild\u00e9nafil.<\/p>\n<p>Dose oubli\u00e9e<\/p>\n<p>Une dose oubli\u00e9e n&#8217;est pas suppos\u00e9e si le m\u00e9dicament est pris pour le traitement de la dysfonction \u00e9rectile car il est utilis\u00e9 en cas de besoin.<\/p>\n<p>Surdosage<\/p>\n<p>Si vous pensez que vous avez surdos\u00e9 le m\u00e9dicament, veuillez contacter votre centre antipoison local et appeler votre m\u00e9decin.<\/p>\n<p>Conservation<\/p>\n<p>Conservez vos m\u00e9dicaments \u00e0 temp\u00e9rature ambiante entre 59 et 86 degr\u00e9s F (15 et 30 degr\u00e9s C) \u00e0 l&#8217;abri de la lumi\u00e8re et de l&#8217;humidit\u00e9. Ne pas stocker les medicaments dans la salle de bain. Gardez tous les m\u00e9dicaments hors de port\u00e9e des enfants et des animaux domestiques.<\/p>\n<p>Avis de non-responsabilit\u00e9<\/p>\n<p>Nous fournissons uniquement des informations g\u00e9n\u00e9rales sur les m\u00e9dicaments qui ne couvrent pas toutes les directions, les int\u00e9grations possibles de m\u00e9dicaments ou les pr\u00e9cautions. Les informations pr\u00e9sentes sur le site ne peuvent pas \u00eatre utilis\u00e9es pour l\u2019auto-traitement et l\u2019autodiagnostic. Toute instruction sp\u00e9cifique pour un patient particulier doit \u00eatre convenue avec votre conseiller en soins de sant\u00e9 ou votre m\u00e9decin en charge du cas. Nous d\u00e9clinons la fiabilit\u00e9 de ces informations et des erreurs qu&#8217;elles pourraient contenir. Nous ne sommes pas responsables de tout dommage direct, indirect, sp\u00e9cial ou autre indirect r\u00e9sultant de toute utilisation des informations pr\u00e9sentes sur ce site ainsi que des cons\u00e9quences de l&#8217;auto-traitement.<\/p>\n","protected":false},"excerpt":{"rendered":"<p>Kamagra Effervescent est utilis\u00e9 dans le traitement de la dysfonction \u00e9rectile et contient 100 mg de principe actif (citrate de sild\u00e9nafil)<\/p>\n","protected":false},"featured_media":3383,"comment_status":"open","ping_status":"closed","template":"","meta":[],"product_brand":[],"product_cat":[120],"product_tag":[],"class_list":{"0":"post-3393","1":"product","2":"type-product","3":"status-publish","4":"has-post-thumbnail","6":"product_cat-dysfonction-erectile-fr","7":"pa_active_substance-sildenafil","9":"first","10":"instock","11":"shipping-taxable","12":"product-type-variable"},"jetpack_sharing_enabled":true,"_links":{"self":[{"href":"https:\/\/www.pharmacy-content.com\/index.php?rest_route=\/wp\/v2\/product\/3393","targetHints":{"allow":["GET"]}}],"collection":[{"href":"https:\/\/www.pharmacy-content.com\/index.php?rest_route=\/wp\/v2\/product"}],"about":[{"href":"https:\/\/www.pharmacy-content.com\/index.php?rest_route=\/wp\/v2\/types\/product"}],"replies":[{"embeddable":true,"href":"https:\/\/www.pharmacy-content.com\/index.php?rest_route=%2Fwp%2Fv2%2Fcomments&post=3393"}],"wp:featuredmedia":[{"embeddable":true,"href":"https:\/\/www.pharmacy-content.com\/index.php?rest_route=\/wp\/v2\/media\/3383"}],"wp:attachment":[{"href":"https:\/\/www.pharmacy-content.com\/index.php?rest_route=%2Fwp%2Fv2%2Fmedia&parent=3393"}],"wp:term":[{"taxonomy":"product_brand","embeddable":true,"href":"https:\/\/www.pharmacy-content.com\/index.php?rest_route=%2Fwp%2Fv2%2Fproduct_brand&post=3393"},{"taxonomy":"product_cat","embeddable":true,"href":"https:\/\/www.pharmacy-content.com\/index.php?rest_route=%2Fwp%2Fv2%2Fproduct_cat&post=3393"},{"taxonomy":"product_tag","embeddable":true,"href":"https:\/\/www.pharmacy-content.com\/index.php?rest_route=%2Fwp%2Fv2%2Fproduct_tag&post=3393"}],"curies":[{"name":"wp","href":"https:\/\/api.w.org\/{rel}","templated":true}]}}