{"id":3364,"date":"2026-04-22T06:49:10","date_gmt":"2026-04-22T06:49:10","guid":{"rendered":""},"modified":"2026-04-22T06:49:14","modified_gmt":"2026-04-22T06:49:14","slug":"kamagra-8","status":"publish","type":"product","link":"https:\/\/www.pharmacy-content.com\/sv\/product\/kamagra-8\/","title":{"rendered":"Kamagra"},"content":{"rendered":"<p>Vanlig anv\u00e4ndning<br \/>\nKamagra \u00e4r ett l\u00e4kemedel f\u00f6r att behandla erektil dysfunktion hos m\u00e4n. Detta \u00e4r en analog version av Viagra, eller sildenafilcitrat, som anv\u00e4nds f\u00f6r behandling av sexuell dysfunktion hos m\u00e4n. Kamagra \u00f6kar m\u00e4ngden blod som passerar till penis.<\/p>\n<p>Dosering och riktning<br \/>\n100mg Kamagra doseffekter p\u00e5 45 minuter och varar under 4-6 timmar.<\/p>\n<p>F\u00f6rsiktighets\u00e5tg\u00e4rder<br \/>\nInnan du tar Kamagra, meddela din l\u00e4kare om du lider av allergier, anemi, \u00f6gonsjukdomar, cancer, h\u00f6gt blodtryck eller l\u00e5gt blodtryck, oregelbunden hj\u00e4rtrytm, hj\u00e4rtsvikt, instabil br\u00f6stsm\u00e4rta, vissa \u00f6gonsjukdomar, deformation av penis eller har tidigare haft s\u00e5dana tillst\u00e5nd eller ta proteash\u00e4mmare f\u00f6r behandling av HIV. St\u00e5 inte upp snabbt fr\u00e5n liggande eller sittande st\u00e4llning. Undvik att dricka alkohol eftersom det kan f\u00f6rv\u00e4rra biverkningarna. Ta inte Kamagra om du redan har tagit en annan ED-medicin. Varna din l\u00e4kare innan du tar Kamagra om du anv\u00e4nder alprostadil (Caverject, Muse, Edex) eller yohimbin (Yocon, Yodoxin, andra).<\/p>\n<p>Kontraindikationer<br \/>\nKamagra \u00e4r kontraindicerat f\u00f6r patienter med allergi mot medicinen eller de som behandlas med nitrater (s\u00e5som nitroglycerin). Denna kombination kan resultera i mycket l\u00e5gt blodtryck som kan leda till stroke, hj\u00e4rtinfarkt eller d\u00f6dsfall. Ta inte denna medicin om du \u00e4r under 18 \u00e5r.<\/p>\n<p>M\u00f6jliga biverkningar<br \/>\nVissa patienter kan uppleva huvudv\u00e4rk, diarr\u00e9, yrsel, orolig mage, kr\u00e4kningar, n\u00e4st\u00e4ppa. S\u00e5dana negativa effekter som rodnad i ansiktet kan vara mindre uttryckta \u00e4n hos individer som tar Viagra. Kamagra kan orsaka ett s\u00e4llsynt men allvarligt tillst\u00e5nd som kallas priapism eller l\u00e5ngvarig erektion. Kontakta din v\u00e5rdgivare omedelbart om din erektion forts\u00e4tter l\u00e4ngre \u00e4n i timmar.<\/p>\n<p>L\u00e4kemedelsinteraktioner<br \/>\nKamagra b\u00f6r inte f\u00f6rskrivas till patienter som behandlas med mediciner som inneh\u00e5ller organiska nitrater. Kamagra blodniv\u00e5er h\u00f6js av erytromycin, ketokonazol, itrakonazol och saquinavir. Dessa mediciner \u00e4r k\u00e4nda f\u00f6r att interagera med Kamagra: bosentan (Tracleer); cimetidin (Tagamet, Tagamet HB); ett antibiotikum s\u00e5som erytromycin (E-Mycin, Eryc, Ery-Tab) eller klaritromycin (Biaxin); doxazosin (Cardura), prazosin (Minipress), Terazosin (Hytrin); HIV-l\u00e4kemedel som indinavir (Crixivan), amprenavir (Agenerase), darunavir (Prezista), efavirenz (Sustiva), tipranavir (Aptivus), nevirapin (Viramune), saquinavir (Invirase, Fortovase), lopinavir\/ritonavir (Kaletra), fosamprenavir ( Lexiva), ritonavir (Norvir), atazanavir (Reyataz) eller nelfinavir (Viracept); en svampd\u00f6dande medicin s\u00e5som itrakonazol (Sporanox) eller ketokonazol (Nizoral); karbamazepin (Tegretol), fenobarbital (Luminal) eller fenytoin (Dilantin); eller rifampin (Rifadin, Rimactane) eller rifabutin (Mycobutin).<\/p>\n<p>Missad dos<br \/>\nKamagra tas vid behov s\u00e5 en missad dos \u00e4r inte t\u00e4nkt.<\/p>\n<p>\u00d6verdosering<br \/>\nOm du \u00f6verdoserat Kamagra kan du uppleva svimning, br\u00f6stsm\u00e4rtor, illam\u00e5ende , oregelbunden hj\u00e4rtrytm, yrsel. S\u00f6k omedelbar medicinsk hj\u00e4lp i s\u00e5 fall.<\/p>\n<p>F\u00f6rvaring<br \/>\nF\u00f6rvaras i rumstemperatur borta fr\u00e5n fukt, solljus, barn och husdjur i en t\u00e4t beh\u00e5llare.<\/p>\n<p>Friskrivningsfriskrivning<br \/>\nVi tillhandah\u00e5ller endast allm\u00e4n information om mediciner som inte t\u00e4cker alla riktningar, m\u00f6jliga l\u00e4kemedelsintegrationer eller f\u00f6rsiktighets\u00e5tg\u00e4rder. Information p\u00e5 webbplatsen kan inte anv\u00e4ndas f\u00f6r sj\u00e4lvbehandling och sj\u00e4lvdiagnos. \u0410\u043f\u0443 specifika instruktioner f\u00f6r en viss patient b\u00f6r komma \u00f6verens med din h\u00e4lsor\u00e5dgivare eller l\u00e4kare som \u00e4r ansvarig f\u00f6r \u00e4rendet. Vi fr\u00e5ns\u00e4ger oss tillf\u00f6rlitligheten av denna information och misstag den kan inneh\u00e5lla. Vi ansvarar inte f\u00f6r n\u00e5gra direkta, indirekta, speciella eller andra indirekta skador till f\u00f6ljd av n\u00e5gon anv\u00e4ndning av informationen p\u00e5 denna webbplats och \u00e4ven f\u00f6r konsekvenser av egenbehandling.<\/p>\n","protected":false},"excerpt":{"rendered":"<p>Kamagra Generic anv\u00e4nds f\u00f6r behandling av erektil dysfunktion hos m\u00e4n och pulmonell hypertoni<\/p>\n","protected":false},"featured_media":3322,"comment_status":"open","ping_status":"closed","template":"","meta":[],"product_brand":[],"product_cat":[135],"product_tag":[],"class_list":{"0":"post-3364","1":"product","2":"type-product","3":"status-publish","4":"has-post-thumbnail","6":"product_cat-erektil-dysfunktion-sv","7":"pa_active_substance-sildenafil","9":"first","10":"instock","11":"shipping-taxable","12":"product-type-variable"},"jetpack_sharing_enabled":true,"_links":{"self":[{"href":"https:\/\/www.pharmacy-content.com\/wp-json\/wp\/v2\/product\/3364","targetHints":{"allow":["GET"]}}],"collection":[{"href":"https:\/\/www.pharmacy-content.com\/wp-json\/wp\/v2\/product"}],"about":[{"href":"https:\/\/www.pharmacy-content.com\/wp-json\/wp\/v2\/types\/product"}],"replies":[{"embeddable":true,"href":"https:\/\/www.pharmacy-content.com\/wp-json\/wp\/v2\/comments?post=3364"}],"wp:featuredmedia":[{"embeddable":true,"href":"https:\/\/www.pharmacy-content.com\/wp-json\/wp\/v2\/media\/3322"}],"wp:attachment":[{"href":"https:\/\/www.pharmacy-content.com\/wp-json\/wp\/v2\/media?parent=3364"}],"wp:term":[{"taxonomy":"product_brand","embeddable":true,"href":"https:\/\/www.pharmacy-content.com\/wp-json\/wp\/v2\/product_brand?post=3364"},{"taxonomy":"product_cat","embeddable":true,"href":"https:\/\/www.pharmacy-content.com\/wp-json\/wp\/v2\/product_cat?post=3364"},{"taxonomy":"product_tag","embeddable":true,"href":"https:\/\/www.pharmacy-content.com\/wp-json\/wp\/v2\/product_tag?post=3364"}],"curies":[{"name":"wp","href":"https:\/\/api.w.org\/{rel}","templated":true}]}}