{"id":3358,"date":"2026-04-22T06:49:09","date_gmt":"2026-04-22T06:49:09","guid":{"rendered":""},"modified":"2026-04-22T06:49:14","modified_gmt":"2026-04-22T06:49:14","slug":"kamagra-7","status":"publish","type":"product","link":"https:\/\/www.pharmacy-content.com\/?product=kamagra-7&lang=pt","title":{"rendered":"Kamagra"},"content":{"rendered":"<p>Uso comum<br \/>\nKamagra \u00e9 um medicamento para tratar a disfun\u00e7\u00e3o er\u00e9til em homens. Esta \u00e9 uma vers\u00e3o anal\u00f3gica do Viagra, ou citrato de sildenafil, usado para tratamento de disfun\u00e7\u00f5es sexuais em homens. Kamagra aumenta a quantidade de sangue que passa para o p\u00eanis.<\/p>\n<p>Dosagem e dire\u00e7\u00e3o<br \/>\nA dose de 100 mg de Kamagra tem efeito em 45 minutos e dura de 4 a 6 horas.<\/p>\n<p>Precau\u00e7\u00f5es<br \/>\nAntes de tomar Kamagra, avise seu m\u00e9dico se voc\u00ea sofre de alergias, anemia, doen\u00e7as oculares, cancro, press\u00e3o arterial elevada ou baixa, ritmo card\u00edaco irregular, insufici\u00eancia card\u00edaca, dor tor\u00e1cica inst\u00e1vel, certas doen\u00e7as oculares, deforma\u00e7\u00e3o do p\u00e9nis ou tem hist\u00f3ria de tais condi\u00e7\u00f5es ou toma inibidores da protease para o tratamento do VIH. N\u00e3o se levante rapidamente de uma posi\u00e7\u00e3o deitada ou sentada. Evite beber \u00e1lcool, pois pode piorar os efeitos colaterais. N\u00e3o tome Kamagra se j\u00e1 tiver tomado outro medicamento para DE. Avise seu m\u00e9dico antes de tomar Kamagra se voc\u00ea usa alprostadil (Caverject, Muse, Edex) ou ioimbina (Yocon, Yodoxin, outros).<\/p>\n<p>Contraindica\u00e7\u00f5es<br \/>\nKamagra \u00e9 contraindicado em pacientes com alergia ao medicamento ou naqueles que s\u00e3o tratados com nitratos (como nitroglicerina). Essa combina\u00e7\u00e3o pode resultar em press\u00e3o arterial muito baixa que pode causar acidente vascular cerebral, ataque card\u00edaco ou morte. N\u00e3o tome este medicamento se tiver menos de 18 anos.<\/p>\n<p>Poss\u00edveis efeitos colaterais<br \/>\nAlguns pacientes podem sentir dor de cabe\u00e7a, diarr\u00e9ia, tontura, dor de est\u00f4mago, v\u00f4mito, congest\u00e3o nasal. Efeitos adversos como o rubor facial podem ser menos expressos do que em indiv\u00edduos que tomam Viagra. Kamagra pode causar uma condi\u00e7\u00e3o rara, mas grave, conhecida como priapismo ou ere\u00e7\u00e3o prolongada. Contate seu m\u00e9dico imediatamente se sua ere\u00e7\u00e3o continuar por mais de horas.<\/p>\n<p>Intera\u00e7\u00f5es medicamentosas<br \/>\nKamagra n\u00e3o deve ser prescrito a pacientes tratados com medicamentos que contenham nitratos org\u00e2nicos. Os n\u00edveis sangu\u00edneos de Kamagra s\u00e3o aumentados pela eritromicina, cetoconazol, itraconazol e saquinavir. Sabe-se que estes medicamentos interagem com Kamagra: bosentano (Tracleer); cimetidina (Tagamet, Tagamet HB); um antibi\u00f3tico tal como eritromicina (E-Mycin, Eryc, Ery-Tab) ou claritromicina (Biaxin); doxazosina (Cardura), prazosina (Minipress), Terazosina (Hytrin); Medicamentos para o HIV, como indinavir (Crixivan), amprenavir (Agenerase), darunavir (Prezista), efavirenz (Sustiva), tipranavir (Aptivus), nevirapina (Viramune), saquinavir (Invirase, Fortovase), lopinavir\/ritonavir (Kaletra), fosamprenavir ( Lexiva), ritonavir (Norvir), atazanavir (Reyataz) ou nelfinavir (Viracept); um medicamento antif\u00fangico como itraconazol (Sporanox) ou cetoconazol (Nizoral); carbamazepina (Tegretol), fenobarbital (Luminal) ou fenito\u00edna (Dilantin); ou rifampicina (Rifadin, Rimactane) ou rifabutina (Mycobutin).<\/p>\n<p>Dose esquecida<br \/>\nKamagra \u00e9 tomado quando necess\u00e1rio, portanto, uma dose esquecida n\u00e3o \u00e9 suposta.<\/p>\n<p>Sobredosagem<br \/>\nSe voc\u00ea tomou uma overdose de Kamagra, poder\u00e1 sentir desmaios, dor no peito, n\u00e1usea , batimento card\u00edaco irregular, tontura. Procure ajuda m\u00e9dica imediata em caso afirmativo.<\/p>\n<p>Armazenamento<br \/>\nArmazene em temperatura ambiente, longe da umidade, luz solar, crian\u00e7as e animais de estima\u00e7\u00e3o, em um recipiente herm\u00e9tico.<\/p>\n<p>Isen\u00e7\u00e3o de responsabilidade<br \/>\nFornecemos apenas informa\u00e7\u00f5es gerais sobre medicamentos que n\u00e3o cobrem todas as instru\u00e7\u00f5es, poss\u00edveis integra\u00e7\u00f5es de medicamentos ou precau\u00e7\u00f5es. As informa\u00e7\u00f5es do site n\u00e3o podem ser utilizadas para autotratamento e autodiagn\u00f3stico. As instru\u00e7\u00f5es espec\u00edficas para um determinado paciente devem ser acordadas com o seu conselheiro de sa\u00fade ou m\u00e9dico respons\u00e1vel pelo caso. N\u00f3s nos isentamos da confiabilidade dessas informa\u00e7\u00f5es e dos erros que elas possam conter. N\u00e3o nos responsabilizamos por quaisquer danos diretos, indiretos, especiais ou outros danos indiretos resultantes de qualquer uso das informa\u00e7\u00f5es deste site e tamb\u00e9m pelas consequ\u00eancias do autotratamento.<\/p>\n","protected":false},"excerpt":{"rendered":"<p>Kamagra Generic \u00e9 usado no tratamento da disfun\u00e7\u00e3o er\u00e9til em homens e hipertens\u00e3o pulmonar<\/p>\n","protected":false},"featured_media":3322,"comment_status":"open","ping_status":"closed","template":"","meta":[],"product_brand":[],"product_cat":[132],"product_tag":[],"class_list":{"0":"post-3358","1":"product","2":"type-product","3":"status-publish","4":"has-post-thumbnail","6":"product_cat-disfuncao-eretil-pt","7":"pa_active_substance-sildenafil","9":"first","10":"instock","11":"shipping-taxable","12":"product-type-variable"},"jetpack_sharing_enabled":true,"_links":{"self":[{"href":"https:\/\/www.pharmacy-content.com\/index.php?rest_route=\/wp\/v2\/product\/3358","targetHints":{"allow":["GET"]}}],"collection":[{"href":"https:\/\/www.pharmacy-content.com\/index.php?rest_route=\/wp\/v2\/product"}],"about":[{"href":"https:\/\/www.pharmacy-content.com\/index.php?rest_route=\/wp\/v2\/types\/product"}],"replies":[{"embeddable":true,"href":"https:\/\/www.pharmacy-content.com\/index.php?rest_route=%2Fwp%2Fv2%2Fcomments&post=3358"}],"wp:featuredmedia":[{"embeddable":true,"href":"https:\/\/www.pharmacy-content.com\/index.php?rest_route=\/wp\/v2\/media\/3322"}],"wp:attachment":[{"href":"https:\/\/www.pharmacy-content.com\/index.php?rest_route=%2Fwp%2Fv2%2Fmedia&parent=3358"}],"wp:term":[{"taxonomy":"product_brand","embeddable":true,"href":"https:\/\/www.pharmacy-content.com\/index.php?rest_route=%2Fwp%2Fv2%2Fproduct_brand&post=3358"},{"taxonomy":"product_cat","embeddable":true,"href":"https:\/\/www.pharmacy-content.com\/index.php?rest_route=%2Fwp%2Fv2%2Fproduct_cat&post=3358"},{"taxonomy":"product_tag","embeddable":true,"href":"https:\/\/www.pharmacy-content.com\/index.php?rest_route=%2Fwp%2Fv2%2Fproduct_tag&post=3358"}],"curies":[{"name":"wp","href":"https:\/\/api.w.org\/{rel}","templated":true}]}}