{"id":3352,"date":"2026-04-22T06:49:08","date_gmt":"2026-04-22T06:49:08","guid":{"rendered":""},"modified":"2026-04-22T06:49:14","modified_gmt":"2026-04-22T06:49:14","slug":"kamagra-6","status":"publish","type":"product","link":"https:\/\/www.pharmacy-content.com\/?product=kamagra-6&lang=pl","title":{"rendered":"Kamagra"},"content":{"rendered":"<p>Powszechnie stosowane<br \/>\nKamagra to lek stosowany w leczeniu zaburze\u0144 erekcji u m\u0119\u017cczyzn. Jest to analogowa wersja Viagry, czyli cytrynianu sildenafilu, stosowanego w leczeniu dysfunkcji seksualnych u m\u0119\u017cczyzn. Kamagra zwi\u0119ksza ilo\u015b\u0107 krwi przep\u0142ywaj\u0105cej do pr\u0105cia.<\/p>\n<p>Dawkowanie i kierunek<br \/>\n100mg dawki Kamagry dzia\u0142a w ci\u0105gu 45 minut i utrzymuje si\u0119 przez 4-6 godzin.<\/p>\n<p>\u015arodki ostro\u017cno\u015bci<br \/>\nPrzed za\u017cyciem Kamagry nale\u017cy poinformowa\u0107 lekarza, je\u015bli cierpisz na alergi\u0119, niedokrwisto\u015b\u0107, choroby oczu, nowotwory, wysokie lub niskie ci\u015bnienie krwi, nieregularny rytm serca, niewydolno\u015b\u0107 serca, niestabilny b\u00f3l w klatce piersiowej, niekt\u00f3re choroby oczu, deformacj\u0119 pr\u0105cia lub je\u015bli u pacjenta wyst\u0119powa\u0142y takie schorzenia lub pacjent przyjmuje inhibitory proteazy w celu leczenia zaka\u017cenia wirusem HIV. Nie wstawaj szybko z pozycji le\u017c\u0105cej lub siedz\u0105cej. Unikaj picia alkoholu, poniewa\u017c mo\u017ce to nasili\u0107 dzia\u0142ania niepo\u017c\u0105dane. Nie bierz Kamagry, je\u015bli przyjmowa\u0142e\u015b ju\u017c inny lek na zaburzenia erekcji. Poinformuj swojego lekarza przed za\u017cyciem Kamagry, je\u015bli stosujesz alprostadil (Caverject, Muse, Edex) lub johimbin\u0119 (Yocon, Yodoxin, inne).<\/p>\n<p>Przeciwwskazania<br \/>\nKamagra jest przeciwwskazana u pacjent\u00f3w z alergi\u0105 na lek lub u pacjent\u00f3w leczonych azotanami (takie jak nitrogliceryna). To po\u0142\u0105czenie mo\u017ce spowodowa\u0107 bardzo niskie ci\u015bnienie krwi, kt\u00f3re mo\u017ce prowadzi\u0107 do udaru m\u00f3zgu, zawa\u0142u serca lub \u015bmierci. Nie nale\u017cy przyjmowa\u0107 tego leku, je\u015bli nie masz uko\u0144czonych 18 lat.<\/p>\n<p>Mo\u017cliwe dzia\u0142ania niepo\u017c\u0105dane<br \/>\nU niekt\u00f3rych pacjent\u00f3w mog\u0105 wyst\u0105pi\u0107 b\u00f3le g\u0142owy, biegunka, zawroty g\u0142owy, rozstr\u00f3j \u017co\u0142\u0105dka, wymioty, przekrwienie nosa. Takie niekorzystne skutki, jak rumieniec twarzy, mog\u0105 by\u0107 mniej widoczne ni\u017c u os\u00f3b przyjmuj\u0105cych Viagr\u0119. Kamagra mo\u017ce powodowa\u0107 rzadk\u0105, ale powa\u017cn\u0105 chorob\u0119 zwan\u0105 priapizmem lub przed\u0142u\u017con\u0105 erekcj\u0105. Je\u015bli erekcja utrzymuje si\u0119 d\u0142u\u017cej ni\u017c kilka godzin, natychmiast skontaktuj si\u0119 ze swoim lekarzem.<\/p>\n<p>Interakcje lek\u00f3w<br \/>\nKamagry nie nale\u017cy przepisywa\u0107 pacjentom leczonym lekami zawieraj\u0105cymi azotany organiczne. Poziom Kamagry we krwi zwi\u0119ksza si\u0119 pod wp\u0142ywem erytromycyny, ketokonazolu, itrakonazolu i sakwinawiru. Wiadomo, \u017ce te leki wchodz\u0105 w interakcje z Kamagr\u0105: bozentan (Tracleer); cymetydyna (Tagamet, Tagamet HB); antybiotyk taki jak erytromycyna (E-Mycin, Eryc, Ery-Tab) lub klarytromycyna (Biaxin); doksazosyna (Cardura), prazosyna (Minipress), terazosyna (Hytrin); Leki na HIV, takie jak indynawir (Crixivan), amprenawir (Agenerase), darunawir (Prezista), efawirenz (Sustiva), typranawir (Aptivus), newirapina (Viramune), sakwinawir (Invirase, Fortovase), lopinawir\/rytonawir (Kaletra), fosamprenawir ( Lexiva), rytonawir (Norvir), atazanawir (Reyataz) lub nelfinawir (Viracept); lek przeciwgrzybiczy, taki jak itrakonazol (Sporanox) lub ketokonazol (Nizoral); karbamazepina (Tegretol), fenobarbital (Luminal) lub fenytoina (Dilantin); lub ryfampicyna (Rifadin, Rimactane) lub ryfabutyna (Mycobutin).<\/p>\n<p>Pomini\u0119ta dawka<br \/>\nKamagra jest przyjmowana w razie potrzeby, wi\u0119c nie nale\u017cy zak\u0142ada\u0107 pomini\u0119cia dawki.<\/p>\n<p>Przedawkowanie<br \/>\nW przypadku przedawkowania Kamagry mog\u0105 wyst\u0105pi\u0107 omdlenia, b\u00f3l w klatce piersiowej, nudno\u015bci , nieregularne bicie serca, zawroty g\u0142owy. Je\u015bli tak, skontaktuj si\u0119 z lekarzem.<\/p>\n<p>Przechowywanie<br \/>\nPrzechowuj w temperaturze pokojowej, z dala od wilgoci, \u015bwiat\u0142a s\u0142onecznego, dzieci i zwierz\u0105t domowych, w szczelnym pojemniku.<\/p>\n<p>Zastrze\u017cenie<br \/>\nPodajemy jedynie og\u00f3lne informacje na temat lek\u00f3w, kt\u00f3re nie obejmuj\u0105 wszystkich wskaz\u00f3wek, mo\u017cliwe \u0142\u0105czenie lek\u00f3w lub \u015brodki ostro\u017cno\u015bci. Informacje zawarte na stronie nie mog\u0105 by\u0107 wykorzystywane do samodzielnego leczenia i autodiagnozy. Wszelkie szczeg\u00f3\u0142owe instrukcje dla konkretnego pacjenta nale\u017cy uzgodni\u0107 z doradc\u0105 medycznym lub lekarzem prowadz\u0105cym. Zrzekamy si\u0119 wiarygodno\u015bci tych informacji i b\u0142\u0119d\u00f3w, jakie mog\u0105 one zawiera\u0107. Nie ponosimy odpowiedzialno\u015bci za jakiekolwiek bezpo\u015brednie, po\u015brednie, szczeg\u00f3lne lub inne po\u015brednie szkody powsta\u0142e w wyniku wykorzystania informacji zawartych na tej stronie, a tak\u017ce za konsekwencje samoleczenia.<\/p>\n","protected":false},"excerpt":{"rendered":"<p>Kamagra Generic stosuje si\u0119 w leczeniu zaburze\u0144 erekcji u m\u0119\u017cczyzn i nadci\u015bnienia p\u0142ucnego<\/p>\n","protected":false},"featured_media":3322,"comment_status":"open","ping_status":"closed","template":"","meta":[],"product_brand":[],"product_cat":[129],"product_tag":[],"class_list":{"0":"post-3352","1":"product","2":"type-product","3":"status-publish","4":"has-post-thumbnail","6":"product_cat-dysfunkcja-erekcji-pl","7":"pa_active_substance-sildenafil","9":"first","10":"instock","11":"shipping-taxable","12":"product-type-variable"},"jetpack_sharing_enabled":true,"_links":{"self":[{"href":"https:\/\/www.pharmacy-content.com\/index.php?rest_route=\/wp\/v2\/product\/3352","targetHints":{"allow":["GET"]}}],"collection":[{"href":"https:\/\/www.pharmacy-content.com\/index.php?rest_route=\/wp\/v2\/product"}],"about":[{"href":"https:\/\/www.pharmacy-content.com\/index.php?rest_route=\/wp\/v2\/types\/product"}],"replies":[{"embeddable":true,"href":"https:\/\/www.pharmacy-content.com\/index.php?rest_route=%2Fwp%2Fv2%2Fcomments&post=3352"}],"wp:featuredmedia":[{"embeddable":true,"href":"https:\/\/www.pharmacy-content.com\/index.php?rest_route=\/wp\/v2\/media\/3322"}],"wp:attachment":[{"href":"https:\/\/www.pharmacy-content.com\/index.php?rest_route=%2Fwp%2Fv2%2Fmedia&parent=3352"}],"wp:term":[{"taxonomy":"product_brand","embeddable":true,"href":"https:\/\/www.pharmacy-content.com\/index.php?rest_route=%2Fwp%2Fv2%2Fproduct_brand&post=3352"},{"taxonomy":"product_cat","embeddable":true,"href":"https:\/\/www.pharmacy-content.com\/index.php?rest_route=%2Fwp%2Fv2%2Fproduct_cat&post=3352"},{"taxonomy":"product_tag","embeddable":true,"href":"https:\/\/www.pharmacy-content.com\/index.php?rest_route=%2Fwp%2Fv2%2Fproduct_tag&post=3352"}],"curies":[{"name":"wp","href":"https:\/\/api.w.org\/{rel}","templated":true}]}}