{"id":3254,"date":"2026-04-22T06:48:38","date_gmt":"2026-04-22T06:48:38","guid":{"rendered":""},"modified":"2026-04-22T07:00:42","modified_gmt":"2026-04-22T07:00:42","slug":"extra-super-p-force-10","status":"publish","type":"product","link":"https:\/\/www.pharmacy-content.com\/?product=extra-super-p-force-10&lang=cs","title":{"rendered":"Extra Super P Force"},"content":{"rendered":"<p>B\u011b\u017en\u00e9 pou\u017eit\u00ed<br \/>\nSuper P-Force je l\u00e9k ur\u010den\u00fd k l\u00e9\u010db\u011b dvou mu\u017esk\u00fdch probl\u00e9m\u016f najednou: erektiln\u00ed dysfunkce a p\u0159ed\u010dasn\u00e9 ejakulace. Tyto probl\u00e9my jsou velmi b\u011b\u017en\u00e9 u mu\u017e\u016f ve v\u011bku mezi 18 a 64 lety. Ka\u017ed\u00e1 tableta obsahuje 100 mg Sildenafil Citr\u00e1tu a 60 mg Dapoxetinu.<br \/>\nD\u00e1vkov\u00e1n\u00ed a sm\u011br<br \/>\nPo\u010d\u00e1te\u010dn\u00ed d\u00e1vka je 25-100 mg, u\u017e\u00edvejte jednou denn\u011b mezi 30 minutami a 4 hodinami p\u0159ed pl\u00e1novanou sexu\u00e1ln\u00ed aktivitou.<br \/>\nOpat\u0159en\u00ed<br \/>\nInformujte sv\u00e9ho l\u00e9ka\u0159e, pokud m\u00e1te hypotenzn\u00ed nebo hypertenzn\u00ed pot\u00ed\u017ee, srde\u010dn\u00ed selh\u00e1n\u00ed, koron\u00e1rn\u00ed arterioskler\u00f3zu, deformace penisu, srpkovitou an\u00e9mii, myelom, leuk\u00e9mii, retinitis pigmentosa a tak\u00e9 historii srde\u010dn\u00ed dysfunkce, infarktu myokardu, mrtvice, arytmie, \u017eivot ohro\u017euj\u00edc\u00ed arytmie, kardiovaskul\u00e1rn\u00ed probl\u00e9my a alergie. Nepou\u017e\u00edvejte Super P-Force spole\u010dn\u011b s jin\u00fdmi l\u00e9ky na ED.<br \/>\nKontraindikace<br \/>\nSuper P-Force nelze pou\u017e\u00edvat u pacient\u016f s alergi\u00ed na l\u00e9k a jeho slo\u017eky a tak\u00e9 u jedinc\u016f l\u00e9\u010den\u00fdch nitr\u00e1tov\u00fdmi p\u0159\u00edpravky (nap\u0159. nitroglycerin). Tato kombinace m\u016f\u017ee zp\u016fsobit velmi n\u00edzk\u00fd krevn\u00ed tlak, co\u017e m\u016f\u017ee b\u00fdt nebezpe\u010dn\u00e9 a v\u00e9st k mrtvici, infarktu nebo smrti. Nepou\u017e\u00edvejte tento l\u00e9k, pokud jste mlad\u0161\u00ed 18 let.<br \/>\nMo\u017en\u00e9 vedlej\u0161\u00ed \u00fa\u010dinky<br \/>\nN\u011bkte\u0159\u00ed pacienti mohou za\u017e\u00edt k\u00fdch\u00e1n\u00ed, bolesti hlavy, pr\u016fjem, z\u00e1vrat\u011b, rozru\u0161en\u00ed \u017ealudku, zvracen\u00ed, nosn\u00ed ucp\u00e1n\u00ed, fotofobii. Super P-Force m\u016f\u017ee zp\u016fsobit vz\u00e1cn\u00fd, ale z\u00e1va\u017en\u00fd stav zn\u00e1m\u00fd jako priapismus nebo prodlou\u017eenou erekci. Okam\u017eit\u011b kontaktujte sv\u00e9ho poskytovatele zdravotn\u00ed p\u00e9\u010de, pokud va\u0161e erekce trv\u00e1 d\u00e9le ne\u017e 4 hodiny; bez okam\u017eit\u00e9 l\u00e9ka\u0159sk\u00e9 pomoci m\u016f\u017ee tento stav trvale po\u0161kodit v\u00e1\u0161 penis.<br \/>\nInterakce s l\u00e9ky<br \/>\nSuper P-Force by nem\u011bl b\u00fdt p\u0159edepisov\u00e1n pacient\u016fm l\u00e9\u010den\u00fdm p\u0159\u00edpravky, kter\u00e9 obsahuj\u00ed organick\u00e9 nitraty. \u00darovn\u011b Super P-Force v krvi jsou zv\u00fd\u0161eny erythromycinem, ketokonazolem, itrakonazolem a saquinavirem.<br \/>\nVynechan\u00e1 d\u00e1vka<br \/>\nU\u017e\u00edvejte Super P-Force podle pot\u0159eby, ale ne v\u00edce ne\u017e jednu tabletu denn\u011b. Pravideln\u00e9 denn\u00ed u\u017e\u00edv\u00e1n\u00ed by m\u011blo b\u00fdt projedn\u00e1no s va\u0161\u00edm l\u00e9ka\u0159em.<br \/>\nP\u0159ed\u00e1vkov\u00e1n\u00ed<br \/>\nErekce trvaj\u00edc\u00ed d\u00e9le ne\u017e \u010dty\u0159i hodiny m\u016f\u017ee b\u00fdt zn\u00e1mkou p\u0159ed\u00e1vkov\u00e1n\u00ed. Pokud b\u011bhem sexu po u\u017eit\u00ed Super P-Force za\u017eijete siln\u00e9 omdlen\u00ed, bolest na hrudi, nevolnost, nepravideln\u00fd srde\u010dn\u00ed tep nebo z\u00e1vrat\u011b, kontaktujte sv\u00e9ho l\u00e9ka\u0159e, proto\u017ee m\u016f\u017eete pot\u0159ebovat okam\u017eitou l\u00e9ka\u0159skou pomoc.<br \/>\nUchov\u00e1v\u00e1n\u00ed<br \/>\nUchov\u00e1vejte p\u0159i pokojov\u00e9 teplot\u011b, mimo vlhkost, slune\u010dn\u00ed sv\u011btlo, d\u011bti a dom\u00e1c\u00ed zv\u00ed\u0159ata v t\u011bsn\u00e9 n\u00e1dob\u011b.<br \/>\nUpozorn\u011bn\u00ed<br \/>\nPoskytujeme pouze obecn\u00e9 informace o l\u00e9c\u00edch, kter\u00e9 nezahrnuj\u00ed v\u0161echny pokyny, mo\u017en\u00e9 interakce s l\u00e9ky nebo opat\u0159en\u00ed. Informace na webu nelze pou\u017e\u00edt k samol\u00e9\u010db\u011b a samodiagn\u00f3ze. Jak\u00e9koli konkr\u00e9tn\u00ed pokyny pro konkr\u00e9tn\u00edho pacienta by m\u011bly b\u00fdt projedn\u00e1ny s va\u0161\u00edm zdravotnick\u00fdm poradcem nebo l\u00e9ka\u0159em odpov\u011bdn\u00fdm za v\u00e1\u0161 p\u0159\u00edpad. Odpov\u011bdnost za spolehlivost t\u011bchto informac\u00ed a p\u0159\u00edpadn\u00e9 chyby v nich se odm\u00edt\u00e1. Neodpov\u00edd\u00e1me za \u017e\u00e1dn\u00e9 p\u0159\u00edm\u00e9, nep\u0159\u00edm\u00e9, zvl\u00e1\u0161tn\u00ed nebo jin\u00e9 nep\u0159\u00edm\u00e9 \u0161kody vypl\u00fdvaj\u00edc\u00ed z jak\u00e9hokoli pou\u017eit\u00ed informac\u00ed na tomto webu a za d\u016fsledky samol\u00e9\u010dby.<\/p>\n","protected":false},"excerpt":{"rendered":"<p>Extra Super P-Force Generic je l\u00e9k k l\u00e9\u010db\u011b mu\u017esk\u00e9 erektiln\u00ed dysfunkce a p\u0159ed\u010dasn\u00e9 ejakulace.<\/p>\n","protected":false},"featured_media":6106,"comment_status":"open","ping_status":"closed","template":"","meta":[],"product_brand":[],"product_cat":[141],"product_tag":[],"class_list":{"0":"post-3254","1":"product","2":"type-product","3":"status-publish","4":"has-post-thumbnail","6":"product_cat-erektilni-dysfunkce-cs","7":"pa_active_substance-dapoxetine","8":"pa_active_substance-sildenafil","10":"first","11":"instock","12":"shipping-taxable","13":"product-type-simple"},"jetpack_sharing_enabled":true,"_links":{"self":[{"href":"https:\/\/www.pharmacy-content.com\/index.php?rest_route=\/wp\/v2\/product\/3254","targetHints":{"allow":["GET"]}}],"collection":[{"href":"https:\/\/www.pharmacy-content.com\/index.php?rest_route=\/wp\/v2\/product"}],"about":[{"href":"https:\/\/www.pharmacy-content.com\/index.php?rest_route=\/wp\/v2\/types\/product"}],"replies":[{"embeddable":true,"href":"https:\/\/www.pharmacy-content.com\/index.php?rest_route=%2Fwp%2Fv2%2Fcomments&post=3254"}],"wp:featuredmedia":[{"embeddable":true,"href":"https:\/\/www.pharmacy-content.com\/index.php?rest_route=\/wp\/v2\/media\/6106"}],"wp:attachment":[{"href":"https:\/\/www.pharmacy-content.com\/index.php?rest_route=%2Fwp%2Fv2%2Fmedia&parent=3254"}],"wp:term":[{"taxonomy":"product_brand","embeddable":true,"href":"https:\/\/www.pharmacy-content.com\/index.php?rest_route=%2Fwp%2Fv2%2Fproduct_brand&post=3254"},{"taxonomy":"product_cat","embeddable":true,"href":"https:\/\/www.pharmacy-content.com\/index.php?rest_route=%2Fwp%2Fv2%2Fproduct_cat&post=3254"},{"taxonomy":"product_tag","embeddable":true,"href":"https:\/\/www.pharmacy-content.com\/index.php?rest_route=%2Fwp%2Fv2%2Fproduct_tag&post=3254"}],"curies":[{"name":"wp","href":"https:\/\/api.w.org\/{rel}","templated":true}]}}