{"id":3169,"date":"2026-04-22T06:48:19","date_gmt":"2026-04-22T06:48:19","guid":{"rendered":""},"modified":"2026-04-22T06:48:26","modified_gmt":"2026-04-22T06:48:26","slug":"eli-6","status":"publish","type":"product","link":"https:\/\/www.pharmacy-content.com\/?product=eli-6&lang=pl","title":{"rendered":"Eli"},"content":{"rendered":"<p>Powszechne zastosowanie<br \/>\nEli to skuteczny, odwracalny, selektywny inhibitor fosfodiesterazy typu 5 (PDE 5) specyficzny dla cyklicznego monofosforanu guanozyny (cGMP). Kiedy stymulacja seksualna powoduje miejscowe uwalnianie tlenku azotu, hamowanie PDE 5 przez Eli prowadzi do wzrostu poziomu cGMP w ciele jamistym pr\u0105cia. Powoduje rozlu\u017anienie mi\u0119\u015bni g\u0142adkich t\u0119tnic i nap\u0142yw krwi do tkanek pr\u0105cia, co powoduje erekcj\u0119. Eli nie dzia\u0142a, gdy nie ma stymulacji seksualnej. Eli poprawia erekcj\u0119 i pozwala na osi\u0105gni\u0119cie udanego stosunku p\u0142ciowego. Lek dzia\u0142a przez 36 godzin. Je\u015bli wyst\u0119puje podniecenie seksualne, efekt pojawia si\u0119 nawet po 16 minutach od za\u017cycia leku.<\/p>\n<p>Dawkowanie i spos\u00f3b u\u017cycia<br \/>\nZalecana dawka Eli wynosi 20 mg. Nale\u017cy go za\u017cy\u0107 co najmniej 16 minut przed aktywno\u015bci\u0105 seksualn\u0105. Efekt utrzymuje si\u0119 przez 36 godzin. Za\u017cywaj Eli raz dziennie i nie przekraczaj zalecanej dawki.<\/p>\n<p>\u015arodki ostro\u017cno\u015bci<br \/>\n Zaleca si\u0119 nie \u0142\u0105czy\u0107 Eli z sokiem grejpfrutowym, napojami alkoholowymi, tytoniem. Je\u015bli palisz tyto\u0144 i jednocze\u015bnie za\u017cywasz Eli, mo\u017ce to prowadzi\u0107 do stanu zwanego NAION (nag\u0142a utrata wzroku zwi\u0105zana z nerwem wzrokowym). Przed zastosowaniem leku Eli nale\u017cy poinformowa\u0107 lekarza, je\u015bli u pacjenta wyst\u0119puj\u0105 zaburzenia pr\u0105cia, w tym skrzywienie pr\u0105cia i wady wrodzone pr\u0105cia, je\u015bli u pacjenta wyst\u0119powa\u0142a choroba wie\u0144cowa, arytmia, d\u0142awica piersiowa, zawa\u0142 serca lub niewydolno\u015b\u0107 serca, hipo- lub nadci\u015bnienie, krwawienia, wrzody \u017co\u0142\u0105dka, cukrzyca, hiperlipidemia (nadmiar lipid\u00f3w we krwi), anemia sierpowatokrwinkowa, niewydolno\u015b\u0107 w\u0105troby lub nerek w wywiadzie.<\/p>\n<p>Przeciwwskazania<br \/>\nEli jest przeciwwskazany u pacjent\u00f3w stosuj\u0105cych jak\u0105kolwiek form\u0119 azotanu organicznego, regularnie i\/lub sporadycznie, poniewa\u017c jest to mo\u017ce nasila\u0107 hipotensyjne dzia\u0142anie azotan\u00f3w.<\/p>\n<p>Mo\u017cliwe skutki uboczne<br \/>\nNajcz\u0119stsze skutki uboczne Eli to zaczerwienienie twarzy (zaczerwienienie), b\u00f3le g\u0142owy, rozstr\u00f3j \u017co\u0142\u0105dka, biegunka, objawy grypopodobne i nudno\u015bci. W rzadszych przypadkach mo\u017ce wyst\u0105pi\u0107 niskie ci\u015bnienie krwi, niewyra\u017ane widzenie i zmiany w widzeniu kolor\u00f3w oraz nieprawid\u0142owy wytrysk. Mo\u017cliwe s\u0105 r\u00f3wnie\u017c d\u0142ugotrwa\u0142e erekcje lub priapizm (bolesne erekcje trwaj\u0105ce d\u0142u\u017cej ni\u017c 6 godzin). Je\u015bli Twoja erekcja trwa d\u0142u\u017cej ni\u017c 4 godziny, nale\u017cy natychmiast zwr\u00f3ci\u0107 si\u0119 o pomoc lekarsk\u0105, poniewa\u017c mo\u017ce to trwale uszkodzi\u0107 penisa. Zg\u0142aszano nasilenie problem\u00f3w z sercem u pacjent\u00f3w z istniej\u0105c\u0105 wcze\u015bniej chorob\u0105 serca stosuj\u0105cych Eli.<\/p>\n<p>Interakcje lek\u00f3w<br \/>\nJednoczesne podawanie z lekami zawieraj\u0105cymi azotany organiczne mo\u017ce powodowa\u0107 ci\u0119\u017ckie niedoci\u015bnienie, kt\u00f3re w niekt\u00f3rych przypadkach jest niebezpieczne. Unikaj przyjmowania Calis z lekami takimi jak tetraazotan erytrytylu, diazotan izosorbidu, monoazotan izosorbidu, nitrogliceryna, tetraazotan pentaerytrytolu. Poziomy i toksyczno\u015b\u0107 Eli zwi\u0119kszaj\u0105 erytromycyna, ketokonazol (Nizoral), itrakonazol (Sporanox), indynawir (Crixivan) i rytonawir (Norvir). Nale\u017cy poinformowa\u0107 lekarza o przyjmowaniu atazanawiru, bunazosyny, klarytromycyny, doksazosyny, erytromycyny, indynawiru, itrakonazolu, ketokonazolu, moxisylyte, nefazodonu, nelfinawiru, fenoksybenzaminy, fentolaminy, prazosyny, sakwinawiru, telitromycyny, terazosyny, trimazozyny, urapidylu, poniewa\u017c mo\u017ce by\u0107 wymagana dawka leku Eli. korekta.<\/p>\n<p>Pomini\u0119ta dawka<br \/>\nNie nale\u017cy zak\u0142ada\u0107 pomini\u0119cia dawki, je\u015bli Eli jest przyjmowany w leczeniu zaburze\u0144 erekcji, poniewa\u017c jest stosowany w razie potrzeby.<\/p>\n<p>Przedawkowanie<br \/>\nPrzedawkowanie Eli powoduje objawy okre\u015blane jako skutki uboczne. Je\u015bli Twoim zdaniem za\u017cy\u0142e\u015b za du\u017co tego leku, natychmiast zasi\u0119gnij pomocy lekarskiej.<\/p>\n<p>Przechowywanie<br \/>\nPrzechowuj w temperaturze pokojowej, z dala od wilgoci, \u015bwiat\u0142a s\u0142onecznego, dzieci i zwierz\u0105t domowych, w szczelnym pojemniku.<\/p>\n<p>Zastrze\u017cenie<br \/>\nPodajemy tylko og\u00f3lne informacje informacje o lekach, kt\u00f3re nie obejmuj\u0105 wszystkich wskaz\u00f3wek, mo\u017cliwych po\u0142\u0105cze\u0144 lek\u00f3w lub \u015brodk\u00f3w ostro\u017cno\u015bci. Informacje zawarte na stronie nie mog\u0105 by\u0107 wykorzystywane do samodzielnego leczenia i autodiagnozy. Wszelkie szczeg\u00f3\u0142owe instrukcje dla konkretnego pacjenta nale\u017cy uzgodni\u0107 z doradc\u0105 ds. opieki zdrowotnej lub lekarzem prowadz\u0105cym dany przypadek. Zrzekamy si\u0119 wiarygodno\u015bci tych informacji i b\u0142\u0119d\u00f3w, jakie mog\u0105 one zawiera\u0107.<\/p>\n","protected":false},"excerpt":{"rendered":"<p>Eli Generic jest najcz\u0119\u015bciej stosowany w leczeniu zaburze\u0144 erekcji i impotencji, czyli sytuacji, gdy m\u0119\u017cczyzna ma trudno\u015bci z utrzymaniem erekcji lub w og\u00f3le nie mo\u017ce jej osi\u0105gn\u0105\u0107. Czasami jest r\u00f3wnie\u017c przepisywany na powi\u0119kszon\u0105 prostat\u0119. Tadalafil jest aktywnym sk\u0142adnikiem Eli. Poprawia przep\u0142yw krwi do pr\u0105cia, dzi\u0119ki czemu m\u0119\u017cczyzna mo\u017ce uzyska\u0107 erekcj\u0119 podczas aktywno\u015bci seksualnej. W zale\u017cno\u015bci od tego, jak lekarz przepisa\u0142 lek, mo\u017cesz go przyjmowa\u0107 w razie potrzeby przed stosunkiem p\u0142ciowym lub codziennie. Je\u015bli za\u017cyjesz go w razie potrzeby, dzia\u0142anie mo\u017ce utrzymywa\u0107 si\u0119 do 36 godzin.<\/p>\n","protected":false},"featured_media":3139,"comment_status":"open","ping_status":"closed","template":"","meta":[],"product_brand":[],"product_cat":[129],"product_tag":[],"class_list":{"0":"post-3169","1":"product","2":"type-product","3":"status-publish","4":"has-post-thumbnail","6":"product_cat-dysfunkcja-erekcji-pl","7":"pa_active_substance-tadalafil","9":"first","10":"instock","11":"shipping-taxable","12":"product-type-variable"},"jetpack_sharing_enabled":true,"_links":{"self":[{"href":"https:\/\/www.pharmacy-content.com\/index.php?rest_route=\/wp\/v2\/product\/3169","targetHints":{"allow":["GET"]}}],"collection":[{"href":"https:\/\/www.pharmacy-content.com\/index.php?rest_route=\/wp\/v2\/product"}],"about":[{"href":"https:\/\/www.pharmacy-content.com\/index.php?rest_route=\/wp\/v2\/types\/product"}],"replies":[{"embeddable":true,"href":"https:\/\/www.pharmacy-content.com\/index.php?rest_route=%2Fwp%2Fv2%2Fcomments&post=3169"}],"wp:featuredmedia":[{"embeddable":true,"href":"https:\/\/www.pharmacy-content.com\/index.php?rest_route=\/wp\/v2\/media\/3139"}],"wp:attachment":[{"href":"https:\/\/www.pharmacy-content.com\/index.php?rest_route=%2Fwp%2Fv2%2Fmedia&parent=3169"}],"wp:term":[{"taxonomy":"product_brand","embeddable":true,"href":"https:\/\/www.pharmacy-content.com\/index.php?rest_route=%2Fwp%2Fv2%2Fproduct_brand&post=3169"},{"taxonomy":"product_cat","embeddable":true,"href":"https:\/\/www.pharmacy-content.com\/index.php?rest_route=%2Fwp%2Fv2%2Fproduct_cat&post=3169"},{"taxonomy":"product_tag","embeddable":true,"href":"https:\/\/www.pharmacy-content.com\/index.php?rest_route=%2Fwp%2Fv2%2Fproduct_tag&post=3169"}],"curies":[{"name":"wp","href":"https:\/\/api.w.org\/{rel}","templated":true}]}}