{"id":3163,"date":"2026-04-22T06:48:19","date_gmt":"2026-04-22T06:48:19","guid":{"rendered":""},"modified":"2026-04-22T06:48:25","modified_gmt":"2026-04-22T06:48:25","slug":"eli-5","status":"publish","type":"product","link":"https:\/\/www.pharmacy-content.com\/es\/product\/eli-5\/","title":{"rendered":"Eli"},"content":{"rendered":"<p>Uso com\u00fan<br \/>\nEli es un inhibidor selectivo, reversible y eficaz de la fosfodiesterasa tipo 5 (PDE 5) espec\u00edfico del monofosfato de guanosina c\u00edclico (cGMP). Cuando la estimulaci\u00f3n sexual provoca la liberaci\u00f3n local de \u00f3xido n\u00edtrico, la inhibici\u00f3n de la PDE 5 por Eli conduce a un aumento de los niveles de cGMP en el cuerpo cavernoso del pene. Da como resultado la relajaci\u00f3n de los m\u00fasculos lisos arteriales y el flujo sangu\u00edneo a los tejidos del pene que provoca las erecciones. Eli no tiene ning\u00fan efecto cuando no hay estimulaci\u00f3n sexual. Eli mejora la erecci\u00f3n y permite lograr una relaci\u00f3n sexual exitosa. La droga act\u00faa durante 36 horas. Si hay excitaci\u00f3n sexual, el efecto aparece incluso 16 minutos despu\u00e9s de tomar el medicamento.<\/p>\n<p>Dosis y direcci\u00f3n<br \/>\nLa dosis recomendada de Eli es de 20 mg y debe tomarse al menos 16 minutos antes de la actividad sexual. El efecto persiste durante 36 horas. Tome Eli una vez al d\u00eda y no exceda la dosis recomendada.<\/p>\n<p>Precauciones<br \/>\nEs preferible no usar Eli con jugo de pomelo, bebidas alcoh\u00f3licas, tabaco. Si fuma tabaco y toma Eli al mismo tiempo, esto puede provocar una afecci\u00f3n llamada NAION (p\u00e9rdida repentina de la visi\u00f3n relacionada con el nervio \u00f3ptico). Informe a su m\u00e9dico antes de tomar Eli si tiene un pene anormal, incluido un pene curvado y defectos cong\u00e9nitos del pene, ha tenido enfermedad de las arterias coronarias, arritmia, angina, ataque card\u00edaco o insuficiencia card\u00edaca, hipo o hipertensi\u00f3n, sangrado, \u00falceras estomacales, diabetes, hiperlipidemia (exceso de l\u00edpidos en la sangre), anemia falciforme, insuficiencia hep\u00e1tica o renal en antecedentes.<\/p>\n<p>Contraindicaciones<br \/>\nEli est\u00e1 contraindicado en pacientes que est\u00e1n usando cualquier forma de nitrato org\u00e1nico, ya sea de forma regular y\/o intermitente. capaz de potenciar el efecto hipotensor de los nitratos.<\/p>\n<p>Posibles efectos secundarios<br \/>\nLos efectos secundarios m\u00e1s habituales de Eli son enrojecimiento facial (enrojecimiento), dolores de cabeza, malestar estomacal, diarrea, s\u00edntomas similares a los de la gripe y n\u00e1useas. En casos m\u00e1s raros, puede producirse presi\u00f3n arterial baja, visi\u00f3n borrosa, cambios en la visi\u00f3n del color y eyaculaci\u00f3n anormal. Tambi\u00e9n son posibles erecciones prolongadas o priapismo (erecciones dolorosas que duran m\u00e1s de 6 horas). Si su erecci\u00f3n dura m\u00e1s de 4 horas, busque ayuda m\u00e9dica inmediata, ya que puede da\u00f1ar permanentemente su pene. Se inform\u00f3 un agravamiento de los problemas card\u00edacos en pacientes con enfermedades card\u00edacas preexistentes que usaban Eli.<\/p>\n<p>Interacciones medicamentosas<br \/>\nLa coadministraci\u00f3n con medicamentos que contienen nitratos org\u00e1nicos puede causar hipotensi\u00f3n grave, que es peligrosa en algunos casos. Evite tomar Calis con medicamentos como tetranitrato de eritritilo, dinitrato de isosorbida, mononitrato de isosorbida, nitroglicerina, tetranitrato de pentaeritritol. Los niveles y la toxicidad de Eli aumentan con la eritromicina, el ketoconazol (Nizoral), el itraconazol (Sporanox), el indinavir (Crixivan) y el ritonavir (Norvir). Informe a su m\u00e9dico si est\u00e1 tomando Atazanavir, Bunazosin, Claritromicina, Doxazosina, Eritromicina, Indinavir, Itraconazol, Ketoconazol, Moxisylyte, Nefazodona, Nelfinavir, Fenoxibenzamina, Fentolamina, Prazosina, Saquinavir, Telitromicina, Terazosina, Trimazosina, Urapidil seg\u00fan su dosis de Eli pueda requerir correcci\u00f3n.<\/p>\n<p>Dosis omitida<br \/>\nNo se supone que se omita la dosis si Eli se toma para el tratamiento de la disfunci\u00f3n er\u00e9ctil, ya que se usa cuando es necesario.<\/p>\n<p>Sobredosis<br \/>\nLa sobredosis de Eli causa s\u00edntomas descritos como efectos secundarios. Busque ayuda m\u00e9dica inmediata si, en su opini\u00f3n, tom\u00f3 demasiado de este medicamento.<\/p>\n<p>Almacenamiento<br \/>\nGuarde a temperatura ambiente, lejos de la humedad, la luz solar, los ni\u00f1os y las mascotas en un recipiente herm\u00e9tico.<\/p>\n<p>Descargo de responsabilidad<br \/>\nSolo proporcionamos informaci\u00f3n general informaci\u00f3n sobre medicamentos que no cubre todas las direcciones, posibles integraciones de medicamentos o precauciones. La informaci\u00f3n contenida en el sitio no se puede utilizar para autotratamiento y autodiagn\u00f3stico. Cualquier instrucci\u00f3n espec\u00edfica para un paciente en particular debe acordarse con su asesor de atenci\u00f3n m\u00e9dica o m\u00e9dico a cargo del caso. Renunciamos a la fiabilidad de esta informaci\u00f3n y a los errores que pueda contener.<\/p>\n","protected":false},"excerpt":{"rendered":"<p>Eli Generic se usa m\u00e1s com\u00fanmente para tratar la disfunci\u00f3n er\u00e9ctil y la impotencia, que ocurre cuando un hombre tiene dificultades para mantener una erecci\u00f3n o no puede lograrlo en absoluto. A veces tambi\u00e9n se prescribe para el agrandamiento de la pr\u00f3stata. Tadalafil es el ingrediente activo de Eli. Mejora el flujo sangu\u00edneo al pene para que el hombre pueda lograr una erecci\u00f3n para la actividad sexual. Dependiendo de c\u00f3mo su m\u00e9dico le recete el medicamento, puede tomarlo seg\u00fan sea necesario antes de tener relaciones sexuales o todos los d\u00edas. Si lo toma seg\u00fan sea necesario, los efectos pueden durar hasta 36 horas.<\/p>\n","protected":false},"featured_media":3139,"comment_status":"open","ping_status":"closed","template":"","meta":[],"product_brand":[],"product_cat":[126],"product_tag":[],"class_list":{"0":"post-3163","1":"product","2":"type-product","3":"status-publish","4":"has-post-thumbnail","6":"product_cat-disfuncion-erectil-es","7":"pa_active_substance-tadalafil","9":"first","10":"instock","11":"shipping-taxable","12":"product-type-variable"},"jetpack_sharing_enabled":true,"_links":{"self":[{"href":"https:\/\/www.pharmacy-content.com\/wp-json\/wp\/v2\/product\/3163","targetHints":{"allow":["GET"]}}],"collection":[{"href":"https:\/\/www.pharmacy-content.com\/wp-json\/wp\/v2\/product"}],"about":[{"href":"https:\/\/www.pharmacy-content.com\/wp-json\/wp\/v2\/types\/product"}],"replies":[{"embeddable":true,"href":"https:\/\/www.pharmacy-content.com\/wp-json\/wp\/v2\/comments?post=3163"}],"wp:featuredmedia":[{"embeddable":true,"href":"https:\/\/www.pharmacy-content.com\/wp-json\/wp\/v2\/media\/3139"}],"wp:attachment":[{"href":"https:\/\/www.pharmacy-content.com\/wp-json\/wp\/v2\/media?parent=3163"}],"wp:term":[{"taxonomy":"product_brand","embeddable":true,"href":"https:\/\/www.pharmacy-content.com\/wp-json\/wp\/v2\/product_brand?post=3163"},{"taxonomy":"product_cat","embeddable":true,"href":"https:\/\/www.pharmacy-content.com\/wp-json\/wp\/v2\/product_cat?post=3163"},{"taxonomy":"product_tag","embeddable":true,"href":"https:\/\/www.pharmacy-content.com\/wp-json\/wp\/v2\/product_tag?post=3163"}],"curies":[{"name":"wp","href":"https:\/\/api.w.org\/{rel}","templated":true}]}}