{"id":3145,"date":"2026-04-22T06:48:16","date_gmt":"2026-04-22T06:48:16","guid":{"rendered":""},"modified":"2026-04-22T06:48:25","modified_gmt":"2026-04-22T06:48:25","slug":"eli-2","status":"publish","type":"product","link":"https:\/\/www.pharmacy-content.com\/de\/product\/eli-2\/","title":{"rendered":"Eli"},"content":{"rendered":"<p>Allgemeine Anwendung<br \/>\nEli ist ein wirksamer, reversibler und selektiver Inhibitor der Phosphodiesterase Typ 5 (PDE 5), der spezifisch f\u00fcr zyklisches Guanosinmonophosphat (cGMP) ist. Wenn sexuelle Stimulation eine lokale Freisetzung von Stickstoffmonoxid verursacht, f\u00fchrt die Hemmung von PDE 5 durch Eli zu einem Anstieg des cGMP-Spiegels im Schwellk\u00f6rper des Penis. Dies f\u00fchrt zu einer Entspannung der glatten Arterienmuskulatur und zu einer Durchblutung des Penisgewebes, was zu Erektionen f\u00fchrt. Eli hat keine Wirkung, wenn keine sexuelle Stimulation vorliegt. Eli verbessert die Erektion und erm\u00f6glicht einen erfolgreichen Geschlechtsverkehr. Das Medikament wirkt 36 Stunden lang. Bei vorhandener sexueller Erregung tritt die Wirkung auch 16 Minuten nach Einnahme des Medikaments ein.<\/p>\n<p>Dosierung und Anwendung<br \/>\nDie empfohlene Dosis von Eli betr\u00e4gt 20 mg. Die Einnahme sollte mindestens 16 Minuten vor der sexuellen Aktivit\u00e4t erfolgen. Die Wirkung h\u00e4lt 36 Stunden lang an. Nehmen Sie Eli einmal t\u00e4glich ein und \u00fcberschreiten Sie nicht die empfohlene Dosis.<\/p>\n<p>Vorsichtsma\u00dfnahmen<br \/>\nEs wird empfohlen, Eli nicht zusammen mit Grapefruitsaft, alkoholischen Getr\u00e4nken oder Tabak zu verwenden. Wenn Sie Tabak rauchen und gleichzeitig Eli einnehmen, kann dies zu einer Erkrankung namens NAION (pl\u00f6tzlicher optikerbedingter Sehverlust) f\u00fchren. Informieren Sie Ihren Arzt vor der Einnahme von Eli, wenn Sie einen abnormalen Penis haben, einschlie\u00dflich Peniskr\u00fcmmung und Geburtsfehler des Penis, koronare Herzkrankheit, Herzrhythmusst\u00f6rungen, Angina pectoris, Herzinfarkt oder Herzversagen, Hypo- oder Hypertonie, Blutungen, Magengeschw\u00fcre, Diabetes, Hyperlipid\u00e4mie (\u00dcberschuss an Lipiden im Blut), Sichelzellenan\u00e4mie, Leber- oder Nierenversagen in der Vorgeschichte.<\/p>\n<p>Kontraindikationen<br \/>\nEli ist bei Patienten kontraindiziert, die irgendeine Form von organischem Nitrat verwenden, entweder regelm\u00e4\u00dfig und\/oder intermittierend Kann die blutdrucksenkende Wirkung von Nitraten verst\u00e4rken.<\/p>\n<p>M\u00f6gliche Nebenwirkungen<br \/>\nDie h\u00e4ufigsten Nebenwirkungen von Eli sind Gesichtsr\u00f6tung (R\u00f6tung), Kopfschmerzen, Magenbeschwerden, Durchfall, grippe\u00e4hnliche Symptome und \u00dcbelkeit. In selteneren F\u00e4llen k\u00f6nnen niedriger Blutdruck, verschwommenes Sehen und Ver\u00e4nderungen des Farbsehens sowie eine abnormale Ejakulation auftreten. Auch l\u00e4ngere Erektionen oder Priapismus (schmerzhafte Erektionen, die l\u00e4nger als 6 Stunden dauern) sind m\u00f6glich. Wenn Ihre Erektion l\u00e4nger als 4 Stunden anh\u00e4lt, suchen Sie sofort einen Arzt auf, da dies zu einer dauerhaften Sch\u00e4digung Ihres Penis f\u00fchren kann. Es wurde \u00fcber eine Verschlimmerung von Herzproblemen bei Patienten mit vorbestehender Herzerkrankung berichtet, die Eli einnahmen.<\/p>\n<p>Wechselwirkungen mit anderen Arzneimitteln<br \/>\nDie gleichzeitige Verabreichung mit Medikamenten, die organische Nitrate enthalten, kann zu schwerer Hypotonie f\u00fchren, die in manchen F\u00e4llen gef\u00e4hrlich ist. Vermeiden Sie die Einnahme von Calis zusammen mit Medikamenten wie Erythrityltetranitrat, Isosorbiddinitrat, Isosorbidmononitrat, Nitroglycerin und Pentaerythritoltetranitrat. Spiegel und Toxizit\u00e4t von Eli werden durch Erythromycin, Ketoconazol (Nizoral), Itraconazol (Sporanox), Indinavir (Crixivan) und Ritonavir (Norvir) erh\u00f6ht. Informieren Sie Ihren Arzt, wenn Sie Atazanavir, Bunazosin, Clarithromycin, Doxazosin, Erythromycin, Indinavir, Itraconazol, Ketoconazol, Moxisylyte, Nefazodon, Nelfinavir, Phenoxybenzamin, Phentolamin, Prazosin, Saquinavir, Telithromycin, Terazosin, Trimazosin, Urapidil einnehmen, je nachdem, wie Ihre Eli-Dosis es erfordert Korrektur.<\/p>\n<p>Verpasste Dosis<br \/>\nEine vergessene Dosis ist nicht zu erwarten, wenn Eli zur Behandlung der erektilen Dysfunktion eingenommen wird, da es bei Bedarf angewendet wird.<\/p>\n<p>\u00dcberdosierung<br \/>\nEine \u00dcberdosierung von Eli verursacht Symptome, die als Nebenwirkungen beschrieben werden. Suchen Sie sofort \u00e4rztliche Hilfe auf, wenn Sie der Meinung sind, dass Sie zu viel von diesem Medikament eingenommen haben.<\/p>\n<p>Lagerung<br \/>\nBei Raumtemperatur, gesch\u00fctzt vor Feuchtigkeit, Sonnenlicht, Kindern und Haustieren, in einem dichten Beh\u00e4lter aufbewahren.<\/p>\n<p>Haftungsausschluss<br \/>\nWir bieten nur allgemeine Informationen an Informationen zu Medikamenten, die nicht alle Anwendungsgebiete, m\u00f6gliche Arzneimittelkombinationen oder Vorsichtsma\u00dfnahmen abdecken. Die Informationen auf der Website k\u00f6nnen nicht zur Selbstbehandlung und Selbstdiagnose verwendet werden. Spezifische Anweisungen f\u00fcr einen bestimmten Patienten sollten mit Ihrem Gesundheitsberater oder dem f\u00fcr den Fall zust\u00e4ndigen Arzt vereinbart werden. Wir lehnen die Zuverl\u00e4ssigkeit dieser Informationen und die darin enthaltenen Fehler ab.<\/p>\n","protected":false},"excerpt":{"rendered":"<p>Eli Generic wird am h\u00e4ufigsten zur Behandlung von erektiler Dysfunktion und Impotenz eingesetzt, wenn ein Mann Schwierigkeiten hat, eine Erektion aufrechtzuerhalten, oder \u00fcberhaupt keine Erektion bekommen kann. Manchmal wird es auch bei einer vergr\u00f6\u00dferten Prostata verschrieben. Tadalafil ist der Wirkstoff von Eli. Es verbessert die Durchblutung des Penis, sodass ein Mann eine Erektion f\u00fcr sexuelle Aktivit\u00e4ten bekommen kann. Je nachdem, wie Ihr Arzt Ihnen das Medikament verordnet, k\u00f6nnen Sie es nach Bedarf vor dem Sex oder jeden Tag einnehmen. Bei bedarfsgerechter Einnahme kann die Wirkung bis zu 36 Stunden anhalten.<\/p>\n","protected":false},"featured_media":3139,"comment_status":"open","ping_status":"closed","template":"","meta":[],"product_brand":[],"product_cat":[117],"product_tag":[],"class_list":{"0":"post-3145","1":"product","2":"type-product","3":"status-publish","4":"has-post-thumbnail","6":"product_cat-erektile-dysfunktion-de","7":"pa_active_substance-tadalafil","9":"first","10":"instock","11":"shipping-taxable","12":"product-type-variable"},"jetpack_sharing_enabled":true,"_links":{"self":[{"href":"https:\/\/www.pharmacy-content.com\/wp-json\/wp\/v2\/product\/3145","targetHints":{"allow":["GET"]}}],"collection":[{"href":"https:\/\/www.pharmacy-content.com\/wp-json\/wp\/v2\/product"}],"about":[{"href":"https:\/\/www.pharmacy-content.com\/wp-json\/wp\/v2\/types\/product"}],"replies":[{"embeddable":true,"href":"https:\/\/www.pharmacy-content.com\/wp-json\/wp\/v2\/comments?post=3145"}],"wp:featuredmedia":[{"embeddable":true,"href":"https:\/\/www.pharmacy-content.com\/wp-json\/wp\/v2\/media\/3139"}],"wp:attachment":[{"href":"https:\/\/www.pharmacy-content.com\/wp-json\/wp\/v2\/media?parent=3145"}],"wp:term":[{"taxonomy":"product_brand","embeddable":true,"href":"https:\/\/www.pharmacy-content.com\/wp-json\/wp\/v2\/product_brand?post=3145"},{"taxonomy":"product_cat","embeddable":true,"href":"https:\/\/www.pharmacy-content.com\/wp-json\/wp\/v2\/product_cat?post=3145"},{"taxonomy":"product_tag","embeddable":true,"href":"https:\/\/www.pharmacy-content.com\/wp-json\/wp\/v2\/product_tag?post=3145"}],"curies":[{"name":"wp","href":"https:\/\/api.w.org\/{rel}","templated":true}]}}