{"id":3132,"date":"2026-04-22T06:48:08","date_gmt":"2026-04-22T06:48:08","guid":{"rendered":""},"modified":"2026-04-22T06:48:11","modified_gmt":"2026-04-22T06:48:11","slug":"cobra-10","status":"publish","type":"product","link":"https:\/\/www.pharmacy-content.com\/cs\/product\/cobra-10\/","title":{"rendered":"Cobra"},"content":{"rendered":"<p>B\u011b\u017en\u00e9 pou\u017eit\u00ed<br \/>\nCobra je kombinovan\u00fd l\u00e9k, kter\u00fd obsahuje jak Tadalafil, tak Sildenafil citr\u00e1t. Tato kombinace umo\u017e\u0148uje u\u017eivatel\u016fm dos\u00e1hnout siln\u00e9 a stabiln\u00ed erekce a z\u00e1rove\u0148 prodlou\u017eit sexu\u00e1ln\u00ed akt, co\u017e \u010din\u00ed Cobru jedni\u010dkou mezi kompletn\u00edmi \u0159e\u0161en\u00edmi pro neuv\u011b\u0159iteln\u00fd sexu\u00e1ln\u00ed pro\u017eitek.<\/p>\n<p>D\u00e1vkov\u00e1n\u00ed a pokyny<br \/>\nU\u017eivatel\u00e9 by m\u011bli u\u017e\u00edt pouze jednu tabletu Cobry nejm\u00e9n\u011b 20 minut p\u0159ed sexu\u00e1ln\u00ed aktivitou, doporu\u010duje se v\u0161ak nechat tabletu rozpustit a za\u010d\u00edt \u00fa\u010dinkovat po dobu jedn\u00e9 hodiny. Obvykl\u00e1 d\u00e1vka Cobry obsahuje 100 mg Sildenafilu a 20 mg Tadalafilu.<\/p>\n<p>Opat\u0159en\u00ed<br \/>\nOrigin\u00e1ln\u00ed Cobra vypad\u00e1 jako \u010derven\u00e9 potahovan\u00e9 tablety obd\u00e9ln\u00edkov\u00e9ho tvaru. Abyste ze sv\u00e9 terapie vyt\u011b\u017eili co nejv\u00edce, dodr\u017eujte pokyny uveden\u00e9 v balen\u00ed. Pokud zkou\u0161\u00edte Cobru poprv\u00e9, je nutn\u00e9 konzultovat to se sv\u00fdm l\u00e9ka\u0159em. D\u016fkladn\u00e1 a v\u010dasn\u00e1 konzultace v\u00e1m pom\u016f\u017ee vyhnout se mo\u017en\u00fdm ne\u017e\u00e1douc\u00edm \u00fa\u010dink\u016fm a u\u010dinit va\u0161i l\u00e9\u010dbu co nej\u00fa\u010dinn\u011bj\u0161\u00ed.<\/p>\n<p>Kontraindikace<br \/>\nCobra m\u016f\u017ee zp\u016fsobit v\u00e1\u017en\u00e9 ne\u017e\u00e1douc\u00ed \u00fa\u010dinky, pokud nen\u00ed u\u017e\u00edv\u00e1na spr\u00e1vn\u011b. Nejd\u0159\u00edve se pora\u010fte se sv\u00fdm l\u00e9ka\u0159em, abyste zjistili, zda m\u016f\u017eete l\u00e9k u\u017e\u00edvat bez v\u00e1\u017en\u00fdch ne\u017e\u00e1douc\u00edch \u00fa\u010dink\u016f. Hypersenzitivita na slo\u017eky l\u00e9ku, n\u00edzk\u00fd krevn\u00ed tlak a dal\u0161\u00ed stavy mohou b\u00fdt kontraindikacemi pro u\u017e\u00edv\u00e1n\u00ed Cobry.<\/p>\n<p>Mo\u017en\u00e9 vedlej\u0161\u00ed \u00fa\u010dinky<br \/>\nVe vz\u00e1cn\u00fdch p\u0159\u00edpadech m\u016f\u017ee Cobra zp\u016fsobit negativn\u00ed \u00fa\u010dinky. Ty se projevuj\u00ed jako nevolnost, pr\u016fjem a zvracen\u00ed, z\u00e1vrat\u011b, ospalost a to\u010den\u00ed hlavy, n\u00e1valy, p\u00e1len\u00ed \u017e\u00e1hy a pokles krevn\u00edho tlaku nebo probl\u00e9my se zrakem, v\u010detn\u011b rozmazan\u00e9ho vid\u011bn\u00ed a citlivosti na sv\u011btlo. V\u011bt\u0161ina pacient\u016f v\u0161ak \u017e\u00e1dn\u00e9 z t\u011bchto ne\u017e\u00e1douc\u00edch \u00fa\u010dink\u016f neza\u017e\u00edv\u00e1.<\/p>\n<p>Interakce s l\u00e9ky<br \/>\nCobra, jako kombinace Tadalafilu a Sildenafilu citr\u00e1tu, m\u016f\u017ee interagovat s jin\u00fdmi antihypertenzivy. Nen\u00ed doporu\u010deno u\u017e\u00edvat Cobru spolu s l\u00e9ky, kter\u00e9 sni\u017euj\u00ed krevn\u00ed tlak nebo vazodilat\u00e1tory. Pro podrobn\u011bj\u0161\u00ed doporu\u010den\u00ed si pros\u00edm p\u0159e\u010dt\u011bte let\u00e1k nebo se pora\u010fte se sv\u00fdm l\u00e9ka\u0159em.<\/p>\n<p>Vynechan\u00e1 d\u00e1vka<br \/>\nCobra nevy\u017eaduje pravideln\u00fd p\u0159\u00edjem, tak\u017ee pokud jste d\u00e1vku vynechali, m\u016f\u017eete ji jednodu\u0161e ignorovat. M\u011bli byste si v\u0161ak pamatovat, \u017ee mezi u\u017eit\u00edm l\u00e9ku mus\u00ed uplynout alespo\u0148 20 minut.<\/p>\n<p>P\u0159ed\u00e1vkov\u00e1n\u00ed<br \/>\nPokud jste p\u0159ed\u00e1vkovali Cobrou, m\u011bli byste se obr\u00e1tit na sv\u00e9ho l\u00e9ka\u0159e pro radu. Pokud za\u017eijete jak\u00e9koli ne\u017e\u00e1douc\u00ed \u00fa\u010dinky l\u00e9ku v m\u00edrn\u00e9 nebo z\u00e1va\u017en\u00e9 form\u011b, okam\u017eit\u011b vyhledejte l\u00e9ka\u0159skou pomoc.<\/p>\n<p>Skladov\u00e1n\u00ed<br \/>\nSkladujte Cobru na tmav\u00e9m a such\u00e9m m\u00edst\u011b p\u0159i pokojov\u00e9 teplot\u011b mimo dosah d\u011bt\u00ed. Nezapome\u0148te zkontrolovat datum expirace na balen\u00ed, ne\u017e za\u010dnete l\u00e9k u\u017e\u00edvat.<\/p>\n<p>Z\u0159eknut\u00ed se odpov\u011bdnosti<br \/>\nPoskytujeme pouze obecn\u00e9 informace o l\u00e9c\u00edch, kter\u00e9 nepokr\u00fdvaj\u00ed v\u0161echny pokyny, mo\u017en\u00e9 interakce l\u00e9k\u016f nebo opat\u0159en\u00ed. Informace na t\u00e9to str\u00e1nce nelze pou\u017e\u00edt k samol\u00e9\u010db\u011b a sebediagn\u00f3ze. Specifick\u00e9 pokyny pro konkr\u00e9tn\u00edho pacienta by m\u011bly b\u00fdt dohodnuty s va\u0161\u00edm zdravotn\u00edm poradcem nebo l\u00e9ka\u0159em odpov\u011bdn\u00fdm za p\u0159\u00edpad. Z\u0159\u00edk\u00e1me se spolehlivosti t\u011bchto informac\u00ed a jak\u00fdchkoli chyb, kter\u00e9 by mohly obsahovat. Neodpov\u00edd\u00e1me za jak\u00e9koli p\u0159\u00edm\u00e9, nep\u0159\u00edm\u00e9, zvl\u00e1\u0161tn\u00ed nebo jin\u00e9 nep\u0159\u00edm\u00e9 \u0161kody vznikl\u00e9 v d\u016fsledku jak\u00e9hokoli pou\u017eit\u00ed informac\u00ed na t\u00e9to str\u00e1nce a tak\u00e9 za n\u00e1sledky samol\u00e9\u010dby.<\/p>\n","protected":false},"excerpt":{"rendered":"<p>Cobra Generic je jedn\u00edm z nejzn\u00e1m\u011bj\u0161\u00edch l\u00e9k\u016f na sv\u011bt\u011b, kter\u00fd se pou\u017e\u00edv\u00e1 k l\u00e9\u010db\u011b erektiln\u00ed dysfunkce neboli ED a impotence. Sildenafil je aktivn\u00ed slo\u017ekou Cobra Generic. Uvol\u0148uje svaly a krevn\u00ed c\u00e9vy v penisu pro lep\u0161\u00ed pr\u016ftok krve, co\u017e mu\u017ei usnad\u0148uje rozvoj erekce. U\u017e\u00edvejte Cobra Generic do 60 minut po sexu\u00e1ln\u00ed aktivit\u011b, aby bylo snaz\u0161\u00ed dos\u00e1hnout erekce. V\u0161imn\u011bte si, \u017ee b\u011b\u017en\u00e9 ne\u017e\u00e1douc\u00ed \u00fa\u010dinky zahrnuj\u00ed do\u010dasn\u00e9 zm\u011bny vid\u011bn\u00ed a zrudnut\u00ed.<\/p>\n","protected":false},"featured_media":3078,"comment_status":"open","ping_status":"closed","template":"","meta":[],"product_brand":[],"product_cat":[141],"product_tag":[],"class_list":{"0":"post-3132","1":"product","2":"type-product","3":"status-publish","4":"has-post-thumbnail","6":"product_cat-erektilni-dysfunkce-cs","7":"pa_active_substance-sildenafil","8":"pa_active_substance-tadalafil","10":"first","11":"instock","12":"shipping-taxable","13":"product-type-variable"},"jetpack_sharing_enabled":true,"_links":{"self":[{"href":"https:\/\/www.pharmacy-content.com\/wp-json\/wp\/v2\/product\/3132","targetHints":{"allow":["GET"]}}],"collection":[{"href":"https:\/\/www.pharmacy-content.com\/wp-json\/wp\/v2\/product"}],"about":[{"href":"https:\/\/www.pharmacy-content.com\/wp-json\/wp\/v2\/types\/product"}],"replies":[{"embeddable":true,"href":"https:\/\/www.pharmacy-content.com\/wp-json\/wp\/v2\/comments?post=3132"}],"wp:featuredmedia":[{"embeddable":true,"href":"https:\/\/www.pharmacy-content.com\/wp-json\/wp\/v2\/media\/3078"}],"wp:attachment":[{"href":"https:\/\/www.pharmacy-content.com\/wp-json\/wp\/v2\/media?parent=3132"}],"wp:term":[{"taxonomy":"product_brand","embeddable":true,"href":"https:\/\/www.pharmacy-content.com\/wp-json\/wp\/v2\/product_brand?post=3132"},{"taxonomy":"product_cat","embeddable":true,"href":"https:\/\/www.pharmacy-content.com\/wp-json\/wp\/v2\/product_cat?post=3132"},{"taxonomy":"product_tag","embeddable":true,"href":"https:\/\/www.pharmacy-content.com\/wp-json\/wp\/v2\/product_tag?post=3132"}],"curies":[{"name":"wp","href":"https:\/\/api.w.org\/{rel}","templated":true}]}}