{"id":3090,"date":"2026-04-22T06:48:01","date_gmt":"2026-04-22T06:48:01","guid":{"rendered":""},"modified":"2026-04-22T06:48:10","modified_gmt":"2026-04-22T06:48:10","slug":"cobra-3","status":"publish","type":"product","link":"https:\/\/www.pharmacy-content.com\/fr\/product\/cobra-3\/","title":{"rendered":"Cobra"},"content":{"rendered":"<p>Usage courant<\/p>\n<p>Cobra est une association m\u00e9dicamenteuse compos\u00e9e \u00e0 la fois de tadalafil et de citrate de sild\u00e9nafil. Cette combinaison permet aux utilisateurs d&#8217;obtenir une \u00e9rection puissante et stable tout en prolongeant l&#8217;acte sexuel, ce qui fait de Cobra la solution compl\u00e8te num\u00e9ro un pour un plaisir sexuel incroyable.<\/p>\n<p>Dosage et administration<\/p>\n<p>Les utilisateurs doivent prendre juste un comprim\u00e9 de Cobra au moins 20 minutes avant l&#8217;activit\u00e9 sexuelle, mais il est recommand\u00e9 de laisser au comprim\u00e9 une heure pour se dissoudre et commencer \u00e0 agir. La dose habituelle de Cobra se compose de 100 mg de Sild\u00e9nafil et de 20 mg de Tadalafil.<\/p>\n<p>Pr\u00e9cautions<\/p>\n<p>Cobra original ressemble \u00e0 des comprim\u00e9s pellicul\u00e9s rouges de forme rectangulaire. Pour tirer le meilleur parti de votre th\u00e9rapie, veuillez suivre les instructions incluses dans l\u2019emballage. Si vous essayez Cobra pour la premi\u00e8re fois, il est n\u00e9cessaire de consulter votre m\u00e9decin. Une consultation approfondie et opportune vous permettra d&#8217;\u00e9viter d&#8217;\u00e9ventuels effets ind\u00e9sirables et de rendre votre traitement aussi efficace que possible.<\/p>\n<p>Contre-indications<\/p>\n<p>Cobra peut provoquer des effets ind\u00e9sirables graves s&#8217;il n&#8217;est pas pris correctement. Avant tout, consultez votre m\u00e9decin pour savoir si vous pouvez prendre le m\u00e9dicament sans effets ind\u00e9sirables graves. L&#8217;hypersensibilit\u00e9 aux composants du m\u00e9dicament, l&#8217;hypotension art\u00e9rielle et d&#8217;autres conditions peuvent constituer des contre-indications \u00e0 l&#8217;utilisation de Cobra.<\/p>\n<p>Effets secondaires possibles<\/p>\n<p>Dans de rares cas, Cobra peut \u00eatre \u00e0 l&#8217;origine d&#8217;effets n\u00e9gatifs. Ils se manifestent par des naus\u00e9es, de la diarrh\u00e9e et des vomissements, des \u00e9tourdissements, de la somnolence et des vertiges, des bouff\u00e9es vasomotrices, des br\u00fblures d&#8217;estomac et une baisse de la tension art\u00e9rielle ou des probl\u00e8mes de vision, notamment une vision floue et une hypersensibilit\u00e9 \u00e0 la lumi\u00e8re. Cependant, la plupart des patients ne ressentent jamais aucun de ces effets ind\u00e9sirables.<\/p>\n<p>Interaction m\u00e9dicamenteuse<\/p>\n<p>Cobra, en tant qu&#8217;association de tadalafil et de citrate de sild\u00e9nafil, peut interagir avec d&#8217;autres agents antihypertenseurs. Il n\u2019est pas recommand\u00e9 de prendre Cobra avec des m\u00e9dicaments qui abaissent la tension art\u00e9rielle ou des vasodilatateurs. Pour des recommandations plus d\u00e9taill\u00e9es, veuillez lire la notice incluse ou consulter votre m\u00e9decin.<\/p>\n<p>Dose oubli\u00e9e<\/p>\n<p>Cobra ne n\u00e9cessite pas de prise r\u00e9guli\u00e8re, donc si vous avez oubli\u00e9 la dose, vous pouvez simplement l&#8217;ignorer. Cependant, vous devez vous rappeler qu&#8217;au moins 20 minutes doivent s&#8217;\u00e9couler apr\u00e8s la prise du m\u00e9dicament.<\/p>\n<p>Surdosage<\/p>\n<p>Si vous avez pris un surdosage de Cobra, vous devez contacter votre m\u00e9decin pour obtenir des conseils. Si vous ressentez l&#8217;un des effets ind\u00e9sirables du m\u00e9dicament sous une forme mod\u00e9r\u00e9e ou grave, consultez imm\u00e9diatement un m\u00e9decin.<\/p>\n<p>Conservation<\/p>\n<p>Veuillez conserver Cobra dans un endroit sombre et sec, \u00e0 temp\u00e9rature ambiante, hors de port\u00e9e des enfants. V\u00e9rifiez n\u00e9cessairement la date de p\u00e9remption sur l&#8217;emballage avant de commencer \u00e0 prendre le m\u00e9dicament.<\/p>\n<p>Avertissement<\/p>\n<p>Nous fournissons uniquement des informations g\u00e9n\u00e9rales sur les m\u00e9dicaments qui ne couvrent pas toutes les directions, les int\u00e9grations possibles de m\u00e9dicaments ou les pr\u00e9cautions. Les informations pr\u00e9sentes sur le site ne peuvent pas \u00eatre utilis\u00e9es pour l\u2019auto-traitement et l\u2019autodiagnostic. Toute instruction sp\u00e9cifique pour un patient particulier doit \u00eatre convenue avec votre conseiller en soins de sant\u00e9 ou votre m\u00e9decin en charge du cas. Nous d\u00e9clinons la fiabilit\u00e9 de ces informations et des erreurs qu&#8217;elles pourraient contenir. Nous ne sommes pas responsables de tout dommage direct, indirect, sp\u00e9cial ou autre indirect r\u00e9sultant de toute utilisation des informations pr\u00e9sentes sur ce site ainsi que des cons\u00e9quences de l&#8217;auto-traitement.<\/p>\n","protected":false},"excerpt":{"rendered":"<p>Le Cobra Generic est l\u2019un des m\u00e9dicaments les plus connus au monde, utilis\u00e9 pour traiter la dysfonction \u00e9rectile, ou DE, et l\u2019impuissance. Le sild\u00e9nafil est l&#8217;ingr\u00e9dient actif du Cobra Generic. Il d\u00e9tend les muscles et les vaisseaux sanguins du p\u00e9nis pour une meilleure circulation sanguine, permettant ainsi \u00e0 un homme de d\u00e9velopper plus facilement une \u00e9rection. Prenez du Cobra Generic dans les 60 minutes suivant une activit\u00e9 sexuelle pour faciliter l\u2019\u00e9rection. Notez que les effets secondaires courants incluent des changements temporaires dans la vision et des bouff\u00e9es vasomotrices.<\/p>\n","protected":false},"featured_media":3078,"comment_status":"open","ping_status":"closed","template":"","meta":[],"product_brand":[],"product_cat":[120],"product_tag":[],"class_list":{"0":"post-3090","1":"product","2":"type-product","3":"status-publish","4":"has-post-thumbnail","6":"product_cat-dysfonction-erectile-fr","7":"pa_active_substance-sildenafil","8":"pa_active_substance-tadalafil","10":"first","11":"instock","12":"shipping-taxable","13":"product-type-variable"},"jetpack_sharing_enabled":true,"_links":{"self":[{"href":"https:\/\/www.pharmacy-content.com\/wp-json\/wp\/v2\/product\/3090","targetHints":{"allow":["GET"]}}],"collection":[{"href":"https:\/\/www.pharmacy-content.com\/wp-json\/wp\/v2\/product"}],"about":[{"href":"https:\/\/www.pharmacy-content.com\/wp-json\/wp\/v2\/types\/product"}],"replies":[{"embeddable":true,"href":"https:\/\/www.pharmacy-content.com\/wp-json\/wp\/v2\/comments?post=3090"}],"wp:featuredmedia":[{"embeddable":true,"href":"https:\/\/www.pharmacy-content.com\/wp-json\/wp\/v2\/media\/3078"}],"wp:attachment":[{"href":"https:\/\/www.pharmacy-content.com\/wp-json\/wp\/v2\/media?parent=3090"}],"wp:term":[{"taxonomy":"product_brand","embeddable":true,"href":"https:\/\/www.pharmacy-content.com\/wp-json\/wp\/v2\/product_brand?post=3090"},{"taxonomy":"product_cat","embeddable":true,"href":"https:\/\/www.pharmacy-content.com\/wp-json\/wp\/v2\/product_cat?post=3090"},{"taxonomy":"product_tag","embeddable":true,"href":"https:\/\/www.pharmacy-content.com\/wp-json\/wp\/v2\/product_tag?post=3090"}],"curies":[{"name":"wp","href":"https:\/\/api.w.org\/{rel}","templated":true}]}}