{"id":3017,"date":"2026-04-22T06:47:42","date_gmt":"2026-04-22T06:47:42","guid":{"rendered":""},"modified":"2026-04-22T06:47:52","modified_gmt":"2026-04-22T06:47:52","slug":"cialis-soft-5","status":"publish","type":"product","link":"https:\/\/www.pharmacy-content.com\/?product=cialis-soft-5&lang=es","title":{"rendered":"Cialis Soft"},"content":{"rendered":"<p>Dosis y forma de administraci\u00f3n. T\u00f3melo por v\u00eda oral una vez al d\u00eda, con o sin alimentos. La dosis recomendada es de 20 mg y debe tomarse al menos 16 minutos antes de la relaci\u00f3n sexual. Precauciones. Se recomienda no tomar Cialis con zumo de pomelo, bebidas alcoh\u00f3licas ni tabaco. Si fuma y toma Cialis al mismo tiempo podr\u00eda desarrollar una afecci\u00f3n denominada NAION (p\u00e9rdida repentina de visi\u00f3n relacionada con el nervio \u00f3ptico). Informe a su m\u00e9dico antes de tomar Cialis si tiene alguna anomal\u00eda en el pene, como curvatura o defectos cong\u00e9nitos, y si en su historial m\u00e9dico figura alguna enfermedad coronaria, arritmia, angina de pecho, infarto de miocardio o insuficiencia card\u00edaca, hipo o hipertensi\u00f3n, hemorragia, \u00falcera de est\u00f3mago, diabetes, hiperlipidemia (exceso de l\u00edpidos en la sangre), anemia falciforme o insuficiencia hep\u00e1tica o renal. Contraindicaciones. Cialis est\u00e1 contraindicado en pacientes bajo tratamiento con cualquier forma de nitrato org\u00e1nico, ya sea de forma regular o discontinua, ya que puede potenciar sus efectos hipotensores. Posibles efectos adversos. Los efectos adversos m\u00e1s frecuentes de Cialis son enrojecimiento facial, dolor de cabeza, malestar estomacal, diarrea, s\u00edntomas similares a los de la gripe y n\u00e1useas. En casos menos frecuentes, puede aparecer hipotensi\u00f3n arterial, visi\u00f3n borrosa y alteraci\u00f3n en la percepci\u00f3n de los colores, as\u00ed como eyaculaci\u00f3n an\u00f3mala. Tambi\u00e9n es posible que se produzcan erecciones prolongadas o priapismo (erecciones dolorosas que duran m\u00e1s de 6 horas). Si su erecci\u00f3n dura m\u00e1s de 4 horas, busque asistencia m\u00e9dica inmediata, ya que podr\u00eda sufrir da\u00f1os permanentes en el pene. Se han notificado casos de agravamiento de problemas card\u00edacos en pacientes con cardiopat\u00edas preexistentes que han tomado Cialis. Interacciones farmacol\u00f3gicas. La administraci\u00f3n conjunta con medicamentos a base de nitratos org\u00e1nicos puede provocar hipotensi\u00f3n grave, muy peligrosa en algunos casos. Se debe evitar tomar Cialis con medicamentos como tetranitrato de eritritilo, dinitrato de isosorbida, mononitrato de isosorbida, nitroglicerina y tetranitrato de pentaeritritol. Los niveles y la toxicidad de Cialis aumentan con la eritromicina, el ketoconazol (Nizoral), el itraconazol (Sporanox), el indinavir (Crixivan) y el ritonavir (Norvir). Informe a su m\u00e9dico si est\u00e1 tomando atazanavir, bunazosina, claritromicina, doxazosina, eritromicina, indinavir, itraconazol, ketoconazol, moxisilita, nefazodona, nelfinavir, fenoxibenzamina, fentolamina, prazosina, saquinavir, telitromicina, terazosina, trimazosina o urapidil, ya que podr\u00eda ser necesario ajustar la dosis de Cialis. Si olvida una dosis. Cuando Cialis se toma para tratar la disfunci\u00f3n er\u00e9ctil, el olvido de una dosis no es relevante, ya que se toma demanda. Sobredosis. La sobredosis de Cialis provoca los s\u00edntomas descritos en los Efectos adversos. Busque asistencia m\u00e9dica inmediata si cree que ha tomado una dosis excesiva de este medicamento. Almacenamiento. Gu\u00e1rdelo a temperatura ambiente, en un recipiente herm\u00e9tico protegido de la humedad y la luz solar, y fuera del alcance de los ni\u00f1os y las mascotas.<\/p>\n","protected":false},"excerpt":{"rendered":"<p>Cialis Soft mejora la erecci\u00f3n y ayuda a lograr una relaci\u00f3n sexual satisfactoria. Si hay excitaci\u00f3n sexual, puede hacer efecto incluso 16 minutos despu\u00e9s de haber tomado el medicamento y dura 36 horas, por lo que puede elegir el momento m\u00e1s adecuado para tomar Cialis y tener varias relaciones sexuales durante el tiempo indicado.<\/p>\n","protected":false},"featured_media":2977,"comment_status":"open","ping_status":"closed","template":"","meta":[],"product_brand":[],"product_cat":[126],"product_tag":[],"class_list":{"0":"post-3017","1":"product","2":"type-product","3":"status-publish","4":"has-post-thumbnail","6":"product_cat-disfuncion-erectil-es","7":"pa_active_substance-tadalafil","9":"first","10":"instock","11":"shipping-taxable","12":"product-type-variable"},"jetpack_sharing_enabled":true,"_links":{"self":[{"href":"https:\/\/www.pharmacy-content.com\/index.php?rest_route=\/wp\/v2\/product\/3017","targetHints":{"allow":["GET"]}}],"collection":[{"href":"https:\/\/www.pharmacy-content.com\/index.php?rest_route=\/wp\/v2\/product"}],"about":[{"href":"https:\/\/www.pharmacy-content.com\/index.php?rest_route=\/wp\/v2\/types\/product"}],"replies":[{"embeddable":true,"href":"https:\/\/www.pharmacy-content.com\/index.php?rest_route=%2Fwp%2Fv2%2Fcomments&post=3017"}],"wp:featuredmedia":[{"embeddable":true,"href":"https:\/\/www.pharmacy-content.com\/index.php?rest_route=\/wp\/v2\/media\/2977"}],"wp:attachment":[{"href":"https:\/\/www.pharmacy-content.com\/index.php?rest_route=%2Fwp%2Fv2%2Fmedia&parent=3017"}],"wp:term":[{"taxonomy":"product_brand","embeddable":true,"href":"https:\/\/www.pharmacy-content.com\/index.php?rest_route=%2Fwp%2Fv2%2Fproduct_brand&post=3017"},{"taxonomy":"product_cat","embeddable":true,"href":"https:\/\/www.pharmacy-content.com\/index.php?rest_route=%2Fwp%2Fv2%2Fproduct_cat&post=3017"},{"taxonomy":"product_tag","embeddable":true,"href":"https:\/\/www.pharmacy-content.com\/index.php?rest_route=%2Fwp%2Fv2%2Fproduct_tag&post=3017"}],"curies":[{"name":"wp","href":"https:\/\/api.w.org\/{rel}","templated":true}]}}