{"id":3007,"date":"2026-04-22T06:47:40","date_gmt":"2026-04-22T06:47:40","guid":{"rendered":""},"modified":"2026-04-22T06:47:52","modified_gmt":"2026-04-22T06:47:52","slug":"cialis-soft-4","status":"publish","type":"product","link":"https:\/\/www.pharmacy-content.com\/it\/product\/cialis-soft-4\/","title":{"rendered":"Cialis Soft"},"content":{"rendered":"<p>Dosaggio e Modalit\u00e0 d&#8217;Uso. Assumere per via orale una volta al giorno, a stomaco pieno o vuoto. La dose raccomandata di 20 mg deve essere presa almeno 16 minuti prima del rapporto sessuale. Precauzioni. \u00c8 preferibile non usare Cialis in concomitanza con succo di pompelmo, bevande alcoliche e tabacco. L&#8217;uso concomitante del Cialis e fumo pu\u00f2 causare una condizione di nome NAION, ovvero una perdita improvvisa della vista correlata al nervo ottico. Informare il medico prima di assumere il Cialis se si presentano, o si sono avuti in passato, i seguenti problemi: anomalie del pene, inclusi pene curvo o difetti congeniti, malattia coronarica, aritmia, angina, infarto o insufficienza cardiaca, ipotensione o ipertensione, disturbi emorragici, ulcere gastriche, diabete, iperlipidemia (eccesso di lipidi nel sangue), anemia falciforme, insufficienza epatica o renale. Controindicazioni. Il Cialis \u00e8 controindicato nei pazienti che utilizzano qualsiasi forma di nitrato organico, sia regolarmente che saltuariamente, in quanto \u00e8 in grado di potenziarne l&#8217;effetto ipotensivo. Possibili Effetti Collaterali. Gli effetti collaterali pi\u00f9 comuni del Cialis sono: vampate di calore al viso (arrossamento), mal di testa, mal di stomaco, diarrea, sintomi simil-influenzali e nausea. In casi pi\u00f9 rari possono manifestarsi: ipotensione, visione offuscata e alterazioni nella percezione dei colori, eiaculazione anomala. Sono possibili anche erezioni prolungate o priapismo (erezione dolorosa che dura pi\u00f9 di 6 ore). Se l&#8217;erezione supera le 4 ore, \u00e8 necessario richiedere immediatamente assistenza medica, poich\u00e9 potrebbe causare danni permanenti al pene. \u00c8 stato riportato un peggioramento dei disturbi cardiaci nei pazienti con cardiopatie preesistenti che facevano uso del Cialis. Interazioni Farmacologiche. La co-somministrazione con farmaci contenenti nitrati organici pu\u00f2 causare una grave ipotensione, con conseguenze potenzialmente pericolose. Evitare di assumere il Cialis con medicinali come: eritritil tetranitrato, isosorbide dinitrato, isosorbide mononitrato, nitroglicerina, pentaeritritolo tetranitrato. I livelli di tossicit\u00e0 del Cialis possono aumentare se assunto con: eritromicina, ketoconazolo (Nizoral), itraconazolo (Sporanox), indinavir (Crixivan) e ritonavir (Norvir). Informare il medico se si stanno assumendo atazanavir, bunazosin, claritromicina, doxazosin, eritromicina, indinavir, itraconazolo, ketoconazolo, moxisylyte, nefazodone, nelfinavir, fenossibenzamina, fentolamina, prazosin, saquinavir, telitromicina, terazosin, trimazosin, urapidil, in quanto la dose del Cialis potrebbe richiedere una correzione. Dose Dimenticata. Dato che il Cialis per la disfunzione erettile si assume solo al bisogno, non c&#8217;\u00e8 il rischio di dimenticare una dose. Sovradosaggio. Il sovradosaggio del Cialis provoca i sintomi descritti nella sezione Effetti Collaterali. Cercare immediatamente assistenza medica se si ritiene di aver assunto una quantit\u00e0 eccessiva di questo farmaco. Conservazione. Conservare a temperatura ambiente, lontano da umidit\u00e0, luce solare, bambini e animali domestici, in un contenitore ermetico.<\/p>\n","protected":false},"excerpt":{"rendered":"<p>Il Cialis Soft migliora l&#8217;erezione e consente di avere rapporti sessuali soddisfacenti. In presenza di stimolazione sessuale, i suoi effetti si manifestano in soli 16 minuti dall&#8217;assunzione e persistono per 36 ore. Grazie a questa lunga durata il paziente pu\u00f2 scegliere il momento ideale per l&#8217;assunzione del Cialis, potendo avere pi\u00f9 rapporti nell&#8217;intervallo di tempo indicato.<\/p>\n","protected":false},"featured_media":2977,"comment_status":"open","ping_status":"closed","template":"","meta":[],"product_brand":[],"product_cat":[123],"product_tag":[],"class_list":{"0":"post-3007","1":"product","2":"type-product","3":"status-publish","4":"has-post-thumbnail","6":"product_cat-disfunzione-erettile-it","7":"pa_active_substance-tadalafil","9":"first","10":"instock","11":"shipping-taxable","12":"product-type-variable"},"jetpack_sharing_enabled":true,"_links":{"self":[{"href":"https:\/\/www.pharmacy-content.com\/wp-json\/wp\/v2\/product\/3007","targetHints":{"allow":["GET"]}}],"collection":[{"href":"https:\/\/www.pharmacy-content.com\/wp-json\/wp\/v2\/product"}],"about":[{"href":"https:\/\/www.pharmacy-content.com\/wp-json\/wp\/v2\/types\/product"}],"replies":[{"embeddable":true,"href":"https:\/\/www.pharmacy-content.com\/wp-json\/wp\/v2\/comments?post=3007"}],"wp:featuredmedia":[{"embeddable":true,"href":"https:\/\/www.pharmacy-content.com\/wp-json\/wp\/v2\/media\/2977"}],"wp:attachment":[{"href":"https:\/\/www.pharmacy-content.com\/wp-json\/wp\/v2\/media?parent=3007"}],"wp:term":[{"taxonomy":"product_brand","embeddable":true,"href":"https:\/\/www.pharmacy-content.com\/wp-json\/wp\/v2\/product_brand?post=3007"},{"taxonomy":"product_cat","embeddable":true,"href":"https:\/\/www.pharmacy-content.com\/wp-json\/wp\/v2\/product_cat?post=3007"},{"taxonomy":"product_tag","embeddable":true,"href":"https:\/\/www.pharmacy-content.com\/wp-json\/wp\/v2\/product_tag?post=3007"}],"curies":[{"name":"wp","href":"https:\/\/api.w.org\/{rel}","templated":true}]}}