{"id":2967,"date":"2026-04-22T06:47:26","date_gmt":"2026-04-22T06:47:26","guid":{"rendered":""},"modified":"2026-04-22T06:59:59","modified_gmt":"2026-04-22T06:59:59","slug":"cenforce-d-10","status":"publish","type":"product","link":"https:\/\/www.pharmacy-content.com\/?product=cenforce-d-10&lang=cs","title":{"rendered":"Cenforce-D"},"content":{"rendered":"<p>B\u011b\u017en\u00e9 pou\u017eit\u00ed<br \/>\nHlavn\u00ed slo\u017ekou Cenforce je Sildenafil Citr\u00e1t. Sildenafil Citr\u00e1t ovliv\u0148uje reakci na sexu\u00e1ln\u00ed stimulaci. P\u016fsob\u00ed tak, \u017ee zvy\u0161uje relaxaci hladk\u00e9ho svalstva pomoc\u00ed oxidu dusnat\u00e9ho, chemick\u00e9 l\u00e1tky, kter\u00e1 se norm\u00e1ln\u011b uvol\u0148uje jako reakce na sexu\u00e1ln\u00ed stimulaci. Tato relaxace hladk\u00e9ho svalstva umo\u017e\u0148uje zv\u00fd\u0161en\u00fd pr\u016ftok krve do ur\u010dit\u00fdch oblast\u00ed penisu, co\u017e vede k erekci. Sildenafil Citr\u00e1t se pou\u017e\u00edv\u00e1 k l\u00e9\u010db\u011b erektiln\u00ed dysfunkce (impotence) u mu\u017e\u016f a plicn\u00ed arteri\u00e1ln\u00ed hypertenze. M\u016f\u017ee b\u00fdt tak\u00e9 pou\u017eit k jin\u00fdm \u00fa\u010del\u016fm, kter\u00e9 nejsou uvedeny v\u00fd\u0161e.<br \/>\nD\u00e1vkov\u00e1n\u00ed a sm\u011br<br \/>\nObvykle je doporu\u010den\u00e1 d\u00e1vka 50 mg. U\u017e\u00edv\u00e1 se p\u0159ibli\u017en\u011b 0,5\u20131 hodinu p\u0159ed sexu\u00e1ln\u00ed aktivitou. Neu\u017e\u00edvejte Cenforce v\u00edce ne\u017e jednou denn\u011b. J\u00eddlo s vysok\u00fdm obsahem tuku m\u016f\u017ee zpozdit \u00fa\u010dinek tohoto l\u00e9ku. Sna\u017ete se nej\u00edst grapefruit nebo p\u00edt grapefruitov\u00fd d\u017eus, zat\u00edmco jste l\u00e9\u010deni Sildenafil Citr\u00e1tem.<br \/>\nOpat\u0159en\u00ed<br \/>\nP\u0159ed zah\u00e1jen\u00edm u\u017e\u00edv\u00e1n\u00ed Sildenafil Citr\u00e1tu informujte sv\u00e9ho l\u00e9ka\u0159e nebo l\u00e9k\u00e1rn\u00edka, pokud na n\u011bj m\u00e1te alergii; nebo pokud m\u00e1te jak\u00e9koli dal\u0161\u00ed alergie. Star\u0161\u00ed lid\u00e9 mohou b\u00fdt citliv\u011bj\u0161\u00ed na vedlej\u0161\u00ed \u00fa\u010dinky l\u00e9ku.<br \/>\nKontraindikace<br \/>\nCenforce je kontraindikov\u00e1n u pacient\u016f u\u017e\u00edvaj\u00edc\u00edch jin\u00fd l\u00e9k na impotenci nebo u\u017e\u00edvaj\u00edc\u00edch l\u00e9ky na b\u00e1zi nitr\u00e1t\u016f pro bolesti na hrudi nebo srde\u010dn\u00ed probl\u00e9my. Tento l\u00e9k by nem\u011bli u\u017e\u00edvat \u017eeny a d\u011bti, ani pacienti s prok\u00e1zanou hypersenzitivitou na jakoukoli slo\u017eku tablety.<br \/>\nMo\u017en\u00e9 vedlej\u0161\u00ed \u00fa\u010dinky<br \/>\nMezi nej\u010dast\u011bj\u0161\u00ed vedlej\u0161\u00ed \u00fa\u010dinky pat\u0159\u00ed bolest hlavy, zarudnut\u00ed, p\u00e1len\u00ed \u017e\u00e1hy, nevolnost, ucp\u00e1n\u00ed nosu, pocit lehkosti, z\u00e1vrat\u011b nebo pr\u016fjem. V\u00e1\u017en\u00e1 alergick\u00e1 reakce na tento l\u00e9k je velmi vz\u00e1cn\u00e1, ale pokud k n\u00ed dojde, vyhledejte okam\u017eitou l\u00e9ka\u0159skou pomoc. Mnoho lid\u00ed u\u017e\u00edvaj\u00edc\u00edch tento l\u00e9k nem\u00e1 v\u00e1\u017en\u00e9 vedlej\u0161\u00ed \u00fa\u010dinky. Pokud zaznamen\u00e1te jak\u00e9koli vedlej\u0161\u00ed \u00fa\u010dinky, kter\u00e9 nejsou uvedeny v\u00fd\u0161e, kontaktujte sv\u00e9ho l\u00e9ka\u0159e nebo l\u00e9k\u00e1rn\u00edka.<br \/>\nL\u00e9kov\u00e9 interakce<br \/>\nTento l\u00e9k by nem\u011bl b\u00fdt u\u017e\u00edv\u00e1n s nitr\u00e1ty a rekrea\u010dn\u00edmi drogami naz\u00fdvan\u00fdmi poppers, kter\u00e9 obsahuj\u00ed amyl nebo butyl nitrit; s l\u00e9ky alfa-blok\u00e1tory; jin\u00fdmi l\u00e9ky na impotenci; l\u00e9ky na vysok\u00fd krevn\u00ed tlak atd. Pro v\u00edce informac\u00ed se obra\u0165te na sv\u00e9ho l\u00e9ka\u0159e nebo l\u00e9k\u00e1rn\u00edka.<br \/>\nVynechan\u00e1 d\u00e1vka<br \/>\nCenforce se u\u017e\u00edv\u00e1 podle pot\u0159eby, tak\u017ee je nepravd\u011bpodobn\u00e9, \u017ee byste byli na rozvrhu d\u00e1vkov\u00e1n\u00ed.<br \/>\nP\u0159ed\u00e1vkov\u00e1n\u00ed<br \/>\nPokud si mysl\u00edte, \u017ee jste u\u017eili p\u0159\u00edli\u0161 mnoho tohoto l\u00e9ku, okam\u017eit\u011b vyhledejte l\u00e9ka\u0159skou pomoc. P\u0159\u00edznaky p\u0159ed\u00e1vkov\u00e1n\u00ed obvykle zahrnuj\u00ed bolest na hrudi, nevolnost, nepravideln\u00fd srde\u010dn\u00ed tep a pocit lehkosti nebo mdloby.<br \/>\nSkladov\u00e1n\u00ed<br \/>\nSkladujte l\u00e9ky p\u0159i pokojov\u00e9 teplot\u011b mezi 68-77 \u00b0F (20-25 \u00b0C) mimo sv\u011btlo a vlhkost. Neskladujte l\u00e9ky v koupeln\u011b. Dr\u017ete v\u0161echny l\u00e9ky mimo dosah d\u011bt\u00ed a dom\u00e1c\u00edch zv\u00ed\u0159at.<br \/>\nZ\u0159eknut\u00ed se odpov\u011bdnosti<br \/>\nPoskytujeme pouze obecn\u00e9 informace o l\u00e9c\u00edch, kter\u00e9 nepokr\u00fdvaj\u00ed v\u0161echny pokyny, mo\u017en\u00e9 l\u00e9kov\u00e9 interakce nebo opat\u0159en\u00ed. Informace na webu nelze pou\u017e\u00edt pro samol\u00e9\u010dbu a samodiagn\u00f3zu. Jak\u00e9koli specifick\u00e9 pokyny pro konkr\u00e9tn\u00edho pacienta by m\u011bly b\u00fdt dohodnuty s va\u0161\u00edm zdravotnick\u00fdm poradcem nebo l\u00e9ka\u0159em odpov\u011bdn\u00fdm za p\u0159\u00edpad. Diskutujeme o spolehlivosti t\u011bchto informac\u00ed a o chyb\u00e1ch, kter\u00e9 mohou obsahovat. Neodpov\u00edd\u00e1me za \u017e\u00e1dn\u00e9 p\u0159\u00edm\u00e9, nep\u0159\u00edm\u00e9, zvl\u00e1\u0161tn\u00ed nebo jin\u00e9 nep\u0159\u00edm\u00e9 \u0161kody, kter\u00e9 vzniknou z jak\u00e9hokoli pou\u017eit\u00ed informac\u00ed na t\u00e9to str\u00e1nce, a tak\u00e9 za d\u016fsledky samol\u00e9\u010dby.<\/p>\n","protected":false},"excerpt":{"rendered":"<p>Cenforce-D Generic je kombinac\u00ed \u00fa\u010dinn\u00fdch l\u00e1tek, kter\u00e9 se pou\u017e\u00edvaj\u00ed k l\u00e9\u010db\u011b erektiln\u00ed dysfunkce a p\u0159ed\u010dasn\u00e9 ejakulace.<\/p>\n","protected":false},"featured_media":6044,"comment_status":"open","ping_status":"closed","template":"","meta":[],"product_brand":[],"product_cat":[141],"product_tag":[],"class_list":{"0":"post-2967","1":"product","2":"type-product","3":"status-publish","4":"has-post-thumbnail","6":"product_cat-erektilni-dysfunkce-cs","7":"pa_active_substance-dapoxetine","8":"pa_active_substance-sildenafil","10":"first","11":"instock","12":"shipping-taxable","13":"product-type-simple"},"jetpack_sharing_enabled":true,"_links":{"self":[{"href":"https:\/\/www.pharmacy-content.com\/index.php?rest_route=\/wp\/v2\/product\/2967","targetHints":{"allow":["GET"]}}],"collection":[{"href":"https:\/\/www.pharmacy-content.com\/index.php?rest_route=\/wp\/v2\/product"}],"about":[{"href":"https:\/\/www.pharmacy-content.com\/index.php?rest_route=\/wp\/v2\/types\/product"}],"replies":[{"embeddable":true,"href":"https:\/\/www.pharmacy-content.com\/index.php?rest_route=%2Fwp%2Fv2%2Fcomments&post=2967"}],"wp:featuredmedia":[{"embeddable":true,"href":"https:\/\/www.pharmacy-content.com\/index.php?rest_route=\/wp\/v2\/media\/6044"}],"wp:attachment":[{"href":"https:\/\/www.pharmacy-content.com\/index.php?rest_route=%2Fwp%2Fv2%2Fmedia&parent=2967"}],"wp:term":[{"taxonomy":"product_brand","embeddable":true,"href":"https:\/\/www.pharmacy-content.com\/index.php?rest_route=%2Fwp%2Fv2%2Fproduct_brand&post=2967"},{"taxonomy":"product_cat","embeddable":true,"href":"https:\/\/www.pharmacy-content.com\/index.php?rest_route=%2Fwp%2Fv2%2Fproduct_cat&post=2967"},{"taxonomy":"product_tag","embeddable":true,"href":"https:\/\/www.pharmacy-content.com\/index.php?rest_route=%2Fwp%2Fv2%2Fproduct_tag&post=2967"}],"curies":[{"name":"wp","href":"https:\/\/api.w.org\/{rel}","templated":true}]}}