{"id":2904,"date":"2026-04-22T06:47:17","date_gmt":"2026-04-22T06:47:17","guid":{"rendered":""},"modified":"2026-04-22T06:59:58","modified_gmt":"2026-04-22T06:59:58","slug":"cenforce-d-3","status":"publish","type":"product","link":"https:\/\/www.pharmacy-content.com\/fr\/product\/cenforce-d-3\/","title":{"rendered":"Cenforce-D"},"content":{"rendered":"<p>Utilisation courante<\/p>\n<p>Cenforce-D est utilis\u00e9 dans le traitement de l&#8217;\u00e9jaculation pr\u00e9coce et des troubles de l&#8217;\u00e9rection. Ces comprim\u00e9s contiennent comme principes actifs 100 mg de citrate de sild\u00e9nafil et 60 mg de dapox\u00e9tine.<br \/>\nCenforce-D, une association de deux m\u00e9dicaments, aide \u00e0 traiter l&#8217;\u00e9jaculation pr\u00e9coce et les troubles de l&#8217;\u00e9rection. Dans le premier cas, l&#8217;\u00e9jaculation pr\u00e9coce survient lorsque l&#8217;homme ne parvient pas \u00e0 retarder l&#8217;\u00e9jaculation. Cela peut \u00eatre d\u00fb \u00e0 de multiples raisons, \u00e0 la fois biologiques et psychologiques. Dans le second cas, l&#8217;homme ne parvient pas \u00e0 maintenir une \u00e9rection ferme lors des rapports sexuels.<\/p>\n<p>Posologie et mode d&#8217;administration<\/p>\n<p>Les doses de Cenforce-D varient selon les besoins de chaque patient. Il est donc conseill\u00e9 de consulter votre m\u00e9decin pour d\u00e9terminer la posologie adapt\u00e9e \u00e0 votre situation.<br \/>\nPar cons\u00e9quent, voici quelques points \u00e0 prendre en compte lors de la prise de ce m\u00e9dicament :<br \/>\nVous pouvez prendre Cenforce-D avec un verre d&#8217;eau 30 minutes \u00e0 1 heure avant l&#8217;activit\u00e9 sexuelle.<br \/>\nLe m\u00e9dicament agit g\u00e9n\u00e9ralement entre une et trois heures apr\u00e8s la prise.<br \/>\n\u00c9vitez les repas riches en graisses pendant le traitement. Cela pourrait alt\u00e9rer l&#8217;efficacit\u00e9 du m\u00e9dicament.<\/p>\n<p>Pr\u00e9cautions<\/p>\n<p>Il est pr\u00e9f\u00e9rable d&#8217;\u00e9viter la consommation d&#8217;alcool pendant la prise de ce m\u00e9dicament.<br \/>\nIl est \u00e9galement conseill\u00e9 d&#8217;\u00e9viter le jus de pamplemousse, car il peut interagir avec les m\u00e9dicaments et en diminuer l&#8217;efficacit\u00e9.<br \/>\nIl est \u00e9galement conseill\u00e9 d&#8217;\u00e9viter de conduire et d&#8217;utiliser des machines lourdes pendant la prise de ce m\u00e9dicament.<\/p>\n<p>Contre-indications<\/p>\n<p>Si vous pr\u00e9sentez l&#8217;un des probl\u00e8mes mentionn\u00e9s ci-dessous, vous ne devez pas prendre de comprim\u00e9s Cenforce-D : maladies cardiaques ou cardiovasculaires, accidents vasculaires c\u00e9r\u00e9braux, crises cardiaques, angine de poitrine, probl\u00e8mes de tension art\u00e9rielle, r\u00e9tinite pigmentaire, an\u00e9mie et VIH sont consid\u00e9r\u00e9s comme les principales contre-indications. Il est important de consulter un m\u00e9decin afin de conna\u00eetre les particularit\u00e9s du traitement.<\/p>\n<p>Effets secondaires possibles<\/p>\n<p>Si vous ressentez l&#8217;un des sympt\u00f4mes suivants, consultez imm\u00e9diatement un m\u00e9decin : maux de t\u00eate ; insomnie ; vertiges ; miction douloureuse ; \u00e9rection prolong\u00e9e et douloureuse ; br\u00fblures, picotements, engourdissements dans les bras et les pieds ; indigestion.<\/p>\n<p>Interactions m\u00e9dicamenteuses<\/p>\n<p>Les composants de Cenforce-D interagissent avec de nombreuses autres substances chimiques. Vous ne devez pas prendre ce m\u00e9dicament avec les m\u00e9dicaments sp\u00e9ciaux list\u00e9s ci-dessous : nitroprussiates ; nitrate d\u2019amyle ; antid\u00e9presseurs ; m\u00e9dicaments augmentant la s\u00e9rotonine ; tramadol ; lin\u00e9zolide. Veuillez noter qu\u2019un d\u00e9lai d\u2019environ 7 jours apr\u00e8s un traitement par Cenforce-D est n\u00e9cessaire avant de pouvoir prendre ces m\u00e9dicaments.<\/p>\n<p>Oubli de dose<\/p>\n<p>En cas d\u2019oubli de dose, respectez votre sch\u00e9ma th\u00e9rapeutique habituel et sautez simplement la dose oubli\u00e9e. Ne doublez jamais la dose, car cela pourrait entra\u00eener un surdosage. N\u2019oubliez pas que la posologie recommand\u00e9e sans danger suppose la prise d\u2019un seul comprim\u00e9 par jour.<\/p>\n<p>Surdosage<\/p>\n<p>Les sympt\u00f4mes graves d\u2019un surdosage peuvent \u00eatre mortels. C\u2019est pourquoi vous devez consulter un m\u00e9decin en cas de suspicion de surdosage. L\u2019absorption de doses importantes peut entra\u00eener des effets secondaires graves et persistants.<\/p>\n<p>Conservation<\/p>\n<p>Conservez Cenforce-D \u00e0 temp\u00e9rature ambiante, \u00e0 l&#8217;abri de la chaleur, de l&#8217;humidit\u00e9 et de la lumi\u00e8re directe. Il est \u00e9galement conseill\u00e9 de v\u00e9rifier la date de p\u00e9remption avant de prendre le m\u00e9dicament et de ne pas le prendre si la date est d\u00e9pass\u00e9e.<\/p>\n","protected":false},"excerpt":{"rendered":"<p>Cenforce-D est utilis\u00e9 dans le traitement de la dysfonction \u00e9rectile avec \u00e9jaculation pr\u00e9coce. Cenforce-D contient 100 mg de sild\u00e9nafil et 60 mg de dapox\u00e9tine.<\/p>\n","protected":false},"featured_media":6044,"comment_status":"open","ping_status":"closed","template":"","meta":[],"product_brand":[],"product_cat":[120],"product_tag":[],"class_list":{"0":"post-2904","1":"product","2":"type-product","3":"status-publish","4":"has-post-thumbnail","6":"product_cat-dysfonction-erectile-fr","7":"pa_active_substance-dapoxetine","8":"pa_active_substance-sildenafil","10":"first","11":"instock","12":"shipping-taxable","13":"product-type-simple"},"jetpack_sharing_enabled":true,"_links":{"self":[{"href":"https:\/\/www.pharmacy-content.com\/wp-json\/wp\/v2\/product\/2904","targetHints":{"allow":["GET"]}}],"collection":[{"href":"https:\/\/www.pharmacy-content.com\/wp-json\/wp\/v2\/product"}],"about":[{"href":"https:\/\/www.pharmacy-content.com\/wp-json\/wp\/v2\/types\/product"}],"replies":[{"embeddable":true,"href":"https:\/\/www.pharmacy-content.com\/wp-json\/wp\/v2\/comments?post=2904"}],"wp:featuredmedia":[{"embeddable":true,"href":"https:\/\/www.pharmacy-content.com\/wp-json\/wp\/v2\/media\/6044"}],"wp:attachment":[{"href":"https:\/\/www.pharmacy-content.com\/wp-json\/wp\/v2\/media?parent=2904"}],"wp:term":[{"taxonomy":"product_brand","embeddable":true,"href":"https:\/\/www.pharmacy-content.com\/wp-json\/wp\/v2\/product_brand?post=2904"},{"taxonomy":"product_cat","embeddable":true,"href":"https:\/\/www.pharmacy-content.com\/wp-json\/wp\/v2\/product_cat?post=2904"},{"taxonomy":"product_tag","embeddable":true,"href":"https:\/\/www.pharmacy-content.com\/wp-json\/wp\/v2\/product_tag?post=2904"}],"curies":[{"name":"wp","href":"https:\/\/api.w.org\/{rel}","templated":true}]}}