{"id":2849,"date":"2026-04-22T06:47:02","date_gmt":"2026-04-22T06:47:02","guid":{"rendered":""},"modified":"2026-04-22T06:47:10","modified_gmt":"2026-04-22T06:47:10","slug":"cenforce-soft-5","status":"publish","type":"product","link":"https:\/\/www.pharmacy-content.com\/?product=cenforce-soft-5&lang=es","title":{"rendered":"Cenforce Soft"},"content":{"rendered":"<p>Uso com\u00fan<\/p>\n<p>Cenforce Soft es un medicamento especialmente formulado que contiene citrato de sildenafil como ingrediente principal. Este medicamento se utiliza para el tratamiento de la disfunci\u00f3n er\u00e9ctil (DE) o impotencia en hombres. El citrato de sildenafil presente en esta pastilla pertenece a la clase de medicamentos conocidos como inhibidores de la fosfodiesterasa tipo 5 o PDE-5.<\/p>\n<p>Dosis y administraci\u00f3n<\/p>\n<p>Cenforce es un medicamento seguro para tratar la DE en hombres. Sin embargo, debe seguir ciertas pautas para garantizar la m\u00e1xima eficacia de esta pastilla para la DE:<br \/>\nTome Cenforce de 30 a 60 minutos antes de tener relaciones sexuales con su pareja.<br \/>\nLas tabletas de Cenforce se pueden ingerir con el est\u00f3mago vac\u00edo o lleno.<br \/>\nTome la pastilla entera y evite masticarla, triturarla o partirla.<br \/>\nEvite estrictamente tomar m\u00e1s de una dosis de Cenforce para aliviar la disfunci\u00f3n er\u00e9ctil.<\/p>\n<p>Precauciones<\/p>\n<p>Con cualquier medicamento, es fundamental saber qu\u00e9 precauciones debe tomar antes de tomarlo. Si planea tomar esta pastilla, debe tener en cuenta las siguientes precauciones:<br \/>\nSi es menor de 18 a\u00f1os, no puede tomar este medicamento.<br \/>\nSi padece problemas card\u00edacos, este medicamento no es para usted.<br \/>\nSi ha consumido una comida rica en grasas, los efectos de Cenforce Soft podr\u00edan tardar m\u00e1s en surtir efecto.<br \/>\nSi es hipertenso, no debe tomar este medicamento.<br \/>\nSi ha consumido alcohol, los efectos del medicamento podr\u00edan ser menores. Adem\u00e1s, el medicamento podr\u00eda tardar m\u00e1s en surtir efecto.<\/p>\n<p>Contraindicaciones<\/p>\n<p>Cenforce Soft est\u00e1 contraindicado en pacientes que toman otro medicamento para tratar la impotencia o que usan un medicamento con nitratos para el dolor de pecho o problemas card\u00edacos.<br \/>\nEste medicamento no debe ser utilizado por mujeres ni ni\u00f1os, ni por pacientes con hipersensibilidad conocida a alguno de los componentes del comprimido.<\/p>\n<p>Posibles efectos secundarios<\/p>\n<p>Algunos de los efectos secundarios de Cenforce Soft son: dolor de cabeza, malestar estomacal o acidez, sofocos, dolor de espalda y muscular, hinchaz\u00f3n de brazos, piernas y manos, y n\u00e1useas.<br \/>\nLa mayor\u00eda de estos s\u00edntomas no requieren consulta m\u00e9dica. Sin embargo, si los efectos secundarios empeoran o aparecen otros, es recomendable consultar a su m\u00e9dico de inmediato.<\/p>\n<p>Interacci\u00f3n con otros medicamentos<\/p>\n<p>No debe tomar Cenforce Soft con otros medicamentos, como nitratos, alfabloqueantes u otros medicamentos para la disfunci\u00f3n er\u00e9ctil. Consulte siempre a un m\u00e9dico sobre todos los medicamentos que est\u00e9 tomando para evitar interacciones.<\/p>\n<p>Dosis olvidada<\/p>\n<p>No hay que preocuparse por olvidar una dosis de Cenforce Soft. Puede tomarse cuando sea necesario, pero evite tomar dosis dobles en un d\u00eda.<\/p>\n<p>Sobredosis<\/p>\n<p>Si cree que ha usado demasiado de este medicamento, busque atenci\u00f3n m\u00e9dica de emergencia de inmediato. Los s\u00edntomas de sobredosis generalmente incluyen dolor en el pecho, n\u00e1useas, latidos card\u00edacos irregulares y sensaci\u00f3n de mareo o desmayo.<\/p>\n<p>Almacenamiento<\/p>\n<p>Debe conservar este medicamento a temperatura ambiente, en un lugar fresco y seco, alejado de la luz solar y la humedad. Mant\u00e9ngalo fuera del alcance de los ni\u00f1os y las mascotas.<\/p>\n","protected":false},"excerpt":{"rendered":"<p>Cenforce Soft es una tableta masticable. Al ser absorbido directamente en el torrente sangu\u00edneo, act\u00faa r\u00e1pidamente. Se utiliza para tratar problemas de erecci\u00f3n en hombres. El tiempo necesario para que el medicamento ejerza su acci\u00f3n es de aproximadamente media hora. El efecto se mantiene alrededor de cuatro horas.<\/p>\n","protected":false},"featured_media":2825,"comment_status":"open","ping_status":"closed","template":"","meta":[],"product_brand":[],"product_cat":[126],"product_tag":[],"class_list":{"0":"post-2849","1":"product","2":"type-product","3":"status-publish","4":"has-post-thumbnail","6":"product_cat-disfuncion-erectil-es","7":"pa_active_substance-sildenafil","9":"first","10":"instock","11":"shipping-taxable","12":"product-type-variable"},"jetpack_sharing_enabled":true,"_links":{"self":[{"href":"https:\/\/www.pharmacy-content.com\/index.php?rest_route=\/wp\/v2\/product\/2849","targetHints":{"allow":["GET"]}}],"collection":[{"href":"https:\/\/www.pharmacy-content.com\/index.php?rest_route=\/wp\/v2\/product"}],"about":[{"href":"https:\/\/www.pharmacy-content.com\/index.php?rest_route=\/wp\/v2\/types\/product"}],"replies":[{"embeddable":true,"href":"https:\/\/www.pharmacy-content.com\/index.php?rest_route=%2Fwp%2Fv2%2Fcomments&post=2849"}],"wp:featuredmedia":[{"embeddable":true,"href":"https:\/\/www.pharmacy-content.com\/index.php?rest_route=\/wp\/v2\/media\/2825"}],"wp:attachment":[{"href":"https:\/\/www.pharmacy-content.com\/index.php?rest_route=%2Fwp%2Fv2%2Fmedia&parent=2849"}],"wp:term":[{"taxonomy":"product_brand","embeddable":true,"href":"https:\/\/www.pharmacy-content.com\/index.php?rest_route=%2Fwp%2Fv2%2Fproduct_brand&post=2849"},{"taxonomy":"product_cat","embeddable":true,"href":"https:\/\/www.pharmacy-content.com\/index.php?rest_route=%2Fwp%2Fv2%2Fproduct_cat&post=2849"},{"taxonomy":"product_tag","embeddable":true,"href":"https:\/\/www.pharmacy-content.com\/index.php?rest_route=%2Fwp%2Fv2%2Fproduct_tag&post=2849"}],"curies":[{"name":"wp","href":"https:\/\/api.w.org\/{rel}","templated":true}]}}