{"id":2577,"date":"2026-04-22T06:46:14","date_gmt":"2026-04-22T06:46:14","guid":{"rendered":""},"modified":"2026-04-22T06:46:41","modified_gmt":"2026-04-22T06:46:41","slug":"cenforce-5","status":"publish","type":"product","link":"https:\/\/www.pharmacy-content.com\/?product=cenforce-5&lang=es","title":{"rendered":"Cenforce"},"content":{"rendered":"<p>Uso com\u00fan<\/p>\n<p>Cenforce es uno de los medicamentos m\u00e1s conocidos del mundo y se utiliza para tratar la disfunci\u00f3n er\u00e9ctil (DE) y la impotencia. El sildenafil es el principio activo de Cenforce. Relaja los m\u00fasculos y vasos sangu\u00edneos del pene para mejorar el flujo sangu\u00edneo, lo que facilita la erecci\u00f3n.<\/p>\n<p>Dosis y administraci\u00f3n<\/p>\n<p>Generalmente, la dosis recomendada es de 50 mg. Se toma aproximadamente entre media y una hora antes de la actividad sexual. No tome Cenforce m\u00e1s de una vez al d\u00eda. Una comida rica en grasas puede retrasar el efecto de este medicamento.<\/p>\n<p>Precauciones<\/p>\n<p>Antes de empezar a tomar Cenforce, informe a su m\u00e9dico o farmac\u00e9utico si es al\u00e9rgico al citrato de sildenafil o si tiene alguna otra alergia. Las personas mayores pueden ser m\u00e1s sensibles a los efectos secundarios del medicamento.<\/p>\n<p>Contraindicaciones<\/p>\n<p>Cenforce est\u00e1 contraindicado en pacientes que toman otro medicamento para tratar la impotencia o que usan un medicamento con nitratos para el dolor de pecho o problemas card\u00edacos.<br \/>\nEste medicamento no debe ser tomado por mujeres ni ni\u00f1os, ni por pacientes con hipersensibilidad conocida a alguno de los componentes del comprimido.<\/p>\n<p>Posibles efectos secundarios<\/p>\n<p>Los efectos secundarios m\u00e1s comunes son: dolor de cabeza, sofocos, acidez estomacal, malestar estomacal, congesti\u00f3n nasal, aturdimiento, mareos o diarrea.<br \/>\nUna reacci\u00f3n al\u00e9rgica grave a este medicamento es muy poco frecuente, pero busque atenci\u00f3n m\u00e9dica inmediata si se produce.<br \/>\nMuchas personas que usan este medicamento no presentan efectos secundarios graves. Si nota alg\u00fan efecto secundario no mencionado anteriormente, consulte a su m\u00e9dico.<\/p>\n<p>Interacci\u00f3n con otros medicamentos<\/p>\n<p>Cenforce no debe usarse con nitratos ni con drogas recreativas llamadas &#8216;poppers&#8217; que contengan nitrito de amilo o butilo; alfabloqueantes; otros medicamentos para la impotencia; ni medicamentos para la presi\u00f3n arterial alta. Consulte a su m\u00e9dico para obtener m\u00e1s informaci\u00f3n.<\/p>\n<p>Dosis omitida<\/p>\n<p>Cenforce se usa seg\u00fan sea necesario, por lo que es poco probable que siga un horario de dosificaci\u00f3n. No tome Cenforce m\u00e1s de una vez al d\u00eda.<\/p>\n<p>Sobredosis<\/p>\n<p>Si cree que ha usado demasiado de este medicamento, busque atenci\u00f3n m\u00e9dica de emergencia de inmediato. Los s\u00edntomas de sobredosis generalmente incluyen dolor en el pecho, n\u00e1useas, latidos card\u00edacos irregulares y sensaci\u00f3n de mareo o desmayo.<\/p>\n<p>Almacenamiento<\/p>\n<p>Guarde sus medicamentos a temperatura ambiente, entre 20 y 25 grados C (68 y 77 grados F), protegidos de la luz y la humedad. No los guarde en el ba\u00f1o. Mantenga todos los medicamentos fuera del alcance de los ni\u00f1os y las mascotas.<\/p>\n","protected":false},"excerpt":{"rendered":"<p>Cenforce es un medicamento eficaz para el tratamiento de la disfunci\u00f3n er\u00e9ctil (DE) o impotencia en los hombres. El citrato de sildenafil es el principio activo presente en el medicamento. Es un medicamento aprobado por la FDA para la disfunci\u00f3n er\u00e9ctil, que requiere receta m\u00e9dica.<\/p>\n","protected":false},"featured_media":2453,"comment_status":"open","ping_status":"closed","template":"","meta":[],"product_brand":[],"product_cat":[126],"product_tag":[],"class_list":{"0":"post-2577","1":"product","2":"type-product","3":"status-publish","4":"has-post-thumbnail","6":"product_cat-disfuncion-erectil-es","7":"pa_active_substance-sildenafil","9":"first","10":"instock","11":"shipping-taxable","12":"product-type-simple"},"jetpack_sharing_enabled":true,"_links":{"self":[{"href":"https:\/\/www.pharmacy-content.com\/index.php?rest_route=\/wp\/v2\/product\/2577","targetHints":{"allow":["GET"]}}],"collection":[{"href":"https:\/\/www.pharmacy-content.com\/index.php?rest_route=\/wp\/v2\/product"}],"about":[{"href":"https:\/\/www.pharmacy-content.com\/index.php?rest_route=\/wp\/v2\/types\/product"}],"replies":[{"embeddable":true,"href":"https:\/\/www.pharmacy-content.com\/index.php?rest_route=%2Fwp%2Fv2%2Fcomments&post=2577"}],"wp:featuredmedia":[{"embeddable":true,"href":"https:\/\/www.pharmacy-content.com\/index.php?rest_route=\/wp\/v2\/media\/2453"}],"wp:attachment":[{"href":"https:\/\/www.pharmacy-content.com\/index.php?rest_route=%2Fwp%2Fv2%2Fmedia&parent=2577"}],"wp:term":[{"taxonomy":"product_brand","embeddable":true,"href":"https:\/\/www.pharmacy-content.com\/index.php?rest_route=%2Fwp%2Fv2%2Fproduct_brand&post=2577"},{"taxonomy":"product_cat","embeddable":true,"href":"https:\/\/www.pharmacy-content.com\/index.php?rest_route=%2Fwp%2Fv2%2Fproduct_cat&post=2577"},{"taxonomy":"product_tag","embeddable":true,"href":"https:\/\/www.pharmacy-content.com\/index.php?rest_route=%2Fwp%2Fv2%2Fproduct_tag&post=2577"}],"curies":[{"name":"wp","href":"https:\/\/api.w.org\/{rel}","templated":true}]}}