{"id":2546,"date":"2026-04-22T06:46:10","date_gmt":"2026-04-22T06:46:10","guid":{"rendered":""},"modified":"2026-04-22T06:46:41","modified_gmt":"2026-04-22T06:46:41","slug":"cenforce-4","status":"publish","type":"product","link":"https:\/\/www.pharmacy-content.com\/?product=cenforce-4&lang=it","title":{"rendered":"Cenforce"},"content":{"rendered":"<p>Uso comune<\/p>\n<p>Cenforce \u00e8 uno dei farmaci pi\u00f9 noti al mondo, utilizzato per trattare la disfunzione erettile, o DE, e l&#8217;impotenza. Il principio attivo di Cenforce \u00e8 il sildenafil. Rilassa i muscoli e i vasi sanguigni nel pene per un migliore flusso sanguigno, rendendo pi\u00f9 facile per un uomo sviluppare un&#8217;erezione.<\/p>\n<p>Dosaggio e indicazioni<\/p>\n<p>Di solito la dose raccomandata \u00e8 di 50 mg. Si assume circa 0,5-1 ora prima dell&#8217;attivit\u00e0 sessuale. Non assumere Cenforce pi\u00f9 di una volta al giorno. Un pasto ricco di grassi pu\u00f2 ritardare il tempo dell&#8217;effetto di questo farmaco.<\/p>\n<p>Precauzioni<\/p>\n<p>Prima di iniziare a prendere Cenforce, informi il medico o il farmacista se \u00e8 allergico al citrato di sildenafil; o se ha altre allergie. Le persone anziane possono essere pi\u00f9 sensibili agli effetti collaterali del farmaco.<\/p>\n<p>Controindicazioni<\/p>\n<p>Cenforce \u00e8 controindicato nei pazienti che assumono un altro medicinale per trattare l&#8217;impotenza o che usano un farmaco a base di nitrati per il dolore al petto o problemi cardiaci.<br \/>\nQuesto medicinale non deve essere assunto da donne e bambini, cos\u00ec come nei pazienti con ipersensibilit\u00e0 nota a qualsiasi componente della compressa.<\/p>\n<p>Possibile effetto collaterale<\/p>\n<p>Gli effetti collaterali pi\u00f9 comuni sono: mal di testa, vampate di calore, bruciore di stomaco, disturbi allo stomaco, congestione nasale, stordimento, vertigini o diarrea.<br \/>\nUna grave reazione allergica a questo farmaco \u00e8 molto rara, ma se si verifica, cercare immediatamente assistenza medica.<br \/>\nMolte persone che usano questo medicinale non hanno gravi effetti collaterali. Nel caso in cui si notino effetti collaterali non elencati sopra, contattare il medico.<\/p>\n<p>Interazione farmacologica<\/p>\n<p>Cenforce non deve essere utilizzato con nitrati e droghe ricreative chiamate &#8216;poppers&#8217; contenenti nitrito di amile o butile; farmaci alfa-bloccanti; altri farmaci per l&#8217;impotenza; farmaci per l&#8217;ipertensione. Consultare il medico per maggiori dettagli.<\/p>\n<p>Dose dimenticata<\/p>\n<p>Cenforce viene utilizzato secondo necessit\u00e0, quindi \u00e8 improbabile che si segua un programma di dosaggio. Non assumere Cenforce pi\u00f9 di una volta al giorno.<\/p>\n<p>Sovradosaggio<\/p>\n<p>Se si pensa di aver assunto una quantit\u00e0 eccessiva di questo medicinale, rivolgersi immediatamente al pronto soccorso. I sintomi del sovradosaggio di solito includono dolore al petto, nausea, battito cardiaco irregolare e sensazione di testa leggera o svenimento.<\/p>\n<p>Conservazione<\/p>\n<p>Conserva i tuoi medicinali a temperatura ambiente tra 68-77 gradi F (20-25 gradi C), al riparo dalla luce e dall&#8217;umidit\u00e0. Non conservare i farmaci in bagno. Tieni tutti i farmaci fuori dalla portata dei bambini e degli animali domestici.<\/p>\n","protected":false},"excerpt":{"rendered":"<p>Cenforce \u00e8 un medicinale efficace per il trattamento della disfunzione erettile o impotenza maschile. Il citrato di Sildenafil \u00e8 il principio attivo presente nel farmaco. \u00c8 un farmaco approvato dalla FDA soggetto a prescrizione medica.<\/p>\n","protected":false},"featured_media":2453,"comment_status":"open","ping_status":"closed","template":"","meta":[],"product_brand":[],"product_cat":[123],"product_tag":[],"class_list":{"0":"post-2546","1":"product","2":"type-product","3":"status-publish","4":"has-post-thumbnail","6":"product_cat-disfunzione-erettile-it","7":"pa_active_substance-sildenafil","9":"first","10":"instock","11":"shipping-taxable","12":"product-type-simple"},"jetpack_sharing_enabled":true,"_links":{"self":[{"href":"https:\/\/www.pharmacy-content.com\/index.php?rest_route=\/wp\/v2\/product\/2546","targetHints":{"allow":["GET"]}}],"collection":[{"href":"https:\/\/www.pharmacy-content.com\/index.php?rest_route=\/wp\/v2\/product"}],"about":[{"href":"https:\/\/www.pharmacy-content.com\/index.php?rest_route=\/wp\/v2\/types\/product"}],"replies":[{"embeddable":true,"href":"https:\/\/www.pharmacy-content.com\/index.php?rest_route=%2Fwp%2Fv2%2Fcomments&post=2546"}],"wp:featuredmedia":[{"embeddable":true,"href":"https:\/\/www.pharmacy-content.com\/index.php?rest_route=\/wp\/v2\/media\/2453"}],"wp:attachment":[{"href":"https:\/\/www.pharmacy-content.com\/index.php?rest_route=%2Fwp%2Fv2%2Fmedia&parent=2546"}],"wp:term":[{"taxonomy":"product_brand","embeddable":true,"href":"https:\/\/www.pharmacy-content.com\/index.php?rest_route=%2Fwp%2Fv2%2Fproduct_brand&post=2546"},{"taxonomy":"product_cat","embeddable":true,"href":"https:\/\/www.pharmacy-content.com\/index.php?rest_route=%2Fwp%2Fv2%2Fproduct_cat&post=2546"},{"taxonomy":"product_tag","embeddable":true,"href":"https:\/\/www.pharmacy-content.com\/index.php?rest_route=%2Fwp%2Fv2%2Fproduct_tag&post=2546"}],"curies":[{"name":"wp","href":"https:\/\/api.w.org\/{rel}","templated":true}]}}