{"id":2515,"date":"2026-04-22T06:46:07","date_gmt":"2026-04-22T06:46:07","guid":{"rendered":""},"modified":"2026-04-22T06:46:41","modified_gmt":"2026-04-22T06:46:41","slug":"cenforce-3","status":"publish","type":"product","link":"https:\/\/www.pharmacy-content.com\/?product=cenforce-3&lang=fr","title":{"rendered":"Cenforce"},"content":{"rendered":"<p>Utilisation courante<\/p>\n<p>Cenforce est l&#8217;un des m\u00e9dicaments les plus connus au monde. Il est utilis\u00e9 pour traiter la dysfonction \u00e9rectile (DE) et l&#8217;impuissance. Le sild\u00e9nafil est le principe actif de Cenforce. Il d\u00e9tend les muscles et les vaisseaux sanguins du p\u00e9nis pour une meilleure circulation sanguine, facilitant ainsi l&#8217;obtention d&#8217;une \u00e9rection.<\/p>\n<p>Posologie et mode d&#8217;administration<\/p>\n<p>La dose g\u00e9n\u00e9ralement recommand\u00e9e est de 50 mg. Elle est \u00e0 prendre environ 0,5 \u00e0 1 heure avant l&#8217;activit\u00e9 sexuelle. Ne prenez pas Cenforce plus d&#8217;une fois par jour. Un repas riche en graisses peut retarder l&#8217;effet de ce m\u00e9dicament.<\/p>\n<p>Pr\u00e9cautions<\/p>\n<p>Avant de commencer \u00e0 prendre Cenforce, informez votre m\u00e9decin ou votre pharmacien si vous \u00eates allergique au citrate de sild\u00e9nafil ou si vous avez d&#8217;autres allergies. Les personnes \u00e2g\u00e9es peuvent \u00eatre plus sensibles aux effets secondaires du m\u00e9dicament.<\/p>\n<p>Contre-indications<\/p>\n<p>Cenforce est contre-indiqu\u00e9 chez les patients prenant un autre m\u00e9dicament pour traiter l&#8217;impuissance ou un m\u00e9dicament \u00e0 base de nitrate pour des douleurs thoraciques ou des probl\u00e8mes cardiaques.<br \/>\nCe m\u00e9dicament ne doit pas \u00eatre pris par les femmes et les enfants, ni par les patients pr\u00e9sentant une hypersensibilit\u00e9 connue \u00e0 l&#8217;un des composants du comprim\u00e9.<\/p>\n<p>Effet secondaire possible<\/p>\n<p>Les effets secondaires les plus fr\u00e9quents sont : maux de t\u00eate, bouff\u00e9es vasomotrices, br\u00fblures d&#8217;estomac, maux d&#8217;estomac, congestion nasale, \u00e9tourdissements, vertiges ou diarrh\u00e9e.<br \/>\nUne r\u00e9action allergique grave \u00e0 ce m\u00e9dicament est tr\u00e8s rare, mais consultez imm\u00e9diatement un m\u00e9decin si elle survient.<br \/>\nDe nombreuses personnes utilisant ce m\u00e9dicament ne pr\u00e9sentent pas d&#8217;effets secondaires graves. Si vous remarquez des effets secondaires non mentionn\u00e9s ci-dessus, contactez votre m\u00e9decin.<\/p>\n<p>Interactions m\u00e9dicamenteuses<\/p>\n<p>Cenforce ne doit pas \u00eatre utilis\u00e9 avec des nitrates et des drogues r\u00e9cr\u00e9atives appel\u00e9es &#8216;poppers&#8217; contenant du nitrite d&#8217;amyle ou de butyle ; des alpha-bloquants ; d&#8217;autres m\u00e9dicaments contre l&#8217;impuissance ; des m\u00e9dicaments contre l&#8217;hypertension. Consultez votre m\u00e9decin pour plus d&#8217;informations.<\/p>\n<p>Oubli de dose<\/p>\n<p>Cenforce est utilis\u00e9 au besoin ; il est donc peu probable que vous respectiez un sch\u00e9ma posologique. Ne prenez pas Cenforce plus d&#8217;une fois par jour.<\/p>\n<p>Surdosage<\/p>\n<p>Si vous pensez avoir pris une dose excessive de ce m\u00e9dicament, consultez imm\u00e9diatement un m\u00e9decin. Les sympt\u00f4mes d&#8217;un surdosage comprennent g\u00e9n\u00e9ralement des douleurs thoraciques, des naus\u00e9es, un rythme cardiaque irr\u00e9gulier, des \u00e9tourdissements ou des \u00e9vanouissements.<\/p>\n<p>Conservation<\/p>\n<p>Conservez vos m\u00e9dicaments \u00e0 temp\u00e9rature ambiante, entre 20 et 25 \u00b0C (68 et 77 \u00b0F), \u00e0 l&#8217;abri de la lumi\u00e8re et de l&#8217;humidit\u00e9. Ne les conservez pas dans la salle de bain. Gardez tous les m\u00e9dicaments hors de port\u00e9e des enfants et des animaux domestiques.<\/p>\n","protected":false},"excerpt":{"rendered":"<p>Cenforce est un m\u00e9dicament efficace dans le traitement de la dysfonction \u00e9rectile ou de l&#8217;impuissance chez les hommes. Le citrate de sild\u00e9nafil est l&#8217;ingr\u00e9dient actif de ce m\u00e9dicament. C\u2019est un m\u00e9dicament approuv\u00e9 par la FDA dans le traitement de la dysfonction \u00e9rectile. Il n\u00e9cessite une ordonnance.<\/p>\n","protected":false},"featured_media":2453,"comment_status":"open","ping_status":"closed","template":"","meta":[],"product_brand":[],"product_cat":[120],"product_tag":[],"class_list":{"0":"post-2515","1":"product","2":"type-product","3":"status-publish","4":"has-post-thumbnail","6":"product_cat-dysfonction-erectile-fr","7":"pa_active_substance-sildenafil","9":"first","10":"instock","11":"shipping-taxable","12":"product-type-simple"},"jetpack_sharing_enabled":true,"_links":{"self":[{"href":"https:\/\/www.pharmacy-content.com\/index.php?rest_route=\/wp\/v2\/product\/2515","targetHints":{"allow":["GET"]}}],"collection":[{"href":"https:\/\/www.pharmacy-content.com\/index.php?rest_route=\/wp\/v2\/product"}],"about":[{"href":"https:\/\/www.pharmacy-content.com\/index.php?rest_route=\/wp\/v2\/types\/product"}],"replies":[{"embeddable":true,"href":"https:\/\/www.pharmacy-content.com\/index.php?rest_route=%2Fwp%2Fv2%2Fcomments&post=2515"}],"wp:featuredmedia":[{"embeddable":true,"href":"https:\/\/www.pharmacy-content.com\/index.php?rest_route=\/wp\/v2\/media\/2453"}],"wp:attachment":[{"href":"https:\/\/www.pharmacy-content.com\/index.php?rest_route=%2Fwp%2Fv2%2Fmedia&parent=2515"}],"wp:term":[{"taxonomy":"product_brand","embeddable":true,"href":"https:\/\/www.pharmacy-content.com\/index.php?rest_route=%2Fwp%2Fv2%2Fproduct_brand&post=2515"},{"taxonomy":"product_cat","embeddable":true,"href":"https:\/\/www.pharmacy-content.com\/index.php?rest_route=%2Fwp%2Fv2%2Fproduct_cat&post=2515"},{"taxonomy":"product_tag","embeddable":true,"href":"https:\/\/www.pharmacy-content.com\/index.php?rest_route=%2Fwp%2Fv2%2Fproduct_tag&post=2515"}],"curies":[{"name":"wp","href":"https:\/\/api.w.org\/{rel}","templated":true}]}}