{"id":2446,"date":"2026-04-22T06:45:58","date_gmt":"2026-04-22T06:45:58","guid":{"rendered":""},"modified":"2026-04-22T06:46:00","modified_gmt":"2026-04-22T06:46:00","slug":"avana-10","status":"publish","type":"product","link":"https:\/\/www.pharmacy-content.com\/cs\/product\/avana-10\/","title":{"rendered":"Avana"},"content":{"rendered":"<p>B\u011b\u017en\u00e9 pou\u017eit\u00ed<\/p>\n<p>Avana, nebo avanafil, je siln\u00fd l\u00e9k pou\u017e\u00edvan\u00fd k l\u00e9\u010db\u011b erektiln\u00ed dysfunkce u mu\u017e\u016f v\u0161ech v\u011bkov\u00fdch kategori\u00ed. Je to inhibitor fosfodiester\u00e1zy, prod\u00e1van\u00fd pod zna\u010dkou Avana v USA.<\/p>\n<p>D\u00e1vkov\u00e1n\u00ed a pokyny<\/p>\n<p>Doporu\u010den\u00e1 d\u00e1vka Avany je jedna tableta 100 mg p\u0159ed pl\u00e1novanou sexu\u00e1ln\u00ed aktivitou. D\u00e1vkov\u00e1n\u00ed se v\u0161ak m\u016f\u017ee li\u0161it v z\u00e1vislosti na individu\u00e1ln\u00edch indikac\u00edch. Minim\u00e1ln\u00ed \u00fa\u010dinn\u00e1 d\u00e1vka je doporu\u010dena. Pacienti by nem\u011bli u\u017e\u00edvat Avanu \u010dast\u011bji ne\u017e jednou denn\u011b.<\/p>\n<p>Opat\u0159en\u00ed<\/p>\n<p>P\u0159ed u\u017eit\u00edm Avany k l\u00e9\u010db\u011b probl\u00e9m\u016f s erektiln\u00ed dysfunkc\u00ed byste se m\u011bli poradit se sv\u00fdm l\u00e9ka\u0159em. Z\u00e1kladn\u00ed probl\u00e9my mohou b\u00fdt jin\u00e9ho typu, co\u017e \u010din\u00ed u\u017e\u00edv\u00e1n\u00ed Avany m\u00e9n\u011b \u00fa\u010dinn\u00fdm ne\u017e obvykle. M\u011bli byste konzultovat sv\u00e9ho l\u00e9ka\u0159e, kter\u00fd vy\u0161et\u0159\u00ed v\u00e1\u0161 kardiovaskul\u00e1rn\u00ed stav a dal\u0161\u00ed zdravotn\u00ed probl\u00e9my, aby se p\u0159ede\u0161lo mo\u017en\u00fdm vedlej\u0161\u00edm \u00fa\u010dink\u016fm l\u00e9ku a l\u00e9\u010dba byla co nej\u00fa\u010dinn\u011bj\u0161\u00ed.<\/p>\n<p>Kontraindikace<\/p>\n<p>Avana (avanafil) by nem\u011bla b\u00fdt u\u017e\u00edv\u00e1na spole\u010dn\u011b s jak\u00fdmikoli organick\u00fdmi nitrity, z d\u016fvodu zv\u00fd\u0161en\u00e9ho rizika hypotenze. Nitrity lze u\u017e\u00edvat nejd\u0159\u00edve 12 hodin po u\u017eit\u00ed Avany. Jak\u00e1koli hypersenzitivita na l\u00e9k znemo\u017e\u0148uje pod\u00e1n\u00ed Avany.<\/p>\n<p>Mo\u017en\u00e9 vedlej\u0161\u00ed \u00fa\u010dinky<\/p>\n<p>Nej\u010dast\u011bj\u0161\u00ed ne\u017e\u00e1douc\u00ed \u00fa\u010dinky Avany zahrnuj\u00ed bolest hlavy (5 % u\u017eivatel\u016f) a zarudnut\u00ed (a\u017e 4 % u\u017eivatel\u016f). Dal\u0161\u00ed vedlej\u0161\u00ed \u00fa\u010dinky l\u00e9ku jsou ucp\u00e1n\u00ed nosu, bolesti zad a za\u017e\u00edvac\u00ed probl\u00e9my. V\u011bt\u0161ina t\u011bchto negativn\u00edch \u00fa\u010dink\u016f m\u016f\u017ee b\u00fdt minimalizov\u00e1na \u00fapravou d\u00e1vky podle va\u0161ich individu\u00e1ln\u00edch pot\u0159eb l\u00e9ka\u0159sk\u00fdm specialistou.<\/p>\n<p>Interakce s l\u00e9ky<\/p>\n<p>Avana by nem\u011bla b\u00fdt u\u017e\u00edv\u00e1na s \u017e\u00e1dn\u00fdmi organick\u00fdmi nitrity, alkoholem, alfa-blok\u00e1tory nebo antihypertenzivy. Interakce m\u016f\u017ee zp\u016fsobit hypotenzi v d\u016fsledku m\u00edsen\u00ed t\u011bchto l\u00e9k\u016f.<\/p>\n<p>Zme\u0161kan\u00e1 d\u00e1vka<\/p>\n<p>Nebyl pozorov\u00e1n negativn\u00ed terapeutick\u00fd \u00fa\u010dinek u pacient\u016f, kte\u0159\u00ed vynechali d\u00e1vku Avany. L\u00e9k nen\u00ed n\u00e1vykov\u00fd a m\u00e1 jednor\u00e1zov\u00fd \u00fa\u010dinek.<\/p>\n<p>P\u0159ed\u00e1vkov\u00e1n\u00ed<\/p>\n<p>Nep\u0159ed\u00e1vkujte se! P\u0159ed\u00e1vkov\u00e1n\u00ed Avanou m\u016f\u017ee zp\u016fsobit, \u017ee se vedlej\u0161\u00ed \u00fa\u010dinky projev\u00ed ve v\u011bt\u0161\u00ed intenzit\u011b. M\u016f\u017eete poci\u0165ovat z\u00e1vrat\u011b, ospalost, \u00fanavu a dal\u0161\u00ed p\u0159\u00edznaky p\u0159ed\u00e1vkov\u00e1n\u00ed. Pokud m\u00e1te zarudnut\u00ed, bolest hlavy nebo bolesti zad, okam\u017eit\u011b kontaktujte specialistu na l\u00e9ka\u0159skou p\u00e9\u010di pro pokyny.<\/p>\n<p>Skladov\u00e1n\u00ed<\/p>\n<p>Udr\u017eujte Avanu na such\u00e9m tmav\u00e9m m\u00edst\u011b, mimo dosah d\u011bt\u00ed, p\u0159i pokojov\u00e9 teplot\u011b.<\/p>\n<p>Z\u0159eknut\u00ed se odpov\u011bdnosti<\/p>\n<p>Poskytujeme pouze obecn\u00e9 informace o l\u00e9c\u00edch, kter\u00e9 nepokr\u00fdvaj\u00ed v\u0161echny pokyny, mo\u017en\u00e9 interakce l\u00e9k\u016f nebo opat\u0159en\u00ed. Informace na webu nemohou b\u00fdt pou\u017eity pro vlastn\u00ed l\u00e9\u010dbu a sebehodnocen\u00ed. Jak\u00e9koli konkr\u00e9tn\u00ed pokyny pro konkr\u00e9tn\u00edho pacienta by m\u011bly b\u00fdt dohodnuty s va\u0161\u00edm zdravotn\u00edm poradcem nebo l\u00e9ka\u0159em odpov\u011bdn\u00fdm za p\u0159\u00edpad. Z\u0159ek\u00e1me se spolehlivosti t\u011bchto informac\u00ed a jak\u00fdchkoli chyb, kter\u00e9 by mohly obsahovat. Neodpov\u00edd\u00e1me za \u017e\u00e1dn\u00e9 p\u0159\u00edm\u00e9, nep\u0159\u00edm\u00e9, zvl\u00e1\u0161tn\u00ed nebo jin\u00e9 nep\u0159\u00edm\u00e9 \u0161kody v d\u016fsledku jak\u00e9hokoli pou\u017eit\u00ed informac\u00ed na tomto webu a tak\u00e9 za d\u016fsledky samol\u00e9\u010dby.<\/p>\n","protected":false},"excerpt":{"rendered":"<p>Avana Generic je modern\u00ed zna\u010dkov\u00fd l\u00e9k pro c\u00edlenou l\u00e9\u010dbu erektiln\u00ed dysfunkce. Funguje rychleji a siln\u011bji ne\u017e mnoho jin\u00fdch zn\u00e1m\u00fdch sexu\u00e1ln\u00edch posilova\u010d\u016f. Pou\u017e\u00edv\u00e1n\u00ed Avany nab\u00edz\u00ed rychl\u00e9, bezpe\u010dn\u00e9 a spolehliv\u00e9 \u0159e\u0161en\u00ed probl\u00e9m\u016f s potenc\u00ed. D\u00edky tomu je op\u011bt mo\u017en\u00e1 dlouhotrvaj\u00edc\u00ed a siln\u00e1 erekce.<\/p>\n","protected":false},"featured_media":2392,"comment_status":"open","ping_status":"closed","template":"","meta":[],"product_brand":[],"product_cat":[141],"product_tag":[],"class_list":{"0":"post-2446","1":"product","2":"type-product","3":"status-publish","4":"has-post-thumbnail","6":"product_cat-erektilni-dysfunkce-cs","7":"pa_active_substance-avanafil","9":"first","10":"instock","11":"shipping-taxable","12":"product-type-variable"},"jetpack_sharing_enabled":true,"_links":{"self":[{"href":"https:\/\/www.pharmacy-content.com\/wp-json\/wp\/v2\/product\/2446","targetHints":{"allow":["GET"]}}],"collection":[{"href":"https:\/\/www.pharmacy-content.com\/wp-json\/wp\/v2\/product"}],"about":[{"href":"https:\/\/www.pharmacy-content.com\/wp-json\/wp\/v2\/types\/product"}],"replies":[{"embeddable":true,"href":"https:\/\/www.pharmacy-content.com\/wp-json\/wp\/v2\/comments?post=2446"}],"wp:featuredmedia":[{"embeddable":true,"href":"https:\/\/www.pharmacy-content.com\/wp-json\/wp\/v2\/media\/2392"}],"wp:attachment":[{"href":"https:\/\/www.pharmacy-content.com\/wp-json\/wp\/v2\/media?parent=2446"}],"wp:term":[{"taxonomy":"product_brand","embeddable":true,"href":"https:\/\/www.pharmacy-content.com\/wp-json\/wp\/v2\/product_brand?post=2446"},{"taxonomy":"product_cat","embeddable":true,"href":"https:\/\/www.pharmacy-content.com\/wp-json\/wp\/v2\/product_cat?post=2446"},{"taxonomy":"product_tag","embeddable":true,"href":"https:\/\/www.pharmacy-content.com\/wp-json\/wp\/v2\/product_tag?post=2446"}],"curies":[{"name":"wp","href":"https:\/\/api.w.org\/{rel}","templated":true}]}}