{"id":2422,"date":"2026-04-22T06:45:54","date_gmt":"2026-04-22T06:45:54","guid":{"rendered":""},"modified":"2026-04-22T06:46:00","modified_gmt":"2026-04-22T06:46:00","slug":"avana-6","status":"publish","type":"product","link":"https:\/\/www.pharmacy-content.com\/?product=avana-6&lang=pl","title":{"rendered":"Avana"},"content":{"rendered":"<p>Powszechne zastosowanie<\/p>\n<p>Avana, czyli awanafil, to silny lek stosowany w leczeniu zaburze\u0144 erekcji u m\u0119\u017cczyzn w ka\u017cdym wieku. Jest to inhibitor fosfodiesterazy sprzedawany w USA pod mark\u0105 Avana.<\/p>\n<p>Dawkowanie i spos\u00f3b u\u017cycia<\/p>\n<p>Zalecana dawka preparatu Avana to jedna tabletka 100 mg przed planowan\u0105 aktywno\u015bci\u0105 seksualn\u0105. Chocia\u017c dawkowanie mo\u017ce si\u0119 r\u00f3\u017cni\u0107 w zale\u017cno\u015bci od indywidualnych wskaza\u0144. Zalecana jest jednak minimalna skuteczna dawka. Pacjenci nie powinni przyjmowa\u0107 leku Avana cz\u0119\u015bciej ni\u017c raz na dob\u0119.<\/p>\n<p>\u015arodki ostro\u017cno\u015bci<\/p>\n<p>Przed zastosowaniem leku Avana w leczeniu zaburze\u0144 erekcji nale\u017cy skonsultowa\u0107 si\u0119 z lekarzem. Przyczyn\u0105 problem\u00f3w mo\u017ce by\u0107 inny rodzaj, przez co stosowanie Stendry jest mniej skuteczne ni\u017c zwykle. Powiniene\u015b skonsultowa\u0107 si\u0119 z lekarzem, badaj\u0105c stan uk\u0142adu kr\u0105\u017cenia i inne schorzenia, aby zapobiec mo\u017cliwym skutkom ubocznym leku i zapewni\u0107 jak najwi\u0119ksz\u0105 skuteczno\u015b\u0107 leczenia.<\/p>\n<p>Przeciwwskazania<\/p>\n<p>Stendry (avanafilu) nie nale\u017cy stosowa\u0107 jednocze\u015bnie z dowolnym rodzajem azotan\u00f3w organicznych ze wzgl\u0119du na zwi\u0119kszone ryzyko niedoci\u015bnienia. Azotany mo\u017cna przyj\u0105\u0107 nie wcze\u015bniej ni\u017c 12 godzin po zastosowaniu Stendry. Jakakolwiek nadwra\u017cliwo\u015b\u0107 na lek uniemo\u017cliwia podanie Stendry.<\/p>\n<p>Mo\u017cliwe skutki uboczne<\/p>\n<p>Najcz\u0119stsze skutki uboczne Stendry to b\u00f3l g\u0142owy (5% u\u017cytkownik\u00f3w) i uderzenia gor\u0105ca (do 4% pacjent\u00f3w) u\u017cytkownik\u00f3w). Inne skutki uboczne leku to przekrwienie b\u0142ony \u015bluzowej nosa, b\u00f3l plec\u00f3w i problemy \u017co\u0142\u0105dkowo-jelitowe. Wi\u0119kszo\u015bci z tych negatywnych skutk\u00f3w mo\u017cna unikn\u0105\u0107, dostosowuj\u0105c dawk\u0119 do indywidualnych potrzeb przez lekarza specjalist\u0119.<\/p>\n<p>Interakcje lek\u00f3w<\/p>\n<p>Stendry nie nale\u017cy stosowa\u0107 z azotanami organicznymi, alkoholem, alfa-blokerami ani lekami przeciwnadci\u015bnieniowymi. Interakcja mo\u017ce powodowa\u0107 niedoci\u015bnienie w wyniku zmieszania tych lek\u00f3w.<\/p>\n<p>Pomini\u0119ta dawka<\/p>\n<p>Nie obserwuje si\u0119 negatywnego efektu terapeutycznego u pacjent\u00f3w, kt\u00f3rzy pomin\u0119li dawk\u0119 leku Avana. Lek nie uzale\u017cnia i dzia\u0142a jednorazowo.<\/p>\n<p>Przedawkowanie<\/p>\n<p>Nie nale\u017cy przedawkowa\u0107 leku! Przedawkowanie leku Avana mo\u017ce spowodowa\u0107 wyst\u0105pienie dzia\u0142a\u0144 niepo\u017c\u0105danych przy wi\u0119kszej sile. Mo\u017cesz odczuwa\u0107 zawroty g\u0142owy, senno\u015b\u0107, zm\u0119czenie i inne objawy przedawkowania. Je\u015bli wyst\u0105pi\u0105 uderzenia gor\u0105ca, b\u00f3l g\u0142owy lub plec\u00f3w, natychmiast skontaktuj si\u0119 ze specjalist\u0105 opieki zdrowotnej w celu uzyskania instrukcji.<\/p>\n<p>Przechowywanie<\/p>\n<p>Przechowuj Stendr\u0119 w suchym, ciemnym miejscu, niedost\u0119pnym dla dzieci, w temperaturze pokojowej.<\/p>\n<p>Zastrze\u017cenie<\/p>\n<p>Podajemy jedynie og\u00f3lne informacje na temat lek\u00f3w, kt\u00f3re nie obejmuj\u0105 wszystkich wskaz\u00f3wek, mo\u017cliwych po\u0142\u0105cze\u0144 lek\u00f3w ani \u015brodk\u00f3w ostro\u017cno\u015bci. Informacje zawarte na stronie nie mog\u0105 by\u0107 wykorzystywane do samodzielnego leczenia i autodiagnozy. Wszelkie szczeg\u00f3\u0142owe instrukcje dla konkretnego pacjenta nale\u017cy uzgodni\u0107 z doradc\u0105 ds. opieki zdrowotnej lub lekarzem prowadz\u0105cym dany przypadek. Zrzekamy si\u0119 wiarygodno\u015bci tych informacji i b\u0142\u0119d\u00f3w, jakie mog\u0105 one zawiera\u0107. Nie ponosimy odpowiedzialno\u015bci za jakiekolwiek bezpo\u015brednie, po\u015brednie, szczeg\u00f3lne lub inne po\u015brednie szkody powsta\u0142e w wyniku wykorzystania informacji zawartych na tej stronie, a tak\u017ce za konsekwencje samoleczenia.<\/p>\n","protected":false},"excerpt":{"rendered":"<p>Avana Generyczny to nowoczesny, markowy lek przeznaczony do celowanego leczenia zaburze\u0144 erekcji. Dzia\u0142a szybciej i silniej ni\u017c wiele innych znanych wzmacniaczy seksu. Stosowanie Stendry to szybkie, bezpieczne i niezawodne rozwi\u0105zanie problem\u00f3w z potencj\u0105. Dzi\u0119ki temu zn\u00f3w mo\u017cliwe s\u0105 d\u0142ugotrwa\u0142e i mocne erekcje.<\/p>\n","protected":false},"featured_media":2392,"comment_status":"open","ping_status":"closed","template":"","meta":[],"product_brand":[],"product_cat":[129],"product_tag":[],"class_list":{"0":"post-2422","1":"product","2":"type-product","3":"status-publish","4":"has-post-thumbnail","6":"product_cat-dysfunkcja-erekcji-pl","7":"pa_active_substance-avanafil","9":"first","10":"instock","11":"shipping-taxable","12":"product-type-variable"},"jetpack_sharing_enabled":true,"_links":{"self":[{"href":"https:\/\/www.pharmacy-content.com\/index.php?rest_route=\/wp\/v2\/product\/2422","targetHints":{"allow":["GET"]}}],"collection":[{"href":"https:\/\/www.pharmacy-content.com\/index.php?rest_route=\/wp\/v2\/product"}],"about":[{"href":"https:\/\/www.pharmacy-content.com\/index.php?rest_route=\/wp\/v2\/types\/product"}],"replies":[{"embeddable":true,"href":"https:\/\/www.pharmacy-content.com\/index.php?rest_route=%2Fwp%2Fv2%2Fcomments&post=2422"}],"wp:featuredmedia":[{"embeddable":true,"href":"https:\/\/www.pharmacy-content.com\/index.php?rest_route=\/wp\/v2\/media\/2392"}],"wp:attachment":[{"href":"https:\/\/www.pharmacy-content.com\/index.php?rest_route=%2Fwp%2Fv2%2Fmedia&parent=2422"}],"wp:term":[{"taxonomy":"product_brand","embeddable":true,"href":"https:\/\/www.pharmacy-content.com\/index.php?rest_route=%2Fwp%2Fv2%2Fproduct_brand&post=2422"},{"taxonomy":"product_cat","embeddable":true,"href":"https:\/\/www.pharmacy-content.com\/index.php?rest_route=%2Fwp%2Fv2%2Fproduct_cat&post=2422"},{"taxonomy":"product_tag","embeddable":true,"href":"https:\/\/www.pharmacy-content.com\/index.php?rest_route=%2Fwp%2Fv2%2Fproduct_tag&post=2422"}],"curies":[{"name":"wp","href":"https:\/\/api.w.org\/{rel}","templated":true}]}}