{"id":2410,"date":"2026-04-22T06:45:53","date_gmt":"2026-04-22T06:45:53","guid":{"rendered":""},"modified":"2026-04-22T06:46:00","modified_gmt":"2026-04-22T06:46:00","slug":"avana-4","status":"publish","type":"product","link":"https:\/\/www.pharmacy-content.com\/?product=avana-4&lang=it","title":{"rendered":"Avana"},"content":{"rendered":"<p>Uso comune<\/p>\n<p>Avana, o avanafil, \u00e8 un potente farmaco usato per trattare la disfunzione erettile negli uomini di tutte le et\u00e0. \u00c8 un inibitore della fosfodiesterasi, commercializzato e venduto con il marchio Avana negli Stati Uniti.<\/p>\n<p>Dosaggio e direzioni<\/p>\n<p>La dose consigliata di Avana \u00e8 una pillola da 100 mg prima dell&#8217;attivit\u00e0 sessuale programmata. Tuttavia, il dosaggio pu\u00f2 variare a seconda delle indicazioni individuali. Tuttavia, si raccomanda la dose minima efficace. I pazienti non devono assumere Avana pi\u00f9 spesso di una volta al giorno.<\/p>\n<p>Precauzioni<\/p>\n<p>Dovresti consultare il tuo medico prima di utilizzare Avana per trattare i tuoi problemi di disfunzione erettile. I problemi di fondo potrebbero essere di altro tipo, il che rende l\u2019uso di Avana meno efficace del solito. Dovresti consultare il tuo medico esaminando il tuo stato cardiovascolare e altre condizioni mediche per prevenire possibili effetti collaterali del farmaco e rendere il trattamento il pi\u00f9 efficace possibile.<\/p>\n<p>Controindicazioni<\/p>\n<p>Avana (avanafil) non deve essere assunto insieme con qualsiasi tipo di nitrati organici per l&#8217;aumento del rischio di ipotensione. I nitrati possono essere assunti non prima di 12 ore dopo l&#8217;uso di Avana. Qualsiasi tipo di ipersensibilit\u00e0 al farmaco rende impossibile la somministrazione di Avana.<\/p>\n<p>Possibili effetti collaterali<\/p>\n<p>Gli effetti avversi pi\u00f9 comuni di Avana includono mal di testa (5% degli utenti) e vampate di calore (fino al 4% degli utenti utenti). Altri effetti collaterali del farmaco sono congestione nasale, mal di schiena e problemi gastrointestinali. La maggior parte di questi effetti negativi pu\u00f2 essere evitata adattando la dose alle proprie esigenze individuali da parte del medico specialista.<\/p>\n<p>Interazione farmacologica<\/p>\n<p>Avana non deve essere assunto con nitrati organici, alcol, alfa bloccanti o antipertensivi. L&#8217;interazione pu\u00f2 causare ipotensione come risultato della miscelazione di questi farmaci.<\/p>\n<p>Dose mancata<\/p>\n<p>Non \u00e8 stato osservato alcun effetto terapeutico negativo nei pazienti che saltano la dose di Avana. Il farmaco non crea dipendenza e ha un effetto una tantum.<\/p>\n<p>Sovradosaggio<\/p>\n<p>Non overdose del farmaco! Il sovradosaggio di Avana pu\u00f2 far s\u00ec che i suoi effetti collaterali si manifestino con una forza maggiore. Puoi avvertire vertigini, sonnolenza, stanchezza e altri sintomi di esagerazioni. Se avverti vampate, mal di testa o mal di schiena, contatta immediatamente uno specialista per ricevere istruzioni.<\/p>\n<p>Conservazione<\/p>\n<p>Conserva Avana in un luogo asciutto e buio, fuori dalla portata dei bambini, a temperatura ambiente.<\/p>\n<p>Disclaimer<\/p>\n<p>Forniamo solo informazioni generali sui farmaci che non coprono tutte le indicazioni, possibili integrazioni farmacologiche o precauzioni. Le informazioni presenti sul sito non possono essere utilizzate per l&#8217;autotrattamento e l&#8217;autodiagnosi. Eventuali istruzioni specifiche per un particolare paziente devono essere concordate con il proprio consulente sanitario o medico responsabile del caso. Decliniamo l&#8217;affidabilit\u00e0 di queste informazioni e gli errori che potrebbero contenere. Non siamo responsabili per eventuali danni diretti, indiretti, speciali o altri danni indiretti derivanti dall&#8217;uso delle informazioni contenute in questo sito e anche per le conseguenze dell&#8217;autotrattamento.<\/p>\n","protected":false},"excerpt":{"rendered":"<p>Avana si usa per il trattamento della disfunzione erettile (impotenza).<\/p>\n","protected":false},"featured_media":2392,"comment_status":"open","ping_status":"closed","template":"","meta":[],"product_brand":[],"product_cat":[123],"product_tag":[],"class_list":{"0":"post-2410","1":"product","2":"type-product","3":"status-publish","4":"has-post-thumbnail","6":"product_cat-disfunzione-erettile-it","7":"pa_active_substance-avanafil","9":"first","10":"instock","11":"shipping-taxable","12":"product-type-variable"},"jetpack_sharing_enabled":true,"_links":{"self":[{"href":"https:\/\/www.pharmacy-content.com\/index.php?rest_route=\/wp\/v2\/product\/2410","targetHints":{"allow":["GET"]}}],"collection":[{"href":"https:\/\/www.pharmacy-content.com\/index.php?rest_route=\/wp\/v2\/product"}],"about":[{"href":"https:\/\/www.pharmacy-content.com\/index.php?rest_route=\/wp\/v2\/types\/product"}],"replies":[{"embeddable":true,"href":"https:\/\/www.pharmacy-content.com\/index.php?rest_route=%2Fwp%2Fv2%2Fcomments&post=2410"}],"wp:featuredmedia":[{"embeddable":true,"href":"https:\/\/www.pharmacy-content.com\/index.php?rest_route=\/wp\/v2\/media\/2392"}],"wp:attachment":[{"href":"https:\/\/www.pharmacy-content.com\/index.php?rest_route=%2Fwp%2Fv2%2Fmedia&parent=2410"}],"wp:term":[{"taxonomy":"product_brand","embeddable":true,"href":"https:\/\/www.pharmacy-content.com\/index.php?rest_route=%2Fwp%2Fv2%2Fproduct_brand&post=2410"},{"taxonomy":"product_cat","embeddable":true,"href":"https:\/\/www.pharmacy-content.com\/index.php?rest_route=%2Fwp%2Fv2%2Fproduct_cat&post=2410"},{"taxonomy":"product_tag","embeddable":true,"href":"https:\/\/www.pharmacy-content.com\/index.php?rest_route=%2Fwp%2Fv2%2Fproduct_tag&post=2410"}],"curies":[{"name":"wp","href":"https:\/\/api.w.org\/{rel}","templated":true}]}}