{"id":2404,"date":"2026-04-22T06:45:52","date_gmt":"2026-04-22T06:45:52","guid":{"rendered":""},"modified":"2026-04-22T06:46:00","modified_gmt":"2026-04-22T06:46:00","slug":"avana-3","status":"publish","type":"product","link":"https:\/\/www.pharmacy-content.com\/?product=avana-3&lang=fr","title":{"rendered":"Avana"},"content":{"rendered":"<p>Avana (Avanafil) est un \u00e9quivalent modern de Viagra.<\/p>\n<p>Avana a \u00e9t\u00e9 produit par l&#8217;entreprise am\u00e9ricaine \u2018Vivus Inc.\u2019 en 2010. Il appartient au groupe des \u2018inhibiteurs de la phosphodiest\u00e9rase-5\u2019 &#8211; Avanafil. Le principal avantage est une perception rapide (moins de 15 minutes), et les effets secondaires minimaux.<\/p>\n<p>Il est \u00e0 noter que Avana n&#8217;est pas actuellement un nom commercial, c&#8217;est un nom g\u00e9n\u00e9rique. Tous les droits sont r\u00e9serv\u00e9s par l&#8217;entreprise pharmaceutique Vivus Inc.<\/p>\n<p>Caract\u00e9ristiques d&#8217;un Avanafil<\/p>\n<p>Avana a \u00e9t\u00e9 test\u00e9. Ce test impliquait des hommes avec diff\u00e9rentes formes de dysfonction \u00e9rectile. Pour obtenir des r\u00e9sultats pr\u00e9cis, les participants ont \u00e9t\u00e9 divis\u00e9s en groupes. Ainsi, chaque groupe a re\u00e7u une certaine quantit\u00e9 de pr\u00e9paration. Le r\u00e9sultat \u00e9tait g\u00e9nial. M\u00eame en prenant la dose la plus faible un homme est capable d&#8217;avoir des relations sexuelles apr\u00e8s 15 minutes. L&#8217;\u00e9tude a aussi compris des hommes qui souffraient du probl\u00e8me de la dysfonction sexuelle. L&#8217;\u00e9tude a montr\u00e9 que 80% des patients avaient remarqu\u00e9 une am\u00e9lioration.<\/p>\n<p>Description:<\/p>\n<p>L&#8217;ingr\u00e9dient actif de Avana est avanafil. Avanafil d\u00e9tend les muscles et augmente le flux sanguin aux secteurs particuliers du corps.<\/p>\n<p>Indications:<\/p>\n<p>Avanafil est utilis\u00e9 pour traiter la dysfonction \u00e9rectile (impuissance).<\/p>\n<p>Avantages Principaux:<\/p>\n<p>Le d\u00e9lai d&#8217;action est 15 minutes, mais la dur\u00e9e est jusqu&#8217;\u00e0 six heures.<\/p>\n<p>Il est \u00e9galement n\u00e9cessaire de noter que le produit:<\/p>\n<p>&#8211; A des effets secondaires minimaux<\/p>\n<p>&#8211; L&#8217;action commence d\u00e8s que possible, et l&#8217;effet est assez long<\/p>\n<p>&#8211; Le m\u00e9dicament peut \u00eatre combin\u00e9 avec des aliments gras et l&#8217;alcool<\/p>\n<p>&#8211; Le m\u00e9dicament peut \u00eatre pris plus qu&#8217;une fois par jour.<\/p>\n<p>Le principal avantage de avanafil, c&#8217;est qu&#8217;il a le d\u00e9but de l&#8217;action tr\u00e8s rapid par rapport aux autres inhibiteurs de la PDE5.<\/p>\n<p>Mode d&#8217;emploi:<\/p>\n<p>Prenez exactement comme est prescrit par votre m\u00e9decin. Ne prenez pas en quantit\u00e9s plus grandes ou plus petites ou plus longtemps que est recommand\u00e9. Suivez les instructions sur votre \u00e9tiquette de prescription.<\/p>\n<p>Dosage:<\/p>\n<p>Dose initiale: 100 mg par voie orale quand n\u00e9cessaire environ 30 minutes avant l&#8217;activit\u00e9 sexuelle. Une dose par jour est recommand\u00e9e.<\/p>\n<p>Conservation:<\/p>\n<p>Gardez Avana \u00e0 77 degr\u00e9s F (25 degr\u00e9s C). Tenez loin de la chaleur, l&#8217;humidit\u00e9 et la lumi\u00e8re. Ne gardez pas dans la salle de bains. Gardez Avana hors de la port\u00e9e des enfants et loin des animaux.<\/p>\n<p>RENSEIGNEMENTS DE S\u00c9CURIT\u00c9<\/p>\n<p>Le pamplemousse et le jus de pamplemousse peuvent interagir avec avanafil et conduire \u00e0 des effets potentiellement dangereux. Discutez l&#8217;utilisation de produits de pamplemousse avec votre m\u00e9decin.<\/p>\n<p>\u00c9vitez d&#8217;utiliser les autres m\u00e9dicaments pour traiter la dysfonction \u00e9rectile, comme le sild\u00e9nafil (Viagra), tadalafil (Cialis), ou vard\u00e9nafil (Levitra) pendant que vous prenez avanafil.<\/p>\n<p>Ce m\u00e9dicament ne vous prot\u00e8ge pas contre les maladies sexuellement transmissibles (y compris le VIH \u2013 SIDA). L&#8217;utilisation d&#8217;un pr\u00e9servatif est le seul moyen de se prot\u00e9ger contre ces maladies.<\/p>\n<p>LES EFFETS SECONDAIRES<\/p>\n<p>Obtenez l&#8217;aide m\u00e9dicale d&#8217;urgence si vous avez un de ces signes d&#8217;une r\u00e9action allergique: urticaire, difficult\u00e9s respiratoires, gonflement du visage, des l\u00e8vres, de la langue ou de la gorge.<\/p>\n","protected":false},"excerpt":{"rendered":"<p>Avana est utilis\u00e9 dans le traitement de la dysfonction \u00e9rectile (impuissance).<\/p>\n","protected":false},"featured_media":2392,"comment_status":"open","ping_status":"closed","template":"","meta":[],"product_brand":[],"product_cat":[120],"product_tag":[],"class_list":{"0":"post-2404","1":"product","2":"type-product","3":"status-publish","4":"has-post-thumbnail","6":"product_cat-dysfonction-erectile-fr","7":"pa_active_substance-avanafil","9":"first","10":"instock","11":"shipping-taxable","12":"product-type-variable"},"jetpack_sharing_enabled":true,"_links":{"self":[{"href":"https:\/\/www.pharmacy-content.com\/index.php?rest_route=\/wp\/v2\/product\/2404","targetHints":{"allow":["GET"]}}],"collection":[{"href":"https:\/\/www.pharmacy-content.com\/index.php?rest_route=\/wp\/v2\/product"}],"about":[{"href":"https:\/\/www.pharmacy-content.com\/index.php?rest_route=\/wp\/v2\/types\/product"}],"replies":[{"embeddable":true,"href":"https:\/\/www.pharmacy-content.com\/index.php?rest_route=%2Fwp%2Fv2%2Fcomments&post=2404"}],"wp:featuredmedia":[{"embeddable":true,"href":"https:\/\/www.pharmacy-content.com\/index.php?rest_route=\/wp\/v2\/media\/2392"}],"wp:attachment":[{"href":"https:\/\/www.pharmacy-content.com\/index.php?rest_route=%2Fwp%2Fv2%2Fmedia&parent=2404"}],"wp:term":[{"taxonomy":"product_brand","embeddable":true,"href":"https:\/\/www.pharmacy-content.com\/index.php?rest_route=%2Fwp%2Fv2%2Fproduct_brand&post=2404"},{"taxonomy":"product_cat","embeddable":true,"href":"https:\/\/www.pharmacy-content.com\/index.php?rest_route=%2Fwp%2Fv2%2Fproduct_cat&post=2404"},{"taxonomy":"product_tag","embeddable":true,"href":"https:\/\/www.pharmacy-content.com\/index.php?rest_route=%2Fwp%2Fv2%2Fproduct_tag&post=2404"}],"curies":[{"name":"wp","href":"https:\/\/api.w.org\/{rel}","templated":true}]}}