{"id":2300,"date":"2026-04-22T06:45:18","date_gmt":"2026-04-22T06:45:18","guid":{"rendered":""},"modified":"2026-04-22T06:45:24","modified_gmt":"2026-04-22T06:45:24","slug":"abhirise-6","status":"publish","type":"product","link":"https:\/\/www.pharmacy-content.com\/pl\/product\/abhirise-6\/","title":{"rendered":"Abhirise"},"content":{"rendered":"<p>Powszechne zastosowanie<br \/>\nAbhirise to skuteczny, odwracalny, selektywny inhibitor fosfodiesterazy typu 5 (PDE 5) specyficzny dla cyklicznego monofosforanu guanozyny (cGMP). Kiedy stymulacja seksualna powoduje miejscowe uwalnianie tlenku azotu, hamowanie PDE 5 przez Abhirise prowadzi do wzrostu poziomu cGMP w ciele jamistym pr\u0105cia. Powoduje rozlu\u017anienie mi\u0119\u015bni g\u0142adkich t\u0119tnic i nap\u0142yw krwi do tkanek pr\u0105cia, co powoduje erekcj\u0119. Abhirise nie dzia\u0142a, gdy nie ma stymulacji seksualnej. Abhirise poprawia erekcj\u0119 i pozwala na osi\u0105gni\u0119cie udanego stosunku p\u0142ciowego. Lek dzia\u0142a przez 36 godzin. Je\u015bli wyst\u0119puje podniecenie seksualne, efekt pojawia si\u0119 nawet po 16 minutach od za\u017cycia leku.<\/p>\n<p>Dawkowanie i spos\u00f3b u\u017cycia<br \/>\nZalecana dawka Abhirise wynosi 20 mg. Nale\u017cy go za\u017cy\u0107 co najmniej 16 minut przed aktywno\u015bci\u0105 seksualn\u0105. Efekt utrzymuje si\u0119 przez 36 godzin. Za\u017cywaj Abhirise raz dziennie i nie przekraczaj zalecanej dawki.<\/p>\n<p>\u015arodki ostro\u017cno\u015bci<br \/>\n Zaleca si\u0119 nie \u0142\u0105czy\u0107 Abhirise z sokiem grejpfrutowym, napojami alkoholowymi, tytoniem. Je\u015bli palisz tyto\u0144 i jednocze\u015bnie za\u017cywasz Abhirise, mo\u017ce to prowadzi\u0107 do stanu zwanego NAION (nag\u0142a utrata wzroku zwi\u0105zana z nerwem wzrokowym). Przed zastosowaniem leku Abhirise nale\u017cy poinformowa\u0107 lekarza, je\u015bli u pacjenta wyst\u0119puj\u0105 zaburzenia pr\u0105cia, w tym skrzywienie pr\u0105cia i wady wrodzone pr\u0105cia, je\u015bli u pacjenta wyst\u0119powa\u0142a choroba wie\u0144cowa, arytmia, d\u0142awica piersiowa, zawa\u0142 serca lub niewydolno\u015b\u0107 serca, hipo- lub nadci\u015bnienie, krwawienia, wrzody \u017co\u0142\u0105dka, cukrzyca, hiperlipidemia (nadmiar lipid\u00f3w we krwi), anemia sierpowatokrwinkowa, niewydolno\u015b\u0107 w\u0105troby lub nerek w wywiadzie.<\/p>\n<p>Przeciwwskazania<br \/>\nAbhirise jest przeciwwskazany u pacjent\u00f3w stosuj\u0105cych jak\u0105kolwiek form\u0119 azotanu organicznego, regularnie i\/lub sporadycznie, poniewa\u017c jest to mo\u017ce nasila\u0107 hipotensyjne dzia\u0142anie azotan\u00f3w.<\/p>\n<p>Mo\u017cliwe skutki uboczne<br \/>\nNajcz\u0119stsze skutki uboczne Abhirise to zaczerwienienie twarzy (zaczerwienienie), b\u00f3le g\u0142owy, rozstr\u00f3j \u017co\u0142\u0105dka, biegunka, objawy grypopodobne i nudno\u015bci. W rzadszych przypadkach mo\u017ce wyst\u0105pi\u0107 niskie ci\u015bnienie krwi, niewyra\u017ane widzenie i zmiany w widzeniu kolor\u00f3w oraz nieprawid\u0142owy wytrysk. Mo\u017cliwe s\u0105 r\u00f3wnie\u017c d\u0142ugotrwa\u0142e erekcje lub priapizm (bolesne erekcje trwaj\u0105ce d\u0142u\u017cej ni\u017c 6 godzin). Je\u015bli Twoja erekcja trwa d\u0142u\u017cej ni\u017c 4 godziny, nale\u017cy natychmiast zwr\u00f3ci\u0107 si\u0119 o pomoc lekarsk\u0105, poniewa\u017c mo\u017ce to trwale uszkodzi\u0107 penisa. Zg\u0142aszano nasilenie problem\u00f3w z sercem u pacjent\u00f3w z istniej\u0105c\u0105 wcze\u015bniej chorob\u0105 serca stosuj\u0105cych Abhirise.<\/p>\n<p>Interakcje lek\u00f3w<br \/>\nJednoczesne podawanie z lekami zawieraj\u0105cymi azotany organiczne mo\u017ce powodowa\u0107 ci\u0119\u017ckie niedoci\u015bnienie, kt\u00f3re w niekt\u00f3rych przypadkach jest niebezpieczne. Unikaj przyjmowania Calis z lekami takimi jak tetraazotan erytrytylu, diazotan izosorbidu, monoazotan izosorbidu, nitrogliceryna, tetraazotan pentaerytrytolu. Poziomy i toksyczno\u015b\u0107 Abhirise zwi\u0119kszaj\u0105 erytromycyna, ketokonazol (Nizoral), itrakonazol (Sporanox), indynawir (Crixivan) i rytonawir (Norvir). Nale\u017cy poinformowa\u0107 lekarza o przyjmowaniu atazanawiru, bunazosyny, klarytromycyny, doksazosyny, erytromycyny, indynawiru, itrakonazolu, ketokonazolu, moxisylyte, nefazodonu, nelfinawiru, fenoksybenzaminy, fentolaminy, prazosyny, sakwinawiru, telitromycyny, terazosyny, trimazozyny, urapidylu, poniewa\u017c mo\u017ce by\u0107 wymagana dawka leku Abhirise. korekta.<\/p>\n<p>Pomini\u0119ta dawka<br \/>\nNie nale\u017cy zak\u0142ada\u0107 pomini\u0119cia dawki, je\u015bli Abhirise jest przyjmowany w leczeniu zaburze\u0144 erekcji, poniewa\u017c jest stosowany w razie potrzeby.<\/p>\n<p>Przedawkowanie<br \/>\nPrzedawkowanie Abhirise powoduje objawy okre\u015blane jako skutki uboczne. Je\u015bli Twoim zdaniem za\u017cy\u0142e\u015b za du\u017co tego leku, natychmiast skontaktuj si\u0119 z lekarzem.<\/p>\n<p>Przechowywanie<br \/>\nPrzechowuj w temperaturze pokojowej, z dala od wilgoci, \u015bwiat\u0142a s\u0142onecznego, dzieci i zwierz\u0105t domowych, w szczelnym pojemniku.<\/p>\n<p>Zastrze\u017cenie<br \/>\nPodajemy tylko og\u00f3lne informacje informacje o lekach, kt\u00f3re nie obejmuj\u0105 wszystkich wskaz\u00f3wek, mo\u017cliwych po\u0142\u0105cze\u0144 lek\u00f3w lub \u015brodk\u00f3w ostro\u017cno\u015bci. Informacje zawarte na stronie nie mog\u0105 by\u0107 wykorzystywane do samodzielnego leczenia i autodiagnozy. Wszelkie szczeg\u00f3\u0142owe instrukcje dla konkretnego pacjenta nale\u017cy uzgodni\u0107 z doradc\u0105 ds. opieki zdrowotnej lub lekarzem prowadz\u0105cym dany przypadek. Zrzekamy si\u0119 wiarygodno\u015bci tych informacji i b\u0142\u0119d\u00f3w, jakie mog\u0105 one zawiera\u0107. Nie ponosimy odpowiedzialno\u015bci za jakiekolwiek bezpo\u015brednie, po\u015brednie, szczeg\u00f3lne lub inne po\u015brednie szkody powsta\u0142e w wyniku wykorzystania informacji zawartych na tej stronie, a tak\u017ce za konsekwencje samoleczenia.<\/p>\n","protected":false},"excerpt":{"rendered":"<p>Abhirise Generic zawiera Tadalafil, t\u0119 sam\u0105 substancj\u0119 czynn\u0105, co produkt znanej marki. I oczywi\u015bcie wzmacniacz seksualny z Niemiec oferuje r\u00f3wnie\u017c ten sam efekt farmakologiczny. Generyk spe\u0142nia te same wymagania jako\u015bciowe co orygina\u0142. Jest jednak jedna zasadnicza r\u00f3\u017cnica, a jest ni\u0105 cena. Produkt imituj\u0105cy jest znacznie ta\u0144szy ni\u017c produkt oryginalny.<\/p>\n","protected":false},"featured_media":2270,"comment_status":"open","ping_status":"closed","template":"","meta":[],"product_brand":[],"product_cat":[129],"product_tag":[],"class_list":{"0":"post-2300","1":"product","2":"type-product","3":"status-publish","4":"has-post-thumbnail","6":"product_cat-dysfunkcja-erekcji-pl","7":"pa_active_substance-tadalafil","9":"first","10":"instock","11":"shipping-taxable","12":"product-type-variable"},"jetpack_sharing_enabled":true,"_links":{"self":[{"href":"https:\/\/www.pharmacy-content.com\/wp-json\/wp\/v2\/product\/2300","targetHints":{"allow":["GET"]}}],"collection":[{"href":"https:\/\/www.pharmacy-content.com\/wp-json\/wp\/v2\/product"}],"about":[{"href":"https:\/\/www.pharmacy-content.com\/wp-json\/wp\/v2\/types\/product"}],"replies":[{"embeddable":true,"href":"https:\/\/www.pharmacy-content.com\/wp-json\/wp\/v2\/comments?post=2300"}],"wp:featuredmedia":[{"embeddable":true,"href":"https:\/\/www.pharmacy-content.com\/wp-json\/wp\/v2\/media\/2270"}],"wp:attachment":[{"href":"https:\/\/www.pharmacy-content.com\/wp-json\/wp\/v2\/media?parent=2300"}],"wp:term":[{"taxonomy":"product_brand","embeddable":true,"href":"https:\/\/www.pharmacy-content.com\/wp-json\/wp\/v2\/product_brand?post=2300"},{"taxonomy":"product_cat","embeddable":true,"href":"https:\/\/www.pharmacy-content.com\/wp-json\/wp\/v2\/product_cat?post=2300"},{"taxonomy":"product_tag","embeddable":true,"href":"https:\/\/www.pharmacy-content.com\/wp-json\/wp\/v2\/product_tag?post=2300"}],"curies":[{"name":"wp","href":"https:\/\/api.w.org\/{rel}","templated":true}]}}