{"id":2166,"date":"2026-04-22T06:44:49","date_gmt":"2026-04-22T06:44:49","guid":{"rendered":""},"modified":"2026-04-22T06:44:56","modified_gmt":"2026-04-22T06:44:56","slug":"abhigra-4","status":"publish","type":"product","link":"https:\/\/www.pharmacy-content.com\/it\/product\/abhigra-4\/","title":{"rendered":"Abhigra"},"content":{"rendered":"<p>Uso comune<br \/>\nIl componente principale del Abhigra \u00e8 il citrato di Sildenafil. Il citrato di sildenafil influenza la risposta alla stimolazione sessuale. Agisce migliorando il rilassamento della muscolatura liscia utilizzando l&#8217;ossido nitrico, una sostanza chimica normalmente rilasciata in risposta alla stimolazione sessuale. Questo rilassamento della muscolatura liscia consente un aumento del flusso sanguigno in alcune aree del pene, che porta all\u2019erezione. Il citrato di sildenafil viene utilizzato per il trattamento della disfunzione erettile (impotenza) negli uomini e dell&#8217;ipertensione arteriosa polmonare. Il citrato di sildenafil pu\u00f2 essere utilizzato anche per altri scopi non elencati sopra.<\/p>\n<p>Dosaggio e direzioni<br \/>\nDi solito, la dose raccomandata \u00e8 di 50 mg. \u00c8 necessario circa 0,5-1 ora prima dell&#8217;attivit\u00e0 sessuale. Non prendere il Abhigra pi\u00f9 di una volta al giorno. Un pasto ricco di grassi pu\u00f2 ritardare il tempo dell&#8217;effetto di questo farmaco. Cerca di non mangiare pompelmo o bere succo di pompelmo mentre sei in trattamento con Sildenafil Citrato.<\/p>\n<p>Precauzioni<br \/>\nPrima di iniziare a prendere Sildenafil Citrato, informi il medico o il farmacista se \u00e8 allergico ad esso o se ha altre allergie. Le persone anziane possono essere pi\u00f9 sensibili agli effetti collaterali del farmaco.<\/p>\n<p>Controindicazioni<br \/>\nIl Abhigra \u00e8 controindicato nei pazienti che assumono un altro medicinale per trattare l&#8217;impotenza o che usano un farmaco nitrato per dolore toracico o problemi cardiaci. Questo medicinale non deve essere assunto da donne e bambini, cos\u00ec come da pazienti con nota ipersensibilit\u00e0 a qualsiasi componente della compressa.<\/p>\n<p>Possibili effetti collaterali<br \/>\nGli effetti collaterali pi\u00f9 comuni sono mal di testa, vampate di calore, bruciore di stomaco, disturbi di stomaco, disturbi nasali senso di soffocamento, vertigini, vertigini o diarrea. Una reazione allergica grave a questo farmaco \u00e8 molto rara, ma se si verifica \u00e8 necessario consultare immediatamente un medico. Molte persone che usano questo medicinale non hanno effetti collaterali gravi. Nel caso in cui si notino effetti collaterali non elencati sopra, contattare il medico o il farmacista.<\/p>\n<p>Interazione farmacologica<br \/>\nQuesto farmaco non deve essere utilizzato con nitrati e droghe ricreative chiamate \u2018popper\u2019 contenenti nitrito di amile o butile; farmaci alfa-bloccanti; altri farmaci per l&#8217;impotenza; medicinali per l&#8217;ipertensione, ecc. Consulta il tuo medico o il farmacista per maggiori dettagli.<\/p>\n<p>Dose saltata<br \/>\nIl Abhigra viene utilizzato secondo necessit\u00e0, quindi \u00e8 improbabile che tu segua un programma di dosaggio.<\/p>\n<p>Sovradosaggio<br \/>\nSe pensi di aver usato troppo di questo medicinale, rivolgersi immediatamente al medico di emergenza. I sintomi di sovradosaggio di solito includono dolore toracico, nausea, battito cardiaco irregolare e sensazione di stordimento o svenimento.<\/p>\n<p>Conservazione<br \/>\nConservare i medicinali a temperatura ambiente tra 68-77 gradi F (20-25 gradi C) lontano dalla luce e umidit\u00e0. Non conservare i farmaci in bagno. Tenere tutti i farmaci lontano dalla portata di bambini e animali domestici.<\/p>\n<p>Disclaimer<br \/>\nForniamo solo informazioni generali sui farmaci, che non coprono tutte le indicazioni, possibili integrazioni di farmaci o precauzioni. Le informazioni presenti sul sito non possono essere utilizzate per l&#8217;autotrattamento e l&#8217;autodiagnosi. Eventuali istruzioni specifiche per un particolare paziente devono essere concordate con il proprio consulente sanitario o medico responsabile del caso. Decliniamo l&#8217;affidabilit\u00e0 di queste informazioni e gli eventuali errori che potrebbero contenere. Non siamo responsabili per eventuali danni diretti, indiretti, speciali o altri danni indiretti derivanti dall&#8217;uso delle informazioni contenute in questo sito e anche per le conseguenze dell&#8217;autotrattamento.<\/p>\n","protected":false},"excerpt":{"rendered":"<p>Abhigra \u00e8 un medicinale usato per trattare l\u2019impotenza negli uomini, ovvero la disfunzione erettile. Questo medicinale aiuta a mantenere l\u2019erezione negli uomini.<\/p>\n","protected":false},"featured_media":2148,"comment_status":"open","ping_status":"closed","template":"","meta":[],"product_brand":[],"product_cat":[123],"product_tag":[],"class_list":{"0":"post-2166","1":"product","2":"type-product","3":"status-publish","4":"has-post-thumbnail","6":"product_cat-disfunzione-erettile-it","7":"pa_active_substance-sildenafil","9":"first","10":"instock","11":"shipping-taxable","12":"product-type-variable"},"jetpack_sharing_enabled":true,"_links":{"self":[{"href":"https:\/\/www.pharmacy-content.com\/wp-json\/wp\/v2\/product\/2166","targetHints":{"allow":["GET"]}}],"collection":[{"href":"https:\/\/www.pharmacy-content.com\/wp-json\/wp\/v2\/product"}],"about":[{"href":"https:\/\/www.pharmacy-content.com\/wp-json\/wp\/v2\/types\/product"}],"replies":[{"embeddable":true,"href":"https:\/\/www.pharmacy-content.com\/wp-json\/wp\/v2\/comments?post=2166"}],"wp:featuredmedia":[{"embeddable":true,"href":"https:\/\/www.pharmacy-content.com\/wp-json\/wp\/v2\/media\/2148"}],"wp:attachment":[{"href":"https:\/\/www.pharmacy-content.com\/wp-json\/wp\/v2\/media?parent=2166"}],"wp:term":[{"taxonomy":"product_brand","embeddable":true,"href":"https:\/\/www.pharmacy-content.com\/wp-json\/wp\/v2\/product_brand?post=2166"},{"taxonomy":"product_cat","embeddable":true,"href":"https:\/\/www.pharmacy-content.com\/wp-json\/wp\/v2\/product_cat?post=2166"},{"taxonomy":"product_tag","embeddable":true,"href":"https:\/\/www.pharmacy-content.com\/wp-json\/wp\/v2\/product_tag?post=2166"}],"curies":[{"name":"wp","href":"https:\/\/api.w.org\/{rel}","templated":true}]}}