{"id":2117,"date":"2026-04-22T06:44:37","date_gmt":"2026-04-22T06:44:37","guid":{"rendered":""},"modified":"2026-04-22T06:59:29","modified_gmt":"2026-04-22T06:59:29","slug":"abhiforce-d-6","status":"publish","type":"product","link":"https:\/\/www.pharmacy-content.com\/?product=abhiforce-d-6&lang=pl","title":{"rendered":"Abhiforce-D"},"content":{"rendered":"<p>Powszechne zastosowanie<\/p>\n<p>G\u0142\u00f3wnymi sk\u0142adnikami Abhiforce-D s\u0105 Sildenafil \u2013 100 mg i Dapoxetin \u2013 60 mg.<\/p>\n<p>Sildenafil i Dapoxetin odpowiadaj\u0105 za potencj\u0119 seksualn\u0105. Uj\u0119drnienie mi\u0119\u015bni g\u0142adkich umo\u017cliwia zwi\u0119kszenie przep\u0142ywu krwi do okre\u015blonych obszar\u00f3w pr\u0105cia, co skutkuje erekcj\u0105. Sildenafil stosowany jest w leczeniu zaburze\u0144 erekcji u m\u0119\u017cczyzn (impotencji) i t\u0119tniczego nadci\u015bnienia p\u0142ucnego. Mo\u017cna go r\u00f3wnie\u017c stosowa\u0107 do innych cel\u00f3w, nie wymienionych powy\u017cej.<\/p>\n<p>Dawkowanie i spos\u00f3b u\u017cycia<\/p>\n<p>Produkt nale\u017cy przyjmowa\u0107 w razie potrzeby na oko\u0142o 1 godzin\u0119 przed stosunkiem. Nie nale\u017cy za\u017cywa\u0107 Abhiforce-D wi\u0119cej ni\u017c jednej galaretki dziennie. Posi\u0142ki o du\u017cej zawarto\u015bci t\u0142uszczu mog\u0105 op\u00f3\u017ani\u0107 efekt przygotowania. Podczas stosowania leku Sildenafil i Dapoxetin nale\u017cy powstrzyma\u0107 si\u0119 od spo\u017cywania grejpfrut\u00f3w i picia soku grejpfrutowego.<\/p>\n<p>\u015arodki ostro\u017cno\u015bci<\/p>\n<p>Zdecydowanie zaleca si\u0119 skonsultowanie si\u0119 z lekarzem lub farmaceut\u0105 przed rozpocz\u0119ciem stosowania leku Sildenafil i\/lub Dapoxetin i zwr\u00f3cenie szczeg\u00f3lnej uwagi na je\u015bli jeste\u015b uczulony na te leki lub masz jak\u0105kolwiek inn\u0105 alergi\u0119. Osoby w podesz\u0142ym wieku mog\u0105 by\u0107 bardziej wra\u017cliwe na skutki uboczne produktu.<\/p>\n<p>Przeciwwskazania<\/p>\n<p>Abhiforce-D jest przeciwwskazany u pacjent\u00f3w przyjmuj\u0105cych inny lek na impotencj\u0119 lub stosuj\u0105cych lek azotanowy na b\u00f3l w klatce piersiowej lub problemy z sercem . Leku nie powinny stosowa\u0107 kobiety i dzieci, a tak\u017ce osoby o znanej nadwra\u017cliwo\u015bci na kt\u00f3rykolwiek sk\u0142adnik.<\/p>\n<p>Mo\u017cliwe skutki uboczne<\/p>\n<p>Najcz\u0119stszymi dzia\u0142aniami niepo\u017c\u0105danymi Abhiforce-D s\u0105: b\u00f3l g\u0142owy, \u017co\u0142\u0105dek rozstr\u00f3j, uczucie zatkanego nosa, zawroty g\u0142owy lub biegunka, uderzenia gor\u0105ca, zgaga. Nie wykryto wcze\u015bniej ci\u0119\u017ckich reakcji alergicznych na lek, jednak w przypadku ich wyst\u0105pienia nale\u017cy natychmiast zwr\u00f3ci\u0107 si\u0119 o pomoc lekarsk\u0105. Wiele os\u00f3b stosuj\u0105cych Abhiforce-D nie odczuwa powa\u017cnych skutk\u00f3w ubocznych. W przypadku zauwa\u017cenia kt\u00f3regokolwiek z objaw\u00f3w niepo\u017c\u0105danych niewymienionych powy\u017cej nale\u017cy skontaktowa\u0107 si\u0119 z lekarzem lub farmaceut\u0105.<\/p>\n<p>Interakcje lek\u00f3w<\/p>\n<p>Nie nale\u017cy \u0142\u0105czy\u0107 preparatu Abhiforce-D z azotanami i narkotykami zwanymi poppersami, kt\u00f3re zawieraj\u0105 amyl lub azotyn butylu; alfa-blokery; inne leki na impotencj\u0119; leki na nadci\u015bnienie itp. Aby uzyska\u0107 wi\u0119cej informacji, skontaktuj si\u0119 ze swoim lekarzem lub farmaceut\u0105.<\/p>\n<p>Pomini\u0119ta dawka<\/p>\n<p>Abhiforce-D jest stosowana w razie potrzeby, dlatego nie zaleca si\u0119 stosowania schematu dawkowania.<\/p>\n<p>Przedawkowanie <\/p>\n<p>Je\u015bli uwa\u017casz, \u017ce zu\u017cy\u0142e\u015b za du\u017co \u017celu Abhiforce-D, natychmiast zasi\u0119gnij porady lekarza. Objawy przedawkowania obejmuj\u0105 zwykle b\u00f3l w klatce piersiowej, nudno\u015bci, nieregularne bicie serca oraz uczucie oszo\u0142omienia lub omdlenia.<\/p>\n<p>Przechowywanie<\/p>\n<p>Przechowuj galaretk\u0119 Super Force w temperaturze nie ni\u017cszej ni\u017c 68\u00b0F i nie przekraczaj\u0105cej 77\u00b0F (20-25\u00b0C), z dala od \u015bwiat\u0142a i wilgoci. Nie przechowuj narkotyk\u00f3w w \u0142azience. Wszystkie leki przechowuj w miejscu niedost\u0119pnym dla dzieci i zwierz\u0105t.<\/p>\n<p>Zastrze\u017cenie<\/p>\n<p>Podajemy jedynie og\u00f3lne informacje o lekach, kt\u00f3re nie obejmuj\u0105 wszystkich wskaz\u00f3wek, mo\u017cliwych po\u0142\u0105cze\u0144 lek\u00f3w ani \u015brodk\u00f3w ostro\u017cno\u015bci. Informacje zawarte na stronie nie mog\u0105 by\u0107 wykorzystywane do samodzielnego leczenia i autodiagnozy. Wszelkie szczeg\u00f3\u0142owe instrukcje dla konkretnego pacjenta nale\u017cy uzgodni\u0107 z doradc\u0105 ds. opieki zdrowotnej lub lekarzem prowadz\u0105cym dany przypadek. Zrzekamy si\u0119 wiarygodno\u015bci tych informacji i b\u0142\u0119d\u00f3w, jakie mog\u0105 one zawiera\u0107. Nie ponosimy odpowiedzialno\u015bci za jakiekolwiek bezpo\u015brednie, po\u015brednie, szczeg\u00f3lne lub inne po\u015brednie szkody powsta\u0142e w wyniku wykorzystania informacji zawartych na tej stronie, a tak\u017ce za konsekwencje samoleczenia.<\/p>\n","protected":false},"excerpt":{"rendered":"<p>Abhiforce-D Generyczny to po\u0142\u0105czenie sk\u0142adnik\u00f3w aktywnych stosowanych w leczeniu zaburze\u0144 erekcji i przedwczesnego wytrysku.<\/p>\n","protected":false},"featured_media":6043,"comment_status":"open","ping_status":"closed","template":"","meta":[],"product_brand":[],"product_cat":[219],"product_tag":[],"class_list":{"0":"post-2117","1":"product","2":"type-product","3":"status-publish","4":"has-post-thumbnail","6":"product_cat-przedwczesny-wytrysk-pl","7":"pa_active_substance-dapoxetine","8":"pa_active_substance-sildenafil","10":"first","11":"instock","12":"shipping-taxable","13":"product-type-simple"},"jetpack_sharing_enabled":true,"_links":{"self":[{"href":"https:\/\/www.pharmacy-content.com\/index.php?rest_route=\/wp\/v2\/product\/2117","targetHints":{"allow":["GET"]}}],"collection":[{"href":"https:\/\/www.pharmacy-content.com\/index.php?rest_route=\/wp\/v2\/product"}],"about":[{"href":"https:\/\/www.pharmacy-content.com\/index.php?rest_route=\/wp\/v2\/types\/product"}],"replies":[{"embeddable":true,"href":"https:\/\/www.pharmacy-content.com\/index.php?rest_route=%2Fwp%2Fv2%2Fcomments&post=2117"}],"wp:featuredmedia":[{"embeddable":true,"href":"https:\/\/www.pharmacy-content.com\/index.php?rest_route=\/wp\/v2\/media\/6043"}],"wp:attachment":[{"href":"https:\/\/www.pharmacy-content.com\/index.php?rest_route=%2Fwp%2Fv2%2Fmedia&parent=2117"}],"wp:term":[{"taxonomy":"product_brand","embeddable":true,"href":"https:\/\/www.pharmacy-content.com\/index.php?rest_route=%2Fwp%2Fv2%2Fproduct_brand&post=2117"},{"taxonomy":"product_cat","embeddable":true,"href":"https:\/\/www.pharmacy-content.com\/index.php?rest_route=%2Fwp%2Fv2%2Fproduct_cat&post=2117"},{"taxonomy":"product_tag","embeddable":true,"href":"https:\/\/www.pharmacy-content.com\/index.php?rest_route=%2Fwp%2Fv2%2Fproduct_tag&post=2117"}],"curies":[{"name":"wp","href":"https:\/\/api.w.org\/{rel}","templated":true}]}}