{"id":2093,"date":"2026-04-22T06:44:33","date_gmt":"2026-04-22T06:44:33","guid":{"rendered":""},"modified":"2026-04-22T06:59:28","modified_gmt":"2026-04-22T06:59:28","slug":"abhiforce-d-2","status":"publish","type":"product","link":"https:\/\/www.pharmacy-content.com\/?product=abhiforce-d-2&lang=de","title":{"rendered":"Abhiforce-D"},"content":{"rendered":"<p>Allgemeine Anwendung<\/p>\n<p>Die Hauptbestandteile von Abhiforce-D sind Sildenafil \u2013 100 mg und Dapoxetin \u2013 60 mg.<\/p>\n<p>Sildenafil und Dapoxetin sind f\u00fcr die sexuelle Potenz verantwortlich. Durch die Straffung der glatten Muskulatur wird die Durchblutung bestimmter Bereiche des Penis erh\u00f6ht, was zu einer Erektion f\u00fchrt. Sildenafil wird zur Behandlung der m\u00e4nnlichen erektilen Dysfunktion (Impotenz) und der pulmonalen arteriellen Hypertonie eingesetzt. Es kann auch f\u00fcr andere Zwecke verwendet werden, die oben nicht aufgef\u00fchrt sind.<\/p>\n<p>Dosierung und Anwendung<\/p>\n<p>Das Produkt wird nach Bedarf etwa 1 Stunde vor der sexuellen Aktivit\u00e4t eingenommen. Nehmen Sie Abhiforce-D nicht mehr als ein Gelee pro Tag ein. Fettreiche Mahlzeiten k\u00f6nnen die Wirkung der Zubereitung verz\u00f6gern. Verzichten Sie w\u00e4hrend der Behandlung mit Sildenafil und Dapoxetin darauf, Grapefruit zu essen oder Grapefruitsaft zu trinken.<\/p>\n<p>Vorsichtsma\u00dfnahmen<\/p>\n<p>Es wird dringend empfohlen, Ihren Arzt oder Apotheker zu konsultieren, bevor Sie mit der Einnahme von Sildenafil und\/und Dapoxetin beginnen, und dies besonders hervorzuheben wenn Sie gegen diese Medikamente allergisch sind oder andere Allergien haben. \u00c4ltere Menschen reagieren m\u00f6glicherweise empfindlicher auf die Nebenwirkungen des Produkts.<\/p>\n<p>Kontraindikationen<\/p>\n<p>Abhiforce-D ist kontraindiziert, wenn Patienten ein anderes Arzneimittel zur Behandlung von Impotenz einnehmen oder ein Nitratmedikament gegen Brustschmerzen oder Herzprobleme verwenden . Dieses Arzneimittel sollte nicht von Frauen und Kindern sowie Personen mit bekannter \u00dcberempfindlichkeit gegen einen der Bestandteile eingenommen werden.<\/p>\n<p>M\u00f6gliche Nebenwirkungen<\/p>\n<p>Die h\u00e4ufigsten Nebenwirkungen von Abhiforce-D sind Kopfschmerzen und Magenschmerzen Verstimmung, verstopfte Nase, Benommenheit, Schwindel oder Durchfall, Hitzegef\u00fchl, Sodbrennen. Schwere allergische Reaktionen auf das Arzneimittel wurden bisher nicht festgestellt, Sie sollten jedoch sofort einen Arzt aufsuchen, wenn eine dieser Reaktionen auftritt. Viele Menschen, die Abhiforce-D verwenden, haben keine schwerwiegenden Nebenwirkungen. Sollten Sie eine der oben nicht aufgef\u00fchrten Nebenwirkungen bemerken, wenden Sie sich an Ihren Arzt oder Apotheker.<\/p>\n<p>Wechselwirkungen mit anderen Medikamenten<\/p>\n<p>Abhiforce-D sollte nicht zusammen mit Nitraten und Freizeitdrogen namens Poppers eingenommen werden, die Amyl enthalten oder Butylnitrit; Alpha-Blocker; andere Medikamente zur Behandlung von Impotenz; Medikamente gegen Bluthochdruck usw. Wenden Sie sich f\u00fcr weitere Einzelheiten an Ihren Arzt oder Apotheker.<\/p>\n<p>Verpasste Dosis<\/p>\n<p>Abhiforce-D wird nach Bedarf verwendet, daher ist kein Dosierungsschema vorgesehen.<\/p>\n<p>\u00dcberdosierung <\/p>\n<p>Wenn Sie glauben, dass Sie zu viel Abhiforce-D eingenommen haben, suchen Sie sofort einen Arzt auf. Zu den Symptomen einer \u00dcberdosierung geh\u00f6ren normalerweise Brustschmerzen, \u00dcbelkeit, unregelm\u00e4\u00dfiger Herzschlag und Benommenheit oder Ohnmacht.<\/p>\n<p>Lagerung<\/p>\n<p>Lagern Sie Abhiforce-D bei einer Temperatur, die nicht unter 68 \u00b0F und nicht \u00fcber 77 \u00b0F liegt (20-25\u00b0C), vor Licht und Feuchtigkeit gesch\u00fctzt. Bewahren Sie Medikamente nicht im Badezimmer auf. Bewahren Sie alle Medikamente au\u00dferhalb der Reichweite von Kindern und Tieren auf.<\/p>\n<p>Haftungsausschluss<\/p>\n<p>Wir stellen nur allgemeine Informationen zu Medikamenten zur Verf\u00fcgung, die nicht alle Anwendungsgebiete, m\u00f6gliche Medikamentenkombinationen oder Vorsichtsma\u00dfnahmen abdecken. Die Informationen auf der Website k\u00f6nnen nicht zur Selbstbehandlung und Selbstdiagnose verwendet werden. Spezifische Anweisungen f\u00fcr einen bestimmten Patienten sollten mit Ihrem Gesundheitsberater oder dem f\u00fcr den Fall zust\u00e4ndigen Arzt vereinbart werden. Wir lehnen die Zuverl\u00e4ssigkeit dieser Informationen und die darin enthaltenen Fehler ab. Wir haften nicht f\u00fcr direkte, indirekte, besondere oder sonstige indirekte Sch\u00e4den, die sich aus der Nutzung der Informationen auf dieser Website ergeben und auch nicht f\u00fcr Folgen der Selbstbehandlung.<\/p>\n","protected":false},"excerpt":{"rendered":"<p>Abhiforce-D Generisch ist eine Wirkstoffkombination, die zur Behandlung von erektiler Dysfunktion und vorzeitiger Ejakulation eingesetzt wird.<\/p>\n","protected":false},"featured_media":6043,"comment_status":"open","ping_status":"closed","template":"","meta":[],"product_brand":[],"product_cat":[207],"product_tag":[],"class_list":{"0":"post-2093","1":"product","2":"type-product","3":"status-publish","4":"has-post-thumbnail","6":"product_cat-vorzeitige-ejakulation-de","7":"pa_active_substance-dapoxetine","8":"pa_active_substance-sildenafil","10":"first","11":"instock","12":"shipping-taxable","13":"product-type-simple"},"jetpack_sharing_enabled":true,"_links":{"self":[{"href":"https:\/\/www.pharmacy-content.com\/index.php?rest_route=\/wp\/v2\/product\/2093","targetHints":{"allow":["GET"]}}],"collection":[{"href":"https:\/\/www.pharmacy-content.com\/index.php?rest_route=\/wp\/v2\/product"}],"about":[{"href":"https:\/\/www.pharmacy-content.com\/index.php?rest_route=\/wp\/v2\/types\/product"}],"replies":[{"embeddable":true,"href":"https:\/\/www.pharmacy-content.com\/index.php?rest_route=%2Fwp%2Fv2%2Fcomments&post=2093"}],"wp:featuredmedia":[{"embeddable":true,"href":"https:\/\/www.pharmacy-content.com\/index.php?rest_route=\/wp\/v2\/media\/6043"}],"wp:attachment":[{"href":"https:\/\/www.pharmacy-content.com\/index.php?rest_route=%2Fwp%2Fv2%2Fmedia&parent=2093"}],"wp:term":[{"taxonomy":"product_brand","embeddable":true,"href":"https:\/\/www.pharmacy-content.com\/index.php?rest_route=%2Fwp%2Fv2%2Fproduct_brand&post=2093"},{"taxonomy":"product_cat","embeddable":true,"href":"https:\/\/www.pharmacy-content.com\/index.php?rest_route=%2Fwp%2Fv2%2Fproduct_cat&post=2093"},{"taxonomy":"product_tag","embeddable":true,"href":"https:\/\/www.pharmacy-content.com\/index.php?rest_route=%2Fwp%2Fv2%2Fproduct_tag&post=2093"}],"curies":[{"name":"wp","href":"https:\/\/api.w.org\/{rel}","templated":true}]}}