{"id":1998,"date":"2026-04-22T06:44:05","date_gmt":"2026-04-22T06:44:05","guid":{"rendered":""},"modified":"2026-04-22T06:44:21","modified_gmt":"2026-04-22T06:44:21","slug":"abhiforce-3","status":"publish","type":"product","link":"https:\/\/www.pharmacy-content.com\/fr\/product\/abhiforce-3\/","title":{"rendered":"AbhiForce"},"content":{"rendered":"<p>Utilisation courante<\/p>\n<p>Le comprim\u00e9 AbhiForce est utilis\u00e9 pour traiter la dysfonction \u00e9rectile (DE) ou l&#8217;impuissance chez l&#8217;homme. Il contient du sild\u00e9nafil et appartient \u00e0 la classe des inhibiteurs de la phosphodiest\u00e9rase de type 5 (PDE 5).<\/p>\n<p>Posologie et mode d&#8217;administration<\/p>\n<p>AbhiForce est un m\u00e9dicament sur ordonnance contre la dysfonction \u00e9rectile (pilule contre la DE) qui doit \u00eatre pris selon les recommandations de votre m\u00e9decin. Prenez les comprim\u00e9s d&#8217;AbhiForce au moins 30 \u00e0 60 minutes avant toute activit\u00e9 sexuelle. Avalez un comprim\u00e9 entier avec un verre d&#8217;eau sans l&#8217;\u00e9craser, le casser ni le croquer. Vous pouvez prendre AbhiForce \u00e0 jeun ou apr\u00e8s un repas l\u00e9ger. Ne prenez pas plus d&#8217;une dose en 24 heures.<\/p>\n<p>Pr\u00e9cautions<\/p>\n<p>Les personnes souffrant de probl\u00e8mes cardiaques ou h\u00e9patiques, ayant r\u00e9cemment subi un accident vasculaire c\u00e9r\u00e9bral ou une crise cardiaque, ou pr\u00e9sentant une tension art\u00e9rielle irr\u00e9guli\u00e8re doivent \u00eatre prudentes avant de prendre des comprim\u00e9s d&#8217;AbhiForce.<\/p>\n<p>Contre-indications<\/p>\n<p>Si vous \u00eates allergique au sild\u00e9nafil, ne prenez pas d&#8217;AbhiForce. De plus, ne consommez pas d&#8217;alcool ni de jus de pamplemousse avec ce m\u00e9dicament, car ils peuvent interagir et r\u00e9duire son efficacit\u00e9. AbhiForce est contre-indiqu\u00e9 chez les patients prenant un autre m\u00e9dicament pour traiter l&#8217;impuissance ou un m\u00e9dicament \u00e0 base de nitrate pour des douleurs thoraciques ou des probl\u00e8mes cardiaques. Ce m\u00e9dicament ne doit pas \u00eatre pris par les femmes et les enfants.<\/p>\n<p>Effets secondaires possibles<\/p>\n<p>AbhiForce est l&#8217;un des traitements les plus s\u00fbrs contre la dysfonction \u00e9rectile. Cependant, dans certains cas, il peut provoquer des effets secondaires courants, notamment : maux de t\u00eate ; naus\u00e9es ; bouff\u00e9es vasomotrices ; \u00e9tourdissements ; indigestion ; douleurs musculaires. Ces effets ind\u00e9sirables ne n\u00e9cessitent pas de consultation m\u00e9dicale et disparaissent \u00e0 mesure que votre corps s\u2019adapte \u00e0 la dose. Consultez votre m\u00e9decin si ces effets provoquent une g\u00eane ou persistent.<\/p>\n<p>Interactions m\u00e9dicamenteuses<\/p>\n<p>Ce m\u00e9dicament ne doit pas \u00eatre utilis\u00e9 avec des nitrates et des drogues r\u00e9cr\u00e9atives appel\u00e9es &#8216;poppers&#8217; contenant du nitrite d\u2019amyle ou de butyle ; des alpha-bloquants ; d\u2019autres m\u00e9dicaments contre l\u2019impuissance ; des m\u00e9dicaments contre l\u2019hypertension art\u00e9rielle. Consultez votre m\u00e9decin ou votre pharmacien pour plus d\u2019informations.<\/p>\n<p>Oubli de dose<\/p>\n<p>AbhiForce est utilis\u00e9 au besoin ; il est donc peu probable que vous respectiez un sch\u00e9ma posologique.<\/p>\n<p>Surdosage<\/p>\n<p>Si vous pensez avoir utilis\u00e9 une dose excessive de ce m\u00e9dicament, consultez imm\u00e9diatement un m\u00e9decin. Les sympt\u00f4mes d&#8217;un surdosage comprennent g\u00e9n\u00e9ralement des douleurs thoraciques, des naus\u00e9es, un rythme cardiaque irr\u00e9gulier, des \u00e9tourdissements ou des \u00e9vanouissements.<\/p>\n<p>Conservation<\/p>\n<p>Conservez vos m\u00e9dicaments \u00e0 temp\u00e9rature ambiante, entre 20 et 25 \u00b0C (68 et 77 \u00b0F), \u00e0 l&#8217;abri de la lumi\u00e8re et de l&#8217;humidit\u00e9. Ne conservez pas les m\u00e9dicaments dans la salle de bain. Gardez tous les m\u00e9dicaments hors de port\u00e9e des enfants et des animaux domestiques.<\/p>\n","protected":false},"excerpt":{"rendered":"<p>Abhiforce est un m\u00e9dicament utilis\u00e9 pour traiter l\u2019impuissance chez les hommes, c\u2019est-\u00e0-dire la dysfonction \u00e9rectile. Ce m\u00e9dicament aide \u00e0 maintenir une \u00e9rection chez les hommes.<\/p>\n","protected":false},"featured_media":1976,"comment_status":"open","ping_status":"closed","template":"","meta":[],"product_brand":[],"product_cat":[120],"product_tag":[],"class_list":{"0":"post-1998","1":"product","2":"type-product","3":"status-publish","4":"has-post-thumbnail","6":"product_cat-dysfonction-erectile-fr","7":"pa_active_substance-sildenafil","9":"first","10":"instock","11":"shipping-taxable","12":"product-type-simple"},"jetpack_sharing_enabled":true,"_links":{"self":[{"href":"https:\/\/www.pharmacy-content.com\/wp-json\/wp\/v2\/product\/1998","targetHints":{"allow":["GET"]}}],"collection":[{"href":"https:\/\/www.pharmacy-content.com\/wp-json\/wp\/v2\/product"}],"about":[{"href":"https:\/\/www.pharmacy-content.com\/wp-json\/wp\/v2\/types\/product"}],"replies":[{"embeddable":true,"href":"https:\/\/www.pharmacy-content.com\/wp-json\/wp\/v2\/comments?post=1998"}],"wp:featuredmedia":[{"embeddable":true,"href":"https:\/\/www.pharmacy-content.com\/wp-json\/wp\/v2\/media\/1976"}],"wp:attachment":[{"href":"https:\/\/www.pharmacy-content.com\/wp-json\/wp\/v2\/media?parent=1998"}],"wp:term":[{"taxonomy":"product_brand","embeddable":true,"href":"https:\/\/www.pharmacy-content.com\/wp-json\/wp\/v2\/product_brand?post=1998"},{"taxonomy":"product_cat","embeddable":true,"href":"https:\/\/www.pharmacy-content.com\/wp-json\/wp\/v2\/product_cat?post=1998"},{"taxonomy":"product_tag","embeddable":true,"href":"https:\/\/www.pharmacy-content.com\/wp-json\/wp\/v2\/product_tag?post=1998"}],"curies":[{"name":"wp","href":"https:\/\/api.w.org\/{rel}","templated":true}]}}