{"id":1957,"date":"2026-04-22T06:43:57","date_gmt":"2026-04-22T06:43:57","guid":{"rendered":""},"modified":"2026-04-22T06:44:01","modified_gmt":"2026-04-22T06:44:01","slug":"tadapox-8","status":"publish","type":"product","link":"https:\/\/www.pharmacy-content.com\/?product=tadapox-8&lang=sv","title":{"rendered":"Tadapox"},"content":{"rendered":"<p>Vanlig anv\u00e4ndning<\/p>\n<p>Tadapox \u00e4r ett kombinationsl\u00e4kemedel designat f\u00f6r behandling av erektil dysfunktion och f\u00f6r tidig utl\u00f6sning. Den best\u00e5r av tv\u00e5 huvudkomponenter: Tadalafil och Dapoxetine. Tadalafil \u00e4r k\u00e4nt tack vare ett m\u00e4rkesl\u00e4kemedel Cialis, medan Dapoxetine \u00e4r ett nytt ord inom medicin. Kombinationseffekten av dessa substanser \u00e4r \u00f6ver f\u00f6rv\u00e4ntan: medan Tadalafil ger kraftfull och stabil erektion, f\u00f6rhindrar Dapoxetine f\u00f6r tidig utl\u00f6sning och f\u00f6rl\u00e4nger effekten av medicinen, vilket g\u00f6r Tadapox effektiv under 36 timmar efter intag.<\/p>\n<p>Dosering och riktning<\/p>\n<p>Endast patienter med erektil dysfunktion eller impotens ska ta Tadapox. F\u00f6r friska m\u00e4nniskor finns det inget behov av att ta drogen, eftersom den inte hj\u00e4lper dem om de har psykiska problem med erektion. Man b\u00f6r inte ta Tadapox tillsammans med fet mat eller alkohol, eftersom det kan minska effektiviteten av l\u00e4kemedlet. Vanlig dos av Tadapox \u00e4r en tablett per dag, en timme f\u00f6re sexuell aktivitet.<\/p>\n<p>F\u00f6rsiktighets\u00e5tg\u00e4rder<\/p>\n<p>L\u00e4s noggrant och f\u00f6lj instruktionerna som ing\u00e5r i f\u00f6rpackningen. Observera att Tadapox inte kan behandla n\u00e5gra sexuellt \u00f6verf\u00f6rbara sjukdomar, inklusive HIV. Det \u00e4r ocks\u00e5 viktigt att dela din journal med din l\u00e4kare n\u00e4r du tar Tadapox. Regelbunden medicinsk kontroll g\u00f6r din behandling med Tadapox s\u00e4rskilt s\u00e4ker och effektiv.<\/p>\n<p>Kontraindikationer<\/p>\n<p>Personer med en historia av hj\u00e4rt- och k\u00e4rlsjukdomar eller leversjukdomar b\u00f6r ha en noggrann konsultation med l\u00e4karen innan de f\u00e5r ta Tadapox. \u00d6verk\u00e4nslighet mot n\u00e5gon av l\u00e4kemedlets komponenter \u00e4r ocks\u00e5 en kontraindikation.<\/p>\n<p>M\u00f6jliga biverkningar<\/p>\n<p>De vanligaste biverkningarna av Tadapox inkluderar illam\u00e5ende, kr\u00e4kningar, rodnad, huvudrodnad, kroppssm\u00e4rtor och yrsel. Patienter \u00e4r ocks\u00e5 utsatta f\u00f6r risken f\u00f6r hj\u00e4rtproblem och mags\u00e5r. De allvarligaste biverkningarna av l\u00e4kemedlet uppenbarar sig vid fell\u00e4sning eller ignorering av f\u00f6rsiktighets\u00e5tg\u00e4rder och instruktioner, och undvikande av konsultation med en l\u00e4kare, eller \u00f6verdosering ocks\u00e5. I det h\u00e4r fallet kan patienter m\u00f6ta allvarliga hj\u00e4rtsjukdomar, hepatotoxicitet, diarr\u00e9, h\u00f6rselneds\u00e4ttningar och andra farliga symtom. Om du f\u00e5r n\u00e5got av dessa n\u00e4r du tar Tadapox, b\u00f6r du omedelbart kontakta din l\u00e4kare f\u00f6r medicinsk hj\u00e4lp.<\/p>\n<p>L\u00e4kemedelsinteraktion<\/p>\n<p>Listan \u00f6ver motverkande l\u00e4kemedel f\u00f6r Tadapox inneh\u00e5ller framf\u00f6r allt nitratbaserade l\u00e4kemedel. Det finns inga omst\u00e4ndigheter under vilka patienten kan ta Tadapox tillsammans med s\u00e5dana mediciner. Det \u00e4r ocks\u00e5 f\u00f6rbjudet att ta Tadapox tillsammans med blodtryckss\u00e4nkande l\u00e4kemedel, eftersom det kan orsaka allvarlig hypotoni.<\/p>\n<p>Missad dos<\/p>\n<p>\u00c4ven om du har missat din dagliga dos av Tadapox b\u00f6r du inte ta mer \u00e4n en tablett av det dagligen. Ignorera bara den missade dosen och forts\u00e4tt att ta din medicin enligt ordination.<\/p>\n<p>\u00d6verdosering<\/p>\n<p>Om du har tagit mer \u00e4n en tablett Tadapox under en dag kan du uppleva huvudv\u00e4rk, illam\u00e5ende, br\u00f6stsm\u00e4rtor och rodnad. I h\u00e4ndelse av dessa symtom, kontakta omedelbart din l\u00e4kare.<\/p>\n<p>F\u00f6rvaring<\/p>\n<p>F\u00f6rvaras borta fr\u00e5n barn. F\u00f6rvara l\u00e4kemedlet p\u00e5 en m\u00f6rk och torr plats vid rumstemperatur.<\/p>\n<p>Ansvarsfriskrivning<\/p>\n<p>Vi tillhandah\u00e5ller endast allm\u00e4n information om mediciner som inte t\u00e4cker alla riktningar, m\u00f6jliga l\u00e4kemedelsintegrationer eller f\u00f6rsiktighets\u00e5tg\u00e4rder. Information p\u00e5 webbplatsen kan inte anv\u00e4ndas f\u00f6r sj\u00e4lvbehandling och sj\u00e4lvdiagnos. Eventuella specifika instruktioner f\u00f6r en viss patient b\u00f6r \u00f6verenskommas med din h\u00e4lsor\u00e5dgivare eller l\u00e4kare som \u00e4r ansvarig f\u00f6r \u00e4rendet. Vi fr\u00e5ns\u00e4ger oss tillf\u00f6rlitligheten av denna information och misstag den kan inneh\u00e5lla. Vi ansvarar inte f\u00f6r n\u00e5gra direkta, indirekta, speciella eller andra indirekta skador till f\u00f6ljd av n\u00e5gon anv\u00e4ndning av informationen p\u00e5 denna webbplats och \u00e4ven f\u00f6r konsekvenser av egenbehandling.<\/p>\n","protected":false},"excerpt":{"rendered":"<p>Tadapox Generic \u00e4r ett kombinationsl\u00e4kemedel avsett f\u00f6r behandling av erektil dysfunktion och f\u00f6r tidig utl\u00f6sning.<\/p>\n","protected":false},"featured_media":1915,"comment_status":"open","ping_status":"closed","template":"","meta":[],"product_brand":[],"product_cat":[135],"product_tag":[],"class_list":{"0":"post-1957","1":"product","2":"type-product","3":"status-publish","4":"has-post-thumbnail","6":"product_cat-erektil-dysfunktion-sv","7":"pa_active_substance-dapoxetine","8":"pa_active_substance-tadalafil","10":"first","11":"instock","12":"shipping-taxable","13":"product-type-variable"},"jetpack_sharing_enabled":true,"_links":{"self":[{"href":"https:\/\/www.pharmacy-content.com\/index.php?rest_route=\/wp\/v2\/product\/1957","targetHints":{"allow":["GET"]}}],"collection":[{"href":"https:\/\/www.pharmacy-content.com\/index.php?rest_route=\/wp\/v2\/product"}],"about":[{"href":"https:\/\/www.pharmacy-content.com\/index.php?rest_route=\/wp\/v2\/types\/product"}],"replies":[{"embeddable":true,"href":"https:\/\/www.pharmacy-content.com\/index.php?rest_route=%2Fwp%2Fv2%2Fcomments&post=1957"}],"wp:featuredmedia":[{"embeddable":true,"href":"https:\/\/www.pharmacy-content.com\/index.php?rest_route=\/wp\/v2\/media\/1915"}],"wp:attachment":[{"href":"https:\/\/www.pharmacy-content.com\/index.php?rest_route=%2Fwp%2Fv2%2Fmedia&parent=1957"}],"wp:term":[{"taxonomy":"product_brand","embeddable":true,"href":"https:\/\/www.pharmacy-content.com\/index.php?rest_route=%2Fwp%2Fv2%2Fproduct_brand&post=1957"},{"taxonomy":"product_cat","embeddable":true,"href":"https:\/\/www.pharmacy-content.com\/index.php?rest_route=%2Fwp%2Fv2%2Fproduct_cat&post=1957"},{"taxonomy":"product_tag","embeddable":true,"href":"https:\/\/www.pharmacy-content.com\/index.php?rest_route=%2Fwp%2Fv2%2Fproduct_tag&post=1957"}],"curies":[{"name":"wp","href":"https:\/\/api.w.org\/{rel}","templated":true}]}}