{"id":1945,"date":"2026-04-22T06:43:55","date_gmt":"2026-04-22T06:43:55","guid":{"rendered":""},"modified":"2026-04-22T06:44:01","modified_gmt":"2026-04-22T06:44:01","slug":"tadapox-6","status":"publish","type":"product","link":"https:\/\/www.pharmacy-content.com\/?product=tadapox-6&lang=pl","title":{"rendered":"Tadapox"},"content":{"rendered":"<p>Powszechne zastosowanie<\/p>\n<p>Tadapox to lek z\u0142o\u017cony przeznaczony do leczenia zaburze\u0144 erekcji i przedwczesnego wytrysku. Sk\u0142ada si\u0119 z dw\u00f3ch g\u0142\u00f3wnych sk\u0142adnik\u00f3w: Tadalafilu i Dapoksetyny. Tadalafil zas\u0142yn\u0105\u0142 dzi\u0119ki markowemu lekowi Cialis, natomiast Dapoxetine to nowe s\u0142owo w medycynie. \u0141\u0105czne dzia\u0142anie tych substancji przekracza oczekiwania: podczas gdy Tadalafil zapewnia siln\u0105 i stabiln\u0105 erekcj\u0119, dapoksetyna zapobiega przedwczesnemu wytryskowi i przed\u0142u\u017ca dzia\u0142anie leku, dzi\u0119ki czemu Tadapox jest skuteczny przez 36 godzin po za\u017cyciu.<\/p>\n<p>Dawkowanie i kierunek<\/p>\n<p>Tadapox powinni przyjmowa\u0107 wy\u0142\u0105cznie pacjenci z zaburzeniami erekcji lub impotencj\u0105. W przypadku os\u00f3b zdrowych nie ma potrzeby za\u017cywania leku, gdy\u017c nie pomo\u017ce on w przypadku problem\u00f3w z erekcj\u0105 na tle psychicznym. Nie nale\u017cy przyjmowa\u0107 Tadapoxu razem z t\u0142ustymi potrawami lub alkoholem, gdy\u017c mo\u017ce to zmniejszy\u0107 skuteczno\u015b\u0107 leku. Zwykle stosowana dawka Tadapoxu to jedna tabletka dziennie, na godzin\u0119 przed aktywno\u015bci\u0105 seksualn\u0105.<\/p>\n<p>\u015arodki ostro\u017cno\u015bci<\/p>\n<p>Dok\u0142adnie przeczytaj i post\u0119puj zgodnie z instrukcjami zawartymi w opakowaniu. Nale\u017cy pami\u0119ta\u0107, \u017ce Tadapox nie mo\u017ce leczy\u0107 \u017cadnych chor\u00f3b przenoszonych drog\u0105 p\u0142ciow\u0105, w tym wirusa HIV. Wa\u017cne jest r\u00f3wnie\u017c, aby udost\u0119pni\u0107 lekarzowi dokumentacj\u0119 medyczn\u0105 dotycz\u0105c\u0105 stosowania leku Tadapox. Regularna kontrola lekarska sprawia, \u017ce leczenie lekiem Tadapox jest szczeg\u00f3lnie bezpieczne i skuteczne.<\/p>\n<p>Przeciwwskazania<\/p>\n<p>Osoby, u kt\u00f3rych w przesz\u0142o\u015bci wyst\u0119powa\u0142y choroby uk\u0142adu kr\u0105\u017cenia lub w\u0105troby, powinny dok\u0142adnie skonsultowa\u0107 si\u0119 z lekarzem przed zezwoleniem na stosowanie leku Tadapox. Przeciwwskazaniem jest tak\u017ce nadwra\u017cliwo\u015b\u0107 na kt\u00f3rykolwiek sk\u0142adnik leku.<\/p>\n<p>Mo\u017cliwe skutki uboczne<\/p>\n<p>Najcz\u0119stsze dzia\u0142ania niepo\u017c\u0105dane leku Tadapox to nudno\u015bci, wymioty, uderzenia gor\u0105ca, zaczerwienienie g\u0142owy, b\u00f3le cia\u0142a i zawroty g\u0142owy. Pacjenci s\u0105 r\u00f3wnie\u017c nara\u017ceni na ryzyko chor\u00f3b serca i wrzod\u00f3w \u017co\u0142\u0105dka. Najpowa\u017cniejsze dzia\u0142ania niepo\u017c\u0105dane leku objawiaj\u0105 si\u0119 w przypadku b\u0142\u0119dnego przeczytania lub zignorowania \u015brodk\u00f3w ostro\u017cno\u015bci i instrukcji, a tak\u017ce unikni\u0119cia konsultacji z lekarzem lub przedawkowania. W takim przypadku pacjenci mog\u0105 spotka\u0107 si\u0119 z powa\u017cnymi chorobami serca, hepatotoksyczno\u015bci\u0105, biegunk\u0105, uszkodzeniem s\u0142uchu i innymi niebezpiecznymi objawami. Je\u015bli wyst\u0105pi kt\u00f3rykolwiek z tych objaw\u00f3w podczas stosowania leku Tadapox, nale\u017cy natychmiast skontaktowa\u0107 si\u0119 z lekarzem w celu uzyskania pomocy medycznej.<\/p>\n<p>Interakcje lek\u00f3w<\/p>\n<p>Lista lek\u00f3w przeciwdzia\u0142aj\u0105cych leczeniu Tadapox obejmuje przede wszystkim leki na bazie azotan\u00f3w. Nie ma \u017cadnych okoliczno\u015bci, w kt\u00f3rych pacjent m\u00f3g\u0142by przyjmowa\u0107 Tadapox razem z takimi lekami. Zabronione jest tak\u017ce przyjmowanie Tadapoxu razem z lekami przeciwnadci\u015bnieniowymi, poniewa\u017c mo\u017ce to spowodowa\u0107 ci\u0119\u017ckie niedoci\u015bnienie.<\/p>\n<p>Pomini\u0119ta dawka<\/p>\n<p>Nawet je\u015bli pomin\u0105\u0142e\u015b dzienn\u0105 dawk\u0119 Tadapoxu, nie powiniene\u015b za\u017cywa\u0107 wi\u0119cej ni\u017c jednej tabletki tego codziennie. Po prostu zignoruj pomini\u0119t\u0105 dawk\u0119 i kontynuuj przyjmowanie leku zgodnie z zaleceniami.<\/p>\n<p>Przedawkowanie<\/p>\n<p>Je\u015bli za\u017cy\u0142e\u015b wi\u0119cej ni\u017c jedn\u0105 tabletk\u0119 Tadapoxu w ci\u0105gu dnia, mo\u017cesz odczuwa\u0107 b\u00f3le g\u0142owy, nudno\u015bci, b\u00f3l w klatce piersiowej i uderzenia gor\u0105ca. W przypadku wyst\u0105pienia takich objaw\u00f3w nale\u017cy natychmiast skontaktowa\u0107 si\u0119 ze swoim lekarzem.<\/p>\n<p>Przechowywanie<\/p>\n<p>Trzymaj z dala od dzieci. Przechowuj lek w ciemnym, suchym miejscu w temperaturze pokojowej.<\/p>\n<p>Zastrze\u017cenie<\/p>\n<p>Podajemy jedynie og\u00f3lne informacje o lekach, kt\u00f3re nie obejmuj\u0105 wszystkich wskaz\u00f3wek, mo\u017cliwych po\u0142\u0105cze\u0144 lek\u00f3w ani \u015brodk\u00f3w ostro\u017cno\u015bci. Informacje zawarte na stronie nie mog\u0105 by\u0107 wykorzystywane do samodzielnego leczenia i autodiagnozy. Wszelkie szczeg\u00f3\u0142owe instrukcje dla konkretnego pacjenta nale\u017cy uzgodni\u0107 z doradc\u0105 ds. opieki zdrowotnej lub lekarzem prowadz\u0105cym dany przypadek. Zrzekamy si\u0119 wiarygodno\u015bci tych informacji i b\u0142\u0119d\u00f3w, jakie mog\u0105 one zawiera\u0107. Nie ponosimy odpowiedzialno\u015bci za jakiekolwiek bezpo\u015brednie, po\u015brednie, szczeg\u00f3lne lub inne po\u015brednie szkody powsta\u0142e w wyniku wykorzystania informacji zawartych na tej stronie, a tak\u017ce za konsekwencje samoleczenia.<\/p>\n","protected":false},"excerpt":{"rendered":"<p>Tadapox Generic to lek skojarzony przeznaczony do leczenia zaburze\u0144 erekcji i przedwczesnego wytrysku.<\/p>\n","protected":false},"featured_media":1915,"comment_status":"open","ping_status":"closed","template":"","meta":[],"product_brand":[],"product_cat":[129],"product_tag":[],"class_list":{"0":"post-1945","1":"product","2":"type-product","3":"status-publish","4":"has-post-thumbnail","6":"product_cat-dysfunkcja-erekcji-pl","7":"pa_active_substance-dapoxetine","8":"pa_active_substance-tadalafil","10":"first","11":"instock","12":"shipping-taxable","13":"product-type-variable"},"jetpack_sharing_enabled":true,"_links":{"self":[{"href":"https:\/\/www.pharmacy-content.com\/index.php?rest_route=\/wp\/v2\/product\/1945","targetHints":{"allow":["GET"]}}],"collection":[{"href":"https:\/\/www.pharmacy-content.com\/index.php?rest_route=\/wp\/v2\/product"}],"about":[{"href":"https:\/\/www.pharmacy-content.com\/index.php?rest_route=\/wp\/v2\/types\/product"}],"replies":[{"embeddable":true,"href":"https:\/\/www.pharmacy-content.com\/index.php?rest_route=%2Fwp%2Fv2%2Fcomments&post=1945"}],"wp:featuredmedia":[{"embeddable":true,"href":"https:\/\/www.pharmacy-content.com\/index.php?rest_route=\/wp\/v2\/media\/1915"}],"wp:attachment":[{"href":"https:\/\/www.pharmacy-content.com\/index.php?rest_route=%2Fwp%2Fv2%2Fmedia&parent=1945"}],"wp:term":[{"taxonomy":"product_brand","embeddable":true,"href":"https:\/\/www.pharmacy-content.com\/index.php?rest_route=%2Fwp%2Fv2%2Fproduct_brand&post=1945"},{"taxonomy":"product_cat","embeddable":true,"href":"https:\/\/www.pharmacy-content.com\/index.php?rest_route=%2Fwp%2Fv2%2Fproduct_cat&post=1945"},{"taxonomy":"product_tag","embeddable":true,"href":"https:\/\/www.pharmacy-content.com\/index.php?rest_route=%2Fwp%2Fv2%2Fproduct_tag&post=1945"}],"curies":[{"name":"wp","href":"https:\/\/api.w.org\/{rel}","templated":true}]}}